{"id":1002,"date":"2020-03-10T07:47:37","date_gmt":"2020-03-10T06:47:37","guid":{"rendered":"http:\/\/szent-erzsebet.hu\/gimnazium\/?page_id=1002"},"modified":"2020-03-10T07:47:38","modified_gmt":"2020-03-10T06:47:38","slug":"beszamolo-a-iv-kcs-fiu-kosarlabda-varosi-diakolimpia-versenyerol","status":"publish","type":"page","link":"https:\/\/szent-erzsebet.hu\/gimnazium\/beszamolo-a-iv-kcs-fiu-kosarlabda-varosi-diakolimpia-versenyerol\/","title":{"rendered":"Besz\u00e1mol\u00f3 a IV. kcs. fi\u00fa Kos\u00e1rlabda V\u00e1rosi Di\u00e1kolimpia verseny\u00e9r\u0151l"},"content":{"rendered":"\n<p>Az elm\u00falt h\u00e9t sem telt el esem\u00e9nytelen\u00fcl a v\u00e1rosi di\u00e1ksport \u00e9let\u00e9ben, a Di\u00e1kolimpia versenyeinek k\u00f6vetkez\u0151 fordul\u00f3j\u00e1t rendezt\u00e9k kos\u00e1rlabda sport\u00e1gban.<\/p>\n\n\n\n<figure class=\"wp-block-image\"><img loading=\"lazy\" decoding=\"async\" width=\"1024\" height=\"766\" src=\"http:\/\/szent-erzsebet.hu\/gimnazium\/wp-content\/uploads\/sites\/5\/2020\/03\/kosar_1-1024x766.jpg\" alt=\"\" class=\"wp-image-997\" srcset=\"https:\/\/szent-erzsebet.hu\/gimnazium\/wp-content\/uploads\/sites\/5\/2020\/03\/kosar_1-1024x766.jpg 1024w, https:\/\/szent-erzsebet.hu\/gimnazium\/wp-content\/uploads\/sites\/5\/2020\/03\/kosar_1-300x225.jpg 300w, https:\/\/szent-erzsebet.hu\/gimnazium\/wp-content\/uploads\/sites\/5\/2020\/03\/kosar_1-768x575.jpg 768w, https:\/\/szent-erzsebet.hu\/gimnazium\/wp-content\/uploads\/sites\/5\/2020\/03\/kosar_1.jpg 1236w\" sizes=\"auto, (max-width: 1024px) 100vw, 1024px\" \/><\/figure>\n\n\n\n<p>A IV. korcsoportos fi\u00fak m\u00e9rk\u0151ztek a V\u00e1ros Di\u00e1kolimpiai Bajnoka c\u00edm\u00e9rt, az els\u0151 fordul\u00f3ra janu\u00e1r 22-\u00e9n ker\u00fclt sor. Ezen a napon iskol\u00e1nk csapata mindk\u00e9t m\u00e9rk\u0151z\u00e9s\u00e9t megnyerte, ugyancsak gy\u0151zelemmel z\u00e1rt nagy riv\u00e1lisunk a Dob\u00f3 Katalin Gimn\u00e1zium csapata is. A k\u00f6vetkez\u0151 fordul\u00f3t m\u00e1rcius 4.-\u00e9n rendezt\u00e9k meg. Itt az els\u0151 m\u00e9rk\u0151z\u00e9s\u00fcnket a Dob\u00f3 Katalin Gimn\u00e1ziummal j\u00e1tszottuk, melyet csek\u00e9ly k\u00fcl\u00f6nbs\u00e9ggel ugyan, de elvesztett\u00fcnk 23:19-re. A k\u00f6vetkez\u0151 m\u00e9rk\u0151z\u00e9s\u00fcnket a Pet\u0151fi S\u00e1ndor \u00c1ltal\u00e1nos Iskol\u00e1val j\u00e1tszottuk, amit ism\u00e9t tudtunk hozni 37:25-re. Az ezt megel\u0151z\u0151 m\u00e9rk\u0151z\u00e9sen a Babits Mih\u00e1ly \u00c1ltal\u00e1nos Iskola egy nagyon szoros m\u00e9rk\u0151z\u00e9st v\u00edvott a Dob\u00f3val, m\u00e1r-m\u00e1r \u00fagy l\u00e1tszott nyernek is, amivel csapatunk nyerte volna a torn\u00e1t, de 8 m\u00e1sodperccel a v\u00e9ge el\u0151tt egy meg\u00edt\u00e9lt szem\u00e9lyi hiba, \u00e9s a hozz\u00e1 tartoz\u00f3 k\u00e9t b\u00fcntet\u0151dob\u00e1s, melyb\u0151l az egyik bement, a Dob\u00f3 jav\u00e1ra billentette a m\u00e9rk\u0151z\u00e9st 23:22-re.<\/p>\n\n\n\n<figure class=\"wp-block-image\"><img loading=\"lazy\" decoding=\"async\" width=\"1024\" height=\"768\" src=\"http:\/\/szent-erzsebet.hu\/gimnazium\/wp-content\/uploads\/sites\/5\/2020\/03\/kosar_3-1024x768.jpg\" alt=\"\" class=\"wp-image-999\" srcset=\"https:\/\/szent-erzsebet.hu\/gimnazium\/wp-content\/uploads\/sites\/5\/2020\/03\/kosar_3-1024x768.jpg 1024w, https:\/\/szent-erzsebet.hu\/gimnazium\/wp-content\/uploads\/sites\/5\/2020\/03\/kosar_3-300x225.jpg 300w, https:\/\/szent-erzsebet.hu\/gimnazium\/wp-content\/uploads\/sites\/5\/2020\/03\/kosar_3-768x576.jpg 768w, https:\/\/szent-erzsebet.hu\/gimnazium\/wp-content\/uploads\/sites\/5\/2020\/03\/kosar_3.jpg 1237w\" sizes=\"auto, (max-width: 1024px) 100vw, 1024px\" \/><\/figure>\n\n\n\n<p>A torna v\u00e9geredm\u00e9nye:<\/p>\n\n\n\n<ol class=\"wp-block-list\"><li>helyezet: Dob\u00f3 Katalin Gimn\u00e1zium,<\/li><li>helyezet: \u00c1rp\u00e1d-h\u00e1zi Szent Erzs\u00e9bet Gimn\u00e1zium,<\/li><li>helyezet: Pet\u0151fi S\u00e1ndor \u00c1ltal\u00e1nos Iskola,<\/li><li>helyezet: Babits Mih\u00e1ly \u00c1ltal\u00e1nos Iskola,<\/li><li>helyezet: Temesv\u00e1ri Pelb\u00e1rt Ferences Gimn\u00e1zium,<\/li><\/ol>\n\n\n\n<p>K\u00f6sz\u00f6n\u00f6m di\u00e1kjaink remek helyt\u00e1ll\u00e1s\u00e1t, \u00e9s sz\u00fcleik t\u00e1mogat\u00e1s\u00e1t, amivel hozz\u00e1seg\u00edtett\u00e9k iskol\u00e1nkat ehhez a remek eredm\u00e9nyhez!<\/p>\n\n\n\n<figure class=\"wp-block-image\"><img loading=\"lazy\" decoding=\"async\" width=\"1024\" height=\"768\" src=\"http:\/\/szent-erzsebet.hu\/gimnazium\/wp-content\/uploads\/sites\/5\/2020\/03\/kosar_2-1024x768.jpg\" alt=\"\" class=\"wp-image-998\" srcset=\"https:\/\/szent-erzsebet.hu\/gimnazium\/wp-content\/uploads\/sites\/5\/2020\/03\/kosar_2-1024x768.jpg 1024w, https:\/\/szent-erzsebet.hu\/gimnazium\/wp-content\/uploads\/sites\/5\/2020\/03\/kosar_2-300x225.jpg 300w, https:\/\/szent-erzsebet.hu\/gimnazium\/wp-content\/uploads\/sites\/5\/2020\/03\/kosar_2-768x576.jpg 768w, https:\/\/szent-erzsebet.hu\/gimnazium\/wp-content\/uploads\/sites\/5\/2020\/03\/kosar_2.jpg 1236w\" sizes=\"auto, (max-width: 1024px) 100vw, 1024px\" \/><\/figure>\n\n\n\n<p>Hajr\u00e1 Esztergom, Hajr\u00e1 Erzs\u00e9bet&nbsp;&nbsp;&nbsp;&nbsp;&nbsp;&nbsp;&nbsp;&nbsp;&nbsp;&nbsp;&nbsp;&nbsp;&nbsp;&nbsp;&nbsp;&nbsp;&nbsp;&nbsp;&nbsp;&nbsp;&nbsp;&nbsp;&nbsp;&nbsp;&nbsp; Farkas Istv\u00e1n testnevel\u0151<\/p>\n","protected":false},"excerpt":{"rendered":"<p>Az elm\u00falt h\u00e9t sem telt el esem\u00e9nytelen\u00fcl a v\u00e1rosi di\u00e1ksport \u00e9let\u00e9ben, a Di\u00e1kolimpia versenyeinek k\u00f6vetkez\u0151 fordul\u00f3j\u00e1t rendezt\u00e9k kos\u00e1rlabda sport\u00e1gban. A IV. korcsoportos fi\u00fak m\u00e9rk\u0151ztek a V\u00e1ros Di\u00e1kolimpiai Bajnoka c\u00edm\u00e9rt, az els\u0151 fordul\u00f3ra janu\u00e1r 22-\u00e9n&#46;&#46;&#46;<\/p>\n","protected":false},"author":1,"featured_media":0,"parent":0,"menu_order":0,"comment_status":"closed","ping_status":"closed","template":"","meta":{"footnotes":"","_links_to":"","_links_to_target":""},"class_list":["post-1002","page","type-page","status-publish","hentry"],"_links":{"self":[{"href":"https:\/\/szent-erzsebet.hu\/gimnazium\/wp-json\/wp\/v2\/pages\/1002","targetHints":{"allow":["GET"]}}],"collection":[{"href":"https:\/\/szent-erzsebet.hu\/gimnazium\/wp-json\/wp\/v2\/pages"}],"about":[{"href":"https:\/\/szent-erzsebet.hu\/gimnazium\/wp-json\/wp\/v2\/types\/page"}],"author":[{"embeddable":true,"href":"https:\/\/szent-erzsebet.hu\/gimnazium\/wp-json\/wp\/v2\/users\/1"}],"replies":[{"embeddable":true,"href":"https:\/\/szent-erzsebet.hu\/gimnazium\/wp-json\/wp\/v2\/comments?post=1002"}],"version-history":[{"count":1,"href":"https:\/\/szent-erzsebet.hu\/gimnazium\/wp-json\/wp\/v2\/pages\/1002\/revisions"}],"predecessor-version":[{"id":1003,"href":"https:\/\/szent-erzsebet.hu\/gimnazium\/wp-json\/wp\/v2\/pages\/1002\/revisions\/1003"}],"wp:attachment":[{"href":"https:\/\/szent-erzsebet.hu\/gimnazium\/wp-json\/wp\/v2\/media?parent=1002"}],"curies":[{"name":"wp","href":"https:\/\/api.w.org\/{rel}","templated":true}]}}