{"id":124,"date":"2019-01-21T12:08:10","date_gmt":"2019-01-21T12:08:10","guid":{"rendered":"http:\/\/szerzs.mhan.hu\/gimnazium\/?page_id=124"},"modified":"2025-11-01T13:46:59","modified_gmt":"2025-11-01T12:46:59","slug":"konyvtar","status":"publish","type":"page","link":"https:\/\/szent-erzsebet.hu\/gimnazium\/oktatas\/konyvtar\/","title":{"rendered":"K\u00f6nyvt\u00e1ri nyitvatart\u00e1s"},"content":{"rendered":"\n<p>Az iskolai k\u00f6nyvt\u00e1r szeretettel v\u00e1rja olvas\u00f3it az al\u00e1bbi id\u0151pontokban. A k\u00f6nyvt\u00e1r az \u00f3rak\u00f6zi sz\u00fcnetekben is nyitva tart.<\/p>\n\n\n\n<figure class=\"wp-block-table\"><table class=\"has-fixed-layout\"><tbody><tr><td class=\"has-text-align-center\" data-align=\"center\">&nbsp;<\/td><td class=\"has-text-align-center\" data-align=\"center\"><strong>H\u00c9TF\u0150<\/strong><\/td><td class=\"has-text-align-center\" data-align=\"center\"><strong>KEDD<\/strong><\/td><td class=\"has-text-align-center\" data-align=\"center\"><strong>SZERDA<\/strong><\/td><td class=\"has-text-align-center\" data-align=\"center\"><strong>CS\u00dcT\u00d6RT\u00d6K<\/strong><\/td><td class=\"has-text-align-center\" data-align=\"center\"><strong>P\u00c9NTEK<\/strong><\/td><\/tr><tr><td class=\"has-text-align-center\" data-align=\"center\">7:45-8:00<\/td><td class=\"has-text-align-center\" data-align=\"center\"><em>nyitvatart\u00e1s<\/em><\/td><td class=\"has-text-align-center\" data-align=\"center\"><em>nyitvatart\u00e1s<\/em><\/td><td class=\"has-text-align-center\" data-align=\"center\"><em>nyitvatart\u00e1s<\/em><\/td><td class=\"has-text-align-center\" data-align=\"center\"><em>nyitvatart\u00e1s<\/em><\/td><td class=\"has-text-align-center\" data-align=\"center\"><em>nyitvatart\u00e1s<\/em><\/td><\/tr><tr><td class=\"has-text-align-center\" data-align=\"center\"><strong>1.\u00f3ra<\/strong><br>8:00-8:45<\/td><td class=\"has-text-align-center\" data-align=\"center\"><em>nyitvatart\u00e1s<\/em><\/td><td class=\"has-text-align-center\" data-align=\"center\"><em>nyitvatart\u00e1s<\/em><\/td><td class=\"has-text-align-center\" data-align=\"center\"><em>nyitvatart\u00e1s<\/em><\/td><td class=\"has-text-align-center\" data-align=\"center\"><em>nyitvatart\u00e1s<\/em><\/td><td class=\"has-text-align-center\" data-align=\"center\"><em>nyitvatart\u00e1s<\/em><\/td><\/tr><tr><td class=\"has-text-align-center\" data-align=\"center\"><strong>2.\u00f3ra<\/strong><br>8:55-9:40<\/td><td class=\"has-text-align-center\" data-align=\"center\"><em>nyitvatart\u00e1s<\/em>\u00a0<\/td><td class=\"has-text-align-center\" data-align=\"center\">\u00a0<em>nyitvatart\u00e1s<\/em><\/td><td class=\"has-text-align-center\" data-align=\"center\"><em>nyitvatart\u00e1s<\/em>\u00a0<\/td><td class=\"has-text-align-center\" data-align=\"center\">\u00a0<em>nyitvatart\u00e1s<\/em><\/td><td class=\"has-text-align-center\" data-align=\"center\"><em>nyitvatart\u00e1s<\/em>\u00a0<\/td><\/tr><tr><td class=\"has-text-align-center\" data-align=\"center\"><strong>3.\u00f3ra<\/strong><br>9:50-10:35<\/td><td class=\"has-text-align-center\" data-align=\"center\"><em>nyitvatart\u00e1s<\/em>\u00a0<\/td><td class=\"has-text-align-center\" data-align=\"center\"><em>nyitvatart\u00e1s<\/em>\u00a0<\/td><td class=\"has-text-align-center\" data-align=\"center\"><em>nyitvatart\u00e1s<\/em>\u00a0<\/td><td class=\"has-text-align-center\" data-align=\"center\"><em>nyitvatart\u00e1s<\/em>\u00a0<\/td><td class=\"has-text-align-center\" data-align=\"center\"><em>nyitvatart\u00e1s<\/em>\u00a0<\/td><\/tr><tr><td class=\"has-text-align-center\" data-align=\"center\"><strong>4.\u00f3ra<\/strong><br>10:45-11:30<\/td><td class=\"has-text-align-center\" data-align=\"center\"><em>nyitvatart\u00e1s<\/em>\u00a0<\/td><td class=\"has-text-align-center\" data-align=\"center\"><em>nyitvatart\u00e1s<\/em>\u00a0<\/td><td class=\"has-text-align-center\" data-align=\"center\"><em>nyitvatart\u00e1s<\/em>\u00a0<\/td><td class=\"has-text-align-center\" data-align=\"center\"><em>nyitvatart\u00e1s<\/em>\u00a0<\/td><td class=\"has-text-align-center\" data-align=\"center\"><em>nyitvatart\u00e1s<\/em>\u00a0<\/td><\/tr><tr><td class=\"has-text-align-center\" data-align=\"center\"><strong>5.\u00f3ra<\/strong><br>11:40-12:25<\/td><td class=\"has-text-align-center\" data-align=\"center\"><em>nyitvatart\u00e1s<\/em><\/td><td class=\"has-text-align-center\" data-align=\"center\"><em>nyitvatart\u00e1s<\/em><\/td><td class=\"has-text-align-center\" data-align=\"center\"><em>nyitvatart\u00e1s<\/em><\/td><td class=\"has-text-align-center\" data-align=\"center\"><em>nyitvatart\u00e1s<\/em><\/td><td class=\"has-text-align-center\" data-align=\"center\"><em>nyitvatart\u00e1s<\/em>\u00a0<\/td><\/tr><tr><td class=\"has-text-align-center\" data-align=\"center\"><strong>6.\u00f3ra<\/strong><br>12:35-13:20<\/td><td class=\"has-text-align-center\" data-align=\"center\">\u00a0<em>nyitvatart\u00e1s<\/em><\/td><td class=\"has-text-align-center\" data-align=\"center\">\u00a0<em>nyitvatart\u00e1s<\/em><\/td><td class=\"has-text-align-center\" data-align=\"center\"><em>nyitvatart\u00e1s<\/em>\u00a0<\/td><td class=\"has-text-align-center\" data-align=\"center\"><em>nyitvatart\u00e1s<\/em><\/td><td class=\"has-text-align-center\" data-align=\"center\"><\/td><\/tr><tr><td class=\"has-text-align-center\" data-align=\"center\"><strong>7.\u00f3ra<\/strong><br>13:35-14:20<\/td><td class=\"has-text-align-center\" data-align=\"center\">&nbsp;<\/td><td class=\"has-text-align-center\" data-align=\"center\">&nbsp;<\/td><td class=\"has-text-align-center\" data-align=\"center\"><\/td><td class=\"has-text-align-center\" data-align=\"center\">&nbsp;<\/td><td class=\"has-text-align-center\" data-align=\"center\">&nbsp;<\/td><\/tr><tr><td class=\"has-text-align-center\" data-align=\"center\"><strong>8.\u00f3ra<\/strong><br>14:35-14:20<\/td><td class=\"has-text-align-center\" data-align=\"center\">&nbsp;<\/td><td class=\"has-text-align-center\" data-align=\"center\">&nbsp;<\/td><td class=\"has-text-align-center\" data-align=\"center\"><em>&nbsp;<\/em><\/td><td class=\"has-text-align-center\" data-align=\"center\">&nbsp;<\/td><td class=\"has-text-align-center\" data-align=\"center\">&nbsp;<\/td><\/tr><\/tbody><\/table><\/figure>\n\n\n\n<p><\/p>\n","protected":false},"excerpt":{"rendered":"<p>Az iskolai k\u00f6nyvt\u00e1r szeretettel v\u00e1rja olvas\u00f3it az al\u00e1bbi id\u0151pontokban. A k\u00f6nyvt\u00e1r az \u00f3rak\u00f6zi sz\u00fcnetekben is nyitva tart. &nbsp; H\u00c9TF\u0150 KEDD SZERDA CS\u00dcT\u00d6RT\u00d6K P\u00c9NTEK 7:45-8:00 nyitvatart\u00e1s nyitvatart\u00e1s nyitvatart\u00e1s nyitvatart\u00e1s nyitvatart\u00e1s 1.\u00f3ra8:00-8:45 nyitvatart\u00e1s nyitvatart\u00e1s nyitvatart\u00e1s nyitvatart\u00e1s&#46;&#46;&#46;<\/p>\n","protected":false},"author":1,"featured_media":0,"parent":122,"menu_order":0,"comment_status":"closed","ping_status":"closed","template":"","meta":{"footnotes":"","_links_to":"","_links_to_target":""},"class_list":["post-124","page","type-page","status-publish","hentry"],"_links":{"self":[{"href":"https:\/\/szent-erzsebet.hu\/gimnazium\/wp-json\/wp\/v2\/pages\/124","targetHints":{"allow":["GET"]}}],"collection":[{"href":"https:\/\/szent-erzsebet.hu\/gimnazium\/wp-json\/wp\/v2\/pages"}],"about":[{"href":"https:\/\/szent-erzsebet.hu\/gimnazium\/wp-json\/wp\/v2\/types\/page"}],"author":[{"embeddable":true,"href":"https:\/\/szent-erzsebet.hu\/gimnazium\/wp-json\/wp\/v2\/users\/1"}],"replies":[{"embeddable":true,"href":"https:\/\/szent-erzsebet.hu\/gimnazium\/wp-json\/wp\/v2\/comments?post=124"}],"version-history":[{"count":3,"href":"https:\/\/szent-erzsebet.hu\/gimnazium\/wp-json\/wp\/v2\/pages\/124\/revisions"}],"predecessor-version":[{"id":2732,"href":"https:\/\/szent-erzsebet.hu\/gimnazium\/wp-json\/wp\/v2\/pages\/124\/revisions\/2732"}],"up":[{"embeddable":true,"href":"https:\/\/szent-erzsebet.hu\/gimnazium\/wp-json\/wp\/v2\/pages\/122"}],"wp:attachment":[{"href":"https:\/\/szent-erzsebet.hu\/gimnazium\/wp-json\/wp\/v2\/media?parent=124"}],"curies":[{"name":"wp","href":"https:\/\/api.w.org\/{rel}","templated":true}]}}