{"id":1356,"date":"2021-03-26T13:23:12","date_gmt":"2021-03-26T12:23:12","guid":{"rendered":"http:\/\/szent-erzsebet.hu\/gimnazium\/?page_id=1356"},"modified":"2022-10-27T09:53:37","modified_gmt":"2022-10-27T08:53:37","slug":"tablokbol-keszult-digitalis-konyv","status":"publish","type":"page","link":"https:\/\/szent-erzsebet.hu\/gimnazium\/tablokbol-keszult-digitalis-konyv\/","title":{"rendered":"Tabl\u00f3k\u00e9pek"},"content":{"rendered":"\n<p class=\"has-text-align-center\">Kedves \u00d6regdi\u00e1kjaink!<\/p>\n\n\n\n<p class=\"has-text-align-center\">Lapozz\u00e1tok szeretettel a tabl\u00f3itokb\u00f3l k\u00e9sz\u00fclt digit\u00e1lis k\u00f6nyvet, melyet jubileumi \u00e9v\u00fcnk alkalm\u00e1b\u00f3l k\u00e9sz\u00edtett\u00fcnk \u00e9s ny\u00fajtunk \u00e1t Nektek!<\/p>\n\n\n<div class=\"wp-block-image\">\n<figure class=\"aligncenter is-resized\"><a href=\"https:\/\/read.bookcreator.com\/dD8bWD1jFyUDEziFQlcQb8xPGYr1\/VhiQNYN0QSO6Rad4AQY8qQ?fbclid=IwAR2xTK1o2boqORJWvpn5mOHi0dVR-r-uP3Ejqa4genmJ0u5ofAbLxKVJH3M\" target=\"_blank\" rel=\"noreferrer noopener\"><img loading=\"lazy\" decoding=\"async\" src=\"https:\/\/szent-erzsebet.hu\/gimnazium\/wp-content\/uploads\/sites\/5\/2021\/03\/tablokepek.jpg\" alt=\"\" class=\"wp-image-1357\" width=\"451\" height=\"339\" srcset=\"https:\/\/szent-erzsebet.hu\/gimnazium\/wp-content\/uploads\/sites\/5\/2021\/03\/tablokepek.jpg 901w, https:\/\/szent-erzsebet.hu\/gimnazium\/wp-content\/uploads\/sites\/5\/2021\/03\/tablokepek-300x225.jpg 300w, https:\/\/szent-erzsebet.hu\/gimnazium\/wp-content\/uploads\/sites\/5\/2021\/03\/tablokepek-768x577.jpg 768w\" sizes=\"auto, (max-width: 451px) 100vw, 451px\" \/><\/a><figcaption><strong> &lt;&lt;&lt;A k\u00f6nyv a k\u00e9pre kattintva \u00e9rhet\u0151 el&gt;&gt;&gt; <\/strong><\/figcaption><\/figure><\/div>","protected":false},"excerpt":{"rendered":"<p>Kedves \u00d6regdi\u00e1kjaink! Lapozz\u00e1tok szeretettel a tabl\u00f3itokb\u00f3l k\u00e9sz\u00fclt digit\u00e1lis k\u00f6nyvet, melyet jubileumi \u00e9v\u00fcnk alkalm\u00e1b\u00f3l k\u00e9sz\u00edtett\u00fcnk \u00e9s ny\u00fajtunk \u00e1t Nektek!<\/p>\n","protected":false},"author":1,"featured_media":0,"parent":0,"menu_order":0,"comment_status":"closed","ping_status":"closed","template":"","meta":{"footnotes":"","_links_to":"","_links_to_target":""},"class_list":["post-1356","page","type-page","status-publish","hentry"],"_links":{"self":[{"href":"https:\/\/szent-erzsebet.hu\/gimnazium\/wp-json\/wp\/v2\/pages\/1356","targetHints":{"allow":["GET"]}}],"collection":[{"href":"https:\/\/szent-erzsebet.hu\/gimnazium\/wp-json\/wp\/v2\/pages"}],"about":[{"href":"https:\/\/szent-erzsebet.hu\/gimnazium\/wp-json\/wp\/v2\/types\/page"}],"author":[{"embeddable":true,"href":"https:\/\/szent-erzsebet.hu\/gimnazium\/wp-json\/wp\/v2\/users\/1"}],"replies":[{"embeddable":true,"href":"https:\/\/szent-erzsebet.hu\/gimnazium\/wp-json\/wp\/v2\/comments?post=1356"}],"version-history":[{"count":2,"href":"https:\/\/szent-erzsebet.hu\/gimnazium\/wp-json\/wp\/v2\/pages\/1356\/revisions"}],"predecessor-version":[{"id":1789,"href":"https:\/\/szent-erzsebet.hu\/gimnazium\/wp-json\/wp\/v2\/pages\/1356\/revisions\/1789"}],"wp:attachment":[{"href":"https:\/\/szent-erzsebet.hu\/gimnazium\/wp-json\/wp\/v2\/media?parent=1356"}],"curies":[{"name":"wp","href":"https:\/\/api.w.org\/{rel}","templated":true}]}}