{"id":18,"date":"2018-11-12T13:51:39","date_gmt":"2018-11-12T13:51:39","guid":{"rendered":"http:\/\/szerzs.mhan.hu\/iskola\/?page_id=18"},"modified":"2019-10-29T14:18:32","modified_gmt":"2019-10-29T13:18:32","slug":"alapitvany","status":"publish","type":"page","link":"https:\/\/szent-erzsebet.hu\/gimnazium\/alapitvany\/","title":{"rendered":"Alap\u00edtv\u00e1ny"},"content":{"rendered":"\n<p>Szent Erzs\u00e9bet Alap\u00edtv\u00e1ny<\/p>\n\n\n\n<p>K\u00e9rj\u00fck, amennyiben egyet\u00e9rt c\u00e9ljainkkal, t\u00e1mogassa az iskola\nalap\u00edtv\u00e1ny\u00e1t szem\u00e9lyi j\u00f6vedelemad\u00f3ja 1%-\u00e1nak felaj\u00e1nl\u00e1s\u00e1val.<\/p>\n\n\n\n<ul class=\"wp-block-list\"><li>Ad\u00f3sz\u00e1m:&nbsp;&nbsp;&nbsp;&nbsp;&nbsp; 19149309-1-11<\/li><\/ul>\n\n\n\n<p>Amennyiben anyagi helyzet\u00fck\na jelen k\u00f6r\u00fclm\u00e9nyek k\u00f6z\u00f6tt megengedi, k\u00e9rem, t\u00e1mogass\u00e1k a Szent Erzs\u00e9bet\nAlap\u00edtv\u00e1ny m\u0171k\u00f6d\u00e9s\u00e9t \u2013 ak\u00e1r 1-2 ezer forintos \u2013 befizet\u00e9sekkel.<\/p>\n\n\n\n<ul class=\"wp-block-list\"><li>Sz\u00e1mlasz\u00e1m: OTP Esztergom&nbsp;&nbsp;&nbsp;&nbsp;&nbsp;&nbsp;&nbsp; 11740054-20112275<\/li><\/ul>\n","protected":false},"excerpt":{"rendered":"<p>Szent Erzs\u00e9bet Alap\u00edtv\u00e1ny K\u00e9rj\u00fck, amennyiben egyet\u00e9rt c\u00e9ljainkkal, t\u00e1mogassa az iskola alap\u00edtv\u00e1ny\u00e1t szem\u00e9lyi j\u00f6vedelemad\u00f3ja 1%-\u00e1nak felaj\u00e1nl\u00e1s\u00e1val. Ad\u00f3sz\u00e1m:&nbsp;&nbsp;&nbsp;&nbsp;&nbsp; 19149309-1-11 Amennyiben anyagi helyzet\u00fck a jelen k\u00f6r\u00fclm\u00e9nyek k\u00f6z\u00f6tt megengedi, k\u00e9rem, t\u00e1mogass\u00e1k a Szent Erzs\u00e9bet Alap\u00edtv\u00e1ny m\u0171k\u00f6d\u00e9s\u00e9t \u2013 ak\u00e1r&#46;&#46;&#46;<\/p>\n","protected":false},"author":1,"featured_media":0,"parent":0,"menu_order":0,"comment_status":"closed","ping_status":"closed","template":"","meta":{"footnotes":"","_links_to":"","_links_to_target":""},"class_list":["post-18","page","type-page","status-publish","hentry"],"_links":{"self":[{"href":"https:\/\/szent-erzsebet.hu\/gimnazium\/wp-json\/wp\/v2\/pages\/18","targetHints":{"allow":["GET"]}}],"collection":[{"href":"https:\/\/szent-erzsebet.hu\/gimnazium\/wp-json\/wp\/v2\/pages"}],"about":[{"href":"https:\/\/szent-erzsebet.hu\/gimnazium\/wp-json\/wp\/v2\/types\/page"}],"author":[{"embeddable":true,"href":"https:\/\/szent-erzsebet.hu\/gimnazium\/wp-json\/wp\/v2\/users\/1"}],"replies":[{"embeddable":true,"href":"https:\/\/szent-erzsebet.hu\/gimnazium\/wp-json\/wp\/v2\/comments?post=18"}],"version-history":[{"count":4,"href":"https:\/\/szent-erzsebet.hu\/gimnazium\/wp-json\/wp\/v2\/pages\/18\/revisions"}],"predecessor-version":[{"id":582,"href":"https:\/\/szent-erzsebet.hu\/gimnazium\/wp-json\/wp\/v2\/pages\/18\/revisions\/582"}],"wp:attachment":[{"href":"https:\/\/szent-erzsebet.hu\/gimnazium\/wp-json\/wp\/v2\/media?parent=18"}],"curies":[{"name":"wp","href":"https:\/\/api.w.org\/{rel}","templated":true}]}}