{"id":1820,"date":"2022-12-23T12:38:57","date_gmt":"2022-12-23T11:38:57","guid":{"rendered":"https:\/\/szent-erzsebet.hu\/gimnazium\/?page_id=1820"},"modified":"2022-12-23T12:40:06","modified_gmt":"2022-12-23T11:40:06","slug":"hat-2021-tanulmanyi-kirandulas-bemutatasa","status":"publish","type":"page","link":"https:\/\/szent-erzsebet.hu\/gimnazium\/hat-2021-tanulmanyi-kirandulas-bemutatasa\/","title":{"rendered":"HAT-2021 \u2013 Tanulm\u00e1nyi kir\u00e1ndul\u00e1s bemutat\u00e1sa"},"content":{"rendered":"\n<p class=\"has-text-align-center\">J\u00fanius 26-\u00e1n kor\u00e1n reggel indultunk az iskol\u00e1nkhoz k\u00f6zel es\u0151 buszparkol\u00f3b\u00f3l. K\u00e9t busszal kelt\u00fcnk \u00fatra. J\u00f3 temp\u00f3 ellen\u00e9re mintegy hat\u00f3r\u00e1s utaz\u00e1s ut\u00e1n \u00e9rt\u00fck el a hat\u00e1rt. Miut\u00e1n Aradon tal\u00e1lkoztunk k\u00eds\u00e9r\u0151inkkel, megtekintett\u00fck \u00e9s megkoszor\u00faztuk a 48-as eml\u00e9km\u0171vet, majd folytattuk utunkat Vajdahunyadra. Itt a v\u00e1r megn\u00e9z\u00e9se \u00e9s kis\u00e9r\u0151nk vezet\u00e9se ut\u00e1n utaztunk tov\u00e1bb aznapi sz\u00e1ll\u00e1shely\u00fcnkre Csernakereszt\u00farra. K\u00f6z\u00f6s vacsora ut\u00e1n mindenki elfoglalhatta sz\u00e1ll\u00e1shely\u00e9t \u00e9s kezdhette kipihenni aznapi f\u00e1radalmait. <\/p>\n\n\n\n<p class=\"has-text-align-center\">M\u00e1snap b\u0151s\u00e9ges reggelivel kezdt\u00fck a napunkat \u00e9s indultunk is k\u00f6vetkez\u0151 \u00fatic\u00e9lunkhoz Nagyszebenre, ahol egy felfedez\u0151 v\u00e1rosn\u00e9z\u00e9s alkalm\u00e1val ismert\u00fck meg a v\u00e1ros fontosabb l\u00e1tnival\u00f3it, t\u00f6rt\u00e9nelmi eml\u00e9keit. Segesv\u00e1ron ugyancsak egy kis feladatsorral k\u00e9sz\u00fcltek szervez\u0151ink, mellyel bebarangolhattuk a v\u00e1rost.<\/p>\n\n\n\n<p class=\"has-text-align-center\">Sz\u00e9kelyudvarhelyen k\u00f6z\u00f6sen tett\u00fcnk r\u00f6vid s\u00e9t\u00e1t. Est\u00e9re \u00e9rt\u00fcnk Cs\u00edksomly\u00f3ra aznapi sz\u00e1ll\u00e1shely\u00fcnkre. A kegytemplom \u00e9s a zar\u00e1ndoklatr\u00f3l h\u00edres domb megtekint\u00e9se ut\u00e1n foglaltuk el szob\u00e1inkat \u00e9s k\u00f6lt\u00f6tt\u00fck el b\u0151s\u00e9ges vacsor\u00e1nkat. Mivel itt k\u00e9tszer aludtunk, m\u00e1snap gyors reggeli ut\u00e1n indultunk a Mohos-l\u00e1p fel\u00e9. <\/p>\n\n\n\n<p class=\"has-text-align-center\">Itt tudom\u00e1nyosan teljesen korrekt, m\u00e9gis sz\u00f3rakoztat\u00f3 vezet\u00e9sen vett\u00fcnk r\u00e9szt. Ezt k\u00f6vet\u0151en s\u00e9t\u00e1ltunk \u00e1t a Szent Anna-t\u00f3hoz, majd buszra sz\u00e1llva \u00e9rt\u00fck el B\u00e1lv\u00e1nyosf\u00fcrd\u0151t, ahol megeb\u00e9delt\u00fcnk. Innen r\u00f6vid t\u00fara ut\u00e1n \u00e9rt\u00fck el a Torjai b\u00fcd\u00f6s-barlangot, ahol a bej\u00e1ratn\u00e1l mindenki kipr\u00f3b\u00e1lhatta milyen a k\u00e9nes barlang atmoszf\u00e9r\u00e1ja. K\u00e9zdiv\u00e1s\u00e1rhely c\u00e9h m\u00fazeuma volt a k\u00f6vetkez\u0151 \u00fatic\u00e9lunk, ahol megtekintett\u00fck a f\u0151teret \u00e9s az Erd\u00e9ly kiemelked\u0151 szem\u00e9lyis\u00e9geit \u00e1br\u00e1zol\u00f3 szoborparkot. Nyergestet\u0151re k\u00e9s\u0151 d\u00e9lut\u00e1n \u00e9rt\u00fcnk, ahol r\u00f6vid t\u00f6rt\u00e9nelmi el\u0151ad\u00e1s ut\u00e1n koszor\u00fat helyezt\u00fcnk el a kopjaf\u00e1k dombj\u00e1n. Innen indultunk vissza tegnapi sz\u00e1ll\u00e1shely\u00fcnkre. (Cs\u00edksomly\u00f3)<\/p>\n\n\n\n<p class=\"has-text-align-center\">A 4. nap Sz\u00e9kelyudvarhelyen r\u00f6vid s\u00e9t\u00e1val kezd\u0151d\u00f6tt, innen ment\u00fcnk Korondra, ahol a n\u00e9pm\u0171v\u00e9szeti v\u00e1s\u00e1r bej\u00e1r\u00e1sa sor\u00e1n alkalmunk volt megv\u00e1s\u00e1rolni az otthoni hozz\u00e1tartoz\u00f3inknak sz\u00e1nt eml\u00e9kt\u00e1rgyakat. K\u00f6vetkez\u0151 meg\u00e1ll\u00f3nk a Parajdi s\u00f3szoros volt. Itt is r\u00f6vid s\u00e9t\u00e1t tett\u00fcnk, de k\u00f6zben b\u0151v\u00edtett\u00fck f\u00f6ldrajzi ismereteinket. A d\u00e9l k\u00f6rny\u00e9ki tikkaszt\u00f3 s\u00e9ta ut\u00e1n j\u00f3l esett Szov\u00e1t\u00e1n a Medve-t\u00f3 k\u00f6r\u00fcli \u00e1rnyas s\u00e9t\u00e1nyon elk\u00f6lteni aznapra csomagolt eb\u00e9d\u00fcnket. Est\u00e9re \u00e9rkezt\u00fcnk Kolozsv\u00e1rra utols\u00f3 sz\u00e1ll\u00e1shely\u00fcnkre k\u00e9t-h\u00e1rom\u00e1gyas, f\u00fcrd\u0151szob\u00e1s szob\u00e1k v\u00e1rtak minket. Vacsora, alv\u00e1s \u00e9s reggeli ut\u00e1n Kolozsv\u00e1r felfedez\u0151 v\u00e1rosn\u00e9z\u00e9se ut\u00e1n megkoszor\u00faztuk Hunyadi M\u00e1ty\u00e1s lovasszobr\u00e1t, majd indultunk is Nagyv\u00e1radra, ahol a sz\u00e9kesegyh\u00e1z \u00e9s Szent L\u00e1szl\u00f3 herm\u00e1j\u00e1nak megtekint\u00e9se ut\u00e1n b\u00facs\u00faztunk el vezet\u0151inkt\u0151l. <\/p>\n\n\n\n<p class=\"has-text-align-center\">A hat\u00e1rt Nagylakn\u00e1l \u00e1tl\u00e9pve est\u00e9re \u00e9rkezt\u00fcnk Esztergomba.C\u00e9lunk &#8211; a hat\u00e1rainkon t\u00fal \u00e9l\u0151 magyarok \u00e9let\u00e9nek megismer\u00e9se \u00e9s az egym\u00e1shoz tartoz\u00e1s fogalm\u00e1nak elm\u00e9ly\u00edt\u00e9se &#8211; vezet\u0151ink \u00e1ldozatos munk\u00e1ja r\u00e9v\u00e9n val\u00f3sult meg. A remek\u00fcl \u00f6ssze\u00e1ll\u00edtott programnak k\u00f6sz\u00f6nhet\u0151en a gyerekek v\u00e1ltozatos \u00e9s az \u00e9rdekl\u0151d\u00e9st folyamatosan fenntart\u00f3 utaz\u00e1son vehettek r\u00e9szt. M\u00f3dunk volt betekinteni az itt \u00e9l\u0151 emberek m\u00faltj\u00e1ba, jelen\u00e9be \u00e9s mindennapjaiba. K\u00f6sz\u00f6nj\u00fck a \u201eHat\u00e1rtalanul\u201d p\u00e1ly\u00e1zat finansz\u00edroz\u00e1s\u00e1t, hogy gyermekeinket egy ilyen \u00e9letre sz\u00f3l\u00f3 kalanddal aj\u00e1nd\u00e9kozt\u00e1k meg.<\/p>\n\n\n\n<p class=\"has-text-align-center\"><a rel=\"noreferrer noopener\" href=\"https:\/\/szent-erzsebet.hu\/wp-content\/uploads\/2022\/12\/HAT-2021-Fenykepes-szoveges-szakmai-beszamolo.pdf\" target=\"_blank\"><strong>&lt;&lt;&lt;A tanulm\u00e1nyi kir\u00e1ndul\u00e1s k\u00e9pes besz\u00e1mol\u00f3ja ide kattintva tekinthet\u0151 meg&gt;&gt;&gt;<\/strong><\/a><\/p>\n","protected":false},"excerpt":{"rendered":"<p>J\u00fanius 26-\u00e1n kor\u00e1n reggel indultunk az iskol\u00e1nkhoz k\u00f6zel es\u0151 buszparkol\u00f3b\u00f3l. K\u00e9t busszal kelt\u00fcnk \u00fatra. J\u00f3 temp\u00f3 ellen\u00e9re mintegy hat\u00f3r\u00e1s utaz\u00e1s ut\u00e1n \u00e9rt\u00fck el a hat\u00e1rt. Miut\u00e1n Aradon tal\u00e1lkoztunk k\u00eds\u00e9r\u0151inkkel, megtekintett\u00fck \u00e9s megkoszor\u00faztuk a 48-as&#46;&#46;&#46;<\/p>\n","protected":false},"author":1,"featured_media":0,"parent":0,"menu_order":0,"comment_status":"closed","ping_status":"closed","template":"","meta":{"footnotes":"","_links_to":"","_links_to_target":""},"class_list":["post-1820","page","type-page","status-publish","hentry"],"_links":{"self":[{"href":"https:\/\/szent-erzsebet.hu\/gimnazium\/wp-json\/wp\/v2\/pages\/1820","targetHints":{"allow":["GET"]}}],"collection":[{"href":"https:\/\/szent-erzsebet.hu\/gimnazium\/wp-json\/wp\/v2\/pages"}],"about":[{"href":"https:\/\/szent-erzsebet.hu\/gimnazium\/wp-json\/wp\/v2\/types\/page"}],"author":[{"embeddable":true,"href":"https:\/\/szent-erzsebet.hu\/gimnazium\/wp-json\/wp\/v2\/users\/1"}],"replies":[{"embeddable":true,"href":"https:\/\/szent-erzsebet.hu\/gimnazium\/wp-json\/wp\/v2\/comments?post=1820"}],"version-history":[{"count":2,"href":"https:\/\/szent-erzsebet.hu\/gimnazium\/wp-json\/wp\/v2\/pages\/1820\/revisions"}],"predecessor-version":[{"id":1823,"href":"https:\/\/szent-erzsebet.hu\/gimnazium\/wp-json\/wp\/v2\/pages\/1820\/revisions\/1823"}],"wp:attachment":[{"href":"https:\/\/szent-erzsebet.hu\/gimnazium\/wp-json\/wp\/v2\/media?parent=1820"}],"curies":[{"name":"wp","href":"https:\/\/api.w.org\/{rel}","templated":true}]}}