{"id":186,"date":"2019-01-21T12:57:56","date_gmt":"2019-01-21T12:57:56","guid":{"rendered":"http:\/\/szerzs.mhan.hu\/gimnazium\/?page_id=186"},"modified":"2019-11-12T12:43:11","modified_gmt":"2019-11-12T11:43:11","slug":"kompetencia-eredmenyek","status":"publish","type":"page","link":"https:\/\/szent-erzsebet.hu\/gimnazium\/eredmenyek\/kompetencia-eredmenyek\/","title":{"rendered":"Kompetencia m\u00e9r\u00e9s eredm\u00e9nyei"},"content":{"rendered":"\n<ul class=\"wp-block-list\"><li><a rel=\"noreferrer noopener\" target=\"_blank\" href=\"https:\/\/szent-erzsebet.hu\/gimnazium\/wp-content\/uploads\/sites\/5\/2019\/11\/Kompetenciam%C3%A9r%C3%A9s-2018.-honlapra.pdf\"><strong>Kompetenciam\u00e9r\u00e9s eredm\u00e9nyei 2018<\/strong><\/a><\/li><li><a rel=\"noreferrer noopener\" target=\"_blank\" href=\"https:\/\/szent-erzsebet.hu\/gimnazium\/wp-content\/uploads\/sites\/5\/2019\/11\/Kompetenciam%C3%A9r%C3%A9s-2017.-Honlap.pdf\"><strong>Kompetenciam\u00e9r\u00e9s eredm\u00e9nyei 2017<\/strong><\/a><\/li><li><a rel=\"noreferrer noopener\" target=\"_blank\" href=\"https:\/\/szent-erzsebet.hu\/gimnazium\/wp-content\/uploads\/sites\/5\/2019\/11\/2016.-%C3%A9vi-kompetenciam%C3%A9r%C3%A9s-honlapra.pdf\"><strong>Kompetenciam\u00e9r\u00e9s eredm\u00e9nyei 2016<\/strong><\/a><\/li><li><a rel=\"noreferrer noopener\" target=\"_blank\" href=\"https:\/\/szent-erzsebet.hu\/gimnazium\/wp-content\/uploads\/sites\/5\/2019\/11\/Kompetenciam%C3%A9r%C3%A9s-2015-honlapra.pdf\"><strong>Kompetenciam\u00e9r\u00e9s eredm\u00e9nyei 2015<\/strong><\/a><\/li><\/ul>\n","protected":false},"excerpt":{"rendered":"<p>Kompetenciam\u00e9r\u00e9s eredm\u00e9nyei 2018 Kompetenciam\u00e9r\u00e9s eredm\u00e9nyei 2017 Kompetenciam\u00e9r\u00e9s eredm\u00e9nyei 2016 Kompetenciam\u00e9r\u00e9s eredm\u00e9nyei 2015<\/p>\n","protected":false},"author":1,"featured_media":0,"parent":22,"menu_order":0,"comment_status":"closed","ping_status":"closed","template":"","meta":{"footnotes":"","_links_to":"","_links_to_target":""},"class_list":["post-186","page","type-page","status-publish","hentry"],"_links":{"self":[{"href":"https:\/\/szent-erzsebet.hu\/gimnazium\/wp-json\/wp\/v2\/pages\/186","targetHints":{"allow":["GET"]}}],"collection":[{"href":"https:\/\/szent-erzsebet.hu\/gimnazium\/wp-json\/wp\/v2\/pages"}],"about":[{"href":"https:\/\/szent-erzsebet.hu\/gimnazium\/wp-json\/wp\/v2\/types\/page"}],"author":[{"embeddable":true,"href":"https:\/\/szent-erzsebet.hu\/gimnazium\/wp-json\/wp\/v2\/users\/1"}],"replies":[{"embeddable":true,"href":"https:\/\/szent-erzsebet.hu\/gimnazium\/wp-json\/wp\/v2\/comments?post=186"}],"version-history":[{"count":5,"href":"https:\/\/szent-erzsebet.hu\/gimnazium\/wp-json\/wp\/v2\/pages\/186\/revisions"}],"predecessor-version":[{"id":694,"href":"https:\/\/szent-erzsebet.hu\/gimnazium\/wp-json\/wp\/v2\/pages\/186\/revisions\/694"}],"up":[{"embeddable":true,"href":"https:\/\/szent-erzsebet.hu\/gimnazium\/wp-json\/wp\/v2\/pages\/22"}],"wp:attachment":[{"href":"https:\/\/szent-erzsebet.hu\/gimnazium\/wp-json\/wp\/v2\/media?parent=186"}],"curies":[{"name":"wp","href":"https:\/\/api.w.org\/{rel}","templated":true}]}}