{"id":2056,"date":"2024-02-14T15:19:08","date_gmt":"2024-02-14T14:19:08","guid":{"rendered":"https:\/\/szent-erzsebet.hu\/gimnazium\/?page_id=2056"},"modified":"2024-08-27T14:20:40","modified_gmt":"2024-08-27T13:20:40","slug":"lepjunk-ki-a-komfortzonankbol","status":"publish","type":"page","link":"https:\/\/szent-erzsebet.hu\/gimnazium\/lepjunk-ki-a-komfortzonankbol\/","title":{"rendered":"\u201eL\u00e9pj\u00fcnk ki a komfortz\u00f3n\u00e1nkb\u00f3l\u201d"},"content":{"rendered":"\n<p><strong>\u201eL\u00e9pj ki a komfortz\u00f3n\u00e1db\u00f3l\u201d<\/strong><\/p>\n\n\n\n<p><strong>2022-2-HU01-KA122-SCH-000094109<\/strong><br><\/p>\n\n\n\n<p>Int\u00e9zm\u00e9ny\u00fcnk 2022. november\u00e9ben p\u00e1ly\u00e1zott el\u0151sz\u00f6r Erasmus + r\u00f6vid futamidej\u0171 mobilit\u00e1si projektre \u00e9s p\u00e1ly\u00e1zatunk sikeres volt. 4 pedag\u00f3gus kapott lehet\u0151s\u00e9get arra, hogy k\u00fclf\u00f6ld\u00f6n, n\u00e9met illetve angol nyelven tanfolyamon vegyenek r\u00e9szt, ahol a nemzetk\u00f6zi cserekapcsolatok projektmanagmentje volt a t\u00e9ma.<\/p>\n\n\n\n<p>P\u00e1ly\u00e1zatunkban c\u00e9lul t\u0171zt\u00fck ki, hogy<\/p>\n\n\n\n<p>-nemzetk\u00f6zi projektekben j\u00e1rtas koll\u00e9g\u00e1kt\u00f3l tanulunk<\/p>\n\n\n\n<p>&#8211; cserekapcsolatainkat fel\u00e9lesztj\u00fck \u00e9s \u00faj szintre emelj\u00fck<\/p>\n\n\n\n<p>&#8211; pedag\u00f3gusaink megismerhess\u00e9k m\u00e1s int\u00e9zm\u00e9nyek oktat\u00e1si m\u00f3dszereit<\/p>\n\n\n\n<p>&#8211; fejlessz\u00fck di\u00e1kjaink nyelvi kompetenci\u00e1it.<\/p>\n\n\n\n<figure class=\"wp-block-image size-full\"><img loading=\"lazy\" decoding=\"async\" width=\"381\" height=\"112\" src=\"https:\/\/szent-erzsebet.hu\/gimnazium\/wp-content\/uploads\/sites\/5\/2024\/02\/erasmus.jpg\" alt=\"\" class=\"wp-image-2066\" srcset=\"https:\/\/szent-erzsebet.hu\/gimnazium\/wp-content\/uploads\/sites\/5\/2024\/02\/erasmus.jpg 381w, https:\/\/szent-erzsebet.hu\/gimnazium\/wp-content\/uploads\/sites\/5\/2024\/02\/erasmus-300x88.jpg 300w\" sizes=\"auto, (max-width: 381px) 100vw, 381px\" \/><\/figure>\n\n\n\n<p>A projekt megval\u00f3s\u00edt\u00e1s\u00e1ra 2023. m\u00e1rcius\u00e1ban ker\u00fclt sor. A tanfolyamon r\u00e9szt vett koll\u00e9g\u00e1k besz\u00e1mol\u00f3i honlapunkon olvashat\u00f3k.<\/p>\n\n\n\n<p>A k\u00f6vetkez\u0151 p\u00e1ly\u00e1zati id\u0151szakban 2023. febru\u00e1rj\u00e1ban \u201eA ki\u00e9g\u00e9st\u0151l a kiteljesed\u00e9sig\u201d c\u00edm\u0171 p\u00e1ly\u00e1zatunk kapott t\u00e1mogat\u00e1st. (KA122-SCH-000128790). Ebben mind tan\u00e1ri, mind di\u00e1k mobilit\u00e1sokat tervezt\u00fcnk. Jelenleg is folyik a projekt megval\u00f3sul\u00e1sa.<\/p>\n\n\n\n<p><em>A honlapon tal\u00e1lhat\u00f3 projekteket az Eur\u00f3pai Bizotts\u00e1g t\u00e1mogatta. Al\u00e1bb a mobilit\u00e1son r\u00e9szt vett koll\u00e9g\u00e1k besz\u00e1mol\u00f3it olvashatj\u00e1k. A honlapon megjelentek nem sz\u00fcks\u00e9gszer\u0171en t\u00fckr\u00f6zik az Eur\u00f3pai Bizotts\u00e1g n\u00e9zeteit.<\/em><\/p>\n","protected":false},"excerpt":{"rendered":"<p>\u201eL\u00e9pj ki a komfortz\u00f3n\u00e1db\u00f3l\u201d 2022-2-HU01-KA122-SCH-000094109 Int\u00e9zm\u00e9ny\u00fcnk 2022. november\u00e9ben p\u00e1ly\u00e1zott el\u0151sz\u00f6r Erasmus + r\u00f6vid futamidej\u0171 mobilit\u00e1si projektre \u00e9s p\u00e1ly\u00e1zatunk sikeres volt. 4 pedag\u00f3gus kapott lehet\u0151s\u00e9get arra, hogy k\u00fclf\u00f6ld\u00f6n, n\u00e9met illetve angol nyelven tanfolyamon vegyenek r\u00e9szt,&#46;&#46;&#46;<\/p>\n","protected":false},"author":1,"featured_media":0,"parent":0,"menu_order":0,"comment_status":"closed","ping_status":"closed","template":"","meta":{"footnotes":"","_links_to":"","_links_to_target":""},"class_list":["post-2056","page","type-page","status-publish","hentry"],"_links":{"self":[{"href":"https:\/\/szent-erzsebet.hu\/gimnazium\/wp-json\/wp\/v2\/pages\/2056","targetHints":{"allow":["GET"]}}],"collection":[{"href":"https:\/\/szent-erzsebet.hu\/gimnazium\/wp-json\/wp\/v2\/pages"}],"about":[{"href":"https:\/\/szent-erzsebet.hu\/gimnazium\/wp-json\/wp\/v2\/types\/page"}],"author":[{"embeddable":true,"href":"https:\/\/szent-erzsebet.hu\/gimnazium\/wp-json\/wp\/v2\/users\/1"}],"replies":[{"embeddable":true,"href":"https:\/\/szent-erzsebet.hu\/gimnazium\/wp-json\/wp\/v2\/comments?post=2056"}],"version-history":[{"count":4,"href":"https:\/\/szent-erzsebet.hu\/gimnazium\/wp-json\/wp\/v2\/pages\/2056\/revisions"}],"predecessor-version":[{"id":2358,"href":"https:\/\/szent-erzsebet.hu\/gimnazium\/wp-json\/wp\/v2\/pages\/2056\/revisions\/2358"}],"wp:attachment":[{"href":"https:\/\/szent-erzsebet.hu\/gimnazium\/wp-json\/wp\/v2\/media?parent=2056"}],"curies":[{"name":"wp","href":"https:\/\/api.w.org\/{rel}","templated":true}]}}