{"id":2161,"date":"2024-04-09T07:55:22","date_gmt":"2024-04-09T06:55:22","guid":{"rendered":"https:\/\/szent-erzsebet.hu\/gimnazium\/?page_id=2161"},"modified":"2024-11-05T14:35:28","modified_gmt":"2024-11-05T13:35:28","slug":"maltai-tanulmanyutak","status":"publish","type":"page","link":"https:\/\/szent-erzsebet.hu\/gimnazium\/maltai-tanulmanyutak\/","title":{"rendered":"M\u00e1ltai tanulm\u00e1nyutak"},"content":{"rendered":"\n<p class=\"has-text-align-center\"><a href=\"http:\/\/szent-erzsebet.hu\/gimnazium\/wp-content\/uploads\/sites\/5\/2024\/04\/Maltai-elmenybeszamolo-1.pdf\" target=\"_blank\" rel=\"noreferrer noopener\"><strong>M\u00e1ltai \u00e9lm\u00e9nybesz\u00e1mol\u00f3 1<\/strong><\/a><\/p>\n\n\n\n<p class=\"has-text-align-center\"><a href=\"http:\/\/szent-erzsebet.hu\/gimnazium\/wp-content\/uploads\/sites\/5\/2024\/04\/Maltai-elmenybeszamolo-2.pdf\" target=\"_blank\" rel=\"noreferrer noopener\"><strong>M\u00e1ltai \u00e9lm\u00e9nybesz\u00e1mol\u00f3 2<\/strong><\/a><\/p>\n","protected":false},"excerpt":{"rendered":"<p>M\u00e1ltai \u00e9lm\u00e9nybesz\u00e1mol\u00f3 1 M\u00e1ltai \u00e9lm\u00e9nybesz\u00e1mol\u00f3 2<\/p>\n","protected":false},"author":1,"featured_media":0,"parent":0,"menu_order":0,"comment_status":"closed","ping_status":"closed","template":"","meta":{"footnotes":"","_links_to":"","_links_to_target":""},"class_list":["post-2161","page","type-page","status-publish","hentry"],"_links":{"self":[{"href":"https:\/\/szent-erzsebet.hu\/gimnazium\/wp-json\/wp\/v2\/pages\/2161","targetHints":{"allow":["GET"]}}],"collection":[{"href":"https:\/\/szent-erzsebet.hu\/gimnazium\/wp-json\/wp\/v2\/pages"}],"about":[{"href":"https:\/\/szent-erzsebet.hu\/gimnazium\/wp-json\/wp\/v2\/types\/page"}],"author":[{"embeddable":true,"href":"https:\/\/szent-erzsebet.hu\/gimnazium\/wp-json\/wp\/v2\/users\/1"}],"replies":[{"embeddable":true,"href":"https:\/\/szent-erzsebet.hu\/gimnazium\/wp-json\/wp\/v2\/comments?post=2161"}],"version-history":[{"count":2,"href":"https:\/\/szent-erzsebet.hu\/gimnazium\/wp-json\/wp\/v2\/pages\/2161\/revisions"}],"predecessor-version":[{"id":2462,"href":"https:\/\/szent-erzsebet.hu\/gimnazium\/wp-json\/wp\/v2\/pages\/2161\/revisions\/2462"}],"wp:attachment":[{"href":"https:\/\/szent-erzsebet.hu\/gimnazium\/wp-json\/wp\/v2\/media?parent=2161"}],"curies":[{"name":"wp","href":"https:\/\/api.w.org\/{rel}","templated":true}]}}