{"id":2223,"date":"2024-07-11T09:47:07","date_gmt":"2024-07-11T08:47:07","guid":{"rendered":"https:\/\/szent-erzsebet.hu\/gimnazium\/?page_id=2223"},"modified":"2026-03-06T07:58:55","modified_gmt":"2026-03-06T06:58:55","slug":"mta-alumni-eloadasok","status":"publish","type":"page","link":"https:\/\/szent-erzsebet.hu\/gimnazium\/mta-alumni-eloadasok\/","title":{"rendered":"MTA Alumni el\u0151ad\u00e1sok"},"content":{"rendered":"\n<div class=\"wp-block-group sorkoz is-vertical is-layout-flex wp-container-core-group-is-layout-1 wp-block-group-is-layout-flex\">\n<p><strong><a href=\"https:\/\/szent-erzsebet.hu\/gimnazium\/dr-bay-peter-egyetemi-tanar-eloadasa\/\">Dr. Bay P\u00e9ter el\u0151ad\u00e1sa &#8211; 2024. m\u00e1jus 16<\/a>.<\/strong><\/p>\n\n\n\n<p><a href=\"https:\/\/szent-erzsebet.hu\/gimnazium\/erdos-laszlo-eloadasa\/\" data-type=\"link\" data-id=\"https:\/\/szent-erzsebet.hu\/gimnazium\/2243-2\/\"><strong>Erd\u0151s L\u00e1szl\u00f3, PhD el\u0151ad\u00e1sa &#8211; 2024. j\u00fanius 10.<\/strong><\/a><\/p>\n\n\n\n<p><a href=\"https:\/\/szent-erzsebet.hu\/gimnazium\/dobrone-toth-marta\/\"><strong>Dobr\u00f3n\u00e9 T\u00f3th M\u00e1rta, PhD el\u0151ad\u00e1sa &#8211; 2024. j\u00fanius 13.<\/strong><\/a><\/p>\n\n\n\n<p><a href=\"https:\/\/szent-erzsebet.hu\/gimnazium\/bede-fazekas-akos\/\"><strong>Bede-Fazekas \u00c1kos, PhD el\u0151ad\u00e1sa &#8211; 2024. j\u00fanius 13.<\/strong><\/a><\/p>\n\n\n\n<p><a href=\"https:\/\/szent-erzsebet.hu\/gimnazium\/miskolczi-christina\/\"><strong>Miskolczi Christina, PhD el\u0151ad\u00e1sa &#8211; 2024. j\u00fanius 13.<\/strong><\/a><\/p>\n\n\n\n<p><a href=\"https:\/\/szent-erzsebet.hu\/gimnazium\/szabo-istvan\/\" data-type=\"link\" data-id=\"https:\/\/szent-erzsebet.hu\/gimnazium\/szabo-istvan\/\"><strong>Dr. Szab\u00f3 Istv\u00e1n el\u0151ad\u00e1sa &#8211; 2024. j\u00fanius 14.<\/strong><\/a><\/p>\n<\/div>\n\n\n\n<p><a href=\"https:\/\/szent-erzsebet.hu\/gimnazium\/papp_zoltan_eloadasa\/\"><strong>Prof. Dr. Papp Zolt\u00e1n\u00a0egyetemi tan\u00e1r el\u0151ad\u00e1sa &#8211; 2025. j\u00fanius 18.<\/strong><\/a><\/p>\n\n\n\n<p><a href=\"https:\/\/szent-erzsebet.hu\/gimnazium\/juhasz_gabriella\/\"><strong>Prof. Dr. Juh\u00e1sz Gabriella egyetemi tan\u00e1r el\u0151ad\u00e1sa &#8211; 2025. j\u00fanius 18.<\/strong><\/a><\/p>\n\n\n\n<p><a href=\"https:\/\/szent-erzsebet.hu\/gimnazium\/aszodi_attila\/\"><strong>Prof. Dr. Asz\u00f3di Attila egyetemi tan\u00e1r el\u0151ad\u00e1sa &#8211; 2025. j\u00fanius 19.<\/strong><\/a><\/p>\n\n\n\n<p><a href=\"https:\/\/szent-erzsebet.hu\/gimnazium\/klebovich_imre\/\"><strong>Prof. Dr. Klebovich Imre egyetemi tan\u00e1r el\u0151ad\u00e1sa &#8211; 2025. j\u00fanius 19.<\/strong><\/a><\/p>\n\n\n\n<p><\/p>\n","protected":false},"excerpt":{"rendered":"<p>Dr. Bay P\u00e9ter el\u0151ad\u00e1sa &#8211; 2024. m\u00e1jus 16. Erd\u0151s L\u00e1szl\u00f3, PhD el\u0151ad\u00e1sa &#8211; 2024. j\u00fanius 10. Dobr\u00f3n\u00e9 T\u00f3th M\u00e1rta, PhD el\u0151ad\u00e1sa &#8211; 2024. j\u00fanius 13. Bede-Fazekas \u00c1kos, PhD el\u0151ad\u00e1sa &#8211; 2024. j\u00fanius 13. Miskolczi&#46;&#46;&#46;<\/p>\n","protected":false},"author":1,"featured_media":0,"parent":0,"menu_order":0,"comment_status":"closed","ping_status":"closed","template":"","meta":{"footnotes":"","_links_to":"","_links_to_target":""},"class_list":["post-2223","page","type-page","status-publish","hentry"],"_links":{"self":[{"href":"https:\/\/szent-erzsebet.hu\/gimnazium\/wp-json\/wp\/v2\/pages\/2223","targetHints":{"allow":["GET"]}}],"collection":[{"href":"https:\/\/szent-erzsebet.hu\/gimnazium\/wp-json\/wp\/v2\/pages"}],"about":[{"href":"https:\/\/szent-erzsebet.hu\/gimnazium\/wp-json\/wp\/v2\/types\/page"}],"author":[{"embeddable":true,"href":"https:\/\/szent-erzsebet.hu\/gimnazium\/wp-json\/wp\/v2\/users\/1"}],"replies":[{"embeddable":true,"href":"https:\/\/szent-erzsebet.hu\/gimnazium\/wp-json\/wp\/v2\/comments?post=2223"}],"version-history":[{"count":27,"href":"https:\/\/szent-erzsebet.hu\/gimnazium\/wp-json\/wp\/v2\/pages\/2223\/revisions"}],"predecessor-version":[{"id":3062,"href":"https:\/\/szent-erzsebet.hu\/gimnazium\/wp-json\/wp\/v2\/pages\/2223\/revisions\/3062"}],"wp:attachment":[{"href":"https:\/\/szent-erzsebet.hu\/gimnazium\/wp-json\/wp\/v2\/media?parent=2223"}],"curies":[{"name":"wp","href":"https:\/\/api.w.org\/{rel}","templated":true}]}}