{"id":2225,"date":"2024-07-11T10:07:36","date_gmt":"2024-07-11T09:07:36","guid":{"rendered":"https:\/\/szent-erzsebet.hu\/gimnazium\/?page_id=2225"},"modified":"2024-07-11T10:29:08","modified_gmt":"2024-07-11T09:29:08","slug":"dr-bay-peter-egyetemi-tanar-eloadasa","status":"publish","type":"page","link":"https:\/\/szent-erzsebet.hu\/gimnazium\/dr-bay-peter-egyetemi-tanar-eloadasa\/","title":{"rendered":""},"content":{"rendered":"\n<p class=\"has-large-font-size\"><strong>Dr. Bay P\u00e9ter egyetemi tan\u00e1r el\u0151ad\u00e1sa<\/strong><\/p>\n\n\n\n<p class=\"has-medium-font-size\"><strong>Az el\u0151ad\u00e1s t\u00e9m\u00e1ja: anyagcsere, anyagcsere betegs\u00e9gek, daganatok, mikrobiom.<\/strong><\/p>\n\n\n\n<p>A Magyar Tudom\u00e1nyos Akad\u00e9mia k\u00f6z\u00e9piskolai ALUMNI Programj\u00e1nak keret\u00e9ben int\u00e9zm\u00e9ny\u00fcnk megh\u00edvta Dr. Bay P\u00e9ter biol\u00f3gus professzort, a Debreceni Egyetem docens\u00e9t, aki elfogadta az iskola megh\u00edv\u00e1s\u00e1t.<\/p>\n\n\n\n<p>Az el\u0151ad\u00e1sra az iskola d\u00edszterm\u00e9ben ker\u00fclt sor 2024. m\u00e1jus 16-\u00e1n. Az el\u0151ad\u00e1son az int\u00e9zm\u00e9ny 10. \u00e9vfolyamos tanul\u00f3i \u00e9s a 11. \u00e9vfolyamos biol\u00f3gia fakult\u00e1ci\u00f3n tanul\u00f3 di\u00e1kok vettek r\u00e9szt. Az el\u0151ad\u00e1st meghallgatta sz\u00e1mos tan\u00e1r is, az el\u0151ad\u00e1s 45 perces volt.<br><br>Az el\u0151ad\u00e1sban a kutat\u00f3 bemutatta a Debreceni Egyetemet \u00e9s saj\u00e1t munkater\u00fclet\u00e9t, a mellr\u00e1k-kutat\u00e1st is.<br>Els\u0151k\u00e9nt kit\u00e9rt a sejtek norm\u00e1lis oszt\u00f3d\u00e1si folyamataira, bemutatta a mut\u00e1ci\u00f3k, daganatos sejtek kialakul\u00e1sainak t\u00edpusait, \u00e9s azt, hogyan lehet ezekb\u0151l a sejtekb\u0151l j\u00f3indulat\u00fa vagy r\u00e1kos tumor.<br>Az el\u0151ad\u00e1s k\u00f6vetkez\u0151 szakasz\u00e1ban kit\u00e9rt arra, hogy a DNS-szekven\u00e1l\u00e1s fejl\u0151d\u00e9se hogyan n\u00f6velte meg ugr\u00e1sszer\u0171en a b\u00e9lbakt\u00e9riumokr\u00f3l val\u00f3 tud\u00e1sunkat. M\u00edg kor\u00e1bban a sz\u00e9klet vizsg\u00e1lat\u00e1val a leveg\u0151 oxig\u00e9nj\u00e9nek jelenl\u00e9t\u00e9t t\u00fal\u00e9l\u0151 aerob b\u00e9lbakt\u00e9riumokat tudtuk csak vizsg\u00e1lni, addig m\u00e1ra a sz\u00e9kletben l\u00e9v\u0151 DNS darabokb\u00f3l nagy sz\u00e1m\u00fa \u00faj anaerob bakt\u00e9riumfajt tal\u00e1ltunk. Az el\u0151ad\u00f3 bevezetett benn\u00fcnket a b\u00e9lfl\u00f3ra fogalm\u00e1n kereszt\u00fcl a mikrobiom meghat\u00e1roz\u00e1s\u00e1ba, bemutatta a bakt\u00e9riumok k\u00f6z\u00f6tti sokf\u00e9le k\u00f6lcs\u00f6nhat\u00e1st. Szeml\u00e9letesen r\u00e1mutatott arra, hogy a mikrobiom tagjainak anyagcsereterm\u00e9kei neurotranszmitterk\u00e9nt, hormonk\u00e9nt is hatnak az emberi szervezetre, megv\u00e1ltoztathatj\u00e1k a sejtek anyagcser\u00e9j\u00e9t, mut\u00e1ci\u00f3kat v\u00e1lthatnak ki \u00e9s el\u0151seg\u00edthetik a daganatos sejtek elszaporod\u00e1s\u00e1t. Azt is megtudtuk, hogy a mikrobiom tagjai megv\u00e1ltoztathatj\u00e1k viselked\u00e9s\u00fcnket, \u00e9s a mikrobiom megv\u00e1ltoztat\u00e1s\u00e1val tal\u00e1n gy\u00f3gy\u00edthatunk is pszichi\u00e1triai betegs\u00e9geket. A mikrobiom rossz \u00f6sszet\u00e9tele nem csak em\u00e9szt\u00e9si zavarokat okozhat, hanem az anyagcser\u00e9nk megv\u00e1ltoztat\u00e1s\u00e1n kereszt\u00fcl a fogy\u00e1s, elh\u00edz\u00e1s ter\u00fclet\u00e9re is hat.<br>\u00dagy t\u0171nik, a mikrobiom befoly\u00e1solhatja a tumorok kialakul\u00e1s\u00e1t, \u00edgy p\u00e9ld\u00e1ul szerepet j\u00e1tszhat a mellr\u00e1k kialakul\u00e1s\u00e1ban. Olyan \u00e1llatk\u00eds\u00e9rleti eredm\u00e9nyr\u0151l sz\u00e1molt be, amelyben az egerek mikrobiomj\u00e1nak megv\u00e1ltoztat\u00e1s\u00e1val a megl\u00e9v\u0151 r\u00e1kos daganat elt\u0171nt.<br>A kutat\u00e1sok igazolj\u00e1k, hogy az \u00e1ltalunk felvett t\u00e1pl\u00e1l\u00e9kkal mi t\u00e1pl\u00e1ljuk a b\u00e9lfl\u00f3r\u00e1nkat, \u00e9s t\u00e1pl\u00e1l\u00e9kunk \u00f6sszet\u00e9tele befoly\u00e1solja, hogy a b\u00e9lfl\u00f3ra mely bakt\u00e9riumai szaporodnak el jobban. \u00cdgy befoly\u00e1solni tudjuk a saj\u00e1t eg\u00e9szs\u00e9gi \u00e1llapotunkat is. Az el\u0151ad\u00f3 els\u0151sorban a nyers z\u00f6lds\u00e9gek fogyaszt\u00e1s\u00e1t aj\u00e1nlotta, mint a mikrofl\u00f3ra kedvez\u0151bb ir\u00e1nyba terel\u00e9s\u00e9nek eszk\u00f6z\u00e9t, valamint az \u00e9dess\u00e9gek mennyis\u00e9g\u00e9nek cs\u00f6kkent\u00e9s\u00e9t javasolta.<br>Az el\u0151ad\u00f3 vet\u00edtett k\u00e9pekkel illusztr\u00e1lta mindazt amir\u0151l besz\u00e9lt. T\u00f6rekedett arra, hogy hallgat\u00f3i meg\u00e9rts\u00e9k az elhangzott fogalmakat, az el\u0151ad\u00e1s v\u00e9g\u00e9n lehet\u0151s\u00e9get adott a k\u00e9rdez\u00e9sre.<\/p>\n\n\n    <div id=\"69f8a9a3c8c5f\" rel=\"2230\" data-gg-autoplay=\"auto\" class=\"gg_galleria_slider_wrap gg_galleria_slider_light gg_galleria_slider_show_thumbs  gg_galleria_responsive ggs_2230\" style=\"width: 100%; \" data-asp-ratio=\"0.55\"><a href=\"http:\/\/szent-erzsebet.hu\/gimnazium\/wp-content\/uploads\/sites\/5\/2024\/07\/DSC_0833-jav-scaled.jpg\"><img decoding=\"async\" src=\"\/\/szent-erzsebet.hu\/gimnazium\/wp-content\/uploads\/sites\/5\/ewpt_cache\/60x40_90_1_c_FFFFFF_59d38e734590f9e1f3691aa594253fb6.jpg\" data-big=\"http:\/\/szent-erzsebet.hu\/gimnazium\/wp-content\/uploads\/sites\/5\/2024\/07\/DSC_0833-jav-scaled.jpg\" data-description=\"\" alt=\"DSC_0833 jav\" \/><\/a><a href=\"http:\/\/szent-erzsebet.hu\/gimnazium\/wp-content\/uploads\/sites\/5\/2024\/07\/DSC_0834-scaled.jpg\"><img decoding=\"async\" src=\"\/\/szent-erzsebet.hu\/gimnazium\/wp-content\/uploads\/sites\/5\/ewpt_cache\/60x40_90_1_c_FFFFFF_77a9ef78a71d0500933c6d0e457f9299.jpg\" data-big=\"http:\/\/szent-erzsebet.hu\/gimnazium\/wp-content\/uploads\/sites\/5\/2024\/07\/DSC_0834-scaled.jpg\" data-description=\"\" alt=\"DSC_0834\" \/><\/a><a href=\"http:\/\/szent-erzsebet.hu\/gimnazium\/wp-content\/uploads\/sites\/5\/2024\/07\/DSC_0835-scaled.jpg\"><img decoding=\"async\" src=\"\/\/szent-erzsebet.hu\/gimnazium\/wp-content\/uploads\/sites\/5\/ewpt_cache\/60x40_90_1_c_FFFFFF_0c7423ccfcdc4a0059116115d484bf68.jpg\" data-big=\"http:\/\/szent-erzsebet.hu\/gimnazium\/wp-content\/uploads\/sites\/5\/2024\/07\/DSC_0835-scaled.jpg\" data-description=\"\" alt=\"DSC_0835\" \/><\/a><a href=\"http:\/\/szent-erzsebet.hu\/gimnazium\/wp-content\/uploads\/sites\/5\/2024\/07\/DSC_0838-scaled.jpg\"><img decoding=\"async\" src=\"\/\/szent-erzsebet.hu\/gimnazium\/wp-content\/uploads\/sites\/5\/ewpt_cache\/60x40_90_1_c_FFFFFF_2186d2326add42a7baa2688f6931cac7.jpg\" data-big=\"http:\/\/szent-erzsebet.hu\/gimnazium\/wp-content\/uploads\/sites\/5\/2024\/07\/DSC_0838-scaled.jpg\" data-description=\"\" alt=\"DSC_0838\" \/><\/a><a href=\"http:\/\/szent-erzsebet.hu\/gimnazium\/wp-content\/uploads\/sites\/5\/2024\/07\/DSC_0839-scaled.jpg\"><img decoding=\"async\" src=\"\/\/szent-erzsebet.hu\/gimnazium\/wp-content\/uploads\/sites\/5\/ewpt_cache\/60x40_90_1_c_FFFFFF_83b540ed4feb10890f7853d66d0d73a8.jpg\" data-big=\"http:\/\/szent-erzsebet.hu\/gimnazium\/wp-content\/uploads\/sites\/5\/2024\/07\/DSC_0839-scaled.jpg\" data-description=\"\" alt=\"DSC_0839\" \/><\/a>        <div style=\"clear: both;\"><\/div><\/div>    <script type=\"text\/javascript\"> (function() {         \"use strict\";                 const intval = setInterval(() => {            if(typeof(jQuery) == \"undefined\" || typeof(gg_galleria_init) == \"undefined\") {                return true;            }            else {                clearTimeout(intval);                            gg_galleria_show(\"#69f8a9a3c8c5f\");                gg_galleria_init(\"#69f8a9a3c8c5f\");            }        }, 50);    })();   <\/script>","protected":false},"excerpt":{"rendered":"<p>Dr. Bay P\u00e9ter egyetemi tan\u00e1r el\u0151ad\u00e1sa Az el\u0151ad\u00e1s t\u00e9m\u00e1ja: anyagcsere, anyagcsere betegs\u00e9gek, daganatok, mikrobiom. A Magyar Tudom\u00e1nyos Akad\u00e9mia k\u00f6z\u00e9piskolai ALUMNI Programj\u00e1nak keret\u00e9ben int\u00e9zm\u00e9ny\u00fcnk megh\u00edvta Dr. Bay P\u00e9ter biol\u00f3gus professzort, a Debreceni Egyetem docens\u00e9t, aki&#46;&#46;&#46;<\/p>\n","protected":false},"author":1,"featured_media":0,"parent":0,"menu_order":0,"comment_status":"closed","ping_status":"closed","template":"","meta":{"footnotes":"","_links_to":"","_links_to_target":""},"class_list":["post-2225","page","type-page","status-publish","hentry"],"_links":{"self":[{"href":"https:\/\/szent-erzsebet.hu\/gimnazium\/wp-json\/wp\/v2\/pages\/2225","targetHints":{"allow":["GET"]}}],"collection":[{"href":"https:\/\/szent-erzsebet.hu\/gimnazium\/wp-json\/wp\/v2\/pages"}],"about":[{"href":"https:\/\/szent-erzsebet.hu\/gimnazium\/wp-json\/wp\/v2\/types\/page"}],"author":[{"embeddable":true,"href":"https:\/\/szent-erzsebet.hu\/gimnazium\/wp-json\/wp\/v2\/users\/1"}],"replies":[{"embeddable":true,"href":"https:\/\/szent-erzsebet.hu\/gimnazium\/wp-json\/wp\/v2\/comments?post=2225"}],"version-history":[{"count":5,"href":"https:\/\/szent-erzsebet.hu\/gimnazium\/wp-json\/wp\/v2\/pages\/2225\/revisions"}],"predecessor-version":[{"id":2240,"href":"https:\/\/szent-erzsebet.hu\/gimnazium\/wp-json\/wp\/v2\/pages\/2225\/revisions\/2240"}],"wp:attachment":[{"href":"https:\/\/szent-erzsebet.hu\/gimnazium\/wp-json\/wp\/v2\/media?parent=2225"}],"curies":[{"name":"wp","href":"https:\/\/api.w.org\/{rel}","templated":true}]}}