{"id":2270,"date":"2024-07-13T16:47:00","date_gmt":"2024-07-13T15:47:00","guid":{"rendered":"https:\/\/szent-erzsebet.hu\/gimnazium\/?page_id=2270"},"modified":"2024-07-13T17:15:20","modified_gmt":"2024-07-13T16:15:20","slug":"dobrone-toth-marta","status":"publish","type":"page","link":"https:\/\/szent-erzsebet.hu\/gimnazium\/dobrone-toth-marta\/","title":{"rendered":""},"content":{"rendered":"\n<p class=\"has-large-font-size\"><strong>Dobr\u00f3n\u00e9 Dr. T\u00f3th M\u00e1rta el\u0151ad\u00e1sa<\/strong><\/p>\n\n\n\n<p class=\"has-medium-font-size\"><strong>Az el\u0151ad\u00e1s t\u00e9m\u00e1ja: A parlagf\u0171pollen allergiz\u00e1l\u00f3 hat\u00e1sa \u00e9s a k\u00f6rnyezetszennyez\u00e9s kapcsolata<\/strong><\/p>\n\n\n\n<p>Dobr\u00f3n\u00e9 Dr. T\u00f3th M\u00e1rta, a Ny\u00edregyh\u00e1zi Egyetem K\u00f6rnyezettudom\u00e1nyi Int\u00e9zet\u00e9nek docense el\u0151ad\u00e1st tartott iskol\u00e1nkban \u201eA parlagf\u0171pollen allergiz\u00e1l\u00f3 hat\u00e1sa \u00e9s a k\u00f6rnyezetszennyez\u00e9s kapcsolata\u201d c\u00edmmel. Az el\u0151ad\u00e1s a D\u00edszteremben zajlott, a 9. \u00e9vfolyam tanul\u00f3i vettek r\u00e9szt rajta 2024. j\u00fanius 13-\u00e1n.<\/p>\n\n\n\n<p>Az el\u0151ad\u00e1s felvezet\u00e9s\u00e9ben az el\u0151ad\u00f3 bemutatta saj\u00e1t mag\u00e1t, tanulm\u00e1nyait, jelenlegi munkahely\u00e9t \u00e9s annak k\u00f6rnyezet\u00e9t. Besz\u00e9lt kutat\u00e1s\u00e1nak f\u0151 ter\u00fcleteir\u0151l, valamint munkat\u00e1rsair\u00f3l, akik m\u00e9g di\u00e1kk\u00e9nt kapcsol\u00f3dtak be a kutat\u00e1sba. Elmondta, hogy \u0151k ma m\u00e1r sikeres szakemberek, komoly laborokban dolgoznak itthon \u00e9s k\u00fclf\u00f6ld\u00f6n \u2013 ezzel pr\u00f3b\u00e1lta motiv\u00e1lni a jelenl\u00e9v\u0151 di\u00e1ks\u00e1got is a tudom\u00e1nyos munk\u00e1ra.<\/p>\n\n\n\n<p>A Nobel-d\u00edjas Karik\u00f3 Katalin munk\u00e1ss\u00e1g\u00e1nak m\u00e9ltat\u00e1s\u00e1val r\u00e1mutatott arra, hogy milyen neh\u00e9z \u00e9s hossz\u00fa \u00fat vezet a sikerig. A kutat\u00e1sok f\u0151 eszk\u00f6z\u00e9nek, a mikroszk\u00f3pnak a t\u00f6rt\u00e9net\u00e9t is megismert\u00fck, kider\u00fclt, hogy a bakt\u00e9riumok l\u00e1that\u00f3ak a f\u00e9nymikroszk\u00f3p alatt is, mely ezerszeres nagy\u00edt\u00e1sra k\u00e9pes, de a parlagf\u0171pollen vizsg\u00e1lat\u00e1hoz m\u00e1r elektronmikroszk\u00f3p sz\u00fcks\u00e9ges, mely ak\u00e1r 8-10-12 ezerszeres nagy\u00edt\u00e1st tesz lehet\u0151v\u00e9.<\/p>\n\n\n\n<p>Az el\u0151ad\u00f3 kit\u00e9rt Fleming felfedez\u00e9s\u00e9re, bemutatta a penicillin jelen\u0151s\u00e9g\u00e9t, az immunrendszer m\u0171k\u00f6d\u00e9s\u00e9nek l\u00e9nyeg\u00e9t, a l\u00e1z jelent\u0151s\u00e9g\u00e9t, mely az antitestek termel\u00e9se folyam\u00e1n j\u00e1tszik szerepet.<\/p>\n\n\n\n<p>Megismerhett\u00fck \u00e9s f\u00e9nyk\u00e9pen is l\u00e1thattuk a mikr\u00f3b\u00e1k csoportjait, \u00e9rdekes t\u00e9nyeket hallottunk a v\u00edrusokr\u00f3l, bakt\u00e9riumokr\u00f3l \u00e9s fonalas gomb\u00e1kr\u00f3l \u2013 ezekkel foglalkozik az el\u0151ad\u00f3, moszatokr\u00f3l \u00e9s alg\u00e1kr\u00f3l. A labormunka folyamatair\u00f3l is sok \u00e9rdekess\u00e9get hallottunk \u2013 a legt\u00f6bbet a laborban dolgozik az el\u0151ad\u00f3, k\u00e9mcs\u00f6vek \u00e9s Petri cs\u00e9sz\u00e9k vil\u00e1g\u00e1ban. J\u00f3t\u00e9kony hat\u00e1s\u00fa, probiotikus bakt\u00e9riumokkal dolgozik, melyek szervezetre gyakorolt pozit\u00edv hat\u00e1s\u00e1t neh\u00e9z igazolni, de fel lehet \u0151ket haszn\u00e1lni funkcion\u00e1lis \u00e9lelmiszerk\u00e9nt, ilyen pl. a keny\u00e9rben az \u00e9leszt\u0151, a kef\u00edr \u00e9s joghurt j\u00f3t\u00e9kony bakt\u00e9riumai, a s\u00f6rben az \u00e9leszt\u0151gomb\u00e1k. \u00c1br\u00e1kkal illusztr\u00e1lta kutat\u00e1s\u00e1t, a n\u00f6v\u00e9nyi kivonatok hat\u00e1s\u00e1t a Lactobacillus acidophilus szaporod\u00e1s\u00e1ra. Azt vizsg\u00e1lt\u00e1k, hogy joghurtokat lehet-e gy\u00fcm\u00f6lcskivonatokkal d\u00fas\u00edtani annak \u00e9rdek\u00e9ben, hogy meg tudjuk hosszabb\u00edtani a lactobacillus \u00e9letidej\u00e9t a vastagb\u00e9lben. K\u00fcl\u00f6nb\u00f6z\u0151 almafajt\u00e1kat vizsg\u00e1ltak probiotikus bakt\u00e9riumok szapor\u00edt\u00e1s\u00e1ra \u00e9s ezek hat\u00e1s\u00e1t a joghurtb\u00f3l izol\u00e1lt SPVH14 probiotikus bakt\u00e9riumt\u00f6rzs mennyis\u00e9g\u00e9re. Szeml\u00e9letes diagram mutatta be a k\u00eds\u00e9rlet eredm\u00e9nyeit.<\/p>\n\n\n\n<p>Az el\u0151ad\u00e1s a parlagf\u0171 vizsg\u00e1lat\u00e1nak \u00e9s jellemz\u0151inek bemutat\u00e1s\u00e1val folytat\u00f3dott. A vizsg\u00e1lat sor\u00e1n arra kerest\u00e9k a v\u00e1laszt, hogy a pollen f\u0151 feh\u00e9rj\u00e9j\u00e9nek mennyis\u00e9ge hogyan v\u00e1ltozik az elt\u00e9r\u0151 g\u00e9pj\u00e1rm\u0171forgalom eset\u00e9n, milyen neh\u00e9zf\u00e9mek figyelhet\u0151k meg a k\u00f6rnyezet\u00fckben, ezek milyen hat\u00e1ssal b\u00edrnak. Megtudtuk, hogy a n\u00f6v\u00e9ny manaps\u00e1g sz\u00e9lporz\u00e1ssal szaporodik, mert a vir\u00e1gja kev\u00e9sb\u00e9 felt\u0171n\u0151, \u00edgy a m\u00e9hek sz\u00e1m\u00e1ra \u00e9rdektelen. A vir\u00e1gpor alakja, morfol\u00f3gi\u00e1ja elt\u00e9r\u0151 volt a k\u00fcl\u00f6nb\u00f6z\u0151 utak ment\u00e9n, a f\u0151 allerg\u00e9n mennyis\u00e9ge v\u00e1ltoz\u00f3 volt, a k\u00f6rnyezetszennyezett ter\u00fcleten a feh\u00e9rj\u00e9t j\u00f3val nagyobb mennyis\u00e9gben termeli a n\u00f6v\u00e9ny \u2013 felt\u00e9telezhet\u0151en a lakoss\u00e1g allergi\u00e1s megbeteged\u00e9s\u00e9nek ar\u00e1nya \u00e9vr\u0151l-\u00e9vre egyre nagyobb lesz a szennyez\u0151d\u00e9s n\u00f6veked\u00e9s\u00e9vel. A parlagf\u0171 elterjed\u00e9s\u00e9t t\u00e9rk\u00e9pen l\u00e1thattuk, kider\u00fclt, hogy a n\u00f6v\u00e9ny \u00f6kol\u00f3gia ig\u00e9nye nem minden orsz\u00e1gban adott. Az \u00e9szaki orsz\u00e1gokban nem tudott megtelepedni, jellemz\u0151en a d\u00e9lebben fekv\u0151 orsz\u00e1gokban tal\u00e1lhat\u00f3, pl. Magyarorsz\u00e1gon is nagy mennyis\u00e9gben van jelen, de a glob\u00e1lis felmeleged\u00e9s hat\u00e1s\u00e1ra \u00e9szakabbra is kezd terjedni, valamint a parlagf\u0171szezon ak\u00e1r okt\u00f3berig is kitol\u00f3dhat. A pollen monitoring bemutat\u00e1sa k\u00f6vetkezett, megtudhattuk, hogy k\u00e9sz\u00fcl a pollen jelent\u00e9s az Orsz\u00e1gos K\u00f6zeg\u00e9szs\u00e9g\u00fcgyi Int\u00e9zet sz\u00e1m\u00e1ra \u2013 \u0151k k\u00f6zvet\u00edtik az adatokat a lakoss\u00e1g fel\u00e9.<\/p>\n\n\n\n<p>Az el\u0151ad\u00e1s lez\u00e1r\u00e1sak\u00e9nt a pollenek vizsg\u00e1latakor v\u00e9letlen\u00fcl felfedezett szervetlen anyagokr\u00f3l esett sz\u00f3, melyek mikrom\u0171anyagok, a leveg\u0151ben vannak jelen, kisebbek, mint a gombasp\u00f3r\u00e1k, \u00e9s tov\u00e1bbi kutat\u00e1sokra van sz\u00fcks\u00e9g az emberi szervezetre kifejtett hat\u00e1sainak elemz\u00e9s\u00e9hez. Az el\u0151ad\u00e1s k\u00f6nnyen \u00e9rhet\u0151 volt, a kutat\u00e1si eredm\u00e9nyek \u00e9s t\u00e9nyek felsorakoztat\u00e1sa r\u00e1d\u00f6bbentett mindannyiunkat arra, hogy a k\u00f6rnyezetszennyez\u00e9s ellen tenn\u00fcnk kell.<\/p>\n\n\n    <div id=\"69f8a9a403627\" rel=\"2275\" data-gg-autoplay=\"auto\" class=\"gg_galleria_slider_wrap gg_galleria_slider_light gg_galleria_slider_show_thumbs  gg_galleria_responsive ggs_2275\" style=\"width: 100%; \" data-asp-ratio=\"0.55\"><a href=\"http:\/\/szent-erzsebet.hu\/gimnazium\/wp-content\/uploads\/sites\/5\/2024\/07\/DSC_0206-scaled.jpg\"><img decoding=\"async\" src=\"\/\/szent-erzsebet.hu\/gimnazium\/wp-content\/uploads\/sites\/5\/ewpt_cache\/60x40_90_1_c_FFFFFF_35f6ae1a8298c157ec1c2503e0fbbe69.jpg\" data-big=\"http:\/\/szent-erzsebet.hu\/gimnazium\/wp-content\/uploads\/sites\/5\/2024\/07\/DSC_0206-scaled.jpg\" data-description=\"\" alt=\"DSC_0206\" \/><\/a><a href=\"http:\/\/szent-erzsebet.hu\/gimnazium\/wp-content\/uploads\/sites\/5\/2024\/07\/DSC_0207-scaled.jpg\"><img decoding=\"async\" src=\"\/\/szent-erzsebet.hu\/gimnazium\/wp-content\/uploads\/sites\/5\/ewpt_cache\/60x40_90_1_c_FFFFFF_f1ff12f1f5288ae24c40f26bb183baae.jpg\" data-big=\"http:\/\/szent-erzsebet.hu\/gimnazium\/wp-content\/uploads\/sites\/5\/2024\/07\/DSC_0207-scaled.jpg\" data-description=\"\" alt=\"DSC_0207\" \/><\/a><a href=\"http:\/\/szent-erzsebet.hu\/gimnazium\/wp-content\/uploads\/sites\/5\/2024\/07\/vlcsnap-2024-07-12-19h28m56s957.png\"><img decoding=\"async\" src=\"\/\/szent-erzsebet.hu\/gimnazium\/wp-content\/uploads\/sites\/5\/ewpt_cache\/60x40_90_1_c_FFFFFF_db564d0d4556a688b372c050091bf3df.png\" data-big=\"http:\/\/szent-erzsebet.hu\/gimnazium\/wp-content\/uploads\/sites\/5\/2024\/07\/vlcsnap-2024-07-12-19h28m56s957.png\" data-description=\"\" alt=\"vlcsnap-2024-07-12-19h28m56s957\" \/><\/a><a href=\"http:\/\/szent-erzsebet.hu\/gimnazium\/wp-content\/uploads\/sites\/5\/2024\/07\/vlcsnap-2024-07-12-19h44m29s301.png\"><img decoding=\"async\" src=\"\/\/szent-erzsebet.hu\/gimnazium\/wp-content\/uploads\/sites\/5\/ewpt_cache\/60x40_90_1_c_FFFFFF_d975eac21cfd28ea5d34826d5e2fff8c.png\" data-big=\"http:\/\/szent-erzsebet.hu\/gimnazium\/wp-content\/uploads\/sites\/5\/2024\/07\/vlcsnap-2024-07-12-19h44m29s301.png\" data-description=\"\" alt=\"vlcsnap-2024-07-12-19h44m29s301\" \/><\/a><a href=\"http:\/\/szent-erzsebet.hu\/gimnazium\/wp-content\/uploads\/sites\/5\/2024\/07\/vlcsnap-2024-07-12-19h48m30s874.png\"><img decoding=\"async\" src=\"\/\/szent-erzsebet.hu\/gimnazium\/wp-content\/uploads\/sites\/5\/ewpt_cache\/60x40_90_1_c_FFFFFF_1aaae6cfc0e32c02009e7a5bc1aa106f.png\" data-big=\"http:\/\/szent-erzsebet.hu\/gimnazium\/wp-content\/uploads\/sites\/5\/2024\/07\/vlcsnap-2024-07-12-19h48m30s874.png\" data-description=\"\" alt=\"vlcsnap-2024-07-12-19h48m30s874\" \/><\/a><a href=\"http:\/\/szent-erzsebet.hu\/gimnazium\/wp-content\/uploads\/sites\/5\/2024\/07\/vlcsnap-2024-07-12-19h54m10s333.png\"><img decoding=\"async\" src=\"\/\/szent-erzsebet.hu\/gimnazium\/wp-content\/uploads\/sites\/5\/ewpt_cache\/60x40_90_1_c_FFFFFF_1b0a74434fcb0087a41ff1952bf245eb.png\" data-big=\"http:\/\/szent-erzsebet.hu\/gimnazium\/wp-content\/uploads\/sites\/5\/2024\/07\/vlcsnap-2024-07-12-19h54m10s333.png\" data-description=\"\" alt=\"vlcsnap-2024-07-12-19h54m10s333\" \/><\/a><a href=\"http:\/\/szent-erzsebet.hu\/gimnazium\/wp-content\/uploads\/sites\/5\/2024\/07\/vlcsnap-2024-07-12-19h56m59s675.png\"><img decoding=\"async\" src=\"\/\/szent-erzsebet.hu\/gimnazium\/wp-content\/uploads\/sites\/5\/ewpt_cache\/60x40_90_1_c_FFFFFF_9e7fe111ba8c250ba60fd8c21d079843.png\" data-big=\"http:\/\/szent-erzsebet.hu\/gimnazium\/wp-content\/uploads\/sites\/5\/2024\/07\/vlcsnap-2024-07-12-19h56m59s675.png\" data-description=\"\" alt=\"vlcsnap-2024-07-12-19h56m59s675\" \/><\/a><a href=\"http:\/\/szent-erzsebet.hu\/gimnazium\/wp-content\/uploads\/sites\/5\/2024\/07\/vlcsnap-2024-07-12-20h01m08s256.png\"><img decoding=\"async\" src=\"\/\/szent-erzsebet.hu\/gimnazium\/wp-content\/uploads\/sites\/5\/ewpt_cache\/60x40_90_1_c_FFFFFF_12c65acc41396817a754870ab8bf0722.png\" data-big=\"http:\/\/szent-erzsebet.hu\/gimnazium\/wp-content\/uploads\/sites\/5\/2024\/07\/vlcsnap-2024-07-12-20h01m08s256.png\" data-description=\"\" alt=\"vlcsnap-2024-07-12-20h01m08s256\" \/><\/a>        <div style=\"clear: both;\"><\/div><\/div>    <script type=\"text\/javascript\"> (function() {         \"use strict\";                 const intval = setInterval(() => {            if(typeof(jQuery) == \"undefined\" || typeof(gg_galleria_init) == \"undefined\") {                return true;            }            else {                clearTimeout(intval);                            gg_galleria_show(\"#69f8a9a403627\");                gg_galleria_init(\"#69f8a9a403627\");            }        }, 50);    })();   <\/script>\n\n\n<figure class=\"wp-block-embed is-type-video is-provider-youtube wp-block-embed-youtube wp-embed-aspect-16-9 wp-has-aspect-ratio\"><div class=\"wp-block-embed__wrapper\">\n<div class=\"video-container\"><iframe loading=\"lazy\" title=\"MTA Alumni program - megh\u00edvott el\u0151ad\u00f3\" width=\"500\" height=\"281\" src=\"https:\/\/www.youtube.com\/embed\/lRruNuThRiI?feature=oembed&#038;wmode=opaque\" frameborder=\"0\" allow=\"accelerometer; autoplay; clipboard-write; encrypted-media; gyroscope; picture-in-picture; web-share\" referrerpolicy=\"strict-origin-when-cross-origin\" allowfullscreen><\/iframe><\/div>\n<\/div><\/figure>\n","protected":false},"excerpt":{"rendered":"<p>Dobr\u00f3n\u00e9 Dr. T\u00f3th M\u00e1rta el\u0151ad\u00e1sa Az el\u0151ad\u00e1s t\u00e9m\u00e1ja: A parlagf\u0171pollen allergiz\u00e1l\u00f3 hat\u00e1sa \u00e9s a k\u00f6rnyezetszennyez\u00e9s kapcsolata Dobr\u00f3n\u00e9 Dr. T\u00f3th M\u00e1rta, a Ny\u00edregyh\u00e1zi Egyetem K\u00f6rnyezettudom\u00e1nyi Int\u00e9zet\u00e9nek docense el\u0151ad\u00e1st tartott iskol\u00e1nkban \u201eA parlagf\u0171pollen allergiz\u00e1l\u00f3 hat\u00e1sa \u00e9s&#46;&#46;&#46;<\/p>\n","protected":false},"author":1,"featured_media":0,"parent":0,"menu_order":0,"comment_status":"closed","ping_status":"closed","template":"","meta":{"footnotes":"","_links_to":"","_links_to_target":""},"class_list":["post-2270","page","type-page","status-publish","hentry"],"_links":{"self":[{"href":"https:\/\/szent-erzsebet.hu\/gimnazium\/wp-json\/wp\/v2\/pages\/2270","targetHints":{"allow":["GET"]}}],"collection":[{"href":"https:\/\/szent-erzsebet.hu\/gimnazium\/wp-json\/wp\/v2\/pages"}],"about":[{"href":"https:\/\/szent-erzsebet.hu\/gimnazium\/wp-json\/wp\/v2\/types\/page"}],"author":[{"embeddable":true,"href":"https:\/\/szent-erzsebet.hu\/gimnazium\/wp-json\/wp\/v2\/users\/1"}],"replies":[{"embeddable":true,"href":"https:\/\/szent-erzsebet.hu\/gimnazium\/wp-json\/wp\/v2\/comments?post=2270"}],"version-history":[{"count":4,"href":"https:\/\/szent-erzsebet.hu\/gimnazium\/wp-json\/wp\/v2\/pages\/2270\/revisions"}],"predecessor-version":[{"id":2287,"href":"https:\/\/szent-erzsebet.hu\/gimnazium\/wp-json\/wp\/v2\/pages\/2270\/revisions\/2287"}],"wp:attachment":[{"href":"https:\/\/szent-erzsebet.hu\/gimnazium\/wp-json\/wp\/v2\/media?parent=2270"}],"curies":[{"name":"wp","href":"https:\/\/api.w.org\/{rel}","templated":true}]}}