{"id":2298,"date":"2024-07-14T19:16:08","date_gmt":"2024-07-14T18:16:08","guid":{"rendered":"https:\/\/szent-erzsebet.hu\/gimnazium\/?page_id=2298"},"modified":"2024-07-14T19:31:26","modified_gmt":"2024-07-14T18:31:26","slug":"bede-fazekas-akos","status":"publish","type":"page","link":"https:\/\/szent-erzsebet.hu\/gimnazium\/bede-fazekas-akos\/","title":{"rendered":""},"content":{"rendered":"\n<p class=\"has-large-font-size\"><strong>Bede-Fazekas \u00c1kos, PhD el\u0151ad\u00e1sa<\/strong><\/p>\n\n\n\n<p class=\"has-medium-font-size\"><strong>Az el\u0151ad\u00e1s t\u00e9m\u00e1ja: Az \u00e9ghajlatv\u00e1ltoz\u00e1s \u00e9s hat\u00e1sa az \u00e9l\u0151vil\u00e1gra<\/strong><\/p>\n\n\n\n<div class=\"wp-block-group is-vertical is-layout-flex wp-container-core-group-is-layout-1 wp-block-group-is-layout-flex\">\n<p class=\"has-medium-font-size\">Bede-Fazekas \u00c1kos, PhD, az \u00d6kol\u00f3giai Kutat\u00f3k\u00f6zpont \u00d6kol\u00f3giai \u00e9s Botanikai Int\u00e9zet\u00e9nek tudom\u00e1nyos munkat\u00e1rsa tartott el\u0151ad\u00e1st iskol\u00e1nkban \u201eAz \u00e9ghajlatv\u00e1ltoz\u00e1s \u00e9s hat\u00e1sa az \u00e9l\u0151vil\u00e1gra\u201d c\u00edmmel. Az el\u0151ad\u00e1s a D\u00edszteremben zajlott 2024. j\u00fanius 13-\u00e1n \u00e9s a 9. \u00e9vfolyam tanul\u00f3i vettek r\u00e9szt rajta.<\/p>\n\n\n\n<p class=\"has-medium-font-size\">Az el\u0151ad\u00e1s bevezet\u00e9s\u00e9ben az \u00e9ghajlat \u00e9s az id\u0151j\u00e1r\u00e1s \u00f6sszevet\u00e9s\u00e9r\u0151l hallhattunk, mi jellemzi \u0151ket, miben t\u00e9rnek el. A k\u00e9t fogalom m\u00e1st jelent, hajlamosak vagyunk \u00f6sszekeverni \u0151ket. Alapvet\u0151 elt\u00e9r\u00e9st abban l\u00e1tunk, hogy az id\u0151j\u00e1r\u00e1s ingadozik, az \u00e9ghajlatv\u00e1ltoz\u00e1s pedig lass\u00fa folyamat, nehezen \u00e9szrevehet\u0151. Az \u00e9ghajlatv\u00e1ltoz\u00e1sn\u00e1l 30-50 \u00e9v t\u00e1vlat\u00e1b\u00f3l kell vizsg\u00e1l\u00f3dni, megfigyelni, nagyon sok term\u00e9szetes \u00e9s emberi hat\u00e1s befoly\u00e1solja, mint pl. napfolttev\u00e9kenys\u00e9g, vulk\u00e1ni tev\u00e9kenys\u00e9g, \u00fcvegh\u00e1zg\u00e1zok, l\u00e9gk\u00f6ri szennyez\u0151anyagok. A jelenlegi \u00e9ghajlatv\u00e1ltoz\u00e1st nem lehet csak term\u00e9szeti okokkal magyar\u00e1zni, tudom\u00e1sul kell venni, hogy mi emberek okoz\u00f3i vagyunk a folyamatnak. A kl\u00edmav\u00e1ltoz\u00e1s az ut\u00f3bbi \u00e9vtizedekben sokkal gyorsabb \u00e9s nagyobb m\u00e9rt\u00e9k\u0171, mint kor\u00e1bban, sem az emberek, sem a n\u00f6v\u00e9nyzet nem k\u00e9pes ilyen gyorsan alkalmazkodni. A kutat\u00f3k pr\u00f3b\u00e1lj\u00e1k a v\u00e1ltoz\u00e1sokat el\u0151rejelezni, modellezni, jellemz\u0151en t\u00f6bb forgat\u00f3k\u00f6nyvet vesznek figyelembe. Az el\u0151ad\u00f3 felh\u00edvta a figyelm\u00fcnket arra, hogy az olyan el\u0151rejelz\u00e9seket, melyek \u00e1ll\u00edt\u00e1sokat fogalmaznak meg az \u00e9ghajlat v\u00e1ltoz\u00e1s\u00e1ra vonatkoz\u00f3an, mindig kritikusan olvassuk, hiszen csak felt\u00e9telez\u00e9sek l\u00e9teznek, teljes bizonyoss\u00e1ggal nem lehet meg\u00e1llap\u00edtani, mi fog bek\u00f6vetkezni. \u00c9rdemes feltenni olyan k\u00e9rd\u00e9seket, hogy \u201emekkora val\u00f3sz\u00edn\u0171s\u00e9ggel?\u201d, \u201emihez k\u00e9pest?\u201d, \u201emelyik modell szerint?\u201d.<\/p>\n\n\n\n<p class=\"has-medium-font-size\">A tov\u00e1bbiakban Magyarorsz\u00e1gra vonatkoz\u00f3 modellezett \u00e9ghajlatv\u00e1ltoz\u00e1sr\u00f3l hallottunk n\u00e9h\u00e1ny t\u00e9nyszer\u0171 adatot, de l\u00e1thattuk a k\u00fcl\u00f6nb\u00f6z\u0151 modellez\u00e9sek el\u0151rejelz\u00e9seinek elt\u00e9r\u00e9seit is \u2013 miben nem \u00e9rtenek egyet. Szeml\u00e9letes, \u00e9rthet\u0151 \u00e1br\u00e1k seg\u00edts\u00e9g\u00e9vel l\u00e1thattuk az \u00e9ghajlatv\u00e1ltoz\u00e1s hat\u00e1s\u00e1t az \u00e9l\u0151vil\u00e1gra, az el\u0151ad\u00f3 kit\u0171n\u0151en elmagyar\u00e1zta a tanul\u00f3knak a folyamat l\u00e9nyeg\u00e9t: az \u00e9l\u0151helyek, t\u00e1pl\u00e1lkoz\u00e1si lehet\u0151s\u00e9gek, fejl\u0151d\u00e9si id\u0151szakok v\u00e1ltoz\u00e1s\u00e1t, \u00e9szakabbra, magasabbra h\u00faz\u00f3d\u00e1st \u00e9s v\u00e9g\u00fcl kihal\u00e1st. Az \u00e9ghajlatv\u00e1ltoz\u00e1snak nem csak vesztesei, de nyertesei is lesznek: \u201eitt m\u00e9g nem volt, de megjelent\u201d, \u201en\u0151 az elterjed\u00e9si ter\u00fclete\u201d. Ennek nem mindig \u00f6r\u00fclhet\u00fcnk, mert felborul a t\u00e1pl\u00e1l\u00e9kl\u00e1nc, invaz\u00edv fajok kiszor\u00edthatnak \u0151shonos fajokat \u00e9s \u201e\u00faj\u201d betegs\u00e9gek jelenhetnek meg.<\/p>\n\n\n\n<p class=\"has-medium-font-size\">Az el\u0151ad\u00f3 felh\u00edvta a figyelmet arra, hogy mi magunk is tehet\u00fcnk annak \u00e9rdek\u00e9ben, hogy a folyamatokat lass\u00edtsuk, \u00e1t kell gondolnunk, mit termeszt\u00fcnk, mit telep\u00edt\u00fcnk. A saj\u00e1t kert\u00fcnkben t\u00f6rekedhet\u00fcnk a v\u00edzvisszatart\u00e1sra (az \u00f6nt\u00f6z\u00f6tt gyep fenntarthatatlan) \u00e9s melegkedvel\u0151, sz\u00e1razs\u00e1gt\u0171r\u0151 fajok \u00fcltet\u00e9s\u00e9re.<\/p>\n\n\n\n<p class=\"has-medium-font-size\">Mit tehet\u00fcnk az \u00e9ghajlatv\u00e1ltoz\u00e1s ellen?<\/p>\n\n\n\n<p class=\"has-medium-font-size\">T\u00e1rsadalmi szinten nagyon fontos a megel\u0151z\u00e9s, m\u00e9rs\u00e9kl\u00e9s, az \u00e9l\u0151vil\u00e1g alkalmazkod\u00e1s\u00e1nak seg\u00edt\u00e9se, meg\u00fajul\u00f3 energiaforr\u00e1sok haszn\u00e1lata. A legfontosabb k\u00e9rd\u00e9s, amit mindenki feltehet mag\u00e1nak: Biztos, hogy sz\u00fcks\u00e9gem van ennyi energi\u00e1ra? N\u00e9h\u00e1ny nagyon j\u00f3l megfogalmazott p\u00e9lda seg\u00edts\u00e9g\u00e9vel r\u00e1j\u00f6hett\u00fcnk arra, hogy nagyon sok tev\u00e9kenys\u00e9g\u00fcnk van, melyeket m\u00e1sk\u00e9pp is csin\u00e1lhatunk. Lez\u00e1r\u00e1sk\u00e9nt az el\u0151ad\u00f3 azt tan\u00e1csolta, hogy legy\u00fcnk szkeptikusak, tudjuk, hogy tehet\u00fcnk az \u00e9ghajlatv\u00e1ltoz\u00e1s ellen \u00e9s higgy\u00fcnk a v\u00e1ltoz\u00e1sban!<\/p>\n<\/div>\n\n\n    <div id=\"69f8a98a6de73\" rel=\"2288\" data-gg-autoplay=\"auto\" class=\"gg_galleria_slider_wrap gg_galleria_slider_light gg_galleria_slider_show_thumbs  gg_galleria_responsive ggs_2288\" style=\"width: 100%; \" data-asp-ratio=\"0.55\"><a href=\"http:\/\/szent-erzsebet.hu\/gimnazium\/wp-content\/uploads\/sites\/5\/2024\/07\/vlcsnap-2024-07-14-18h40m55s107.png\"><img decoding=\"async\" src=\"\/\/szent-erzsebet.hu\/gimnazium\/wp-content\/uploads\/sites\/5\/ewpt_cache\/60x40_90_1_c_FFFFFF_dcdc86c7545a92c1768e8c9e101882ae.png\" data-big=\"http:\/\/szent-erzsebet.hu\/gimnazium\/wp-content\/uploads\/sites\/5\/2024\/07\/vlcsnap-2024-07-14-18h40m55s107.png\" data-description=\"\" alt=\"vlcsnap-2024-07-14-18h40m55s107\" \/><\/a><a href=\"http:\/\/szent-erzsebet.hu\/gimnazium\/wp-content\/uploads\/sites\/5\/2024\/07\/vlcsnap-2024-07-14-18h43m45s904.png\"><img decoding=\"async\" src=\"\/\/szent-erzsebet.hu\/gimnazium\/wp-content\/uploads\/sites\/5\/ewpt_cache\/60x40_90_1_c_FFFFFF_991435fbc6c18cdee9cdf8f1bbe70faa.png\" data-big=\"http:\/\/szent-erzsebet.hu\/gimnazium\/wp-content\/uploads\/sites\/5\/2024\/07\/vlcsnap-2024-07-14-18h43m45s904.png\" data-description=\"\" alt=\"vlcsnap-2024-07-14-18h43m45s904\" \/><\/a><a href=\"http:\/\/szent-erzsebet.hu\/gimnazium\/wp-content\/uploads\/sites\/5\/2024\/07\/vlcsnap-2024-07-14-19h01m31s540.png\"><img decoding=\"async\" src=\"\/\/szent-erzsebet.hu\/gimnazium\/wp-content\/uploads\/sites\/5\/ewpt_cache\/60x40_90_1_c_FFFFFF_3225955f7eb74795b0e01b5ec493a6bd.png\" data-big=\"http:\/\/szent-erzsebet.hu\/gimnazium\/wp-content\/uploads\/sites\/5\/2024\/07\/vlcsnap-2024-07-14-19h01m31s540.png\" data-description=\"\" alt=\"vlcsnap-2024-07-14-19h01m31s540\" \/><\/a><a href=\"http:\/\/szent-erzsebet.hu\/gimnazium\/wp-content\/uploads\/sites\/5\/2024\/07\/vlcsnap-2024-07-14-19h04m25s095.png\"><img decoding=\"async\" src=\"\/\/szent-erzsebet.hu\/gimnazium\/wp-content\/uploads\/sites\/5\/ewpt_cache\/60x40_90_1_c_FFFFFF_d4c29a09c6eb8f8783486b5e6031c492.png\" data-big=\"http:\/\/szent-erzsebet.hu\/gimnazium\/wp-content\/uploads\/sites\/5\/2024\/07\/vlcsnap-2024-07-14-19h04m25s095.png\" data-description=\"\" alt=\"vlcsnap-2024-07-14-19h04m25s095\" \/><\/a><a href=\"http:\/\/szent-erzsebet.hu\/gimnazium\/wp-content\/uploads\/sites\/5\/2024\/07\/vlcsnap-2024-07-14-19h07m44s887.png\"><img decoding=\"async\" src=\"\/\/szent-erzsebet.hu\/gimnazium\/wp-content\/uploads\/sites\/5\/ewpt_cache\/60x40_90_1_c_FFFFFF_66de00c7bf14457295bbf3d363a9c280.png\" data-big=\"http:\/\/szent-erzsebet.hu\/gimnazium\/wp-content\/uploads\/sites\/5\/2024\/07\/vlcsnap-2024-07-14-19h07m44s887.png\" data-description=\"\" alt=\"vlcsnap-2024-07-14-19h07m44s887\" \/><\/a><a href=\"http:\/\/szent-erzsebet.hu\/gimnazium\/wp-content\/uploads\/sites\/5\/2024\/07\/vlcsnap-2024-07-14-19h10m31s077.png\"><img decoding=\"async\" src=\"\/\/szent-erzsebet.hu\/gimnazium\/wp-content\/uploads\/sites\/5\/ewpt_cache\/60x40_90_1_c_FFFFFF_432192d15a28c1becd160aa4e581e958.png\" data-big=\"http:\/\/szent-erzsebet.hu\/gimnazium\/wp-content\/uploads\/sites\/5\/2024\/07\/vlcsnap-2024-07-14-19h10m31s077.png\" data-description=\"\" alt=\"vlcsnap-2024-07-14-19h10m31s077\" \/><\/a><a href=\"http:\/\/szent-erzsebet.hu\/gimnazium\/wp-content\/uploads\/sites\/5\/2024\/07\/vlcsnap-2024-07-14-19h25m41s645.png\"><img decoding=\"async\" src=\"\/\/szent-erzsebet.hu\/gimnazium\/wp-content\/uploads\/sites\/5\/ewpt_cache\/60x40_90_1_c_FFFFFF_3014cd6ec0ea447f532d9adb4f5f79e0.png\" data-big=\"http:\/\/szent-erzsebet.hu\/gimnazium\/wp-content\/uploads\/sites\/5\/2024\/07\/vlcsnap-2024-07-14-19h25m41s645.png\" data-description=\"\" alt=\"vlcsnap-2024-07-14-19h25m41s645\" \/><\/a><a href=\"http:\/\/szent-erzsebet.hu\/gimnazium\/wp-content\/uploads\/sites\/5\/2024\/07\/vlcsnap-2024-07-14-19h32m28s950.png\"><img decoding=\"async\" src=\"\/\/szent-erzsebet.hu\/gimnazium\/wp-content\/uploads\/sites\/5\/ewpt_cache\/60x40_90_1_c_FFFFFF_bdd6295f62ebb88bc63e47362bc218e2.png\" data-big=\"http:\/\/szent-erzsebet.hu\/gimnazium\/wp-content\/uploads\/sites\/5\/2024\/07\/vlcsnap-2024-07-14-19h32m28s950.png\" data-description=\"\" alt=\"vlcsnap-2024-07-14-19h32m28s950\" \/><\/a><a href=\"http:\/\/szent-erzsebet.hu\/gimnazium\/wp-content\/uploads\/sites\/5\/2024\/07\/vlcsnap-2024-07-14-19h39m47s579.png\"><img decoding=\"async\" src=\"\/\/szent-erzsebet.hu\/gimnazium\/wp-content\/uploads\/sites\/5\/ewpt_cache\/60x40_90_1_c_FFFFFF_262bbf32858daf62fc1663738343525b.png\" data-big=\"http:\/\/szent-erzsebet.hu\/gimnazium\/wp-content\/uploads\/sites\/5\/2024\/07\/vlcsnap-2024-07-14-19h39m47s579.png\" data-description=\"\" alt=\"vlcsnap-2024-07-14-19h39m47s579\" \/><\/a>        <div style=\"clear: both;\"><\/div><\/div>    <script type=\"text\/javascript\"> (function() {         \"use strict\";                 const intval = setInterval(() => {            if(typeof(jQuery) == \"undefined\" || typeof(gg_galleria_init) == \"undefined\") {                return true;            }            else {                clearTimeout(intval);                            gg_galleria_show(\"#69f8a98a6de73\");                gg_galleria_init(\"#69f8a98a6de73\");            }        }, 50);    })();   <\/script>","protected":false},"excerpt":{"rendered":"<p>Bede-Fazekas \u00c1kos, PhD el\u0151ad\u00e1sa Az el\u0151ad\u00e1s t\u00e9m\u00e1ja: Az \u00e9ghajlatv\u00e1ltoz\u00e1s \u00e9s hat\u00e1sa az \u00e9l\u0151vil\u00e1gra Bede-Fazekas \u00c1kos, PhD, az \u00d6kol\u00f3giai Kutat\u00f3k\u00f6zpont \u00d6kol\u00f3giai \u00e9s Botanikai Int\u00e9zet\u00e9nek tudom\u00e1nyos munkat\u00e1rsa tartott el\u0151ad\u00e1st iskol\u00e1nkban \u201eAz \u00e9ghajlatv\u00e1ltoz\u00e1s \u00e9s hat\u00e1sa az \u00e9l\u0151vil\u00e1gra\u201d&#46;&#46;&#46;<\/p>\n","protected":false},"author":1,"featured_media":0,"parent":0,"menu_order":0,"comment_status":"closed","ping_status":"closed","template":"","meta":{"footnotes":"","_links_to":"","_links_to_target":""},"class_list":["post-2298","page","type-page","status-publish","hentry"],"_links":{"self":[{"href":"https:\/\/szent-erzsebet.hu\/gimnazium\/wp-json\/wp\/v2\/pages\/2298","targetHints":{"allow":["GET"]}}],"collection":[{"href":"https:\/\/szent-erzsebet.hu\/gimnazium\/wp-json\/wp\/v2\/pages"}],"about":[{"href":"https:\/\/szent-erzsebet.hu\/gimnazium\/wp-json\/wp\/v2\/types\/page"}],"author":[{"embeddable":true,"href":"https:\/\/szent-erzsebet.hu\/gimnazium\/wp-json\/wp\/v2\/users\/1"}],"replies":[{"embeddable":true,"href":"https:\/\/szent-erzsebet.hu\/gimnazium\/wp-json\/wp\/v2\/comments?post=2298"}],"version-history":[{"count":14,"href":"https:\/\/szent-erzsebet.hu\/gimnazium\/wp-json\/wp\/v2\/pages\/2298\/revisions"}],"predecessor-version":[{"id":2314,"href":"https:\/\/szent-erzsebet.hu\/gimnazium\/wp-json\/wp\/v2\/pages\/2298\/revisions\/2314"}],"wp:attachment":[{"href":"https:\/\/szent-erzsebet.hu\/gimnazium\/wp-json\/wp\/v2\/media?parent=2298"}],"curies":[{"name":"wp","href":"https:\/\/api.w.org\/{rel}","templated":true}]}}