{"id":2342,"date":"2024-07-15T09:23:43","date_gmt":"2024-07-15T08:23:43","guid":{"rendered":"https:\/\/szent-erzsebet.hu\/gimnazium\/?page_id=2342"},"modified":"2024-07-15T09:24:14","modified_gmt":"2024-07-15T08:24:14","slug":"miskolczi-christina","status":"publish","type":"page","link":"https:\/\/szent-erzsebet.hu\/gimnazium\/miskolczi-christina\/","title":{"rendered":""},"content":{"rendered":"\n<p class=\"has-large-font-size\"><strong>Miskolczi Christina, PhD el\u0151ad\u00e1sa<\/strong><\/p>\n\n\n\n<p class=\"has-medium-font-size\"><strong>Az el\u0151ad\u00e1s t\u00e9m\u00e1ja: Az agy, mint k\u00e9pl\u00e9keny gyurma, amelyet folyamatosan alak\u00edt a k\u00f6rnyezet: Hogyan befoly\u00e1solj\u00e1k az idegrendszer fejl\u0151d\u00e9s\u00e9t a pozit\u00edv \u00e9s negat\u00edv \u00e9lm\u00e9nyek?<\/strong><\/p>\n\n\n\n<p>Miskolczi Christina, PhD. az ELTE K\u00eds\u00e9rleti Orvostudom\u00e1nyi Kutat\u00f3int\u00e9zet\u00e9nek munkat\u00e1rsa el\u0151ad\u00e1st tartott iskol\u00e1nkban \u201eAz agy, mint k\u00e9pl\u00e9keny gyurma, amelyet folyamatosan alak\u00edt a k\u00f6rnyezet: Hogyan befoly\u00e1solj\u00e1k az idegrendszer fejl\u0151d\u00e9s\u00e9t a pozit\u00edv \u00e9s negat\u00edv \u00e9lm\u00e9nyek?\u201d c\u00edmmel. Az el\u0151ad\u00e1s a D\u00edszteremben zajlott, a 10. \u00e9vfolyam tanul\u00f3i vettek r\u00e9szt rajta 2024. j\u00fanius 13-\u00e1n.<\/p>\n\n\n\n<p>Az el\u0151ad\u00e1s elej\u00e9n l\u00e1thattuk, hogy az emberi agy mennyire bonyolult, hogy a hum\u00e1n agy messze a legfejlettebb \u00e9s legkomplexebb az \u00f6sszes gerinces faj agya k\u00f6z\u00f6tt. A tests\u00faly 2%-\u00e1t teszi ki, megk\u00f6zel\u00edt\u0151leg 86 milli\u00e1rd idegsejt \u00e9s 100 billi\u00f3 idegi kapcsolat, azaz szinapszis alkotja. Rengeteg mindent szab\u00e1lyoz, a v\u00e9rnyom\u00e1st\u00f3l kezdve a komplex kognit\u00edv funkci\u00f3kig.<\/p>\n\n\n\n<p>Ezut\u00e1n k\u00e9t \u00e9rdekes esettanulm\u00e1nyt, Phineas Gage \u00e9s S. M. eset\u00e9t ismerhett\u00fck meg. Ezek r\u00e1mutatnak arra, hogy a k\u00fcl\u00f6nb\u00f6z\u0151 agyter\u00fcletek k\u00fcl\u00f6nb\u00f6z\u0151 dolgok\u00e9rt felel\u0151sek, k\u00fcl\u00f6nb\u00f6z\u0151 funkci\u00f3val rendelkeznek. Phineas Gagenek egy baleset sor\u00e1n egy vasr\u00fad \u00e1tf\u00farta a kopony\u00e1j\u00e1t, melynek k\u00f6vetkezt\u00e9ben megv\u00e1ltozott a szem\u00e9lyis\u00e9ge \u00e9s a viselked\u00e9se. A kutat\u00f3k arra a k\u00f6vetkeztet\u00e9sre jutottak, hogy a homloklebenyben tal\u00e1lhat\u00f3 prefront\u00e1lis k\u00e9reg, amely a baleset sor\u00e1n s\u00e9r\u00fclt, sok mindenben j\u00e1tszik szerepet, mint p\u00e9ld\u00e1ul az \u00e9rzelemszab\u00e1lyoz\u00e1sban, a mozg\u00e1sok megtervez\u00e9s\u00e9ben, az el\u0151revet\u00edt\u00e9sben. S.M.-nek egy ritka genetikai rendelleness\u00e9g k\u00f6vetkezt\u00e9ben agya mindk\u00e9t f\u00e9ltek\u00e9j\u00e9n az amygdala le\u00e9p\u00fclt, ez\u00e9rt nem \u00e9rez f\u00e9lelmet. Sok kutat\u00e1st v\u00e9geztek vele \u2013 p\u00f3kokkal, k\u00edgy\u00f3kkal, ijeszt\u0151 filmekkel pr\u00f3b\u00e1lt\u00e1k megijeszteni \u2013 de sose f\u00e9lt, csak k\u00edv\u00e1ncsis\u00e1got, izgatotts\u00e1got \u00e9rzett. Az amygdala teh\u00e1t fontos szerepet j\u00e1tszik a f\u00e9lelem szab\u00e1lyoz\u00e1s\u00e1ban, illetve az \u00e9rzelmek felismer\u00e9s\u00e9ben.<\/p>\n\n\n\n<p>Az el\u0151ad\u00e1s k\u00f6vetkez\u0151 r\u00e9sz\u00e9ben az agy fejl\u0151d\u00e9s\u00e9r\u0151l volt sz\u00f3. Megtudtuk, hogy m\u00e1r az anyam\u00e9hben sz\u00e1mos fontos folyamat j\u00e1tsz\u00f3dik le. Idegsejtek keletkeznek, oszt\u00f3dnak, majd fokozatosan a hely\u00fckre v\u00e1ndorolnak, \u00edgy kialakul az agy form\u00e1ja. Ezut\u00e1n ezek az idegsejtek ny\u00falv\u00e1nyokat alak\u00edtanak ki \u00e9s szinapszisok keletkeznek. Miut\u00e1n 6 \u00e9ves korban a szinapszisok sz\u00e1ma el\u00e9rte a maxim\u00e1lis \u00e9rt\u00e9ket, k\u00f6vetkezik az \u00fan. metsz\u00e9s id\u0151szaka, amikor is az \u00e9lm\u00e9nyek \u00e9s k\u00f6rnyezeti ingerek alapj\u00e1n a felesleges szinapszisok elt\u0171nnek. A gyerekkorban \u00e9rt k\u00fcl\u00f6nb\u00f6z\u0151 hat\u00e1sok, mint p\u00e9ld\u00e1ul a bar\u00e1tok, a sz\u00fcl\u0151k, az iskolai k\u00f6rnyezet, a t\u00e1pl\u00e1l\u00e9kforr\u00e1s milyens\u00e9ge, mind befoly\u00e1solj\u00e1k a fejl\u0151d\u00e9st, meghat\u00e1rozz\u00e1k, hogy feln\u0151ttkorban hogyan reag\u00e1lunk k\u00fcl\u00f6nb\u00f6z\u0151 ingerekre. Akit t\u00f6bbsz\u00f6r\u00f6sen \u00e9rtek negat\u00edv hat\u00e1sok, az m\u00e1shogy reag\u00e1l a szoci\u00e1lis helyzetekben, kialakulhatnak n\u00e1la viselked\u00e9si, vagy ak\u00e1r ment\u00e1lis zavarok.<\/p>\n\n\n\n<p>Az el\u0151ad\u00f3 ezut\u00e1n a kritikus peri\u00f3dusokr\u00f3l besz\u00e9lt. \u00cdgy nevezik azokat az id\u0151szakokat, amikor az agyban a nagy, dinamikus v\u00e1ltoz\u00e1sok t\u00f6rt\u00e9nnek. Ekkor a \u201eleggyurm\u00e1bb\u201d, a legink\u00e1bb form\u00e1lhat\u00f3bb az agyunk, az id\u0151szak lez\u00e1rult\u00e1val ezek a nagy v\u00e1ltoz\u00e1sok r\u00f6gz\u00fclnek. Megtudhattuk, hogy a kritikus peri\u00f3dusokat el\u0151sz\u00f6r a l\u00e1t\u00f3k\u00e9regben vizsg\u00e1lt\u00e1k \u00e1llatokn\u00e1l a monokul\u00e1ris depriv\u00e1ci\u00f3 m\u00f3dszer\u00e9vel. Eml\u00edt\u00e9sre ker\u00fclt, hogy a k\u00fcl\u00f6nb\u00f6z\u0151 agyter\u00fcletek \u00e9r\u00e9s\u00e9nek id\u0151tartama elt\u00e9r\u0151, az el\u0151ad\u00f3 a prefront\u00e1lis k\u00e9reg \u00e9s a limbikus rendszer fejl\u0151d\u00e9se k\u00f6z\u00f6tti k\u00fcl\u00f6nbs\u00e9get szeml\u00e9ltette.<\/p>\n\n\n\n<p>Az el\u0151ad\u00e1s utols\u00f3 r\u00e9sz\u00e9ben v\u00e9g\u00fcl arr\u00f3l hallhattunk, hogy milyen faktorok \u00e1llnak am\u00f6g\u00f6tt, hogy mindenki m\u00e1shogy \u00e9li meg ugyanazokat a dolgokat. Megtudtuk, mekkora a jelent\u0151s\u00e9ge az egyes faktoroknak, \u00edgy a genetik\u00e1nak, az epigenetik\u00e1nak, a korai k\u00f6rnyezetnek \u00e9s a k\u00e9s\u0151i k\u00f6rnyezetnek.<\/p>\n\n\n    <div id=\"69f8bd667dc89\" rel=\"2334\" data-gg-autoplay=\"auto\" class=\"gg_galleria_slider_wrap gg_galleria_slider_light gg_galleria_slider_show_thumbs  gg_galleria_responsive ggs_2334\" style=\"width: 100%; \" data-asp-ratio=\"0.55\"><a href=\"http:\/\/szent-erzsebet.hu\/gimnazium\/wp-content\/uploads\/sites\/5\/2024\/07\/vlcsnap-2024-07-13-18h39m16s331.png\"><img decoding=\"async\" src=\"\/\/szent-erzsebet.hu\/gimnazium\/wp-content\/uploads\/sites\/5\/ewpt_cache\/60x40_90_1_c_FFFFFF_b1c799ec8e9dd05c87ab7651dbacc579.png\" data-big=\"http:\/\/szent-erzsebet.hu\/gimnazium\/wp-content\/uploads\/sites\/5\/2024\/07\/vlcsnap-2024-07-13-18h39m16s331.png\" data-description=\"\" alt=\"vlcsnap-2024-07-13-18h39m16s331\" \/><\/a><a href=\"http:\/\/szent-erzsebet.hu\/gimnazium\/wp-content\/uploads\/sites\/5\/2024\/07\/vlcsnap-2024-07-13-19h32m36s702.png\"><img decoding=\"async\" src=\"\/\/szent-erzsebet.hu\/gimnazium\/wp-content\/uploads\/sites\/5\/ewpt_cache\/60x40_90_1_c_FFFFFF_df8d15c0077df3cf2da7ee935eb2118e.png\" data-big=\"http:\/\/szent-erzsebet.hu\/gimnazium\/wp-content\/uploads\/sites\/5\/2024\/07\/vlcsnap-2024-07-13-19h32m36s702.png\" data-description=\"\" alt=\"vlcsnap-2024-07-13-19h32m36s702\" \/><\/a><a href=\"http:\/\/szent-erzsebet.hu\/gimnazium\/wp-content\/uploads\/sites\/5\/2024\/07\/vlcsnap-2024-07-13-19h44m01s501.png\"><img decoding=\"async\" src=\"\/\/szent-erzsebet.hu\/gimnazium\/wp-content\/uploads\/sites\/5\/ewpt_cache\/60x40_90_1_c_FFFFFF_831d693d472594f4796ccc75edd3e28e.png\" data-big=\"http:\/\/szent-erzsebet.hu\/gimnazium\/wp-content\/uploads\/sites\/5\/2024\/07\/vlcsnap-2024-07-13-19h44m01s501.png\" data-description=\"\" alt=\"vlcsnap-2024-07-13-19h44m01s501\" \/><\/a><a href=\"http:\/\/szent-erzsebet.hu\/gimnazium\/wp-content\/uploads\/sites\/5\/2024\/07\/vlcsnap-2024-07-13-20h23m12s536.png\"><img decoding=\"async\" src=\"\/\/szent-erzsebet.hu\/gimnazium\/wp-content\/uploads\/sites\/5\/ewpt_cache\/60x40_90_1_c_FFFFFF_29e90e86fd4b24ebae26d40e832aac20.png\" data-big=\"http:\/\/szent-erzsebet.hu\/gimnazium\/wp-content\/uploads\/sites\/5\/2024\/07\/vlcsnap-2024-07-13-20h23m12s536.png\" data-description=\"\" alt=\"vlcsnap-2024-07-13-20h23m12s536\" \/><\/a><a href=\"http:\/\/szent-erzsebet.hu\/gimnazium\/wp-content\/uploads\/sites\/5\/2024\/07\/vlcsnap-2024-07-13-20h36m39s469.png\"><img decoding=\"async\" src=\"\/\/szent-erzsebet.hu\/gimnazium\/wp-content\/uploads\/sites\/5\/ewpt_cache\/60x40_90_1_c_FFFFFF_50ca5aa456684bb3c73542e86da68a8f.png\" data-big=\"http:\/\/szent-erzsebet.hu\/gimnazium\/wp-content\/uploads\/sites\/5\/2024\/07\/vlcsnap-2024-07-13-20h36m39s469.png\" data-description=\"\" alt=\"vlcsnap-2024-07-13-20h36m39s469\" \/><\/a><a href=\"http:\/\/szent-erzsebet.hu\/gimnazium\/wp-content\/uploads\/sites\/5\/2024\/07\/vlcsnap-2024-07-13-21h15m29s111.png\"><img decoding=\"async\" src=\"\/\/szent-erzsebet.hu\/gimnazium\/wp-content\/uploads\/sites\/5\/ewpt_cache\/60x40_90_1_c_FFFFFF_5a74b6bb76cbf49d01b1afc80d44f2cf.png\" data-big=\"http:\/\/szent-erzsebet.hu\/gimnazium\/wp-content\/uploads\/sites\/5\/2024\/07\/vlcsnap-2024-07-13-21h15m29s111.png\" data-description=\"\" alt=\"vlcsnap-2024-07-13-21h15m29s111\" \/><\/a><a href=\"http:\/\/szent-erzsebet.hu\/gimnazium\/wp-content\/uploads\/sites\/5\/2024\/07\/vlcsnap-2024-07-13-21h24m41s705.png\"><img decoding=\"async\" src=\"\/\/szent-erzsebet.hu\/gimnazium\/wp-content\/uploads\/sites\/5\/ewpt_cache\/60x40_90_1_c_FFFFFF_5e5334d27034847c0a87c64943058120.png\" data-big=\"http:\/\/szent-erzsebet.hu\/gimnazium\/wp-content\/uploads\/sites\/5\/2024\/07\/vlcsnap-2024-07-13-21h24m41s705.png\" data-description=\"\" alt=\"vlcsnap-2024-07-13-21h24m41s705\" \/><\/a>        <div style=\"clear: both;\"><\/div><\/div>    <script type=\"text\/javascript\"> (function() {         \"use strict\";                 const intval = setInterval(() => {            if(typeof(jQuery) == \"undefined\" || typeof(gg_galleria_init) == \"undefined\") {                return true;            }            else {                clearTimeout(intval);                            gg_galleria_show(\"#69f8bd667dc89\");                gg_galleria_init(\"#69f8bd667dc89\");            }        }, 50);    })();   <\/script>","protected":false},"excerpt":{"rendered":"<p>Miskolczi Christina, PhD el\u0151ad\u00e1sa Az el\u0151ad\u00e1s t\u00e9m\u00e1ja: Az agy, mint k\u00e9pl\u00e9keny gyurma, amelyet folyamatosan alak\u00edt a k\u00f6rnyezet: Hogyan befoly\u00e1solj\u00e1k az idegrendszer fejl\u0151d\u00e9s\u00e9t a pozit\u00edv \u00e9s negat\u00edv \u00e9lm\u00e9nyek? Miskolczi Christina, PhD. az ELTE K\u00eds\u00e9rleti Orvostudom\u00e1nyi&#46;&#46;&#46;<\/p>\n","protected":false},"author":1,"featured_media":0,"parent":0,"menu_order":0,"comment_status":"closed","ping_status":"closed","template":"","meta":{"footnotes":"","_links_to":"","_links_to_target":""},"class_list":["post-2342","page","type-page","status-publish","hentry"],"_links":{"self":[{"href":"https:\/\/szent-erzsebet.hu\/gimnazium\/wp-json\/wp\/v2\/pages\/2342","targetHints":{"allow":["GET"]}}],"collection":[{"href":"https:\/\/szent-erzsebet.hu\/gimnazium\/wp-json\/wp\/v2\/pages"}],"about":[{"href":"https:\/\/szent-erzsebet.hu\/gimnazium\/wp-json\/wp\/v2\/types\/page"}],"author":[{"embeddable":true,"href":"https:\/\/szent-erzsebet.hu\/gimnazium\/wp-json\/wp\/v2\/users\/1"}],"replies":[{"embeddable":true,"href":"https:\/\/szent-erzsebet.hu\/gimnazium\/wp-json\/wp\/v2\/comments?post=2342"}],"version-history":[{"count":1,"href":"https:\/\/szent-erzsebet.hu\/gimnazium\/wp-json\/wp\/v2\/pages\/2342\/revisions"}],"predecessor-version":[{"id":2343,"href":"https:\/\/szent-erzsebet.hu\/gimnazium\/wp-json\/wp\/v2\/pages\/2342\/revisions\/2343"}],"wp:attachment":[{"href":"https:\/\/szent-erzsebet.hu\/gimnazium\/wp-json\/wp\/v2\/media?parent=2342"}],"curies":[{"name":"wp","href":"https:\/\/api.w.org\/{rel}","templated":true}]}}