{"id":2599,"date":"2025-09-23T07:09:51","date_gmt":"2025-09-23T06:09:51","guid":{"rendered":"https:\/\/szent-erzsebet.hu\/gimnazium\/?page_id=2599"},"modified":"2025-09-24T09:37:35","modified_gmt":"2025-09-24T08:37:35","slug":"iskolatitkarsag","status":"publish","type":"page","link":"https:\/\/szent-erzsebet.hu\/gimnazium\/iskolatitkarsag\/","title":{"rendered":"Iskolatitk\u00e1rs\u00e1g"},"content":{"rendered":"\n<p class=\"has-text-align-center\"><strong>Iskolatitk\u00e1rs\u00e1g<\/strong><\/p>\n\n\n\n<p class=\"has-text-align-center\"><a href=\"mailto:iskola@szent-erzsebet.hu\">iskola@szent-erzsebet.hu<\/a><\/p>\n\n\n<div class=\"wp-block-image\">\n<figure class=\"aligncenter size-large is-resized\"><img loading=\"lazy\" decoding=\"async\" width=\"707\" height=\"1024\" src=\"https:\/\/szent-erzsebet.hu\/gimnazium\/wp-content\/uploads\/sites\/5\/2025\/09\/DSC_3332-707x1024.jpg\" alt=\"\" class=\"wp-image-2620\" style=\"width:173px;height:auto\" srcset=\"https:\/\/szent-erzsebet.hu\/gimnazium\/wp-content\/uploads\/sites\/5\/2025\/09\/DSC_3332-707x1024.jpg 707w, https:\/\/szent-erzsebet.hu\/gimnazium\/wp-content\/uploads\/sites\/5\/2025\/09\/DSC_3332-207x300.jpg 207w, https:\/\/szent-erzsebet.hu\/gimnazium\/wp-content\/uploads\/sites\/5\/2025\/09\/DSC_3332-768x1113.jpg 768w, https:\/\/szent-erzsebet.hu\/gimnazium\/wp-content\/uploads\/sites\/5\/2025\/09\/DSC_3332-1060x1536.jpg 1060w, https:\/\/szent-erzsebet.hu\/gimnazium\/wp-content\/uploads\/sites\/5\/2025\/09\/DSC_3332-1413x2048.jpg 1413w, https:\/\/szent-erzsebet.hu\/gimnazium\/wp-content\/uploads\/sites\/5\/2025\/09\/DSC_3332-scaled.jpg 1767w\" sizes=\"auto, (max-width: 707px) 100vw, 707px\" \/><\/figure><\/div>\n\n\n<p class=\"has-text-align-center\">Gombol\u00e1n\u00e9 Csereszny\u00e9s M\u00f3nika<\/p>\n\n\n\n<p class=\"has-text-align-center\"><\/p>\n\n\n<div class=\"wp-block-image\">\n<figure class=\"aligncenter size-large is-resized\"><img loading=\"lazy\" decoding=\"async\" width=\"683\" height=\"1024\" src=\"https:\/\/szent-erzsebet.hu\/gimnazium\/wp-content\/uploads\/sites\/5\/2025\/09\/DSC_0172-1-683x1024.jpg\" alt=\"\" class=\"wp-image-2623\" style=\"width:178px;height:auto\" srcset=\"https:\/\/szent-erzsebet.hu\/gimnazium\/wp-content\/uploads\/sites\/5\/2025\/09\/DSC_0172-1-683x1024.jpg 683w, https:\/\/szent-erzsebet.hu\/gimnazium\/wp-content\/uploads\/sites\/5\/2025\/09\/DSC_0172-1-200x300.jpg 200w, https:\/\/szent-erzsebet.hu\/gimnazium\/wp-content\/uploads\/sites\/5\/2025\/09\/DSC_0172-1-768x1152.jpg 768w, https:\/\/szent-erzsebet.hu\/gimnazium\/wp-content\/uploads\/sites\/5\/2025\/09\/DSC_0172-1-1024x1536.jpg 1024w, https:\/\/szent-erzsebet.hu\/gimnazium\/wp-content\/uploads\/sites\/5\/2025\/09\/DSC_0172-1-1365x2048.jpg 1365w, https:\/\/szent-erzsebet.hu\/gimnazium\/wp-content\/uploads\/sites\/5\/2025\/09\/DSC_0172-1-scaled.jpg 1706w\" sizes=\"auto, (max-width: 683px) 100vw, 683px\" \/><\/figure><\/div>\n\n\n<p class=\"has-text-align-center\">Slav\u00f3czky\u00a0M\u00f3nika<\/p>\n\n\n\n<p><\/p>\n","protected":false},"excerpt":{"rendered":"<p>Iskolatitk\u00e1rs\u00e1g iskola@szent-erzsebet.hu Gombol\u00e1n\u00e9 Csereszny\u00e9s M\u00f3nika Slav\u00f3czky\u00a0M\u00f3nika<\/p>\n","protected":false},"author":1,"featured_media":0,"parent":0,"menu_order":0,"comment_status":"closed","ping_status":"closed","template":"","meta":{"footnotes":"","_links_to":"","_links_to_target":""},"class_list":["post-2599","page","type-page","status-publish","hentry"],"_links":{"self":[{"href":"https:\/\/szent-erzsebet.hu\/gimnazium\/wp-json\/wp\/v2\/pages\/2599","targetHints":{"allow":["GET"]}}],"collection":[{"href":"https:\/\/szent-erzsebet.hu\/gimnazium\/wp-json\/wp\/v2\/pages"}],"about":[{"href":"https:\/\/szent-erzsebet.hu\/gimnazium\/wp-json\/wp\/v2\/types\/page"}],"author":[{"embeddable":true,"href":"https:\/\/szent-erzsebet.hu\/gimnazium\/wp-json\/wp\/v2\/users\/1"}],"replies":[{"embeddable":true,"href":"https:\/\/szent-erzsebet.hu\/gimnazium\/wp-json\/wp\/v2\/comments?post=2599"}],"version-history":[{"count":6,"href":"https:\/\/szent-erzsebet.hu\/gimnazium\/wp-json\/wp\/v2\/pages\/2599\/revisions"}],"predecessor-version":[{"id":2633,"href":"https:\/\/szent-erzsebet.hu\/gimnazium\/wp-json\/wp\/v2\/pages\/2599\/revisions\/2633"}],"wp:attachment":[{"href":"https:\/\/szent-erzsebet.hu\/gimnazium\/wp-json\/wp\/v2\/media?parent=2599"}],"curies":[{"name":"wp","href":"https:\/\/api.w.org\/{rel}","templated":true}]}}