{"id":2606,"date":"2025-09-23T07:15:25","date_gmt":"2025-09-23T06:15:25","guid":{"rendered":"https:\/\/szent-erzsebet.hu\/gimnazium\/?page_id=2606"},"modified":"2026-02-10T13:29:36","modified_gmt":"2026-02-10T12:29:36","slug":"vezetoseg","status":"publish","type":"page","link":"https:\/\/szent-erzsebet.hu\/gimnazium\/vezetoseg\/","title":{"rendered":"Vezet\u0151s\u00e9g"},"content":{"rendered":"\n<p class=\"has-text-align-center\"><strong>Vezet\u0151s\u00e9g<\/strong><\/p>\n\n\n<div class=\"wp-block-image\">\n<figure class=\"aligncenter size-large is-resized\"><img loading=\"lazy\" decoding=\"async\" width=\"709\" height=\"1024\" src=\"https:\/\/szent-erzsebet.hu\/gimnazium\/wp-content\/uploads\/sites\/5\/2025\/09\/DSC_0006-709x1024.jpg\" alt=\"\" class=\"wp-image-2607\" style=\"width:164px;height:auto\" srcset=\"https:\/\/szent-erzsebet.hu\/gimnazium\/wp-content\/uploads\/sites\/5\/2025\/09\/DSC_0006-709x1024.jpg 709w, https:\/\/szent-erzsebet.hu\/gimnazium\/wp-content\/uploads\/sites\/5\/2025\/09\/DSC_0006-208x300.jpg 208w, https:\/\/szent-erzsebet.hu\/gimnazium\/wp-content\/uploads\/sites\/5\/2025\/09\/DSC_0006-768x1109.jpg 768w, https:\/\/szent-erzsebet.hu\/gimnazium\/wp-content\/uploads\/sites\/5\/2025\/09\/DSC_0006-1063x1536.jpg 1063w, https:\/\/szent-erzsebet.hu\/gimnazium\/wp-content\/uploads\/sites\/5\/2025\/09\/DSC_0006-1418x2048.jpg 1418w, https:\/\/szent-erzsebet.hu\/gimnazium\/wp-content\/uploads\/sites\/5\/2025\/09\/DSC_0006-scaled.jpg 1772w\" sizes=\"auto, (max-width: 709px) 100vw, 709px\" \/><\/figure><\/div>\n\n\n<p class=\"has-text-align-center\">K\u00fcrti Zolt\u00e1n<br>igazgat\u00f3, testnevel\u00e9s, t\u00f6rt\u00e9nelem \u00e9s \u00e1llampolg\u00e1ri ismeretek tan\u00e1r<br>igazgato@szent-erzsebet.hu<\/p>\n\n\n<div class=\"wp-block-image\">\n<figure class=\"aligncenter size-large is-resized\"><img loading=\"lazy\" decoding=\"async\" width=\"683\" height=\"1024\" src=\"https:\/\/szent-erzsebet.hu\/gimnazium\/wp-content\/uploads\/sites\/5\/2025\/09\/DSC_0010-683x1024.jpg\" alt=\"\" class=\"wp-image-2608\" style=\"width:169px;height:auto\" srcset=\"https:\/\/szent-erzsebet.hu\/gimnazium\/wp-content\/uploads\/sites\/5\/2025\/09\/DSC_0010-683x1024.jpg 683w, https:\/\/szent-erzsebet.hu\/gimnazium\/wp-content\/uploads\/sites\/5\/2025\/09\/DSC_0010-200x300.jpg 200w, https:\/\/szent-erzsebet.hu\/gimnazium\/wp-content\/uploads\/sites\/5\/2025\/09\/DSC_0010-768x1152.jpg 768w, https:\/\/szent-erzsebet.hu\/gimnazium\/wp-content\/uploads\/sites\/5\/2025\/09\/DSC_0010-1024x1536.jpg 1024w, https:\/\/szent-erzsebet.hu\/gimnazium\/wp-content\/uploads\/sites\/5\/2025\/09\/DSC_0010-1365x2048.jpg 1365w, https:\/\/szent-erzsebet.hu\/gimnazium\/wp-content\/uploads\/sites\/5\/2025\/09\/DSC_0010-scaled.jpg 1707w\" sizes=\"auto, (max-width: 683px) 100vw, 683px\" \/><\/figure><\/div>\n\n\n<p class=\"has-text-align-center\">S\u00e1gin\u00e9 Szlov\u00e1k Erzs\u00e9bet&nbsp;<br>nevel\u00e9si igazgat\u00f3helyettes, matematika szakos tan\u00e1r<br>sagi.betty@szent-erzsebet.hu<\/p>\n\n\n<div class=\"wp-block-image\">\n<figure class=\"aligncenter size-large is-resized\"><img loading=\"lazy\" decoding=\"async\" width=\"683\" height=\"1024\" src=\"https:\/\/szent-erzsebet.hu\/gimnazium\/wp-content\/uploads\/sites\/5\/2025\/09\/DSC_0046-683x1024.jpg\" alt=\"\" class=\"wp-image-2609\" style=\"width:169px;height:auto\" srcset=\"https:\/\/szent-erzsebet.hu\/gimnazium\/wp-content\/uploads\/sites\/5\/2025\/09\/DSC_0046-683x1024.jpg 683w, https:\/\/szent-erzsebet.hu\/gimnazium\/wp-content\/uploads\/sites\/5\/2025\/09\/DSC_0046-200x300.jpg 200w, https:\/\/szent-erzsebet.hu\/gimnazium\/wp-content\/uploads\/sites\/5\/2025\/09\/DSC_0046-768x1152.jpg 768w, https:\/\/szent-erzsebet.hu\/gimnazium\/wp-content\/uploads\/sites\/5\/2025\/09\/DSC_0046-1024x1536.jpg 1024w, https:\/\/szent-erzsebet.hu\/gimnazium\/wp-content\/uploads\/sites\/5\/2025\/09\/DSC_0046-1365x2048.jpg 1365w, https:\/\/szent-erzsebet.hu\/gimnazium\/wp-content\/uploads\/sites\/5\/2025\/09\/DSC_0046-scaled.jpg 1707w\" sizes=\"auto, (max-width: 683px) 100vw, 683px\" \/><\/figure><\/div>\n\n\n<p class=\"has-text-align-center\">Misur\u00e1k Andrea<br>oktat\u00e1si igazgat\u00f3helyettes, matematika, informatika szakos tan\u00e1r<br>misurak.andrea@szent-erzsebet.hu<\/p>\n\n\n<div class=\"wp-block-image\">\n<figure class=\"aligncenter size-large is-resized\"><img loading=\"lazy\" decoding=\"async\" width=\"718\" height=\"1024\" src=\"https:\/\/szent-erzsebet.hu\/gimnazium\/wp-content\/uploads\/sites\/5\/2026\/02\/Dr.-David-Patrik_2025_0277-718x1024.jpg\" alt=\"\" class=\"wp-image-2915\" style=\"width:164px;height:auto\" srcset=\"https:\/\/szent-erzsebet.hu\/gimnazium\/wp-content\/uploads\/sites\/5\/2026\/02\/Dr.-David-Patrik_2025_0277-718x1024.jpg 718w, https:\/\/szent-erzsebet.hu\/gimnazium\/wp-content\/uploads\/sites\/5\/2026\/02\/Dr.-David-Patrik_2025_0277-210x300.jpg 210w, https:\/\/szent-erzsebet.hu\/gimnazium\/wp-content\/uploads\/sites\/5\/2026\/02\/Dr.-David-Patrik_2025_0277-768x1096.jpg 768w, https:\/\/szent-erzsebet.hu\/gimnazium\/wp-content\/uploads\/sites\/5\/2026\/02\/Dr.-David-Patrik_2025_0277-1076x1536.jpg 1076w, https:\/\/szent-erzsebet.hu\/gimnazium\/wp-content\/uploads\/sites\/5\/2026\/02\/Dr.-David-Patrik_2025_0277-1435x2048.jpg 1435w, https:\/\/szent-erzsebet.hu\/gimnazium\/wp-content\/uploads\/sites\/5\/2026\/02\/Dr.-David-Patrik_2025_0277-scaled.jpg 1794w\" sizes=\"auto, (max-width: 718px) 100vw, 718px\" \/><\/figure><\/div>\n\n\n<p class=\"has-text-align-center\">Dr. D\u00e1vid Patrik<br>szervez\u00e9si igazgat\u00f3helyettes, magyar szakos tan\u00e1r<br>david.patrik@szent-erzsebet.hu<\/p>\n\n\n<div class=\"wp-block-image\">\n<figure class=\"aligncenter size-large is-resized\"><img loading=\"lazy\" decoding=\"async\" width=\"683\" height=\"1024\" src=\"https:\/\/szent-erzsebet.hu\/gimnazium\/wp-content\/uploads\/sites\/5\/2025\/09\/DSC_0012.A-683x1024.jpg\" alt=\"\" class=\"wp-image-2625\" style=\"width:169px;height:auto\" srcset=\"https:\/\/szent-erzsebet.hu\/gimnazium\/wp-content\/uploads\/sites\/5\/2025\/09\/DSC_0012.A-683x1024.jpg 683w, https:\/\/szent-erzsebet.hu\/gimnazium\/wp-content\/uploads\/sites\/5\/2025\/09\/DSC_0012.A-200x300.jpg 200w, https:\/\/szent-erzsebet.hu\/gimnazium\/wp-content\/uploads\/sites\/5\/2025\/09\/DSC_0012.A-768x1152.jpg 768w, https:\/\/szent-erzsebet.hu\/gimnazium\/wp-content\/uploads\/sites\/5\/2025\/09\/DSC_0012.A-1024x1536.jpg 1024w, https:\/\/szent-erzsebet.hu\/gimnazium\/wp-content\/uploads\/sites\/5\/2025\/09\/DSC_0012.A-1365x2048.jpg 1365w, https:\/\/szent-erzsebet.hu\/gimnazium\/wp-content\/uploads\/sites\/5\/2025\/09\/DSC_0012.A-scaled.jpg 1707w\" sizes=\"auto, (max-width: 683px) 100vw, 683px\" \/><\/figure><\/div>\n\n\n<p class=\"has-text-align-center\">Botosn\u00e9 T\u00f6r\u00f6k Gabriella&nbsp;<br>gazdas\u00e1gi vezet\u0151<br>botosne.gabriella@szent-erzsebet.hu<\/p>\n\n\n<div class=\"wp-block-image\">\n<figure class=\"aligncenter size-large is-resized\"><img loading=\"lazy\" decoding=\"async\" width=\"683\" height=\"1024\" src=\"http:\/\/szent-erzsebet.hu\/gimnazium\/wp-content\/uploads\/sites\/5\/2025\/10\/Kiss-Judit-683x1024.jpg\" alt=\"\" class=\"wp-image-2673\" style=\"width:165px;height:auto\" srcset=\"https:\/\/szent-erzsebet.hu\/gimnazium\/wp-content\/uploads\/sites\/5\/2025\/10\/Kiss-Judit-683x1024.jpg 683w, https:\/\/szent-erzsebet.hu\/gimnazium\/wp-content\/uploads\/sites\/5\/2025\/10\/Kiss-Judit-200x300.jpg 200w, https:\/\/szent-erzsebet.hu\/gimnazium\/wp-content\/uploads\/sites\/5\/2025\/10\/Kiss-Judit-768x1152.jpg 768w, https:\/\/szent-erzsebet.hu\/gimnazium\/wp-content\/uploads\/sites\/5\/2025\/10\/Kiss-Judit-1024x1536.jpg 1024w, https:\/\/szent-erzsebet.hu\/gimnazium\/wp-content\/uploads\/sites\/5\/2025\/10\/Kiss-Judit-1365x2048.jpg 1365w, https:\/\/szent-erzsebet.hu\/gimnazium\/wp-content\/uploads\/sites\/5\/2025\/10\/Kiss-Judit-scaled.jpg 1707w\" sizes=\"auto, (max-width: 683px) 100vw, 683px\" \/><\/figure><\/div>\n\n\n<p class=\"has-text-align-center\">Kiss Judit<br>oszt\u00e1lyf\u0151n\u00f6ki-munkak\u00f6z\u00f6ss\u00e9g vezet\u0151, testnevel\u00e9s, f\u00f6ldrajz szakos tan\u00e1r<br>kiss.judit@szent-erzsebet.hu<br><\/p>\n\n\n\n<p><\/p>\n\n\n\n<h2 class=\"wp-block-heading has-text-align-center\">Munkak\u00f6z\u00f6ss\u00e9g-vezet\u0151k<\/h2>\n\n\n\n<p class=\"has-text-align-center\"><strong>Angol nyelvi munkak\u00f6z\u00f6ss\u00e9g:<\/strong><br>Ambrus Krisztina<br>ambrus.krisztina@szent-erzsebet.hu<\/p>\n\n\n\n<p class=\"has-text-align-center\"><strong>Hittan munkak\u00f6z\u00f6ss\u00e9g:<br><\/strong>Gy\u0151z\u0151 Tam\u00e1s<br>gyozo.tamas@szent-erzsebet.hu<\/p>\n\n\n\n<p class=\"has-text-align-center\"><strong>Magyar munkak\u00f6z\u00f6ss\u00e9g:<br><\/strong>Koll\u00e1rn\u00e9 Szab\u00f3 M\u00e1rta<br>szabo.marta@szent-erzsebet.hu<\/p>\n\n\n\n<p class=\"has-text-align-center\"><strong>Matematikai-informatikai munkak\u00f6z\u00f6ss\u00e9g:<br><\/strong>Szabadin\u00e9 Kutas Emese<br>kutas.emese@szent-erzsebet.hu<\/p>\n\n\n\n<p class=\"has-text-align-center\"><strong>N\u00e9met nyelvi munkak\u00f6z\u00f6ss\u00e9g:<br><\/strong>Fodorn\u00e9 Farda \u00c9va<br>farda.eva@szent-erzsebet.hu<\/p>\n\n\n\n<p class=\"has-text-align-center\"><strong>Oszt\u00e1lyf\u0151n\u00f6ki munkak\u00f6z\u00f6ss\u00e9g:<br><\/strong>Kiss Judit<br>kiss.judit@szent-erzsebet.hu<\/p>\n\n\n\n<p class=\"has-text-align-center\"><strong>T\u00e1rsadalomtudom\u00e1nyi munkak\u00f6z\u00f6ss\u00e9g:<br><\/strong>M\u00fcller L\u00e1szl\u00f3<br>muller.laszlo@szent-erzsebet.hu<\/p>\n\n\n\n<p class=\"has-text-align-center\"><strong>Term\u00e9szettudom\u00e1nyi munkak\u00f6z\u00f6ss\u00e9g:<br><\/strong>Wildn\u00e9 Gr\u00f3b M\u00e1ria<br>grob.maria@szent-erzsebet.hu<\/p>\n\n\n\n<p class=\"has-text-align-center\"><strong>Testnevel\u00e9s munkak\u00f6z\u00f6ss\u00e9g:<br><\/strong>Sz\u00e1nth\u00f3 Roland<br>szantho.roland@szent-erzsebet.hu<\/p>\n\n\n\n<p><\/p>\n","protected":false},"excerpt":{"rendered":"<p>Vezet\u0151s\u00e9g K\u00fcrti Zolt\u00e1nigazgat\u00f3, testnevel\u00e9s, t\u00f6rt\u00e9nelem \u00e9s \u00e1llampolg\u00e1ri ismeretek tan\u00e1rigazgato@szent-erzsebet.hu S\u00e1gin\u00e9 Szlov\u00e1k Erzs\u00e9bet&nbsp;nevel\u00e9si igazgat\u00f3helyettes, matematika szakos tan\u00e1rsagi.betty@szent-erzsebet.hu Misur\u00e1k Andreaoktat\u00e1si igazgat\u00f3helyettes, matematika, informatika szakos tan\u00e1rmisurak.andrea@szent-erzsebet.hu Dr. D\u00e1vid Patrikszervez\u00e9si igazgat\u00f3helyettes, magyar szakos tan\u00e1rdavid.patrik@szent-erzsebet.hu Botosn\u00e9 T\u00f6r\u00f6k Gabriella&nbsp;gazdas\u00e1gi vezet\u0151botosne.gabriella@szent-erzsebet.hu&#46;&#46;&#46;<\/p>\n","protected":false},"author":1,"featured_media":0,"parent":0,"menu_order":0,"comment_status":"closed","ping_status":"closed","template":"","meta":{"footnotes":"","_links_to":"","_links_to_target":""},"class_list":["post-2606","page","type-page","status-publish","hentry"],"_links":{"self":[{"href":"https:\/\/szent-erzsebet.hu\/gimnazium\/wp-json\/wp\/v2\/pages\/2606","targetHints":{"allow":["GET"]}}],"collection":[{"href":"https:\/\/szent-erzsebet.hu\/gimnazium\/wp-json\/wp\/v2\/pages"}],"about":[{"href":"https:\/\/szent-erzsebet.hu\/gimnazium\/wp-json\/wp\/v2\/types\/page"}],"author":[{"embeddable":true,"href":"https:\/\/szent-erzsebet.hu\/gimnazium\/wp-json\/wp\/v2\/users\/1"}],"replies":[{"embeddable":true,"href":"https:\/\/szent-erzsebet.hu\/gimnazium\/wp-json\/wp\/v2\/comments?post=2606"}],"version-history":[{"count":22,"href":"https:\/\/szent-erzsebet.hu\/gimnazium\/wp-json\/wp\/v2\/pages\/2606\/revisions"}],"predecessor-version":[{"id":2929,"href":"https:\/\/szent-erzsebet.hu\/gimnazium\/wp-json\/wp\/v2\/pages\/2606\/revisions\/2929"}],"wp:attachment":[{"href":"https:\/\/szent-erzsebet.hu\/gimnazium\/wp-json\/wp\/v2\/media?parent=2606"}],"curies":[{"name":"wp","href":"https:\/\/api.w.org\/{rel}","templated":true}]}}