{"id":2637,"date":"2025-09-24T10:19:19","date_gmt":"2025-09-24T09:19:19","guid":{"rendered":"https:\/\/szent-erzsebet.hu\/gimnazium\/?page_id=2637"},"modified":"2025-09-24T10:25:37","modified_gmt":"2025-09-24T09:25:37","slug":"vezetok","status":"publish","type":"page","link":"https:\/\/szent-erzsebet.hu\/gimnazium\/vezetok\/","title":{"rendered":"Vezet\u0151k"},"content":{"rendered":"\n<p class=\"has-text-align-center\"><strong>Vezet\u0151k: <\/strong><\/p>\n\n\n<div class=\"wp-block-image\">\n<figure class=\"aligncenter size-large is-resized\"><img loading=\"lazy\" decoding=\"async\" width=\"768\" height=\"1024\" src=\"https:\/\/szent-erzsebet.hu\/gimnazium\/wp-content\/uploads\/sites\/5\/2025\/09\/Erdos-Aron-768x1024.jpg\" alt=\"\" class=\"wp-image-2638\" style=\"width:196px;height:auto\" srcset=\"https:\/\/szent-erzsebet.hu\/gimnazium\/wp-content\/uploads\/sites\/5\/2025\/09\/Erdos-Aron-768x1024.jpg 768w, https:\/\/szent-erzsebet.hu\/gimnazium\/wp-content\/uploads\/sites\/5\/2025\/09\/Erdos-Aron-225x300.jpg 225w, https:\/\/szent-erzsebet.hu\/gimnazium\/wp-content\/uploads\/sites\/5\/2025\/09\/Erdos-Aron-1152x1536.jpg 1152w, https:\/\/szent-erzsebet.hu\/gimnazium\/wp-content\/uploads\/sites\/5\/2025\/09\/Erdos-Aron-1536x2048.jpg 1536w, https:\/\/szent-erzsebet.hu\/gimnazium\/wp-content\/uploads\/sites\/5\/2025\/09\/Erdos-Aron-scaled.jpg 1920w\" sizes=\"auto, (max-width: 768px) 100vw, 768px\" \/><\/figure><\/div>\n\n\n<p class=\"has-text-align-center\">Erd\u0151s \u00c1ron, eln\u00f6k (11.d)&nbsp;<br><a href=\"mailto:erdos.aron@szent-erzsebet.hu\" target=\"_blank\" rel=\"noreferrer noopener\">erdos.aron@szent-erzsebet.hu<\/a><\/p>\n\n\n\n<p class=\"has-text-align-center\"><br><\/p>\n\n\n<div class=\"wp-block-image\">\n<figure class=\"aligncenter size-large is-resized\"><img loading=\"lazy\" decoding=\"async\" width=\"768\" height=\"1024\" src=\"https:\/\/szent-erzsebet.hu\/gimnazium\/wp-content\/uploads\/sites\/5\/2025\/09\/Aranyos-Adel-768x1024.jpg\" alt=\"\" class=\"wp-image-2639\" style=\"width:195px;height:auto\" srcset=\"https:\/\/szent-erzsebet.hu\/gimnazium\/wp-content\/uploads\/sites\/5\/2025\/09\/Aranyos-Adel-768x1024.jpg 768w, https:\/\/szent-erzsebet.hu\/gimnazium\/wp-content\/uploads\/sites\/5\/2025\/09\/Aranyos-Adel-225x300.jpg 225w, https:\/\/szent-erzsebet.hu\/gimnazium\/wp-content\/uploads\/sites\/5\/2025\/09\/Aranyos-Adel-1152x1536.jpg 1152w, https:\/\/szent-erzsebet.hu\/gimnazium\/wp-content\/uploads\/sites\/5\/2025\/09\/Aranyos-Adel-1536x2048.jpg 1536w, https:\/\/szent-erzsebet.hu\/gimnazium\/wp-content\/uploads\/sites\/5\/2025\/09\/Aranyos-Adel-scaled.jpg 1920w\" sizes=\"auto, (max-width: 768px) 100vw, 768px\" \/><\/figure><\/div>\n\n\n<p class=\"has-text-align-center\">Aranyos Ad\u00e9l, aleln\u00f6k (11.a)<br><a href=\"mailto:aranyos.adel@szent-erzsebet.hu\" target=\"_blank\" rel=\"noreferrer noopener\">aranyos.adel@szent-erzsebet.hu<\/a><\/p>\n\n\n\n<p><br><\/p>\n\n\n<div class=\"wp-block-image\">\n<figure class=\"aligncenter size-large is-resized\"><img loading=\"lazy\" decoding=\"async\" width=\"768\" height=\"1024\" src=\"https:\/\/szent-erzsebet.hu\/gimnazium\/wp-content\/uploads\/sites\/5\/2025\/09\/Szuhi-Janka-768x1024.jpg\" alt=\"\" class=\"wp-image-2640\" style=\"width:198px;height:auto\" srcset=\"https:\/\/szent-erzsebet.hu\/gimnazium\/wp-content\/uploads\/sites\/5\/2025\/09\/Szuhi-Janka-768x1024.jpg 768w, https:\/\/szent-erzsebet.hu\/gimnazium\/wp-content\/uploads\/sites\/5\/2025\/09\/Szuhi-Janka-225x300.jpg 225w, https:\/\/szent-erzsebet.hu\/gimnazium\/wp-content\/uploads\/sites\/5\/2025\/09\/Szuhi-Janka-1152x1536.jpg 1152w, https:\/\/szent-erzsebet.hu\/gimnazium\/wp-content\/uploads\/sites\/5\/2025\/09\/Szuhi-Janka-1536x2048.jpg 1536w, https:\/\/szent-erzsebet.hu\/gimnazium\/wp-content\/uploads\/sites\/5\/2025\/09\/Szuhi-Janka-scaled.jpg 1920w\" sizes=\"auto, (max-width: 768px) 100vw, 768px\" \/><\/figure><\/div>\n\n\n<p class=\"has-text-align-center\">Szuhi Janka, aleln\u00f6k (11.a)&nbsp;<br><a href=\"mailto:szuhi.janka@szent-erzsebet.hu\" target=\"_blank\" rel=\"noreferrer noopener\">szuhi.janka@szent-erzsebet.hu<\/a><\/p>\n","protected":false},"excerpt":{"rendered":"<p>Vezet\u0151k: Erd\u0151s \u00c1ron, eln\u00f6k (11.d)&nbsp;erdos.aron@szent-erzsebet.hu Aranyos Ad\u00e9l, aleln\u00f6k (11.a)aranyos.adel@szent-erzsebet.hu Szuhi Janka, aleln\u00f6k (11.a)&nbsp;szuhi.janka@szent-erzsebet.hu<\/p>\n","protected":false},"author":1,"featured_media":0,"parent":0,"menu_order":0,"comment_status":"closed","ping_status":"closed","template":"","meta":{"footnotes":"","_links_to":"","_links_to_target":""},"class_list":["post-2637","page","type-page","status-publish","hentry"],"_links":{"self":[{"href":"https:\/\/szent-erzsebet.hu\/gimnazium\/wp-json\/wp\/v2\/pages\/2637","targetHints":{"allow":["GET"]}}],"collection":[{"href":"https:\/\/szent-erzsebet.hu\/gimnazium\/wp-json\/wp\/v2\/pages"}],"about":[{"href":"https:\/\/szent-erzsebet.hu\/gimnazium\/wp-json\/wp\/v2\/types\/page"}],"author":[{"embeddable":true,"href":"https:\/\/szent-erzsebet.hu\/gimnazium\/wp-json\/wp\/v2\/users\/1"}],"replies":[{"embeddable":true,"href":"https:\/\/szent-erzsebet.hu\/gimnazium\/wp-json\/wp\/v2\/comments?post=2637"}],"version-history":[{"count":3,"href":"https:\/\/szent-erzsebet.hu\/gimnazium\/wp-json\/wp\/v2\/pages\/2637\/revisions"}],"predecessor-version":[{"id":2650,"href":"https:\/\/szent-erzsebet.hu\/gimnazium\/wp-json\/wp\/v2\/pages\/2637\/revisions\/2650"}],"wp:attachment":[{"href":"https:\/\/szent-erzsebet.hu\/gimnazium\/wp-json\/wp\/v2\/media?parent=2637"}],"curies":[{"name":"wp","href":"https:\/\/api.w.org\/{rel}","templated":true}]}}