{"id":2642,"date":"2025-09-24T10:23:10","date_gmt":"2025-09-24T09:23:10","guid":{"rendered":"https:\/\/szent-erzsebet.hu\/gimnazium\/?page_id=2642"},"modified":"2025-09-24T10:26:28","modified_gmt":"2025-09-24T09:26:28","slug":"a-dok-tagjai-es-segitoje","status":"publish","type":"page","link":"https:\/\/szent-erzsebet.hu\/gimnazium\/a-dok-tagjai-es-segitoje\/","title":{"rendered":"A D\u00d6K tagjai \u00e9s seg\u00edt\u0151je"},"content":{"rendered":"<div class=\"wp-block-image\">\n<figure class=\"aligncenter size-full is-resized\"><img loading=\"lazy\" decoding=\"async\" width=\"1024\" height=\"683\" src=\"https:\/\/szent-erzsebet.hu\/gimnazium\/wp-content\/uploads\/sites\/5\/2025\/09\/DSC_0005-1024x683-1.jpg\" alt=\"\" class=\"wp-image-2644\" style=\"width:598px;height:auto\" srcset=\"https:\/\/szent-erzsebet.hu\/gimnazium\/wp-content\/uploads\/sites\/5\/2025\/09\/DSC_0005-1024x683-1.jpg 1024w, https:\/\/szent-erzsebet.hu\/gimnazium\/wp-content\/uploads\/sites\/5\/2025\/09\/DSC_0005-1024x683-1-300x200.jpg 300w, https:\/\/szent-erzsebet.hu\/gimnazium\/wp-content\/uploads\/sites\/5\/2025\/09\/DSC_0005-1024x683-1-768x512.jpg 768w\" sizes=\"auto, (max-width: 1024px) 100vw, 1024px\" \/><\/figure><\/div>\n\n\n<p class=\"has-text-align-center\"><br>Pusztai Petra, Trexler B\u00e1lint (5.a), Ambrusits Fanni, Ill\u00e9s Lili (5.c), Kiszely Zita, Nemes-Bindics Anna (6.a), Nagy Tam\u00e1s, Gula Erik (6.b), Cserh\u00e1ti Nagy T\u00edmea, Bakon Gell\u00e9rt (6.c), Moln\u00e1r \u00c1d\u00e1m, Somogyi Zsombor (7.a), Jagicza Zo\u00e9, Berta Ken\u00e9z (7.b), Zsigri Orsolya, Varga Gr\u00e9ta (7.c), Alf\u00f6ldi Zsuzsanna, R\u00f3zs\u00e1r M\u00e1t\u00e9 (8.a), Iacobut Fl\u00f3ra, Voll\u00e1r Kriszti\u00e1n (8.b), Cs\u00e1nyi No\u00e9mi, Porkol\u00e1b Blanka (8.c), Harcsa Levente, R\u00f3zsahegyi Z\u00e9n\u00f3 (9.a), B\u00e1nhidy Anna, P\u00f3k S\u00e1ra (9.b), Rem\u00e9nyi Anna, Fekete G\u00e1bor (9.c), Partos Boldizs\u00e1r, J\u00e1szber\u00e9nyi Krist\u00f3f (9.d), Szklad\u00e1nyi Roland, Spielmann Liza (10.a), Dobrai D\u00f3ra, Berta Orda (10.b), Janovich Kata, Juh\u00e1sz T\u00edmea (10.c), Pereszl\u00e9nyi Zs\u00f3fia, Kruppa N\u00f3ra (10.d), Aranyos Ad\u00e9l, Szuhi Janka (11.a), Bord\u00e1cs Bodza, Iv\u00e1ncsics Kinga (11.b), Horv\u00e1th Berta, Somogyi Dorottya (11.c), Erd\u0151s \u00c1ron, Vodicska Ferenc (11.d), B\u00e1lint Hunor, Feczk\u00f3 M\u00e1rton (12.a), Domokos Anna, T\u0151zs\u00e9r Hedvig (12.b), Menhartov\u00e1 Emese, Somogyi Lilla (12.c), Kl\u00e1nyi Norisz, Kritzer Dorina (12.d).<\/p>\n\n\n\n<p><br><\/p>\n\n\n\n<p class=\"has-text-align-center\">A Di\u00e1k\u00f6nkorm\u00e1nyzat (D\u00d6K) munk\u00e1j\u00e1t seg\u00edt\u0151 pedag\u00f3gus: <\/p>\n\n\n<div class=\"wp-block-image\">\n<figure class=\"aligncenter size-large is-resized\"><img loading=\"lazy\" decoding=\"async\" width=\"768\" height=\"1024\" src=\"https:\/\/szent-erzsebet.hu\/gimnazium\/wp-content\/uploads\/sites\/5\/2025\/09\/1000008902-768x1024.jpg\" alt=\"\" class=\"wp-image-2643\" style=\"width:215px;height:auto\" srcset=\"https:\/\/szent-erzsebet.hu\/gimnazium\/wp-content\/uploads\/sites\/5\/2025\/09\/1000008902-768x1024.jpg 768w, https:\/\/szent-erzsebet.hu\/gimnazium\/wp-content\/uploads\/sites\/5\/2025\/09\/1000008902-225x300.jpg 225w, https:\/\/szent-erzsebet.hu\/gimnazium\/wp-content\/uploads\/sites\/5\/2025\/09\/1000008902-1152x1536.jpg 1152w, https:\/\/szent-erzsebet.hu\/gimnazium\/wp-content\/uploads\/sites\/5\/2025\/09\/1000008902-1536x2048.jpg 1536w, https:\/\/szent-erzsebet.hu\/gimnazium\/wp-content\/uploads\/sites\/5\/2025\/09\/1000008902-scaled.jpg 1920w\" sizes=\"auto, (max-width: 768px) 100vw, 768px\" \/><\/figure><\/div>\n\n\n<p class=\"has-text-align-center\">Misur\u00e1k Gy\u00f6rgy&nbsp;<br><a href=\"mailto:misurak.gyorgy@szent-erzsebet.hu\" target=\"_blank\" rel=\"noreferrer noopener\">misurak.gyorgy@szent-erzsebet.hu<\/a><\/p>\n\n\n\n<p><\/p>\n","protected":false},"excerpt":{"rendered":"<p>Pusztai Petra, Trexler B\u00e1lint (5.a), Ambrusits Fanni, Ill\u00e9s Lili (5.c), Kiszely Zita, Nemes-Bindics Anna (6.a), Nagy Tam\u00e1s, Gula Erik (6.b), Cserh\u00e1ti Nagy T\u00edmea, Bakon Gell\u00e9rt (6.c), Moln\u00e1r \u00c1d\u00e1m, Somogyi Zsombor (7.a), Jagicza Zo\u00e9, Berta&#46;&#46;&#46;<\/p>\n","protected":false},"author":1,"featured_media":0,"parent":0,"menu_order":0,"comment_status":"closed","ping_status":"closed","template":"","meta":{"footnotes":"","_links_to":"","_links_to_target":""},"class_list":["post-2642","page","type-page","status-publish","hentry"],"_links":{"self":[{"href":"https:\/\/szent-erzsebet.hu\/gimnazium\/wp-json\/wp\/v2\/pages\/2642","targetHints":{"allow":["GET"]}}],"collection":[{"href":"https:\/\/szent-erzsebet.hu\/gimnazium\/wp-json\/wp\/v2\/pages"}],"about":[{"href":"https:\/\/szent-erzsebet.hu\/gimnazium\/wp-json\/wp\/v2\/types\/page"}],"author":[{"embeddable":true,"href":"https:\/\/szent-erzsebet.hu\/gimnazium\/wp-json\/wp\/v2\/users\/1"}],"replies":[{"embeddable":true,"href":"https:\/\/szent-erzsebet.hu\/gimnazium\/wp-json\/wp\/v2\/comments?post=2642"}],"version-history":[{"count":3,"href":"https:\/\/szent-erzsebet.hu\/gimnazium\/wp-json\/wp\/v2\/pages\/2642\/revisions"}],"predecessor-version":[{"id":2652,"href":"https:\/\/szent-erzsebet.hu\/gimnazium\/wp-json\/wp\/v2\/pages\/2642\/revisions\/2652"}],"wp:attachment":[{"href":"https:\/\/szent-erzsebet.hu\/gimnazium\/wp-json\/wp\/v2\/media?parent=2642"}],"curies":[{"name":"wp","href":"https:\/\/api.w.org\/{rel}","templated":true}]}}