{"id":268,"date":"2019-02-21T09:10:05","date_gmt":"2019-02-21T09:10:05","guid":{"rendered":"http:\/\/szerzs.mhan.hu\/gimnazium\/?page_id=268"},"modified":"2026-03-04T11:09:51","modified_gmt":"2026-03-04T10:09:51","slug":"munkaterv","status":"publish","type":"page","link":"https:\/\/szent-erzsebet.hu\/gimnazium\/dokumentumok\/munkaterv\/","title":{"rendered":"Munkaterv"},"content":{"rendered":"\n<p><strong>Az \u00c1rp\u00e1d-h\u00e1zi Szent Erzs\u00e9bet Gimn\u00e1zium, \u00d3voda \u00e9s \u00c1ltal\u00e1nos Iskola Munkaterve<\/strong>.<\/p>\n\n\n\n<p><\/p>\n\n\n\n<iframe loading=\"lazy\" src=\"https:\/\/calendar.google.com\/calendar\/embed?height=600&#038;wkst=1&#038;ctz=Europe%2FBudapest&#038;showPrint=0&#038;src=Y19iMzBkZjBmMzk2NGRiYWMxMDY2NjUwYTk4MWYwYTdlYTVhMjZjMThjNzhkNDQ1NzFjZDk5ZWZhMDk1ZGM0NGQ3QGdyb3VwLmNhbGVuZGFyLmdvb2dsZS5jb20&#038;src=aHUuaHVuZ2FyaWFuI2hvbGlkYXlAZ3JvdXAudi5jYWxlbmRhci5nb29nbGUuY29t&#038;color=%23812727&#038;color=%230b8043\" style=\"border:solid 1px #800\" width=\"950\" height=\"600\" frameborder=\"0\" scrolling=\"no\"><\/iframe>\n\n\n\n<p><\/p>\n","protected":false},"excerpt":{"rendered":"<p>Az \u00c1rp\u00e1d-h\u00e1zi Szent Erzs\u00e9bet Gimn\u00e1zium, \u00d3voda \u00e9s \u00c1ltal\u00e1nos Iskola Munkaterve.<\/p>\n","protected":false},"author":1,"featured_media":0,"parent":16,"menu_order":0,"comment_status":"closed","ping_status":"closed","template":"","meta":{"footnotes":"","_links_to":"","_links_to_target":""},"class_list":["post-268","page","type-page","status-publish","hentry"],"_links":{"self":[{"href":"https:\/\/szent-erzsebet.hu\/gimnazium\/wp-json\/wp\/v2\/pages\/268","targetHints":{"allow":["GET"]}}],"collection":[{"href":"https:\/\/szent-erzsebet.hu\/gimnazium\/wp-json\/wp\/v2\/pages"}],"about":[{"href":"https:\/\/szent-erzsebet.hu\/gimnazium\/wp-json\/wp\/v2\/types\/page"}],"author":[{"embeddable":true,"href":"https:\/\/szent-erzsebet.hu\/gimnazium\/wp-json\/wp\/v2\/users\/1"}],"replies":[{"embeddable":true,"href":"https:\/\/szent-erzsebet.hu\/gimnazium\/wp-json\/wp\/v2\/comments?post=268"}],"version-history":[{"count":19,"href":"https:\/\/szent-erzsebet.hu\/gimnazium\/wp-json\/wp\/v2\/pages\/268\/revisions"}],"predecessor-version":[{"id":3053,"href":"https:\/\/szent-erzsebet.hu\/gimnazium\/wp-json\/wp\/v2\/pages\/268\/revisions\/3053"}],"up":[{"embeddable":true,"href":"https:\/\/szent-erzsebet.hu\/gimnazium\/wp-json\/wp\/v2\/pages\/16"}],"wp:attachment":[{"href":"https:\/\/szent-erzsebet.hu\/gimnazium\/wp-json\/wp\/v2\/media?parent=268"}],"curies":[{"name":"wp","href":"https:\/\/api.w.org\/{rel}","templated":true}]}}