{"id":2806,"date":"2025-12-01T16:27:07","date_gmt":"2025-12-01T15:27:07","guid":{"rendered":"https:\/\/szent-erzsebet.hu\/gimnazium\/?page_id=2806"},"modified":"2025-12-01T16:30:14","modified_gmt":"2025-12-01T15:30:14","slug":"papp_zoltan_eloadasa","status":"publish","type":"page","link":"https:\/\/szent-erzsebet.hu\/gimnazium\/papp_zoltan_eloadasa\/","title":{"rendered":""},"content":{"rendered":"\n<p class=\"has-large-font-size\"><strong>Prof. Dr. Papp Zolt\u00e1n\u00a0egyetemi tan\u00e1r el\u0151ad\u00e1sa<\/strong><\/p>\n\n\n\n<p class=\"has-medium-font-size\"><strong>Az el\u0151ad\u00e1s t\u00e9m\u00e1ja: \u00a0Az \u0151ssejtkezel\u00e9s helye a sz\u00edvinfarktus gy\u00f3gy\u00edt\u00e1s\u00e1ban<\/strong><\/p>\n\n\n\n<p>A Magyar Tudom\u00e1nyos Akad\u00e9mia k\u00f6z\u00e9piskolai ALUMNI Programj\u00e1nak keret\u00e9ben int\u00e9zm\u00e9ny\u00fcnk megh\u00edvta Prof. Dr. Papp Zolt\u00e1n egyetemi tan\u00e1rt, a Debreceni Egyetem \u00c1ltal\u00e1nos Orvostudom\u00e1nyi Kar\u00e1nak tudom\u00e1nyos d\u00e9k\u00e1nhelyettes\u00e9t. Az el\u0151ad\u00e1sra az iskola d\u00edszterm\u00e9ben ker\u00fclt sor 2025. j\u00fanius 18-\u00e1n, melyen az int\u00e9zm\u00e9ny 11. \u00e9vfolyamos tanul\u00f3i vettek r\u00e9szt.<\/p>\n\n\n\n<figure class=\"wp-block-image size-large is-resized\"><img loading=\"lazy\" decoding=\"async\" width=\"1024\" height=\"576\" src=\"https:\/\/szent-erzsebet.hu\/gimnazium\/wp-content\/uploads\/sites\/5\/2025\/12\/vlcsnap-2025-12-01-14h51m59s290-1024x576.png\" alt=\"\" class=\"wp-image-2807\" style=\"width:657px;height:auto\" srcset=\"https:\/\/szent-erzsebet.hu\/gimnazium\/wp-content\/uploads\/sites\/5\/2025\/12\/vlcsnap-2025-12-01-14h51m59s290-1024x576.png 1024w, https:\/\/szent-erzsebet.hu\/gimnazium\/wp-content\/uploads\/sites\/5\/2025\/12\/vlcsnap-2025-12-01-14h51m59s290-300x169.png 300w, https:\/\/szent-erzsebet.hu\/gimnazium\/wp-content\/uploads\/sites\/5\/2025\/12\/vlcsnap-2025-12-01-14h51m59s290-768x432.png 768w, https:\/\/szent-erzsebet.hu\/gimnazium\/wp-content\/uploads\/sites\/5\/2025\/12\/vlcsnap-2025-12-01-14h51m59s290-1536x864.png 1536w, https:\/\/szent-erzsebet.hu\/gimnazium\/wp-content\/uploads\/sites\/5\/2025\/12\/vlcsnap-2025-12-01-14h51m59s290.png 1920w\" sizes=\"auto, (max-width: 1024px) 100vw, 1024px\" \/><\/figure>\n\n\n\n<p>A bevezet\u0151ben a sz\u00edvr\u0151l, mint szervr\u0151l volt sz\u00f3, az izomzat fel\u00e9p\u00edt\u00e9s\u00e9r\u0151l, megtudhattuk mib\u0151l lesz a sz\u00edvdobban\u00e1s, perct\u00e9rfogat, v\u00e9rkering\u00e9s. A sz\u00edvbetegs\u00e9gek kialakul\u00e1s\u00e1nak Magyarorsz\u00e1gon Nyugat-Eur\u00f3p\u00e1hoz k\u00e9pest magas a rizik\u00f3faktora, ami azt mutatja, hogy az \u00e9letforma, a genetikai \u00f6r\u00f6ks\u00e9g ahhoz j\u00e1rul hozz\u00e1, hogy itt gyakrabban fordulnak el\u0151 magas v\u00e9rnyom\u00e1sos betegs\u00e9gek, sz\u00edvinfarktus. Az el\u0151ad\u00f3 szeml\u00e9letesen besz\u00e9lt a sz\u00edvinfarktus kialakul\u00e1s\u00e1r\u00f3l, a sz\u00edvizomsejt elhal\u00e1s\u00e1nak folyamat\u00e1r\u00f3l. A sz\u00edvizmok elhal\u00e1si folyamat\u00e1nak okair\u00f3l is besz\u00e9lt: egy ember\u00f6lt\u0151 alatt a sz\u00edvizomsejtek sz\u00e1ma egy harmad\u00e1val cs\u00f6kken. A 2000-es \u00e9vek elej\u00e9n kezdt\u00e9k felismerni az \u0151ssejteket, \u00e9s kezdt\u00e9k a benn\u00fck rejl\u0151 potenci\u00e1lt felt\u00e9rk\u00e9pezni: az \u0151ssejtek biztos\u00edthatj\u00e1k valamilyen m\u00e9rt\u00e9kben a sz\u00edvizomsejtek kialakul\u00e1s\u00e1t, a sz\u00edvizomsejt \u00fajrak\u00e9pz\u0151d\u00e9s\u00e9t. Ha ezt meg tudja a tudom\u00e1ny t\u00e1mogatni, akkor a sz\u00edvizomzat infarktus\u00e1t is lehetne eredm\u00e9nyesebben gy\u00f3gy\u00edtani. Meghallgattuk, hogy az infarktus ut\u00e1n a bevett szok\u00e1s kat\u00e9teres m\u0171t\u00e9tekkel t\u00e1g\u00edtani az \u00e9rsz\u0171k\u00fcletet, cs\u00f6kkenteni a sejtelhal\u00e1s m\u00e9rt\u00e9k\u00e9t. Az \u0151ssejtek, mivel saj\u00e1t magukat k\u00e9pesek \u00fajrak\u00e9pezni, elind\u00edthatnak olyan folyamatokat, melyek seg\u00edts\u00e9g\u00e9vel a test\u00fcnket fel\u00e9p\u00edt\u0151 sejteket \u00e9s sz\u00f6veteket lehet p\u00f3tolni. Az \u0151ssejteket k\u00fcl\u00f6nb\u00f6z\u0151 helyekr\u0151l lehet kinyerni, k\u00fcl\u00f6nb\u00f6z\u0151 oszt\u00e1lyokba lehet sorolni \u0151ket. A tudom\u00e1nyos hipot\u00e9zis szerint tegy\u00fck az \u0151ssejteket k\u00edv\u00fclr\u0151l a s\u00e9r\u00fclt sz\u00edvbe, majd ott differenci\u00e1l\u00f3dnak, \u00e9rett sejtekk\u00e9 n\u0151nek, azt a szerepet fogj\u00e1k bet\u00f6lteni, amit t\u0151l\u00fck elv\u00e1rnak. K\u00eds\u00e9rletek folynak ebben a t\u00e9m\u00e1ban k\u00fcl\u00f6nb\u00f6z\u0151 \u0151ssejtekkel, k\u00fcl\u00f6nb\u00f6z\u0151 bejuttat\u00e1si m\u00f3dszerekkel.\u00a0<\/p>\n\n\n\n<p>Az el\u0151ad\u00f3 besz\u00e9lt a debreceni, egyed\u00fcl\u00e1ll\u00f3 k\u00eds\u00e9rletekr\u0151l, ahol 8 emberen v\u00e9gzett \u00f6ssejbe\u00fcltet\u00e9shez kaptak enged\u00e9lyt. Ugyanilyen m\u0171t\u00e9tet a vil\u00e1g sz\u00e1mos pontj\u00e1n is elv\u00e9geztek. A c\u00e9l az volt, hogy a sz\u00edv tartal\u00e9kai is megmaradjanak \u00e9s az \u0151ssejtek seg\u00edts\u00e9g\u00e9vel \u00fajak is k\u00e9pz\u0151djenek. A k\u00eds\u00e9rleti eredm\u00e9nyek elmaradtak a v\u00e1rthoz k\u00e9pest, ugyanis csak kism\u00e9rt\u00e9k\u0171 javul\u00e1s, vagy semmilyen javul\u00e1s nem volt kimutathat\u00f3.\u00a0Magyar\u00e1zatk\u00e9nt vide\u00f3t l\u00e1thattunk a magzati sz\u00edv kifejl\u0151d\u00e9s\u00e9r\u0151l, a sejtoszt\u00f3d\u00e1s folyamat\u00e1r\u00f3l. A sz\u00fclet\u00e9st k\u00f6vet\u0151en az eml\u0151s\u00f6k, \u00edgy az ember sz\u00edve is jelent\u0151s regener\u00e1ci\u00f3s k\u00e9pess\u00e9ggel rendelkezik. Ez a k\u00e9pess\u00e9g sajnos a kor el\u0151rehaladt\u00e1val jelent\u0151sen lecs\u00f6kken. A kutat\u00e1sok kimutatt\u00e1k, hogy\u00a0 a sz\u00edvizomsejtek nem k\u00e9pesek az \u0151ssejtek seg\u00edts\u00e9g\u00e9vel regener\u00e1l\u00f3dni, viszont az \u0151ssejtekkel sokkal jelent\u0151sebb eredm\u00e9nyeket lehet el\u00e9rni olyan szervekben, ahol a sejtek oszt\u00f3d\u00e1sa, regener\u00e1l\u00f3d\u00e1sa folyamatos, ez\u00e9rt a daganatos megbeteged\u00e9sek gy\u00f3gy\u00edt\u00e1s\u00e1ban kiv\u00e1l\u00f3 eredm\u00e9nyekkel alkalmazz\u00e1k az \u0151ssejt ter\u00e1pi\u00e1t.<\/p>\n\n\n\n<figure class=\"wp-block-gallery has-nested-images columns-default is-cropped wp-block-gallery-1 is-layout-flex wp-block-gallery-is-layout-flex\">\n<figure class=\"wp-block-image size-large\"><img loading=\"lazy\" decoding=\"async\" width=\"518\" height=\"835\" data-id=\"2811\" src=\"https:\/\/szent-erzsebet.hu\/gimnazium\/wp-content\/uploads\/sites\/5\/2025\/12\/vlcsnap-2025-12-01-14h50m06s742-1.png\" alt=\"\" class=\"wp-image-2811\" srcset=\"https:\/\/szent-erzsebet.hu\/gimnazium\/wp-content\/uploads\/sites\/5\/2025\/12\/vlcsnap-2025-12-01-14h50m06s742-1.png 518w, https:\/\/szent-erzsebet.hu\/gimnazium\/wp-content\/uploads\/sites\/5\/2025\/12\/vlcsnap-2025-12-01-14h50m06s742-1-186x300.png 186w\" sizes=\"auto, (max-width: 518px) 100vw, 518px\" \/><\/figure>\n\n\n\n<figure class=\"wp-block-image size-large\"><img loading=\"lazy\" decoding=\"async\" width=\"644\" height=\"616\" data-id=\"2810\" src=\"https:\/\/szent-erzsebet.hu\/gimnazium\/wp-content\/uploads\/sites\/5\/2025\/12\/vlcsnap-2025-12-01-14h51m47s024-1.png\" alt=\"\" class=\"wp-image-2810\" srcset=\"https:\/\/szent-erzsebet.hu\/gimnazium\/wp-content\/uploads\/sites\/5\/2025\/12\/vlcsnap-2025-12-01-14h51m47s024-1.png 644w, https:\/\/szent-erzsebet.hu\/gimnazium\/wp-content\/uploads\/sites\/5\/2025\/12\/vlcsnap-2025-12-01-14h51m47s024-1-300x287.png 300w\" sizes=\"auto, (max-width: 644px) 100vw, 644px\" \/><\/figure>\n<\/figure>\n\n\n\n<p>Az el\u0151ad\u00e1s nagyon \u00e9rdekes \u00e9s izgalmas volt, szokatlan volt hallani egy k\u00eds\u00e9rlet sikertelens\u00e9g\u00e9r\u0151l &#8211; \u00e1m az eredm\u00e9nyek m\u00e9gis el\u0151re mutatnak, \u00e9s az infarktus kialakul\u00e1s\u00e1nak megel\u0151z\u00e9s\u00e9hez, sz\u00edvizoms\u00e9r\u00fcl\u00e9sek gy\u00f3gy\u00edt\u00e1s\u00e1hoz fontos inform\u00e1ci\u00f3kat hordoznak.<\/p>\n\n\n\n<p><\/p>\n","protected":false},"excerpt":{"rendered":"<p>Prof. Dr. Papp Zolt\u00e1n\u00a0egyetemi tan\u00e1r el\u0151ad\u00e1sa Az el\u0151ad\u00e1s t\u00e9m\u00e1ja: \u00a0Az \u0151ssejtkezel\u00e9s helye a sz\u00edvinfarktus gy\u00f3gy\u00edt\u00e1s\u00e1ban A Magyar Tudom\u00e1nyos Akad\u00e9mia k\u00f6z\u00e9piskolai ALUMNI Programj\u00e1nak keret\u00e9ben int\u00e9zm\u00e9ny\u00fcnk megh\u00edvta Prof. Dr. Papp Zolt\u00e1n egyetemi tan\u00e1rt, a Debreceni Egyetem&#46;&#46;&#46;<\/p>\n","protected":false},"author":1,"featured_media":0,"parent":0,"menu_order":0,"comment_status":"closed","ping_status":"closed","template":"","meta":{"footnotes":"","_links_to":"","_links_to_target":""},"class_list":["post-2806","page","type-page","status-publish","hentry"],"_links":{"self":[{"href":"https:\/\/szent-erzsebet.hu\/gimnazium\/wp-json\/wp\/v2\/pages\/2806","targetHints":{"allow":["GET"]}}],"collection":[{"href":"https:\/\/szent-erzsebet.hu\/gimnazium\/wp-json\/wp\/v2\/pages"}],"about":[{"href":"https:\/\/szent-erzsebet.hu\/gimnazium\/wp-json\/wp\/v2\/types\/page"}],"author":[{"embeddable":true,"href":"https:\/\/szent-erzsebet.hu\/gimnazium\/wp-json\/wp\/v2\/users\/1"}],"replies":[{"embeddable":true,"href":"https:\/\/szent-erzsebet.hu\/gimnazium\/wp-json\/wp\/v2\/comments?post=2806"}],"version-history":[{"count":3,"href":"https:\/\/szent-erzsebet.hu\/gimnazium\/wp-json\/wp\/v2\/pages\/2806\/revisions"}],"predecessor-version":[{"id":2815,"href":"https:\/\/szent-erzsebet.hu\/gimnazium\/wp-json\/wp\/v2\/pages\/2806\/revisions\/2815"}],"wp:attachment":[{"href":"https:\/\/szent-erzsebet.hu\/gimnazium\/wp-json\/wp\/v2\/media?parent=2806"}],"curies":[{"name":"wp","href":"https:\/\/api.w.org\/{rel}","templated":true}]}}