{"id":2818,"date":"2025-12-01T17:17:51","date_gmt":"2025-12-01T16:17:51","guid":{"rendered":"https:\/\/szent-erzsebet.hu\/gimnazium\/?page_id=2818"},"modified":"2025-12-01T17:28:16","modified_gmt":"2025-12-01T16:28:16","slug":"juhasz_gabriella","status":"publish","type":"page","link":"https:\/\/szent-erzsebet.hu\/gimnazium\/juhasz_gabriella\/","title":{"rendered":""},"content":{"rendered":"\n<p class=\"has-large-font-size\"><strong>Prof. Dr. Juh\u00e1sz Gabriella egyetemi tan\u00e1r el\u0151ad\u00e1sa<\/strong><\/p>\n\n\n\n<p><strong>Az el\u0151ad\u00e1s t\u00e9m\u00e1ja: F\u00e1jdalomcsillap\u00edt\u00f3 t\u00falhaszn\u00e1lat. El\u0151zd meg, miel\u0151tt \u0151 el\u0151z meg t\u00e9ged!<\/strong><\/p>\n\n\n\n<p>Dr. Juh\u00e1sz Gabriella a Semmelweis Egyetem Gy\u00f3gyszer\u00e9sztudom\u00e1nyi Kar\u00e1nak docense tartott el\u0151ad\u00e1st iskol\u00e1nkban k\u00e9t munkat\u00e1rs\u00e1val, Dr. Kov\u00e1cs-Vince Rebeka gy\u00f3gyszer\u00e9sszel \u00e9s Hammer Angelika pszichol\u00f3gussal. Az el\u0151ad\u00f3k j\u00e1t\u00e9kos, interakt\u00edv m\u00f3don pr\u00f3b\u00e1lt\u00e1k megismertetni a hallgat\u00f3 k\u00f6z\u00f6ns\u00e9ggel, hogy mit kell tudni a f\u00e1jdalomr\u00f3l, f\u00e1jdalomcsillap\u00edt\u00f3kr\u00f3l. Az el\u0151ad\u00e1s a D\u00edszteremben zajlott 2025. j\u00fanius 18-\u00e1n \u00e9s a 9. \u00e9vfolyam tanul\u00f3i vettek r\u00e9szt rajta.<\/p>\n\n\n\n<figure class=\"wp-block-gallery has-nested-images columns-default is-cropped wp-block-gallery-1 is-layout-flex wp-block-gallery-is-layout-flex\">\n<figure class=\"wp-block-image size-large\"><img loading=\"lazy\" decoding=\"async\" width=\"821\" height=\"630\" data-id=\"2819\" src=\"https:\/\/szent-erzsebet.hu\/gimnazium\/wp-content\/uploads\/sites\/5\/2025\/12\/vlcsnap-2025-12-01-16h45m15s620.png\" alt=\"\" class=\"wp-image-2819\" srcset=\"https:\/\/szent-erzsebet.hu\/gimnazium\/wp-content\/uploads\/sites\/5\/2025\/12\/vlcsnap-2025-12-01-16h45m15s620.png 821w, https:\/\/szent-erzsebet.hu\/gimnazium\/wp-content\/uploads\/sites\/5\/2025\/12\/vlcsnap-2025-12-01-16h45m15s620-300x230.png 300w, https:\/\/szent-erzsebet.hu\/gimnazium\/wp-content\/uploads\/sites\/5\/2025\/12\/vlcsnap-2025-12-01-16h45m15s620-768x589.png 768w\" sizes=\"auto, (max-width: 821px) 100vw, 821px\" \/><\/figure>\n<\/figure>\n\n\n\n<p>A f\u00e1jdalmat neh\u00e9z defini\u00e1lni, de elmondhat\u00f3 r\u00f3la, hogy egy kellemetlen \u00e9lm\u00e9ny \u00e9s legt\u00f6bbsz\u00f6r valamilyen s\u00e9r\u00fcl\u00e9shez, betegs\u00e9ghez kapcsoljuk. A f\u00e1jdalomkutat\u00e1s nagy neh\u00e9zs\u00e9ge, hogy a f\u00e1jdalmat objekt\u00edven nem tudjuk m\u00e9rni, hiszen mindenki egy\u00e9ni m\u00f3don \u00e9li meg azt. A fejf\u00e1j\u00e1sok nemcsak k\u00fcl\u00f6nb\u00f6z\u0151 er\u0151ss\u00e9g\u0171ek, de sok m\u00e1s tulajdons\u00e1guk alapj\u00e1n is megk\u00fcl\u00f6nb\u00f6ztethet\u0151ek &#8211; pl. hol f\u00e1j, milyen gyakran f\u00e1j, tudjuk-e mi\u00e9rt f\u00e1j, van-e m\u00e1s t\u00fcnet a fejf\u00e1j\u00e1s mellett.<\/p>\n\n\n\n<p>A fejf\u00e1j\u00e1s kutat\u00f3k egy nemzetk\u00f6zi rendszert hoztak l\u00e9tre, ami alapj\u00e1n k\u00fcl\u00f6nb\u00f6z\u0151 t\u00edpusokra bontj\u00e1k a fejf\u00e1j\u00e1sokat. 2 alapt\u00edpus l\u00e9tezik: els\u0151dleges \u00e9s m\u00e1sodlagos fejf\u00e1j\u00e1s. A m\u00e1sodlagos fejf\u00e1j\u00e1s jellemz\u0151je, hogy valamilyen betegs\u00e9g vagy esem\u00e9ny id\u00e9zi el\u0151 a fejf\u00e1j\u00e1st, \u00e9s a fejf\u00e1j\u00e1s m\u00e1sodlagosan egy t\u00fcnete ennek a dolognak &#8211; p\u00e9ld\u00e1ul egy influenza vagy biciklibaleset eset\u00e9n. Ezzel szemben az els\u0151dleges fejf\u00e1j\u00e1s eset\u00e9ben nincs egy\u00e9rtelm\u0171 kiv\u00e1lt\u00f3 ok, a fejf\u00e1j\u00e1s nem t\u00fcnet, hanem maga a betegs\u00e9g. Az els\u0151dleges fejf\u00e1j\u00e1sok k\u00f6z\u00e9 tartozik a migr\u00e9n, a tenzi\u00f3s fejf\u00e1j\u00e1s \u00e9s a cluster fejf\u00e1j\u00e1s. Ezek jellemz\u0151ir\u0151l, a k\u00f6zt\u00fck l\u00e9v\u0151 k\u00fcl\u00f6nbs\u00e9gekr\u0151l hallhattunk b\u0151vebben.<\/p>\n\n\n\n<p>Az el\u0151ad\u00e1s k\u00f6vetkez\u0151 r\u00e9sz\u00e9ben a prosztaglandinok szerep\u00e9r\u0151l, a nem szteroid gyullad\u00e1scs\u00f6kkent\u0151kr\u0151l (mint p\u00e9ld\u00e1ul algopyrin, algoflex) volt sz\u00f3. Ezek a gy\u00f3gyszerek f\u00e1jdalmat cs\u00f6kkentenek, l\u00e1zat csillap\u00edtanak, gyullad\u00e1st cs\u00f6kkentenek. Nyilv\u00e1nval\u00f3an vannak pozit\u00edv hat\u00e1saik, de ha nagy mennyis\u00e9gben \u00e9s hosszan haszn\u00e1ljuk ezeket a gy\u00f3gyszereket, a mell\u00e9khat\u00e1sok el\u0151bb-ut\u00f3bb t\u00fals\u00e1gosan er\u0151sek lehetnek. Az el\u0151ad\u00f3 elmondta, hogy egy h\u00e9ten 2 napon lehet f\u00e1jdalomcsillap\u00edt\u00f3t bevenni, ha enn\u00e9l t\u00f6bb napon tessz\u00fck, f\u00e1jdalomcsillap\u00edt\u00f3 t\u00falhaszn\u00e1lat \u00e1ll fenn.&nbsp;<\/p>\n\n\n\n<p>Az el\u0151ad\u00e1s utols\u00f3 r\u00e9sz\u00e9ben pszichol\u00f3giai szempontb\u00f3l k\u00f6zel\u00edtett\u00fck meg a t\u00e9m\u00e1t. Megtudtuk, hogy az \u00e9rzelmeknek is fontos szerepe van a fejf\u00e1j\u00e1sokban. Az \u00e9rzelmeink valamilyen k\u00fcls\u0151 vagy bels\u0151 dologra adott reakci\u00f3nkat fejezik ki. Vannak k\u00fcl\u00f6nb\u00f6z\u0151 strat\u00e9gi\u00e1k, amiket az \u00e9rzelmeink kezel\u00e9s\u00e9re tudunk haszn\u00e1lni &#8211; pl. az \u00e9rzelmek \u00e1tkeretez\u00e9se, n\u00e9z\u0151pontv\u00e1lt\u00e1s, az \u00e9rzelmek elfojt\u00e1sa. Neh\u00e9z elk\u00fcl\u00f6n\u00edteni, hogy mik a j\u00f3 strat\u00e9gi\u00e1k \u00e9s mik a rosszak, ezeket mindig az adott szitu\u00e1ci\u00f3hoz illesztve kell kiv\u00e1lasztanunk, mi az ami seg\u00edt nek\u00fcnk az adott helyzet kezel\u00e9s\u00e9ben. Nagyon sokszor negat\u00edv \u00e9rzelmek t\u00e1rsulnak ahhoz, ha f\u00e1jdalmakat \u00e9l\u00fcnk meg, \u00e9s fontos megtanulnunk ezeknek a kezel\u00e9s\u00e9t. Egy k\u00f6z\u00f6s gyakorlat sor\u00e1n megismerhett\u00fck a f\u00f6ldel\u00e9s technik\u00e1j\u00e1t, mely seg\u00edt az \u00e9rzelmek szab\u00e1lyoz\u00e1s\u00e1ban, seg\u00edt a figyelm\u00fcnket a jelenbe visszair\u00e1ny\u00edtani azokban a helyzetekben, mikor az \u00e9rzelmeink eluralkodnak rajtunk.<\/p>\n\n\n\n<p>V\u00e9gezet\u00fcl az el\u0151ad\u00f3k felh\u00edvt\u00e1k a figyelm\u00fcnket a fejf\u00e1j\u00e1snapl\u00f3 hasznoss\u00e1g\u00e1ra, illetve arra, hogy milyen helyzetekben kell mindenk\u00e9pp orvoshoz fordulni. Az el\u0151ad\u00e1s igaz\u00e1n hasznos volt mindannyiunk sz\u00e1m\u00e1ra, tanul\u00f3ink maguk is akt\u00edvan bekapcsol\u00f3dhattak mobiltelefonjaik seg\u00edts\u00e9g\u00e9vel k\u00fcl\u00f6nb\u00f6z\u0151 tesztek, k\u00e9rd\u0151\u00edvek kit\u00f6lt\u00e9s\u00e9vel.<\/p>\n","protected":false},"excerpt":{"rendered":"<p>Prof. Dr. Juh\u00e1sz Gabriella egyetemi tan\u00e1r el\u0151ad\u00e1sa Az el\u0151ad\u00e1s t\u00e9m\u00e1ja: F\u00e1jdalomcsillap\u00edt\u00f3 t\u00falhaszn\u00e1lat. El\u0151zd meg, miel\u0151tt \u0151 el\u0151z meg t\u00e9ged! Dr. Juh\u00e1sz Gabriella a Semmelweis Egyetem Gy\u00f3gyszer\u00e9sztudom\u00e1nyi Kar\u00e1nak docense tartott el\u0151ad\u00e1st iskol\u00e1nkban k\u00e9t munkat\u00e1rs\u00e1val, Dr.&#46;&#46;&#46;<\/p>\n","protected":false},"author":1,"featured_media":0,"parent":0,"menu_order":0,"comment_status":"closed","ping_status":"closed","template":"","meta":{"footnotes":"","_links_to":"","_links_to_target":""},"class_list":["post-2818","page","type-page","status-publish","hentry"],"_links":{"self":[{"href":"https:\/\/szent-erzsebet.hu\/gimnazium\/wp-json\/wp\/v2\/pages\/2818","targetHints":{"allow":["GET"]}}],"collection":[{"href":"https:\/\/szent-erzsebet.hu\/gimnazium\/wp-json\/wp\/v2\/pages"}],"about":[{"href":"https:\/\/szent-erzsebet.hu\/gimnazium\/wp-json\/wp\/v2\/types\/page"}],"author":[{"embeddable":true,"href":"https:\/\/szent-erzsebet.hu\/gimnazium\/wp-json\/wp\/v2\/users\/1"}],"replies":[{"embeddable":true,"href":"https:\/\/szent-erzsebet.hu\/gimnazium\/wp-json\/wp\/v2\/comments?post=2818"}],"version-history":[{"count":1,"href":"https:\/\/szent-erzsebet.hu\/gimnazium\/wp-json\/wp\/v2\/pages\/2818\/revisions"}],"predecessor-version":[{"id":2822,"href":"https:\/\/szent-erzsebet.hu\/gimnazium\/wp-json\/wp\/v2\/pages\/2818\/revisions\/2822"}],"wp:attachment":[{"href":"https:\/\/szent-erzsebet.hu\/gimnazium\/wp-json\/wp\/v2\/media?parent=2818"}],"curies":[{"name":"wp","href":"https:\/\/api.w.org\/{rel}","templated":true}]}}