{"id":2827,"date":"2025-12-02T23:17:24","date_gmt":"2025-12-02T22:17:24","guid":{"rendered":"https:\/\/szent-erzsebet.hu\/gimnazium\/?page_id=2827"},"modified":"2025-12-04T12:09:42","modified_gmt":"2025-12-04T11:09:42","slug":"aszodi_attila","status":"publish","type":"page","link":"https:\/\/szent-erzsebet.hu\/gimnazium\/aszodi_attila\/","title":{"rendered":""},"content":{"rendered":"\n<p class=\"has-large-font-size\"><strong>Prof. Dr. Asz\u00f3di Attila egyetemi tan\u00e1r el\u0151ad\u00e1sa<\/strong><\/p>\n\n\n\n<p class=\"has-medium-font-size\"><strong>Az el\u0151ad\u00e1s t\u00e9m\u00e1ja: Energetikai trendek itthon \u00e9s a nagyvil\u00e1gban, atomreaktorok m\u0171k\u00f6d\u00e9se, kis modul\u00e1ris reaktorok a szerverparkok m\u00f6g\u00f6tt<\/strong><\/p>\n\n\n\n<p>2025. j\u00fanius 19-\u00e9n iskol\u00e1nk D\u00edszterm\u00e9ben tartott el\u0151ad\u00e1st Prof. Dr. Asz\u00f3di Attila a BME Nukle\u00e1ris Technikai Int\u00e9zet\u00e9nek egyetemi tan\u00e1ra. Az el\u0151ad\u00e1st a 10. \u00e9vfolyam tanul\u00f3i hallgatt\u00e1k meg, akik m\u00e1sf\u00e9l \u00f3r\u00e1n \u00e1t k\u00eds\u00e9rt\u00e9k figyelemmel a hallottakat, s\u0151t be is kapcsol\u00f3dtak bizony\u00edtva tud\u00e1sukat a k\u00e9miai elemekr\u0151l, protonsz\u00e1mokr\u00f3l \u00e9s izot\u00f3pokr\u00f3l.<\/p>\n\n\n\n<figure class=\"wp-block-gallery has-nested-images columns-default is-cropped wp-block-gallery-1 is-layout-flex wp-block-gallery-is-layout-flex\">\n<figure class=\"wp-block-image size-full\"><img loading=\"lazy\" decoding=\"async\" width=\"490\" height=\"695\" data-id=\"2828\" src=\"https:\/\/szent-erzsebet.hu\/gimnazium\/wp-content\/uploads\/sites\/5\/2025\/12\/vlcsnap-2025-12-02-14h31m06s458.png\" alt=\"\" class=\"wp-image-2828\" srcset=\"https:\/\/szent-erzsebet.hu\/gimnazium\/wp-content\/uploads\/sites\/5\/2025\/12\/vlcsnap-2025-12-02-14h31m06s458.png 490w, https:\/\/szent-erzsebet.hu\/gimnazium\/wp-content\/uploads\/sites\/5\/2025\/12\/vlcsnap-2025-12-02-14h31m06s458-212x300.png 212w\" sizes=\"auto, (max-width: 490px) 100vw, 490px\" \/><\/figure>\n\n\n\n<figure class=\"wp-block-image size-full\"><img loading=\"lazy\" decoding=\"async\" width=\"444\" height=\"638\" data-id=\"2829\" src=\"https:\/\/szent-erzsebet.hu\/gimnazium\/wp-content\/uploads\/sites\/5\/2025\/12\/vlcsnap-2025-12-02-14h55m16s896.png\" alt=\"\" class=\"wp-image-2829\" srcset=\"https:\/\/szent-erzsebet.hu\/gimnazium\/wp-content\/uploads\/sites\/5\/2025\/12\/vlcsnap-2025-12-02-14h55m16s896.png 444w, https:\/\/szent-erzsebet.hu\/gimnazium\/wp-content\/uploads\/sites\/5\/2025\/12\/vlcsnap-2025-12-02-14h55m16s896-209x300.png 209w\" sizes=\"auto, (max-width: 444px) 100vw, 444px\" \/><\/figure>\n<\/figure>\n\n\n\n<p>A bevezet\u0151ben a tan\u00e1r \u00far bemutatta a Budapesti M\u0171szaki Egyetem fel\u00e9p\u00edt\u00e9s\u00e9t, megnevezve az egyes karokat, tanulm\u00e1nyi szakokat \u00e9s k\u00e9pz\u00e9st\u00edpusokat az alapk\u00e9pz\u00e9st\u0151l a doktori k\u00e9pz\u00e9sekig. Friss ter\u00fcletk\u00e9nt eml\u00edtette a mesters\u00e9ges intelligenci\u00e1val, annak fejleszt\u00e9s\u00e9vel kapcsolatos k\u00e9pz\u00e9st, mely szint\u00e9n a BME k\u00e9pz\u00e9sei k\u00f6z\u00e9 tartozik. Az el\u0151ad\u00e1snak ez a r\u00e9sze is rendk\u00edv\u00fcl hasznos volt, hiszen tanul\u00f3ink az \u00e9retts\u00e9gi, illetve a p\u00e1lyav\u00e1laszt\u00e1s el\u0151tt \u00e1llnak.<\/p>\n\n\n\n<p>A k\u00f6vetkez\u0151 r\u00e9szben az energetik\u00e1r\u00f3l, azon bel\u00fcl a legn\u00e9pszer\u0171bb ter\u00fcletr\u0151l a villamos energi\u00e1r\u00f3l volt sz\u00f3. K\u00f6z\u00e9leti, mindenki sz\u00e1m\u00e1ra \u00e9rthet\u0151 p\u00e9ld\u00e1n kereszt\u00fcl megtudhattuk, mennyi villamos energi\u00e1ra van sz\u00fcks\u00e9g egy vide\u00f3megoszt\u00f3 port\u00e1l m\u0171k\u00f6d\u00e9s\u00e9hez szerver oldalr\u00f3l. \u00d6sszehasonl\u00edt\u00e1sk\u00e9nt l\u00e1thattuk, hogy egy Google alap\u00fa keres\u00e9s mennyi energi\u00e1t ig\u00e9nyel, majd pedig azt, hogy a mesters\u00e9ges intelligenci\u00e1t, annak algoritmusait haszn\u00e1l\u00f3 keres\u00e9s 10-20-30-szor t\u00f6bb energi\u00e1t ig\u00e9nyel, ez\u00e9rt emiatt a k\u00f6zelj\u00f6v\u0151ben n\u00f6vekedni fog a villamos energia ig\u00e9ny ebben a szektorban. Diagramon l\u00e1thattuk az ilyen jelleg\u0171 energiaig\u00e9ny \u00f6sszevet\u00e9s\u00e9t Magyarorsz\u00e1g vagy az Eur\u00f3pai Uni\u00f3 \u00e9ves ig\u00e9ny\u00e9vel, hatalmas mennyis\u00e9gr\u0151l van sz\u00f3. A kl\u00edmakonferenci\u00e1n harminc orsz\u00e1g tett kijelent\u00e9st, hogy meg akarj\u00e1k tripl\u00e1zni&nbsp;a jelenlegi atomer\u0151m\u0171 kapacit\u00e1st a vil\u00e1gon.<\/p>\n\n\n\n<p>A tov\u00e1bbiakban arr\u00f3l hallhattunk, hogy mennyire fontos az egyens\u00falytart\u00e1s a termel\u00e9s \u00e9s fogyaszt\u00e1s k\u00f6z\u00f6tt, az ig\u00e9nyben bek\u00f6vetkez\u0151 v\u00e1ltoz\u00e1st le kell tudni k\u00f6vetni a termel\u00e9si oldalon, hogy ne boruljon fel az egyens\u00faly, mert az frekvenciav\u00e1ltoz\u00e1st okoz, aminek k\u00f6vetkezt\u00e9ben a h\u00e1ztart\u00e1si eszk\u00f6z\u00f6k lekapcsolnak. A reaktorok m\u00e9ret szerinti oszt\u00e1lyoz\u00e1sa k\u00f6vetkezett: mikro reaktorok, kis modul\u00e1ris reaktorok \u00e9s nagy teljes\u00edtm\u00e9ny\u0171 reaktorokat ismer\u00fcnk. A kis modul\u00e1ris reaktorok jelentik a k\u00f6z\u00e9ps\u0151 kateg\u00f3ri\u00e1ba es\u0151 teljes\u00edtm\u00e9nyoszt\u00e1lyt, a legnagyobb ig\u00e9ny ez ir\u00e1nt van a modularit\u00e1suk miatt: egy modulhoz kapcsol\u00f3djon egy energia\u00e1talak\u00edt\u00f3 egys\u00e9g (turbina) t\u00f6bb modul egym\u00e1s mell\u00e9 helyez\u00e9s\u00e9vel lehet sokszorozni a teljes\u00edtm\u00e9nyt. Ezek meg\u00e9p\u00edt\u00e9s\u00e9vel kapcsolatban elmondta, a modulokat a gy\u00e1rban egyben elk\u00e9sz\u00edtve sz\u00e1ll\u00edtjuk a helysz\u00ednre, ez gazdas\u00e1gi oldalr\u00f3l nagyon el\u0151ny\u00f6s, hiszen r\u00f6vid id\u0151 alatt lehet meg\u00e9p\u00edteni, \u00edgy a finansz\u00edroz\u00e1s is kisebb. Hozz\u00e1tette, hogy sokat fogunk hallani err\u0151l az elk\u00f6vetkezend\u0151 id\u0151szakban, a c\u00e9l a szerverparkok villamos ig\u00e9ny\u00e9nek a kiel\u00e9g\u00edt\u00e9se lesz.<\/p>\n\n\n\n<p>A k\u00f6vetkez\u0151 r\u00e9szben a reaktorok m\u0171k\u00f6d\u00e9s\u00e9r\u0151l hallhattunk, k\u00f6zben a tanul\u00f3kat k\u00e9rdezte k\u00e9miai ismereteikr\u0151l. A tanul\u00f3k \u00fcgyesen kapcsol\u00f3dtak be olyan fogalmak magyar\u00e1zat\u00e1ba, mint atom, atommag, proton, izot\u00f3p, peri\u00f3dusos rendszer. Megismert\u00fck a boml\u00e1s \u00e9s hasad\u00e1s k\u00f6zti k\u00fcl\u00f6nbs\u00e9get, a sug\u00e1rz\u00e1s fajt\u00e1it, ezek m\u00e9rt\u00e9k\u00e9t \u00e9s hat\u00e1sait egy \u00e1tlagos ember \u00e9ves d\u00f3zisterhel\u00e9s\u00e9nek bemutat\u00e1s\u00e1val.<\/p>\n\n\n\n<p>Az utols\u00f3 r\u00e9szben a reaktorok m\u0171k\u00f6d\u00e9s\u00e9r\u0151l hallhattunk, mik\u00e9nt t\u00f6rt\u00e9nik a villamos energia termel\u00e9se, hogyan keletkezik a g\u0151z, mely meghajtja a turbin\u00e1t, melynek mozg\u00e1sa el\u0151\u00e1ll\u00edtja a villamos energi\u00e1t. Az atomreaktorokban magenergi\u00e1t hasznos\u00edtunk a g\u0151z el\u0151\u00e1ll\u00edt\u00e1s\u00e1hoz. V\u00e9g\u00fcl az ur\u00e1nb\u00e1ny\u00e1szatr\u00f3l hallottunk, hogy b\u00e1ny\u00e1ssz\u00e1k, \u00e1ll\u00edtj\u00e1k el\u0151 az ur\u00e1nt, hogy sz\u00e1ll\u00edtj\u00e1k el. Majd nagyon fontos elemk\u00e9nt a reaktorok h\u0171t\u00e9si rendszer\u00e9t is megismert\u00fck.<\/p>\n\n\n\n<p>Az el\u0151ad\u00e1s v\u00e9g\u00e9n lehet\u0151s\u00e9g volt k\u00e9rd\u00e9sek megfogalmaz\u00e1s\u00e1ra, melyekre v\u00e1laszt is kaptunk.<\/p>\n","protected":false},"excerpt":{"rendered":"<p>Prof. Dr. Asz\u00f3di Attila egyetemi tan\u00e1r el\u0151ad\u00e1sa Az el\u0151ad\u00e1s t\u00e9m\u00e1ja: Energetikai trendek itthon \u00e9s a nagyvil\u00e1gban, atomreaktorok m\u0171k\u00f6d\u00e9se, kis modul\u00e1ris reaktorok a szerverparkok m\u00f6g\u00f6tt 2025. j\u00fanius 19-\u00e9n iskol\u00e1nk D\u00edszterm\u00e9ben tartott el\u0151ad\u00e1st Prof. Dr. Asz\u00f3di&#46;&#46;&#46;<\/p>\n","protected":false},"author":1,"featured_media":0,"parent":0,"menu_order":0,"comment_status":"closed","ping_status":"closed","template":"","meta":{"footnotes":"","_links_to":"","_links_to_target":""},"class_list":["post-2827","page","type-page","status-publish","hentry"],"_links":{"self":[{"href":"https:\/\/szent-erzsebet.hu\/gimnazium\/wp-json\/wp\/v2\/pages\/2827","targetHints":{"allow":["GET"]}}],"collection":[{"href":"https:\/\/szent-erzsebet.hu\/gimnazium\/wp-json\/wp\/v2\/pages"}],"about":[{"href":"https:\/\/szent-erzsebet.hu\/gimnazium\/wp-json\/wp\/v2\/types\/page"}],"author":[{"embeddable":true,"href":"https:\/\/szent-erzsebet.hu\/gimnazium\/wp-json\/wp\/v2\/users\/1"}],"replies":[{"embeddable":true,"href":"https:\/\/szent-erzsebet.hu\/gimnazium\/wp-json\/wp\/v2\/comments?post=2827"}],"version-history":[{"count":2,"href":"https:\/\/szent-erzsebet.hu\/gimnazium\/wp-json\/wp\/v2\/pages\/2827\/revisions"}],"predecessor-version":[{"id":2838,"href":"https:\/\/szent-erzsebet.hu\/gimnazium\/wp-json\/wp\/v2\/pages\/2827\/revisions\/2838"}],"wp:attachment":[{"href":"https:\/\/szent-erzsebet.hu\/gimnazium\/wp-json\/wp\/v2\/media?parent=2827"}],"curies":[{"name":"wp","href":"https:\/\/api.w.org\/{rel}","templated":true}]}}