{"id":2839,"date":"2025-12-04T12:16:45","date_gmt":"2025-12-04T11:16:45","guid":{"rendered":"https:\/\/szent-erzsebet.hu\/gimnazium\/?page_id=2839"},"modified":"2025-12-04T12:17:44","modified_gmt":"2025-12-04T11:17:44","slug":"klebovich_imre","status":"publish","type":"page","link":"https:\/\/szent-erzsebet.hu\/gimnazium\/klebovich_imre\/","title":{"rendered":""},"content":{"rendered":"\n<p class=\"has-large-font-size\"><strong>Prof. Dr. Klebovich Imre egyetemi tan\u00e1r el\u0151ad\u00e1sa<\/strong><\/p>\n\n\n\n<p class=\"has-medium-font-size\"><strong>Az el\u0151ad\u00e1s t\u00e9m\u00e1ja a korszer\u0171 gy\u00f3gyszerkutat\u00e1s lehets\u00e9ges ir\u00e1nyai; a gy\u00f3gyszer \u2013 \u00e9tel, gy\u00f3gyszer &#8211; alkohol, gy\u00f3gyszer- doh\u00e1nyz\u00e1s, gy\u00f3gyszer &#8211; koffein interakci\u00f3k \u00e9s klinikai jelent\u0151s\u00e9g\u00fck volt.<\/strong><\/p>\n\n\n\n<p>Iskol\u00e1nkban, az \u00c1rp\u00e1d-h\u00e1zi Szent Erzs\u00e9bet Gimn\u00e1zium, \u00d3voda \u00e9s \u00c1ltal\u00e1nos Iskol\u00e1ban az 5-12. \u00e9vfolyamosok r\u00e9szv\u00e9tel\u00e9vel \u00e9vente megszervezett \u201eEg\u00e9szs\u00e9gh\u00e9t\u201d keret\u00e9ben sz\u00e1mos kutat\u00f3 tart el\u0151ad\u00e1st. A Magyar Tudom\u00e1nyos Akad\u00e9mia k\u00f6z\u00e9piskolai Alumni programj\u00e1nak keret\u00e9ben 2025. j\u00fanius 19-\u00e9n az iskola d\u00edszterm\u00e9ben a 10. \u00e9vfolyamosok \u00e9s k\u00e9mia szakos tan\u00e1raik sz\u00e1m\u00e1ra Prof. Dr. Klebovich Imre (az MTA doktora, egyetemi tan\u00e1r, Professor emeritus) tartott el\u0151ad\u00e1st.<\/p>\n\n\n\n<figure class=\"wp-block-gallery has-nested-images columns-default is-cropped wp-block-gallery-1 is-layout-flex wp-block-gallery-is-layout-flex\">\n<figure class=\"wp-block-image size-large\"><img loading=\"lazy\" decoding=\"async\" width=\"461\" height=\"624\" data-id=\"2841\" src=\"https:\/\/szent-erzsebet.hu\/gimnazium\/wp-content\/uploads\/sites\/5\/2025\/12\/vlcsnap-2025-12-03-16h57m37s594.png\" alt=\"\" class=\"wp-image-2841\" srcset=\"https:\/\/szent-erzsebet.hu\/gimnazium\/wp-content\/uploads\/sites\/5\/2025\/12\/vlcsnap-2025-12-03-16h57m37s594.png 461w, https:\/\/szent-erzsebet.hu\/gimnazium\/wp-content\/uploads\/sites\/5\/2025\/12\/vlcsnap-2025-12-03-16h57m37s594-222x300.png 222w\" sizes=\"auto, (max-width: 461px) 100vw, 461px\" \/><\/figure>\n\n\n\n<figure class=\"wp-block-image size-large\"><img loading=\"lazy\" decoding=\"async\" width=\"371\" height=\"623\" data-id=\"2840\" src=\"https:\/\/szent-erzsebet.hu\/gimnazium\/wp-content\/uploads\/sites\/5\/2025\/12\/vlcsnap-2025-12-03-17h03m04s634.png\" alt=\"\" class=\"wp-image-2840\" srcset=\"https:\/\/szent-erzsebet.hu\/gimnazium\/wp-content\/uploads\/sites\/5\/2025\/12\/vlcsnap-2025-12-03-17h03m04s634.png 371w, https:\/\/szent-erzsebet.hu\/gimnazium\/wp-content\/uploads\/sites\/5\/2025\/12\/vlcsnap-2025-12-03-17h03m04s634-179x300.png 179w\" sizes=\"auto, (max-width: 371px) 100vw, 371px\" \/><\/figure>\n\n\n\n<figure class=\"wp-block-image size-large\"><img loading=\"lazy\" decoding=\"async\" width=\"401\" height=\"633\" data-id=\"2842\" src=\"https:\/\/szent-erzsebet.hu\/gimnazium\/wp-content\/uploads\/sites\/5\/2025\/12\/vlcsnap-2025-12-03-17h05m02s005.png\" alt=\"\" class=\"wp-image-2842\" srcset=\"https:\/\/szent-erzsebet.hu\/gimnazium\/wp-content\/uploads\/sites\/5\/2025\/12\/vlcsnap-2025-12-03-17h05m02s005.png 401w, https:\/\/szent-erzsebet.hu\/gimnazium\/wp-content\/uploads\/sites\/5\/2025\/12\/vlcsnap-2025-12-03-17h05m02s005-190x300.png 190w\" sizes=\"auto, (max-width: 401px) 100vw, 401px\" \/><\/figure>\n<\/figure>\n\n\n\n<p>A professzor els\u0151k\u00e9nt bemutatta kapcsol\u00f3d\u00e1sait Esztergomhoz, majd r\u00e1t\u00e9rt a generikus \u00e9s az origin\u00e1lis gy\u00f3gyszerek k\u00f6zti k\u00fcl\u00f6nbs\u00e9gek, \u00e9s a gy\u00f3gyszer\u00e9szet \u00faj tudom\u00e1nyter\u00fcleteinek bemutat\u00e1s\u00e1ra. Vet\u00edtett k\u00e9pek seg\u00edts\u00e9g\u00e9vel bemutatta milyen lehet\u0151s\u00e9gek vannak arra, hogy kontakt lencse seg\u00edts\u00e9g\u00e9vel bevigy\u00fcnk gy\u00f3gyszereket a szervezet\u00fcnkbe. Besz\u00e9lt arr\u00f3l, milyen dinamikusan n\u00f6vekedtek a k\u00fcl\u00f6nb\u00f6z\u0151 m\u00e9r\u00e9si technol\u00f3gi\u00e1k: ma m\u00e1r 10<sup>-21<\/sup> gramm t\u00f6megeket is meg tudunk m\u00e9rni. A gy\u00f3gyszerek bejuttat\u00e1s\u00e1nak, a hat\u00f3anyagok szab\u00e1lyozott felszabadul\u00e1s\u00e1nak technol\u00f3giai csod\u00e1ival ismertetett meg minket a professzor \u00far. Hallhattuk, hogy az \u00faj gy\u00f3gyszerek fejleszt\u00e9se ak\u00e1r 15-18 \u00e9vig is eltarthat, \u00e9s a k\u00f6lts\u00e9geit gyakran egyetlen gy\u00f3gyszergy\u00e1r sem k\u00e9pes egyed\u00fcl finansz\u00edrozni. \u00cdgy \u00e9rthet\u0151 v\u00e1lt a hossz\u00fa szabadalmi id\u0151 is. Halhattunk a viszonylag \u00fajnak sz\u00e1m\u00edt\u00f3 biol\u00f3giai gy\u00f3gyszerekr\u0151l.<\/p>\n\n\n\n<p>M\u00e1sodik nagy t\u00e9mak\u00f6rk\u00e9nt professzor \u00far bevezetett minket a hat\u00f3anyagok interferenci\u00e1iba. A gy\u00f3gyszer \u2013 k\u00e1b\u00edt\u00f3szer interferencia kapcs\u00e1n hangs\u00falyozta, hogy az \u00faj \u201egar\u00e1zsipari\u201d szintetikus k\u00e1b\u00edt\u00f3szerekr\u0151l semmit sem tudunk. Nem ismerj\u00fck a k\u00e9plet\u00fcket, szerkezet\u00fcket, hat\u00e1smechanizmusukat, egy\u00fcttm\u0171k\u00f6d\u00e9s\u00fcket m\u00e1s hat\u00f3anyagokkal. Ha egy olyan embert sz\u00e1ll\u00edtanak k\u00f3rh\u00e1zba, aki ilyen ismeretlen anyagot szedett be, nagyon neh\u00e9z helyzetbe ker\u00fclnek az orvosok, mert nem tudj\u00e1k, mit adhatnak be a betegnek. A farmakogenetika tudom\u00e1ny\u00e1nak bemutat\u00e1sakor megtudhattuk, hogy az egyes n\u00e9pcsoportok, az egyes emberek elt\u00e9r\u0151 sebess\u00e9g\u0171 metaboliz\u00e1ci\u00f3val \u00fcr\u00edtenek ki anyagokat \u00e9s gy\u00f3gyszer hat\u00f3anyagokat. P\u00e9ldak\u00e9nt eml\u00edtette az alkohol elt\u00e9r\u0151 sebess\u00e9g\u0171 meteboliz\u00e1ci\u00f3j\u00e1t az eur\u00f3pai \u00e9s \u00e1zsiai n\u00e9pcsoportokban. A farmakol\u00f3gia kih\u00edv\u00e1sai k\u00f6z\u00e9 tartozik a hat\u00f3anyagok elt\u00e9r\u0151 m\u00e9rt\u00e9k\u0171 felsz\u00edv\u00f3d\u00e1sa, metaboliz\u00e1ci\u00f3ja, a sz\u00f6vetek \u00e9s a m\u00e1j m\u00e9regtelen\u00edt\u0151 enzimrendszerinek hat\u00e1sa. A k\u00fcl\u00f6nb\u00f6z\u0151 n\u00e9pcsoportok elt\u00e9r\u0151 t\u00e1pl\u00e1lkoz\u00e1si szok\u00e1sai, az elt\u00e9r\u0151 \u00e9ghajlati viszonyok jelent\u0151sen befoly\u00e1solj\u00e1k a fentieket, ez\u00e9rt az egyes orsz\u00e1gokban nem lehet ugyanazokat a gy\u00f3gyszereket haszn\u00e1lni. \u00d3ri\u00e1siak az egy\u00e9ni k\u00fcl\u00f6nbs\u00e9gek is a gy\u00f3gyszerhat\u00f3anyagok hasznosul\u00e1s\u00e1ban.<\/p>\n\n\n\n<p>A professzor \u00far felh\u00edvta a figyelmet a bevizsg\u00e1lt patikai gy\u00f3gyszerek \u00e9s az egy\u00e9b boltokban \u00e9s interneten kereszt\u00fcl \u00e1rult vitaminok \u00e9s gy\u00f3gyhat\u00e1s\u00fa k\u00e9sz\u00edtm\u00e9nyek k\u00f6z\u00f6tti k\u00fcl\u00f6nbs\u00e9gekre. \u00c9rdekes felsorol\u00e1st hallottunk arr\u00f3l, milyen t\u00e1pl\u00e1l\u00e9kok azok, amelyek befoly\u00e1solhatj\u00e1k a gy\u00f3gyszerek hat\u00e1s\u00e1t pozit\u00edv vagy negat\u00edv ir\u00e1nyba. Meg\u00e9rthett\u00fck milyen fontos, hogy \u00e9tkez\u00e9s el\u0151tt vagy ut\u00e1n vessz\u00fck-e be a gy\u00f3gyszert. Ha helytelen\u00fcl fogyasztjuk a gy\u00f3gyszert lehet az hat\u00e1stalan vagy ak\u00e1r toxikus is. Meg\u00e9rthett\u00fck a kivet\u00edtett diagramok \u00e9s a hozz\u00e1f\u0171z\u00f6tt magyar\u00e1zatok seg\u00edts\u00e9g\u00e9vel, milyen fontos a gy\u00f3gyszert\u00e1j\u00e9koztat\u00f3k elolvas\u00e1sa, mi\u00e9rt nem \u00e9rdemes tejjel bevenni a gy\u00f3gyszereket.<\/p>\n","protected":false},"excerpt":{"rendered":"<p>Prof. Dr. Klebovich Imre egyetemi tan\u00e1r el\u0151ad\u00e1sa Az el\u0151ad\u00e1s t\u00e9m\u00e1ja a korszer\u0171 gy\u00f3gyszerkutat\u00e1s lehets\u00e9ges ir\u00e1nyai; a gy\u00f3gyszer \u2013 \u00e9tel, gy\u00f3gyszer &#8211; alkohol, gy\u00f3gyszer- doh\u00e1nyz\u00e1s, gy\u00f3gyszer &#8211; koffein interakci\u00f3k \u00e9s klinikai jelent\u0151s\u00e9g\u00fck volt. Iskol\u00e1nkban, az&#46;&#46;&#46;<\/p>\n","protected":false},"author":1,"featured_media":0,"parent":0,"menu_order":0,"comment_status":"closed","ping_status":"closed","template":"","meta":{"footnotes":"","_links_to":"","_links_to_target":""},"class_list":["post-2839","page","type-page","status-publish","hentry"],"_links":{"self":[{"href":"https:\/\/szent-erzsebet.hu\/gimnazium\/wp-json\/wp\/v2\/pages\/2839","targetHints":{"allow":["GET"]}}],"collection":[{"href":"https:\/\/szent-erzsebet.hu\/gimnazium\/wp-json\/wp\/v2\/pages"}],"about":[{"href":"https:\/\/szent-erzsebet.hu\/gimnazium\/wp-json\/wp\/v2\/types\/page"}],"author":[{"embeddable":true,"href":"https:\/\/szent-erzsebet.hu\/gimnazium\/wp-json\/wp\/v2\/users\/1"}],"replies":[{"embeddable":true,"href":"https:\/\/szent-erzsebet.hu\/gimnazium\/wp-json\/wp\/v2\/comments?post=2839"}],"version-history":[{"count":1,"href":"https:\/\/szent-erzsebet.hu\/gimnazium\/wp-json\/wp\/v2\/pages\/2839\/revisions"}],"predecessor-version":[{"id":2843,"href":"https:\/\/szent-erzsebet.hu\/gimnazium\/wp-json\/wp\/v2\/pages\/2839\/revisions\/2843"}],"wp:attachment":[{"href":"https:\/\/szent-erzsebet.hu\/gimnazium\/wp-json\/wp\/v2\/media?parent=2839"}],"curies":[{"name":"wp","href":"https:\/\/api.w.org\/{rel}","templated":true}]}}