{"id":2852,"date":"2025-12-08T09:29:08","date_gmt":"2025-12-08T08:29:08","guid":{"rendered":"https:\/\/szent-erzsebet.hu\/gimnazium\/?page_id=2852"},"modified":"2025-12-08T09:29:08","modified_gmt":"2025-12-08T08:29:08","slug":"allaslehetoseg","status":"publish","type":"page","link":"https:\/\/szent-erzsebet.hu\/gimnazium\/allaslehetoseg\/","title":{"rendered":"\u00c1ll\u00e1slehet\u0151s\u00e9g"},"content":{"rendered":"\n<p><strong>Jelenleg nincs bet\u00f6ltetlen \u00e1ll\u00e1shely int\u00e9zm\u00e9ny\u00fcnkben.<\/strong><\/p>\n\n\n\n<p>K\u00f6sz\u00f6nj\u00fck az \u00e9rdekl\u0151d\u00e9s\u00e9t! Amint nyitott poz\u00edci\u00f3ink lesznek, a hirdet\u00e9seket azonnal k\u00f6zz\u00e9tessz\u00fck ezen a fel\u00fcleten.<\/p>\n\n\n\n<p>Ha mindenf\u00e9lek\u00e9ppen szeretn\u00e9 bek\u00fcldeni az \u00f6n\u00e9letrajz\u00e1t \u00e9s a motiv\u00e1ci\u00f3s level\u00e9t, akkor azt a&nbsp;<a href=\"mailto:jelentkezes@szent-erzsebet.hu\" target=\"_blank\" rel=\"noreferrer noopener\">jelentkezes@szent-erzsebet.hu<\/a>&nbsp;c\u00edmre \u00edrva megteheti.<\/p>\n","protected":false},"excerpt":{"rendered":"<p>Jelenleg nincs bet\u00f6ltetlen \u00e1ll\u00e1shely int\u00e9zm\u00e9ny\u00fcnkben. K\u00f6sz\u00f6nj\u00fck az \u00e9rdekl\u0151d\u00e9s\u00e9t! Amint nyitott poz\u00edci\u00f3ink lesznek, a hirdet\u00e9seket azonnal k\u00f6zz\u00e9tessz\u00fck ezen a fel\u00fcleten. Ha mindenf\u00e9lek\u00e9ppen szeretn\u00e9 bek\u00fcldeni az \u00f6n\u00e9letrajz\u00e1t \u00e9s a motiv\u00e1ci\u00f3s level\u00e9t, akkor azt a&nbsp;jelentkezes@szent-erzsebet.hu&nbsp;c\u00edmre \u00edrva megteheti.<\/p>\n","protected":false},"author":1,"featured_media":0,"parent":0,"menu_order":0,"comment_status":"closed","ping_status":"closed","template":"","meta":{"footnotes":"","_links_to":"","_links_to_target":""},"class_list":["post-2852","page","type-page","status-publish","hentry"],"_links":{"self":[{"href":"https:\/\/szent-erzsebet.hu\/gimnazium\/wp-json\/wp\/v2\/pages\/2852","targetHints":{"allow":["GET"]}}],"collection":[{"href":"https:\/\/szent-erzsebet.hu\/gimnazium\/wp-json\/wp\/v2\/pages"}],"about":[{"href":"https:\/\/szent-erzsebet.hu\/gimnazium\/wp-json\/wp\/v2\/types\/page"}],"author":[{"embeddable":true,"href":"https:\/\/szent-erzsebet.hu\/gimnazium\/wp-json\/wp\/v2\/users\/1"}],"replies":[{"embeddable":true,"href":"https:\/\/szent-erzsebet.hu\/gimnazium\/wp-json\/wp\/v2\/comments?post=2852"}],"version-history":[{"count":1,"href":"https:\/\/szent-erzsebet.hu\/gimnazium\/wp-json\/wp\/v2\/pages\/2852\/revisions"}],"predecessor-version":[{"id":2853,"href":"https:\/\/szent-erzsebet.hu\/gimnazium\/wp-json\/wp\/v2\/pages\/2852\/revisions\/2853"}],"wp:attachment":[{"href":"https:\/\/szent-erzsebet.hu\/gimnazium\/wp-json\/wp\/v2\/media?parent=2852"}],"curies":[{"name":"wp","href":"https:\/\/api.w.org\/{rel}","templated":true}]}}