{"id":512,"date":"2019-10-07T10:39:42","date_gmt":"2019-10-07T09:39:42","guid":{"rendered":"http:\/\/szent-erzsebet.hu\/gimnazium\/?page_id=512"},"modified":"2026-02-23T15:36:27","modified_gmt":"2026-02-23T14:36:27","slug":"beiskolazas","status":"publish","type":"page","link":"https:\/\/szent-erzsebet.hu\/gimnazium\/beiskolazas\/","title":{"rendered":"Beiskol\u00e1z\u00e1s"},"content":{"rendered":"\n<p><\/p>\n\n\n\n<h2 class=\"wp-block-heading has-black-color has-text-color has-link-color has-medium-font-size wp-elements-1cd93eb2d80564a5e1eaa6fe0aa7b4f7\">Kedves Sz\u00fcl\u0151k!<br>K\u00e9rj\u00fck, regisztr\u00e1ljanak ny\u00edlt napjaink egyik\u00e9re! A k\u00e9rd\u0151\u00edv a l\u00e9tsz\u00e1m felm\u00e9r\u00e9s\u00e9re szolg\u00e1l, hogy az adott napon z\u00f6kken\u0151mentesen tudjuk lebonyol\u00edtani a t\u00e1j\u00e9koztat\u00e1st.<\/h2>\n\n\n\n<figure class=\"wp-block-image size-large\"><a href=\"https:\/\/forms.gle\/41PTbWjcEjH4nR4s5\" target=\"_blank\" rel=\" noreferrer noopener\"><img loading=\"lazy\" decoding=\"async\" width=\"1024\" height=\"256\" src=\"https:\/\/szent-erzsebet.hu\/gimnazium\/wp-content\/uploads\/sites\/5\/2025\/10\/nyilt_napok-1024x256.png\" alt=\"\" class=\"wp-image-2689\" srcset=\"https:\/\/szent-erzsebet.hu\/gimnazium\/wp-content\/uploads\/sites\/5\/2025\/10\/nyilt_napok-1024x256.png 1024w, https:\/\/szent-erzsebet.hu\/gimnazium\/wp-content\/uploads\/sites\/5\/2025\/10\/nyilt_napok-300x75.png 300w, https:\/\/szent-erzsebet.hu\/gimnazium\/wp-content\/uploads\/sites\/5\/2025\/10\/nyilt_napok-768x192.png 768w, https:\/\/szent-erzsebet.hu\/gimnazium\/wp-content\/uploads\/sites\/5\/2025\/10\/nyilt_napok-1536x384.png 1536w, https:\/\/szent-erzsebet.hu\/gimnazium\/wp-content\/uploads\/sites\/5\/2025\/10\/nyilt_napok.png 1920w\" sizes=\"auto, (max-width: 1024px) 100vw, 1024px\" \/><\/a><\/figure>\n\n\n\n<h5 class=\"wp-block-heading has-text-align-left\"><strong><a href=\"https:\/\/forms.gle\/TAD7vFHDEFkUwTwi8\">Regisztr\u00e1ci\u00f3 a ny\u00edlt napra<\/a><\/strong><\/h5>\n\n\n\n<p><a href=\"https:\/\/szent-erzsebet.hu\/wp-content\/uploads\/2025\/11\/jelentkezesi-lap-kozponti-irasbelire.pdf\" target=\"_blank\" rel=\"noreferrer noopener\"><strong>K\u00f6zponti \u00edr\u00e1sbeli vizsga &#8211; jelentkez\u00e9si lap<\/strong><\/a><\/p>\n\n\n\n<h5><a href=\"http:\/\/szent-erzsebet.hu\/gimnazium\/wp-content\/uploads\/sites\/5\/2026\/02\/Plebanosi-ajanlas_gimi.pdf\" target=\"_blank\" rel=\"noreferrer noopener\">Pl\u00e9b\u00e1nosi-lelk\u00e9szi aj\u00e1nl\u00e1s<\/h5>\n\n\n\n<div class=\"wp-block-media-text is-stacked-on-mobile\" style=\"grid-template-columns:15% auto\"><figure class=\"wp-block-media-text__media\"><a href=\"http:\/\/szent-erzsebet.hu\/gimnazium\/wp-content\/uploads\/sites\/5\/2024\/10\/Tajekoztato-8-evfolyamos-kepzes.pdf\" target=\"_blank\" rel=\"noreferrer noopener\"><img loading=\"lazy\" decoding=\"async\" width=\"724\" height=\"1024\" src=\"http:\/\/szent-erzsebet.hu\/gimnazium\/wp-content\/uploads\/sites\/5\/2025\/10\/Tajekoztato-8-evfolyamos-1-724x1024.jpg\" alt=\"\" class=\"wp-image-2681 size-full\" srcset=\"https:\/\/szent-erzsebet.hu\/gimnazium\/wp-content\/uploads\/sites\/5\/2025\/10\/Tajekoztato-8-evfolyamos-1-724x1024.jpg 724w, https:\/\/szent-erzsebet.hu\/gimnazium\/wp-content\/uploads\/sites\/5\/2025\/10\/Tajekoztato-8-evfolyamos-1-212x300.jpg 212w, https:\/\/szent-erzsebet.hu\/gimnazium\/wp-content\/uploads\/sites\/5\/2025\/10\/Tajekoztato-8-evfolyamos-1-768x1086.jpg 768w, https:\/\/szent-erzsebet.hu\/gimnazium\/wp-content\/uploads\/sites\/5\/2025\/10\/Tajekoztato-8-evfolyamos-1-1086x1536.jpg 1086w, https:\/\/szent-erzsebet.hu\/gimnazium\/wp-content\/uploads\/sites\/5\/2025\/10\/Tajekoztato-8-evfolyamos-1.jpg 1414w\" sizes=\"auto, (max-width: 724px) 100vw, 724px\" \/><\/a><\/figure><div class=\"wp-block-media-text__content\">\n<h2 class=\"wp-block-heading has-medium-font-size\"><a href=\"https:\/\/szent-erzsebet.hu\/wp-content\/uploads\/2025\/10\/Tajekoztato-8-evfolyamos-1.pdf\" target=\"_blank\" rel=\"noreferrer noopener\">T\u00e1j\u00e9koztat\u00f3 a 8 \u00e9vfolyamos gimn\u00e1ziumi k\u00e9pz\u00e9sr\u0151l<\/a><\/h2>\n<\/div><\/div>\n\n\n\n<p><\/p>\n\n\n\n<div class=\"wp-block-media-text is-stacked-on-mobile\" style=\"grid-template-columns:15% auto\"><figure class=\"wp-block-media-text__media\"><a href=\"http:\/\/szent-erzsebet.hu\/gimnazium\/wp-content\/uploads\/sites\/5\/2024\/10\/Tajekoztato-4-es-14-evfolyamos-kepzes-1.pdf\" target=\"_blank\" rel=\"noreferrer noopener\"><img loading=\"lazy\" decoding=\"async\" width=\"724\" height=\"1024\" src=\"http:\/\/szent-erzsebet.hu\/gimnazium\/wp-content\/uploads\/sites\/5\/2025\/10\/Tajekoztato-4-es-14-evfolyamos-724x1024.jpg\" alt=\"\" class=\"wp-image-2682 size-full\" srcset=\"https:\/\/szent-erzsebet.hu\/gimnazium\/wp-content\/uploads\/sites\/5\/2025\/10\/Tajekoztato-4-es-14-evfolyamos-724x1024.jpg 724w, https:\/\/szent-erzsebet.hu\/gimnazium\/wp-content\/uploads\/sites\/5\/2025\/10\/Tajekoztato-4-es-14-evfolyamos-212x300.jpg 212w, https:\/\/szent-erzsebet.hu\/gimnazium\/wp-content\/uploads\/sites\/5\/2025\/10\/Tajekoztato-4-es-14-evfolyamos-768x1086.jpg 768w, https:\/\/szent-erzsebet.hu\/gimnazium\/wp-content\/uploads\/sites\/5\/2025\/10\/Tajekoztato-4-es-14-evfolyamos-1086x1536.jpg 1086w, https:\/\/szent-erzsebet.hu\/gimnazium\/wp-content\/uploads\/sites\/5\/2025\/10\/Tajekoztato-4-es-14-evfolyamos.jpg 1414w\" sizes=\"auto, (max-width: 724px) 100vw, 724px\" \/><\/a><\/figure><div class=\"wp-block-media-text__content\">\n<h2 class=\"wp-block-heading has-medium-font-size\"><a href=\"https:\/\/szent-erzsebet.hu\/wp-content\/uploads\/2025\/10\/Tajekoztato-4-es-14-evfolyamos-3.pdf\" target=\"_blank\" rel=\"noreferrer noopener\">T\u00e1j\u00e9koztat\u00f3 a 4 \u00e9s 1+4 \u00e9vfolyamos gimn\u00e1ziumi k\u00e9pz\u00e9sr\u0151l<\/a><\/h2>\n<\/div><\/div>\n\n\n\n<p><\/p>\n\n\n\n<figure class=\"wp-block-image size-large\"><img loading=\"lazy\" decoding=\"async\" width=\"1024\" height=\"724\" src=\"https:\/\/szent-erzsebet.hu\/gimnazium\/wp-content\/uploads\/sites\/5\/2025\/10\/uj-2025-web-1024x724.png\" alt=\"\" class=\"wp-image-2702\" srcset=\"https:\/\/szent-erzsebet.hu\/gimnazium\/wp-content\/uploads\/sites\/5\/2025\/10\/uj-2025-web-1024x724.png 1024w, https:\/\/szent-erzsebet.hu\/gimnazium\/wp-content\/uploads\/sites\/5\/2025\/10\/uj-2025-web-300x212.png 300w, https:\/\/szent-erzsebet.hu\/gimnazium\/wp-content\/uploads\/sites\/5\/2025\/10\/uj-2025-web-768x543.png 768w, https:\/\/szent-erzsebet.hu\/gimnazium\/wp-content\/uploads\/sites\/5\/2025\/10\/uj-2025-web-1536x1086.png 1536w, https:\/\/szent-erzsebet.hu\/gimnazium\/wp-content\/uploads\/sites\/5\/2025\/10\/uj-2025-web.png 2000w\" sizes=\"auto, (max-width: 1024px) 100vw, 1024px\" \/><\/figure>\n\n\n\n<p><\/p>\n\n\n\n<figure class=\"wp-block-image size-large\"><img loading=\"lazy\" decoding=\"async\" width=\"1024\" height=\"724\" src=\"https:\/\/szent-erzsebet.hu\/gimnazium\/wp-content\/uploads\/sites\/5\/2025\/10\/uj-2025-belso-1-1024x724.png\" alt=\"\" class=\"wp-image-2705\" srcset=\"https:\/\/szent-erzsebet.hu\/gimnazium\/wp-content\/uploads\/sites\/5\/2025\/10\/uj-2025-belso-1-1024x724.png 1024w, https:\/\/szent-erzsebet.hu\/gimnazium\/wp-content\/uploads\/sites\/5\/2025\/10\/uj-2025-belso-1-300x212.png 300w, https:\/\/szent-erzsebet.hu\/gimnazium\/wp-content\/uploads\/sites\/5\/2025\/10\/uj-2025-belso-1-768x543.png 768w, https:\/\/szent-erzsebet.hu\/gimnazium\/wp-content\/uploads\/sites\/5\/2025\/10\/uj-2025-belso-1-1536x1086.png 1536w, https:\/\/szent-erzsebet.hu\/gimnazium\/wp-content\/uploads\/sites\/5\/2025\/10\/uj-2025-belso-1.png 2000w\" sizes=\"auto, (max-width: 1024px) 100vw, 1024px\" \/><\/figure>\n","protected":false},"excerpt":{"rendered":"<p>Kedves Sz\u00fcl\u0151k!K\u00e9rj\u00fck, regisztr\u00e1ljanak ny\u00edlt napjaink egyik\u00e9re! A k\u00e9rd\u0151\u00edv a l\u00e9tsz\u00e1m felm\u00e9r\u00e9s\u00e9re szolg\u00e1l, hogy az adott napon z\u00f6kken\u0151mentesen tudjuk lebonyol\u00edtani a t\u00e1j\u00e9koztat\u00e1st. Regisztr\u00e1ci\u00f3 a ny\u00edlt napra K\u00f6zponti \u00edr\u00e1sbeli vizsga &#8211; jelentkez\u00e9si lap Pl\u00e9b\u00e1nosi-lelk\u00e9szi aj\u00e1nl\u00e1s T\u00e1j\u00e9koztat\u00f3&#46;&#46;&#46;<\/p>\n","protected":false},"author":1,"featured_media":0,"parent":0,"menu_order":0,"comment_status":"closed","ping_status":"closed","template":"","meta":{"footnotes":"","_links_to":"","_links_to_target":""},"class_list":["post-512","page","type-page","status-publish","hentry"],"_links":{"self":[{"href":"https:\/\/szent-erzsebet.hu\/gimnazium\/wp-json\/wp\/v2\/pages\/512","targetHints":{"allow":["GET"]}}],"collection":[{"href":"https:\/\/szent-erzsebet.hu\/gimnazium\/wp-json\/wp\/v2\/pages"}],"about":[{"href":"https:\/\/szent-erzsebet.hu\/gimnazium\/wp-json\/wp\/v2\/types\/page"}],"author":[{"embeddable":true,"href":"https:\/\/szent-erzsebet.hu\/gimnazium\/wp-json\/wp\/v2\/users\/1"}],"replies":[{"embeddable":true,"href":"https:\/\/szent-erzsebet.hu\/gimnazium\/wp-json\/wp\/v2\/comments?post=512"}],"version-history":[{"count":69,"href":"https:\/\/szent-erzsebet.hu\/gimnazium\/wp-json\/wp\/v2\/pages\/512\/revisions"}],"predecessor-version":[{"id":2993,"href":"https:\/\/szent-erzsebet.hu\/gimnazium\/wp-json\/wp\/v2\/pages\/512\/revisions\/2993"}],"wp:attachment":[{"href":"https:\/\/szent-erzsebet.hu\/gimnazium\/wp-json\/wp\/v2\/media?parent=512"}],"curies":[{"name":"wp","href":"https:\/\/api.w.org\/{rel}","templated":true}]}}