{"id":965,"date":"2020-02-27T12:48:29","date_gmt":"2020-02-27T11:48:29","guid":{"rendered":"http:\/\/szent-erzsebet.hu\/gimnazium\/?page_id=965"},"modified":"2020-02-27T12:48:29","modified_gmt":"2020-02-27T11:48:29","slug":"vivas-diakolimpia-sikerek","status":"publish","type":"page","link":"https:\/\/szent-erzsebet.hu\/gimnazium\/vivas-diakolimpia-sikerek\/","title":{"rendered":"V\u00edv\u00e1s Di\u00e1kolimpia sikerek"},"content":{"rendered":"\n<p>Febru\u00e1rban ker\u00fclt megrendez\u00e9sre a V\u00edv\u00e1s Di\u00e1kolimpia dun\u00e1nt\u00fali region\u00e1lis d\u00f6nt\u0151je p\u00e1rbajt\u0151r \u00e9s t\u0151r fegyvernemekben.<\/p>\n\n\n\n<div class=\"wp-block-image\"><figure class=\"aligncenter\"><img loading=\"lazy\" decoding=\"async\" width=\"816\" height=\"612\" src=\"http:\/\/szent-erzsebet.hu\/gimnazium\/wp-content\/uploads\/sites\/5\/2020\/02\/87508349_904600029956059_3815089191268646912_n.jpg\" alt=\"\" class=\"wp-image-961\" srcset=\"https:\/\/szent-erzsebet.hu\/gimnazium\/wp-content\/uploads\/sites\/5\/2020\/02\/87508349_904600029956059_3815089191268646912_n.jpg 816w, https:\/\/szent-erzsebet.hu\/gimnazium\/wp-content\/uploads\/sites\/5\/2020\/02\/87508349_904600029956059_3815089191268646912_n-300x225.jpg 300w, https:\/\/szent-erzsebet.hu\/gimnazium\/wp-content\/uploads\/sites\/5\/2020\/02\/87508349_904600029956059_3815089191268646912_n-768x576.jpg 768w\" sizes=\"auto, (max-width: 816px) 100vw, 816px\" \/><\/figure><\/div>\n\n\n\n<p>Iskol\u00e1nk di\u00e1kjai nagyon sz\u00e9pen szerepeltek, sok \u00e9rmet begy\u0171jt\u00f6ttek, \u00e9s akik lemaradtak a dobog\u00f3r\u00f3l, azok k\u00f6z\u00fcl is t\u00f6bben bejutottak az orsz\u00e1gos d\u00f6nt\u0151be (az 1-8.helyezettek nyertek erre jogosults\u00e1got).<\/p>\n\n\n\n<div class=\"wp-block-image\"><figure class=\"aligncenter\"><img loading=\"lazy\" decoding=\"async\" width=\"563\" height=\"750\" src=\"http:\/\/szent-erzsebet.hu\/gimnazium\/wp-content\/uploads\/sites\/5\/2020\/02\/86353080_2917531844965721_2706590726677856256_n.jpg\" alt=\"\" class=\"wp-image-962\" srcset=\"https:\/\/szent-erzsebet.hu\/gimnazium\/wp-content\/uploads\/sites\/5\/2020\/02\/86353080_2917531844965721_2706590726677856256_n.jpg 563w, https:\/\/szent-erzsebet.hu\/gimnazium\/wp-content\/uploads\/sites\/5\/2020\/02\/86353080_2917531844965721_2706590726677856256_n-225x300.jpg 225w\" sizes=\"auto, (max-width: 563px) 100vw, 563px\" \/><\/figure><\/div>\n\n\n\n<p>Az eredm\u00e9nyek:<\/p>\n\n\n\n<p>P\u00e1rbajt\u0151r:<br>Becse Vanessza 1.hely (VI.korcsoport, \u201cB\u201d kateg\u00f3ria),<br>Vidra Barnab\u00e1s 8.hely (II.kcs. A)<\/p>\n\n\n\n<div class=\"wp-block-image\"><figure class=\"aligncenter\"><img loading=\"lazy\" decoding=\"async\" width=\"816\" height=\"612\" src=\"http:\/\/szent-erzsebet.hu\/gimnazium\/wp-content\/uploads\/sites\/5\/2020\/02\/87981638_1263995137323415_3123535289801244672_n.jpg\" alt=\"\" class=\"wp-image-959\" srcset=\"https:\/\/szent-erzsebet.hu\/gimnazium\/wp-content\/uploads\/sites\/5\/2020\/02\/87981638_1263995137323415_3123535289801244672_n.jpg 816w, https:\/\/szent-erzsebet.hu\/gimnazium\/wp-content\/uploads\/sites\/5\/2020\/02\/87981638_1263995137323415_3123535289801244672_n-300x225.jpg 300w, https:\/\/szent-erzsebet.hu\/gimnazium\/wp-content\/uploads\/sites\/5\/2020\/02\/87981638_1263995137323415_3123535289801244672_n-768x576.jpg 768w\" sizes=\"auto, (max-width: 816px) 100vw, 816px\" \/><\/figure><\/div>\n\n\n\n<p>T\u0151r:<br>Zsembery Sarolta 1.hely (III.kcs. B),<br>Kiss Eszter 2.hely, Polefk\u00f3 Ang\u00e9la 6.hely (mindketten IV.kcs B),<br>Hohl Zs\u00f3fia 1.hely (V.kcs B),<br>B\u00f3nis M\u00e1rk 1.hely (IV.kcs A),<br>Engelbrecht Szonja 3.hely (IV.kcs A)<\/p>\n\n\n\n<div class=\"wp-block-image\"><figure class=\"aligncenter\"><img loading=\"lazy\" decoding=\"async\" width=\"816\" height=\"612\" src=\"http:\/\/szent-erzsebet.hu\/gimnazium\/wp-content\/uploads\/sites\/5\/2020\/02\/87589393_816898375475784_5036769570346500096_n.jpg\" alt=\"\" class=\"wp-image-960\" srcset=\"https:\/\/szent-erzsebet.hu\/gimnazium\/wp-content\/uploads\/sites\/5\/2020\/02\/87589393_816898375475784_5036769570346500096_n.jpg 816w, https:\/\/szent-erzsebet.hu\/gimnazium\/wp-content\/uploads\/sites\/5\/2020\/02\/87589393_816898375475784_5036769570346500096_n-300x225.jpg 300w, https:\/\/szent-erzsebet.hu\/gimnazium\/wp-content\/uploads\/sites\/5\/2020\/02\/87589393_816898375475784_5036769570346500096_n-768x576.jpg 768w\" sizes=\"auto, (max-width: 816px) 100vw, 816px\" \/><\/figure><\/div>\n\n\n\n<div class=\"wp-block-image\"><figure class=\"aligncenter\"><img loading=\"lazy\" decoding=\"async\" width=\"816\" height=\"612\" src=\"http:\/\/szent-erzsebet.hu\/gimnazium\/wp-content\/uploads\/sites\/5\/2020\/02\/88023318_1128777270789641_8333937769311109120_n.jpg\" alt=\"\" class=\"wp-image-958\" srcset=\"https:\/\/szent-erzsebet.hu\/gimnazium\/wp-content\/uploads\/sites\/5\/2020\/02\/88023318_1128777270789641_8333937769311109120_n.jpg 816w, https:\/\/szent-erzsebet.hu\/gimnazium\/wp-content\/uploads\/sites\/5\/2020\/02\/88023318_1128777270789641_8333937769311109120_n-300x225.jpg 300w, https:\/\/szent-erzsebet.hu\/gimnazium\/wp-content\/uploads\/sites\/5\/2020\/02\/88023318_1128777270789641_8333937769311109120_n-768x576.jpg 768w\" sizes=\"auto, (max-width: 816px) 100vw, 816px\" \/><\/figure><\/div>\n\n\n\n<p>Gratul\u00e1lunk!!<\/p>\n","protected":false},"excerpt":{"rendered":"<p>Febru\u00e1rban ker\u00fclt megrendez\u00e9sre a V\u00edv\u00e1s Di\u00e1kolimpia dun\u00e1nt\u00fali region\u00e1lis d\u00f6nt\u0151je p\u00e1rbajt\u0151r \u00e9s t\u0151r fegyvernemekben. Iskol\u00e1nk di\u00e1kjai nagyon sz\u00e9pen szerepeltek, sok \u00e9rmet begy\u0171jt\u00f6ttek, \u00e9s akik lemaradtak a dobog\u00f3r\u00f3l, azok k\u00f6z\u00fcl is t\u00f6bben bejutottak az orsz\u00e1gos d\u00f6nt\u0151be&#46;&#46;&#46;<\/p>\n","protected":false},"author":1,"featured_media":0,"parent":0,"menu_order":0,"comment_status":"closed","ping_status":"closed","template":"","meta":{"footnotes":"","_links_to":"","_links_to_target":""},"class_list":["post-965","page","type-page","status-publish","hentry"],"_links":{"self":[{"href":"https:\/\/szent-erzsebet.hu\/gimnazium\/wp-json\/wp\/v2\/pages\/965","targetHints":{"allow":["GET"]}}],"collection":[{"href":"https:\/\/szent-erzsebet.hu\/gimnazium\/wp-json\/wp\/v2\/pages"}],"about":[{"href":"https:\/\/szent-erzsebet.hu\/gimnazium\/wp-json\/wp\/v2\/types\/page"}],"author":[{"embeddable":true,"href":"https:\/\/szent-erzsebet.hu\/gimnazium\/wp-json\/wp\/v2\/users\/1"}],"replies":[{"embeddable":true,"href":"https:\/\/szent-erzsebet.hu\/gimnazium\/wp-json\/wp\/v2\/comments?post=965"}],"version-history":[{"count":1,"href":"https:\/\/szent-erzsebet.hu\/gimnazium\/wp-json\/wp\/v2\/pages\/965\/revisions"}],"predecessor-version":[{"id":966,"href":"https:\/\/szent-erzsebet.hu\/gimnazium\/wp-json\/wp\/v2\/pages\/965\/revisions\/966"}],"wp:attachment":[{"href":"https:\/\/szent-erzsebet.hu\/gimnazium\/wp-json\/wp\/v2\/media?parent=965"}],"curies":[{"name":"wp","href":"https:\/\/api.w.org\/{rel}","templated":true}]}}