{"id":1178,"date":"2021-02-12T15:18:46","date_gmt":"2021-02-12T14:18:46","guid":{"rendered":"http:\/\/szent-erzsebet.hu\/iskola\/?page_id=1178"},"modified":"2021-02-12T15:18:46","modified_gmt":"2021-02-12T14:18:46","slug":"nyelvesz-orszagos-anyanyelvi-tanulmanyi-verseny","status":"publish","type":"page","link":"https:\/\/szent-erzsebet.hu\/iskola\/nyelvesz-orszagos-anyanyelvi-tanulmanyi-verseny\/","title":{"rendered":"\u201enyelv\u00c9SZ\u201d ORSZ\u00c1GOS ANYANYELVI TANULM\u00c1NYI VERSENY"},"content":{"rendered":"\n<p style=\"text-align:center\">\n\nAz orsz\u00e1gos <strong>nyelv\u00c9SZ<\/strong> anyanyelvi tanulm\u00e1nyi verseny megyei d\u00f6nt\u0151j\u00e9be jutott tanul\u00f3inknak sz\u00edvb\u0151l gratul\u00e1lunk: <\/p>\n\n\n\n<p style=\"text-align:center\">Remetei Zsombor 2.a, <br>Juh\u00e1sz Kata 3.b, <br>Schmidt M\u00e1ria 3.b, <br>Kardos Lilla 4.a, <br>Herczeg Katica 4.b, <br>Till Iring\u00f3 4.b, <br>T\u0151berling Lujza 4.c, <br>Szuhi Kata 4.c <\/p>\n\n\n\n<div class=\"wp-block-image\"><figure class=\"aligncenter\"><img loading=\"lazy\" decoding=\"async\" width=\"640\" height=\"480\" src=\"http:\/\/szent-erzsebet.hu\/iskola\/wp-content\/uploads\/sites\/3\/2021\/02\/nyelv\u00c9SZ.jpg\" alt=\"\" class=\"wp-image-1176\" srcset=\"https:\/\/szent-erzsebet.hu\/iskola\/wp-content\/uploads\/sites\/3\/2021\/02\/nyelv\u00c9SZ.jpg 640w, https:\/\/szent-erzsebet.hu\/iskola\/wp-content\/uploads\/sites\/3\/2021\/02\/nyelv\u00c9SZ-300x225.jpg 300w\" sizes=\"auto, (max-width: 640px) 100vw, 640px\" \/><\/figure><\/div>\n","protected":false},"excerpt":{"rendered":"<p>Az orsz\u00e1gos nyelv\u00c9SZ anyanyelvi tanulm\u00e1nyi verseny megyei d\u00f6nt\u0151j\u00e9be jutott tanul\u00f3inknak sz\u00edvb\u0151l gratul\u00e1lunk: Remetei Zsombor 2.a, Juh\u00e1sz Kata 3.b, Schmidt M\u00e1ria 3.b, Kardos Lilla 4.a, Herczeg Katica 4.b, Till Iring\u00f3 4.b, T\u0151berling Lujza 4.c, Szuhi&#46;&#46;&#46;<\/p>\n","protected":false},"author":1,"featured_media":0,"parent":0,"menu_order":0,"comment_status":"closed","ping_status":"closed","template":"","meta":{"footnotes":"","_links_to":"","_links_to_target":""},"class_list":["post-1178","page","type-page","status-publish","hentry"],"_links":{"self":[{"href":"https:\/\/szent-erzsebet.hu\/iskola\/wp-json\/wp\/v2\/pages\/1178","targetHints":{"allow":["GET"]}}],"collection":[{"href":"https:\/\/szent-erzsebet.hu\/iskola\/wp-json\/wp\/v2\/pages"}],"about":[{"href":"https:\/\/szent-erzsebet.hu\/iskola\/wp-json\/wp\/v2\/types\/page"}],"author":[{"embeddable":true,"href":"https:\/\/szent-erzsebet.hu\/iskola\/wp-json\/wp\/v2\/users\/1"}],"replies":[{"embeddable":true,"href":"https:\/\/szent-erzsebet.hu\/iskola\/wp-json\/wp\/v2\/comments?post=1178"}],"version-history":[{"count":1,"href":"https:\/\/szent-erzsebet.hu\/iskola\/wp-json\/wp\/v2\/pages\/1178\/revisions"}],"predecessor-version":[{"id":1179,"href":"https:\/\/szent-erzsebet.hu\/iskola\/wp-json\/wp\/v2\/pages\/1178\/revisions\/1179"}],"wp:attachment":[{"href":"https:\/\/szent-erzsebet.hu\/iskola\/wp-json\/wp\/v2\/media?parent=1178"}],"curies":[{"name":"wp","href":"https:\/\/api.w.org\/{rel}","templated":true}]}}