{"id":1264,"date":"2021-06-04T07:58:01","date_gmt":"2021-06-04T06:58:01","guid":{"rendered":"http:\/\/szent-erzsebet.hu\/iskola\/?page_id=1264"},"modified":"2021-06-04T10:02:37","modified_gmt":"2021-06-04T09:02:37","slug":"gyermeknap-2021","status":"publish","type":"page","link":"https:\/\/szent-erzsebet.hu\/iskola\/gyermeknap-2021\/","title":{"rendered":"Gyermeknap 2021"},"content":{"rendered":"\n<p style=\"text-align:center\"><a rel=\"noreferrer noopener\" aria-label=\"Gyermeknap az 1.A oszt\u00e1lyban (\u00faj f\u00fcl\u00f6n nyitja meg)\" href=\"http:\/\/szent-erzsebet.hu\/iskola\/1-a\/\" target=\"_blank\"><strong>Gyermeknap az 1.A oszt\u00e1lyban<\/strong><\/a><\/p>\n\n\n\n<p style=\"text-align:center\"><a rel=\"noreferrer noopener\" aria-label=\"Gyermeknap az 1.B oszt\u00e1lyban  (\u00faj f\u00fcl\u00f6n nyitja meg)\" href=\"http:\/\/szent-erzsebet.hu\/iskola\/1-b\/\" target=\"_blank\"><strong>Gyermeknap az 1.B oszt\u00e1lyban <\/strong><\/a><\/p>\n\n\n\n<p style=\"text-align:center\"><a rel=\"noreferrer noopener\" aria-label=\"Gyermeknap az 1.C oszt\u00e1lyban  (\u00faj f\u00fcl\u00f6n nyitja meg)\" href=\"http:\/\/szent-erzsebet.hu\/iskola\/1-c\/\" target=\"_blank\"><strong>Gyermeknap az 1.C oszt\u00e1lyban <\/strong><\/a><\/p>\n\n\n\n<p style=\"text-align:center\"><a rel=\"noreferrer noopener\" aria-label=\"Gyermeknap az 2.A oszt\u00e1lyban  (\u00faj f\u00fcl\u00f6n nyitja meg)\" href=\"http:\/\/szent-erzsebet.hu\/iskola\/2-a\/\" target=\"_blank\"><strong>Gyermeknap a 2.A oszt\u00e1lyban <\/strong><\/a><\/p>\n\n\n\n<p style=\"text-align:center\"><a rel=\"noreferrer noopener\" aria-label=\"Gyermeknap az 2.B oszt\u00e1lyban  (\u00faj f\u00fcl\u00f6n nyitja meg)\" href=\"http:\/\/szent-erzsebet.hu\/iskola\/2-b\/\" target=\"_blank\"><strong>Gyermeknap a 2.B oszt\u00e1lyban <\/strong><\/a><\/p>\n\n\n\n<p style=\"text-align:center\"><a rel=\"noreferrer noopener\" aria-label=\"Gyermeknap az 2.C oszt\u00e1lyban  (\u00faj f\u00fcl\u00f6n nyitja meg)\" href=\"http:\/\/szent-erzsebet.hu\/iskola\/2-c\/\" target=\"_blank\"><strong>Gyermeknap a 2.C oszt\u00e1lyban <\/strong><\/a><\/p>\n\n\n\n<p style=\"text-align:center\"><a rel=\"noreferrer noopener\" aria-label=\"Gyermeknap az 3.A oszt\u00e1lyban  (\u00faj f\u00fcl\u00f6n nyitja meg)\" href=\"http:\/\/szent-erzsebet.hu\/iskola\/3-a\/\" target=\"_blank\"><strong>Gyermeknap a 3.A oszt\u00e1lyban <\/strong><\/a><\/p>\n\n\n\n<p style=\"text-align:center\"><a rel=\"noreferrer noopener\" aria-label=\"Gyermeknap az 3.B oszt\u00e1lyban   (\u00faj f\u00fcl\u00f6n nyitja meg)\" href=\"http:\/\/szent-erzsebet.hu\/iskola\/3-b\/\" target=\"_blank\"><strong>Gyermeknap a 3.B oszt\u00e1lyban  <\/strong><\/a><\/p>\n\n\n\n<p style=\"text-align:center\"><a rel=\"noreferrer noopener\" aria-label=\"Gyermeknap 4.A oszt\u00e1lyban (\u00faj f\u00fcl\u00f6n nyitja meg)\" href=\"http:\/\/szent-erzsebet.hu\/iskola\/4-a\/\" target=\"_blank\"><strong>Gyermeknap a 4.A oszt\u00e1lyban<\/strong><\/a><\/p>\n\n\n\n<p style=\"text-align:center\"><a rel=\"noreferrer noopener\" aria-label=\"Gyermeknap az 4.B oszt\u00e1lyban  (\u00faj f\u00fcl\u00f6n nyitja meg)\" href=\"http:\/\/szent-erzsebet.hu\/iskola\/4-b\/\" target=\"_blank\"><strong>Gyermeknap a 4.B oszt\u00e1lyban <\/strong><\/a><\/p>\n\n\n\n<p style=\"text-align:center\"><a rel=\"noreferrer noopener\" aria-label=\"Gyermeknap az 4.C oszt\u00e1lyban   (\u00faj f\u00fcl\u00f6n nyitja meg)\" href=\"http:\/\/szent-erzsebet.hu\/iskola\/4-c\/\" target=\"_blank\"><strong>Gyermeknap a 4.C oszt\u00e1lyban  <\/strong><\/a><\/p>\n","protected":false},"excerpt":{"rendered":"<p>Gyermeknap az 1.A oszt\u00e1lyban Gyermeknap az 1.B oszt\u00e1lyban Gyermeknap az 1.C oszt\u00e1lyban Gyermeknap a 2.A oszt\u00e1lyban Gyermeknap a 2.B oszt\u00e1lyban Gyermeknap a 2.C oszt\u00e1lyban Gyermeknap a 3.A oszt\u00e1lyban Gyermeknap a 3.B oszt\u00e1lyban Gyermeknap a&#46;&#46;&#46;<\/p>\n","protected":false},"author":1,"featured_media":0,"parent":0,"menu_order":0,"comment_status":"closed","ping_status":"closed","template":"","meta":{"footnotes":"","_links_to":"","_links_to_target":""},"class_list":["post-1264","page","type-page","status-publish","hentry"],"_links":{"self":[{"href":"https:\/\/szent-erzsebet.hu\/iskola\/wp-json\/wp\/v2\/pages\/1264","targetHints":{"allow":["GET"]}}],"collection":[{"href":"https:\/\/szent-erzsebet.hu\/iskola\/wp-json\/wp\/v2\/pages"}],"about":[{"href":"https:\/\/szent-erzsebet.hu\/iskola\/wp-json\/wp\/v2\/types\/page"}],"author":[{"embeddable":true,"href":"https:\/\/szent-erzsebet.hu\/iskola\/wp-json\/wp\/v2\/users\/1"}],"replies":[{"embeddable":true,"href":"https:\/\/szent-erzsebet.hu\/iskola\/wp-json\/wp\/v2\/comments?post=1264"}],"version-history":[{"count":4,"href":"https:\/\/szent-erzsebet.hu\/iskola\/wp-json\/wp\/v2\/pages\/1264\/revisions"}],"predecessor-version":[{"id":1399,"href":"https:\/\/szent-erzsebet.hu\/iskola\/wp-json\/wp\/v2\/pages\/1264\/revisions\/1399"}],"wp:attachment":[{"href":"https:\/\/szent-erzsebet.hu\/iskola\/wp-json\/wp\/v2\/media?parent=1264"}],"curies":[{"name":"wp","href":"https:\/\/api.w.org\/{rel}","templated":true}]}}