{"id":2265,"date":"2025-10-06T07:14:53","date_gmt":"2025-10-06T06:14:53","guid":{"rendered":"https:\/\/szent-erzsebet.hu\/iskola\/?page_id=2265"},"modified":"2025-10-06T07:14:54","modified_gmt":"2025-10-06T06:14:54","slug":"iskolank-elerhetosegei","status":"publish","type":"page","link":"https:\/\/szent-erzsebet.hu\/iskola\/iskolank-elerhetosegei\/","title":{"rendered":"Iskol\u00e1nk el\u00e9rhet\u0151s\u00e9gei"},"content":{"rendered":"\n<p>\u00c1rp\u00e1d-h\u00e1zi Szent Erzs\u00e9bet Gimn\u00e1zium, \u00d3voda \u00e9s \u00c1ltal\u00e1nos Iskola<br>2500 Esztergom, Mindszenty t\u00e9r 7.<\/p>\n\n\n\n<p>Telefon:<br>33\/509-260, 33\/501-440<\/p>\n\n\n\n<p>E-mail:<br><a href=\"mailto:iskola@szent-erzsebet.hu\" target=\"_blank\" rel=\"noreferrer noopener\">iskola@szent-erzsebet.hu<\/a><br><br>Gazdas\u00e1gi Iroda:&nbsp;<br>33\/501-441<br><br>\u00d3voda:&nbsp;<br>33\/402-337<\/p>\n","protected":false},"excerpt":{"rendered":"<p>\u00c1rp\u00e1d-h\u00e1zi Szent Erzs\u00e9bet Gimn\u00e1zium, \u00d3voda \u00e9s \u00c1ltal\u00e1nos Iskola2500 Esztergom, Mindszenty t\u00e9r 7. Telefon:33\/509-260, 33\/501-440 E-mail:iskola@szent-erzsebet.hu Gazdas\u00e1gi Iroda:&nbsp;33\/501-441 \u00d3voda:&nbsp;33\/402-337<\/p>\n","protected":false},"author":1,"featured_media":0,"parent":0,"menu_order":0,"comment_status":"closed","ping_status":"closed","template":"","meta":{"footnotes":"","_links_to":"","_links_to_target":""},"class_list":["post-2265","page","type-page","status-publish","hentry"],"_links":{"self":[{"href":"https:\/\/szent-erzsebet.hu\/iskola\/wp-json\/wp\/v2\/pages\/2265","targetHints":{"allow":["GET"]}}],"collection":[{"href":"https:\/\/szent-erzsebet.hu\/iskola\/wp-json\/wp\/v2\/pages"}],"about":[{"href":"https:\/\/szent-erzsebet.hu\/iskola\/wp-json\/wp\/v2\/types\/page"}],"author":[{"embeddable":true,"href":"https:\/\/szent-erzsebet.hu\/iskola\/wp-json\/wp\/v2\/users\/1"}],"replies":[{"embeddable":true,"href":"https:\/\/szent-erzsebet.hu\/iskola\/wp-json\/wp\/v2\/comments?post=2265"}],"version-history":[{"count":1,"href":"https:\/\/szent-erzsebet.hu\/iskola\/wp-json\/wp\/v2\/pages\/2265\/revisions"}],"predecessor-version":[{"id":2266,"href":"https:\/\/szent-erzsebet.hu\/iskola\/wp-json\/wp\/v2\/pages\/2265\/revisions\/2266"}],"wp:attachment":[{"href":"https:\/\/szent-erzsebet.hu\/iskola\/wp-json\/wp\/v2\/media?parent=2265"}],"curies":[{"name":"wp","href":"https:\/\/api.w.org\/{rel}","templated":true}]}}