{"id":2269,"date":"2025-10-06T07:15:55","date_gmt":"2025-10-06T06:15:55","guid":{"rendered":"https:\/\/szent-erzsebet.hu\/iskola\/?page_id=2269"},"modified":"2026-02-10T10:37:44","modified_gmt":"2026-02-10T09:37:44","slug":"pedagogusaink","status":"publish","type":"page","link":"https:\/\/szent-erzsebet.hu\/iskola\/pedagogusaink\/","title":{"rendered":"Pedag\u00f3gusaink"},"content":{"rendered":"\n<p class=\"has-text-align-center\"><strong>B\u00e1nszky \u00c9va<br><\/strong>banszky.eva@szent-erzsebet.hu<\/p>\n\n\n\n<p class=\"has-text-align-center\"><strong>Bartln\u00e9 Pap Zsuzsanna<br><\/strong>pap.zsuzsanna@szent-erzsebet.hu<\/p>\n\n\n\n<p class=\"has-text-align-center\"><strong>Brinkusz-Noszkay Loretta<br><\/strong>noszkay.loretta@szent-erzsebet.hu<\/p>\n\n\n\n<p class=\"has-text-align-center\"><strong>Demeter Judit<br><\/strong>demeter.judit@szent-erzsebet.hu<\/p>\n\n\n\n<p class=\"has-text-align-center\"><strong>dr. T\u00f3thn\u00e9 Janig Anna<br><\/strong>janig.anna@szent-erzsebet.hu<\/p>\n\n\n\n<p class=\"has-text-align-center\"><strong>Fard\u00e1n\u00e9 Vincze Gy\u00f6rgyi<br><\/strong>vincze.gyorgyi@szent-erzsebet.hu<\/p>\n\n\n\n<p class=\"has-text-align-center\"><strong>G\u00e1born\u00e9 Antal Gabriella<br><\/strong>antal.gabriella@szent-erzsebet.hu<\/p>\n\n\n\n<p class=\"has-text-align-center\"><strong>Gy\u0171gyi-J\u00f3n\u00e1s Lilla<br><\/strong>jonas.lilla@szent-erzsebet.hu<\/p>\n\n\n\n<p class=\"has-text-align-center\"><strong>Horv\u00e1thn\u00e9 T\u00f6r\u00f6k Adrienn<br><\/strong>torok.adrienn@szent-erzsebet.hu<\/p>\n\n\n\n<p class=\"has-text-align-center\"><strong>Kov\u00e1csn\u00e9 Horv\u00e1th Beatrix<br><\/strong>horvath.beatrix@szent-erzsebet.hu<\/p>\n\n\n\n<p class=\"has-text-align-center\"><strong>Makovicsn\u00e9 Nebehaj Katalin<br><\/strong>nebehaj.katalin@szent-erzsebet.hu<\/p>\n\n\n\n<p class=\"has-text-align-center\"><strong>Noszkayn\u00e9 Markos Katalin<br><\/strong>markos.katalin@szent-erzsebet.hu<\/p>\n\n\n\n<p class=\"has-text-align-center\"><strong>Putz Judit<br><\/strong>putz.judit@szent-erzsebet.hu<\/p>\n\n\n\n<p class=\"has-text-align-center\"><strong>S\u0151l\u0151si Vivien<br><\/strong>szilagyi.vivien@szent-erzsebet.hu<\/p>\n\n\n\n<p class=\"has-text-align-center\"><strong>Steinern\u00e9 Juh\u00e1sz M\u00f3nika<br><\/strong>juhasz.monika@szent-erzsebet.hu<\/p>\n\n\n\n<p class=\"has-text-align-center\"><strong>S\u00fcvegn\u00e9 Nagy Ivett<br><\/strong>nagy.ivett@szent-erzsebet.hu<\/p>\n\n\n\n<p class=\"has-text-align-center\"><strong>Szab\u00f3 Krisztina<br><\/strong>szabo.krisztina@szent-erzsebet.hu<\/p>\n\n\n\n<p class=\"has-text-align-center\"><strong>T\u00f3th-Bal\u00e1zs Judit<br><\/strong>balazs.judit@szent-erzsebet.hu<\/p>\n\n\n\n<p class=\"has-text-align-center\"><strong>Varga T\u00edmea<br><\/strong>varga.timea@szent-erzsebet.hu<\/p>\n\n\n\n<p class=\"has-text-align-center\"><strong>Veresn\u00e9 Horv\u00e1th Hilda<br><\/strong>horvath.hilda@szent-erzsebet.hu<\/p>\n\n\n\n<p class=\"has-text-align-center\"><strong>Vir\u00e1gh Be\u00e1ta<br><\/strong>viragh.beata@szent-erzsebet.hu<\/p>\n","protected":false},"excerpt":{"rendered":"<p>B\u00e1nszky \u00c9vabanszky.eva@szent-erzsebet.hu Bartln\u00e9 Pap Zsuzsannapap.zsuzsanna@szent-erzsebet.hu Brinkusz-Noszkay Lorettanoszkay.loretta@szent-erzsebet.hu Demeter Juditdemeter.judit@szent-erzsebet.hu dr. T\u00f3thn\u00e9 Janig Annajanig.anna@szent-erzsebet.hu Fard\u00e1n\u00e9 Vincze Gy\u00f6rgyivincze.gyorgyi@szent-erzsebet.hu G\u00e1born\u00e9 Antal Gabriellaantal.gabriella@szent-erzsebet.hu Gy\u0171gyi-J\u00f3n\u00e1s Lillajonas.lilla@szent-erzsebet.hu Horv\u00e1thn\u00e9 T\u00f6r\u00f6k Adrienntorok.adrienn@szent-erzsebet.hu Kov\u00e1csn\u00e9 Horv\u00e1th Beatrixhorvath.beatrix@szent-erzsebet.hu Makovicsn\u00e9 Nebehaj Katalinnebehaj.katalin@szent-erzsebet.hu Noszkayn\u00e9 Markos Katalinmarkos.katalin@szent-erzsebet.hu Putz&#46;&#46;&#46;<\/p>\n","protected":false},"author":1,"featured_media":0,"parent":0,"menu_order":0,"comment_status":"closed","ping_status":"closed","template":"","meta":{"footnotes":"","_links_to":"","_links_to_target":""},"class_list":["post-2269","page","type-page","status-publish","hentry"],"_links":{"self":[{"href":"https:\/\/szent-erzsebet.hu\/iskola\/wp-json\/wp\/v2\/pages\/2269","targetHints":{"allow":["GET"]}}],"collection":[{"href":"https:\/\/szent-erzsebet.hu\/iskola\/wp-json\/wp\/v2\/pages"}],"about":[{"href":"https:\/\/szent-erzsebet.hu\/iskola\/wp-json\/wp\/v2\/types\/page"}],"author":[{"embeddable":true,"href":"https:\/\/szent-erzsebet.hu\/iskola\/wp-json\/wp\/v2\/users\/1"}],"replies":[{"embeddable":true,"href":"https:\/\/szent-erzsebet.hu\/iskola\/wp-json\/wp\/v2\/comments?post=2269"}],"version-history":[{"count":7,"href":"https:\/\/szent-erzsebet.hu\/iskola\/wp-json\/wp\/v2\/pages\/2269\/revisions"}],"predecessor-version":[{"id":2541,"href":"https:\/\/szent-erzsebet.hu\/iskola\/wp-json\/wp\/v2\/pages\/2269\/revisions\/2541"}],"wp:attachment":[{"href":"https:\/\/szent-erzsebet.hu\/iskola\/wp-json\/wp\/v2\/media?parent=2269"}],"curies":[{"name":"wp","href":"https:\/\/api.w.org\/{rel}","templated":true}]}}