{"id":2273,"date":"2025-10-06T07:22:03","date_gmt":"2025-10-06T06:22:03","guid":{"rendered":"https:\/\/szent-erzsebet.hu\/iskola\/?page_id=2273"},"modified":"2026-02-10T10:32:13","modified_gmt":"2026-02-10T09:32:13","slug":"vezetoseg","status":"publish","type":"page","link":"https:\/\/szent-erzsebet.hu\/iskola\/vezetoseg\/","title":{"rendered":"Vezet\u0151s\u00e9g"},"content":{"rendered":"\n<p class=\"has-text-align-center\"><strong>Vezet\u0151s\u00e9g<\/strong><\/p>\n\n\n<div class=\"wp-block-image\">\n<figure class=\"aligncenter size-large is-resized\"><img decoding=\"async\" src=\"https:\/\/szent-erzsebet.hu\/gimnazium\/wp-content\/uploads\/sites\/5\/2025\/09\/DSC_0006-709x1024.jpg\" alt=\"\" class=\"wp-image-2607\" style=\"width:164px;height:auto\"\/><\/figure><\/div>\n\n\n<p class=\"has-text-align-center\">K\u00fcrti Zolt\u00e1n<br>igazgat\u00f3, testnevel\u00e9s, t\u00f6rt\u00e9nelem \u00e9s \u00e1llampolg\u00e1ri ismeretek tan\u00e1r<br>igazgato@szent-erzsebet.hu<br><\/p>\n\n\n<div class=\"wp-block-image\">\n<figure class=\"aligncenter size-full is-resized\"><img loading=\"lazy\" decoding=\"async\" width=\"966\" height=\"1449\" src=\"https:\/\/szent-erzsebet.hu\/iskola\/wp-content\/uploads\/sites\/3\/2025\/10\/Veresne-Horvath-Hilda.jpg\" alt=\"\" class=\"wp-image-2274\" style=\"width:169px;height:auto\" srcset=\"https:\/\/szent-erzsebet.hu\/iskola\/wp-content\/uploads\/sites\/3\/2025\/10\/Veresne-Horvath-Hilda.jpg 966w, https:\/\/szent-erzsebet.hu\/iskola\/wp-content\/uploads\/sites\/3\/2025\/10\/Veresne-Horvath-Hilda-200x300.jpg 200w, https:\/\/szent-erzsebet.hu\/iskola\/wp-content\/uploads\/sites\/3\/2025\/10\/Veresne-Horvath-Hilda-768x1152.jpg 768w\" sizes=\"auto, (max-width: 966px) 100vw, 966px\" \/><\/figure><\/div>\n\n\n<p class=\"has-text-align-center\">Veresn\u00e9 Horv\u00e1th Hilda\u00a0<br>als\u00f3 tagozatos igazgat\u00f3helyettes<br><a href=\"mailto:sagi.betty@szent-erzsebet.hu\" target=\"_blank\" rel=\"noreferrer noopener\"><\/a>horvath.hilda@szent-erzsebet.hu<br><\/p>\n\n\n<div class=\"wp-block-image\">\n<figure class=\"aligncenter size-large is-resized\"><img decoding=\"async\" src=\"https:\/\/szent-erzsebet.hu\/gimnazium\/wp-content\/uploads\/sites\/5\/2025\/09\/DSC_0012.A-683x1024.jpg\" alt=\"\" class=\"wp-image-2625\" style=\"width:173px;height:auto\"\/><\/figure><\/div>\n\n\n<p class=\"has-text-align-center\">Botosn\u00e9 T\u00f6r\u00f6k Gabriella\u00a0<br>gazdas\u00e1gi vezet\u0151<br>botosne.gabriella@szent-erzsebet.hu<br><\/p>\n","protected":false},"excerpt":{"rendered":"<p>Vezet\u0151s\u00e9g K\u00fcrti Zolt\u00e1nigazgat\u00f3, testnevel\u00e9s, t\u00f6rt\u00e9nelem \u00e9s \u00e1llampolg\u00e1ri ismeretek tan\u00e1rigazgato@szent-erzsebet.hu Veresn\u00e9 Horv\u00e1th Hilda\u00a0als\u00f3 tagozatos igazgat\u00f3helyetteshorvath.hilda@szent-erzsebet.hu Botosn\u00e9 T\u00f6r\u00f6k Gabriella\u00a0gazdas\u00e1gi vezet\u0151botosne.gabriella@szent-erzsebet.hu<\/p>\n","protected":false},"author":1,"featured_media":0,"parent":0,"menu_order":0,"comment_status":"closed","ping_status":"closed","template":"","meta":{"footnotes":"","_links_to":"","_links_to_target":""},"class_list":["post-2273","page","type-page","status-publish","hentry"],"_links":{"self":[{"href":"https:\/\/szent-erzsebet.hu\/iskola\/wp-json\/wp\/v2\/pages\/2273","targetHints":{"allow":["GET"]}}],"collection":[{"href":"https:\/\/szent-erzsebet.hu\/iskola\/wp-json\/wp\/v2\/pages"}],"about":[{"href":"https:\/\/szent-erzsebet.hu\/iskola\/wp-json\/wp\/v2\/types\/page"}],"author":[{"embeddable":true,"href":"https:\/\/szent-erzsebet.hu\/iskola\/wp-json\/wp\/v2\/users\/1"}],"replies":[{"embeddable":true,"href":"https:\/\/szent-erzsebet.hu\/iskola\/wp-json\/wp\/v2\/comments?post=2273"}],"version-history":[{"count":3,"href":"https:\/\/szent-erzsebet.hu\/iskola\/wp-json\/wp\/v2\/pages\/2273\/revisions"}],"predecessor-version":[{"id":2538,"href":"https:\/\/szent-erzsebet.hu\/iskola\/wp-json\/wp\/v2\/pages\/2273\/revisions\/2538"}],"wp:attachment":[{"href":"https:\/\/szent-erzsebet.hu\/iskola\/wp-json\/wp\/v2\/media?parent=2273"}],"curies":[{"name":"wp","href":"https:\/\/api.w.org\/{rel}","templated":true}]}}