{"id":248,"date":"2019-02-18T10:57:41","date_gmt":"2019-02-18T09:57:41","guid":{"rendered":"http:\/\/szerzs.mhan.hu\/iskola\/?page_id=248"},"modified":"2026-03-09T07:32:50","modified_gmt":"2026-03-09T06:32:50","slug":"nevadonk","status":"publish","type":"page","link":"https:\/\/szent-erzsebet.hu\/iskola\/bemutatkozas\/nevadonk\/","title":{"rendered":"N\u00e9vad\u00f3nk"},"content":{"rendered":"\n<figure class=\"wp-block-gallery has-nested-images columns-default is-cropped wp-block-gallery-1 is-layout-flex wp-block-gallery-is-layout-flex\">\n<figure class=\"wp-block-image size-large\"><img loading=\"lazy\" decoding=\"async\" width=\"1709\" height=\"2560\" data-id=\"2564\" src=\"https:\/\/szent-erzsebet.hu\/iskola\/wp-content\/uploads\/sites\/3\/2026\/03\/18.-szazadi-olomuveg-abrazolas-Szent-Erzsebetrol-scaled.jpg\" alt=\"\" class=\"wp-image-2564\" srcset=\"https:\/\/szent-erzsebet.hu\/iskola\/wp-content\/uploads\/sites\/3\/2026\/03\/18.-szazadi-olomuveg-abrazolas-Szent-Erzsebetrol-scaled.jpg 1709w, https:\/\/szent-erzsebet.hu\/iskola\/wp-content\/uploads\/sites\/3\/2026\/03\/18.-szazadi-olomuveg-abrazolas-Szent-Erzsebetrol-200x300.jpg 200w, https:\/\/szent-erzsebet.hu\/iskola\/wp-content\/uploads\/sites\/3\/2026\/03\/18.-szazadi-olomuveg-abrazolas-Szent-Erzsebetrol-768x1151.jpg 768w, https:\/\/szent-erzsebet.hu\/iskola\/wp-content\/uploads\/sites\/3\/2026\/03\/18.-szazadi-olomuveg-abrazolas-Szent-Erzsebetrol-1025x1536.jpg 1025w, https:\/\/szent-erzsebet.hu\/iskola\/wp-content\/uploads\/sites\/3\/2026\/03\/18.-szazadi-olomuveg-abrazolas-Szent-Erzsebetrol-1367x2048.jpg 1367w\" sizes=\"auto, (max-width: 1709px) 100vw, 1709px\" \/><figcaption class=\"wp-element-caption\">St Elisabert of Hungary (18. Century, stained glass)<\/figcaption><\/figure>\n\n\n\n<figure class=\"wp-block-image size-large\"><img loading=\"lazy\" decoding=\"async\" width=\"960\" height=\"1285\" data-id=\"2563\" src=\"https:\/\/szent-erzsebet.hu\/iskola\/wp-content\/uploads\/sites\/3\/2026\/03\/Szent-Erzsebet-megmos-egy-beteg-embert-jelenet-a-kassai-Szent-Erzsebet-szekesegyhaz-fooltararol.jpg\" alt=\"\" class=\"wp-image-2563\" srcset=\"https:\/\/szent-erzsebet.hu\/iskola\/wp-content\/uploads\/sites\/3\/2026\/03\/Szent-Erzsebet-megmos-egy-beteg-embert-jelenet-a-kassai-Szent-Erzsebet-szekesegyhaz-fooltararol.jpg 960w, https:\/\/szent-erzsebet.hu\/iskola\/wp-content\/uploads\/sites\/3\/2026\/03\/Szent-Erzsebet-megmos-egy-beteg-embert-jelenet-a-kassai-Szent-Erzsebet-szekesegyhaz-fooltararol-224x300.jpg 224w, https:\/\/szent-erzsebet.hu\/iskola\/wp-content\/uploads\/sites\/3\/2026\/03\/Szent-Erzsebet-megmos-egy-beteg-embert-jelenet-a-kassai-Szent-Erzsebet-szekesegyhaz-fooltararol-768x1028.jpg 768w\" sizes=\"auto, (max-width: 960px) 100vw, 960px\" \/><\/figure>\n\n\n\n<figure class=\"wp-block-image size-large\"><img loading=\"lazy\" decoding=\"async\" width=\"960\" height=\"1280\" data-id=\"2562\" src=\"https:\/\/szent-erzsebet.hu\/iskola\/wp-content\/uploads\/sites\/3\/2026\/03\/Szent-Erzsebet-szobor-a-Rozsak-teren.jpg\" alt=\"\" class=\"wp-image-2562\" srcset=\"https:\/\/szent-erzsebet.hu\/iskola\/wp-content\/uploads\/sites\/3\/2026\/03\/Szent-Erzsebet-szobor-a-Rozsak-teren.jpg 960w, https:\/\/szent-erzsebet.hu\/iskola\/wp-content\/uploads\/sites\/3\/2026\/03\/Szent-Erzsebet-szobor-a-Rozsak-teren-225x300.jpg 225w, https:\/\/szent-erzsebet.hu\/iskola\/wp-content\/uploads\/sites\/3\/2026\/03\/Szent-Erzsebet-szobor-a-Rozsak-teren-768x1024.jpg 768w\" sizes=\"auto, (max-width: 960px) 100vw, 960px\" \/><\/figure>\n<\/figure>\n\n\n\n<p><br>\u00c1rp\u00e1d-h\u00e1zi Szent Erzs\u00e9bet (1207\u20131231) a k\u00f6z\u00e9pkori Eur\u00f3pa egyik legikonikusabb alakja: egyszerre volt magyar kir\u00e1lyl\u00e1ny, t\u00fcringiai\u00a0tartom\u00e1nygr\u00f3fn\u00e9\u00a0\u00e9s a nincstelenek \u00f6nfel\u00e1ldoz\u00f3 szolg\u00e1l\u00f3ja. \u00c9lete a hatalomr\u00f3l val\u00f3 \u00f6nk\u00e9ntes lemond\u00e1s \u00e9s a radik\u00e1lis szeretet dr\u00e1m\u00e1ja.<\/p>\n\n\n\n<p><strong>Sz\u00e1rmaz\u00e1sa \u00e9s gyermekkora<\/strong><\/p>\n\n\n\n<p>Erzs\u00e9bet II. Andr\u00e1s magyar kir\u00e1ly \u00e9s Mer\u00e1ni Gertr\u00fad le\u00e1nyak\u00e9nt sz\u00fcletett. Alig n\u00e9gy\u00e9ves volt, amikor a korabeli szok\u00e1soknak megfelel\u0151en eljegyezt\u00e9k a t\u00fcringiai \u0151rgr\u00f3f fi\u00e1val, Lajossal, \u00e9s a wartburgi udvarba k\u00fcldt\u00e9k nevelkedni. B\u00e1r a h\u00e1zass\u00e1g diplom\u00e1ciai alkunak indult, Erzs\u00e9bet \u00e9s Lajos k\u00f6z\u00f6tt m\u00e9ly, \u0151szinte szerelmi kapcsolat alakult ki, ami ritkas\u00e1gnak sz\u00e1m\u00edtott a kor uralkod\u00f3i k\u00f6reiben.<\/p>\n\n\n\n<p><strong>Isten szeg\u00e9nye \u00e9s a r\u00f3zsacsoda<\/strong><\/p>\n\n\n\n<p>Erzs\u00e9bet m\u00e1r fiatalon kil\u00f3gott a pompakedvel\u0151 udvari k\u00f6rnyezetb\u0151l. Hat\u00e1ssal voltak r\u00e1 a kor \u00faj vall\u00e1si mozgalmai, k\u00fcl\u00f6n\u00f6sen Assisi Szent Ferenc tan\u00edt\u00e1sai a szeg\u00e9nys\u00e9gr\u0151l.<\/p>\n\n\n\n<p>A legismertebb legenda, a r\u00f3zsacsoda, ehhez az id\u0151szakhoz k\u00f6t\u0151dik:<\/p>\n\n\n\n<p>A t\u00f6rt\u00e9net szerint Erzs\u00e9bet titokban kenyeret vitt a szeg\u00e9nyeknek a k\u00f6t\u00e9ny\u00e9ben, amikor f\u00e9rje meg\u00e1ll\u00edtotta. Arra a k\u00e9rd\u00e9sre, mit visz, \u0151 azt felelte: r\u00f3zs\u00e1kat. Amikor kinyitotta k\u00f6t\u00e9ny\u00e9t, a kenyerek hely\u00e9n val\u00f3ban illatos r\u00f3zs\u00e1k t\u00fcnd\u00f6k\u00f6ltek \u2013 a legenda szerint Isten \u00edgy k\u00edm\u00e9lte meg \u0151t a hitetlenked\u0151k gyan\u00fas\u00edt\u00e1s\u00e1t\u00f3l.<\/p>\n\n\n\n<p><strong>\u00d6zvegys\u00e9g \u00e9s sz\u00e1m\u0171zet\u00e9s<\/strong><\/p>\n\n\n\n<p>Boldog csal\u00e1di \u00e9let\u00e9nek f\u00e9rje hal\u00e1la vetett v\u00e9get: Lajos 1227-ben egy keresztes hadj\u00e1rat sor\u00e1n \u00e9let\u00e9t vesztette. Erzs\u00e9bet helyzete ekkor v\u00e1ls\u00e1goss\u00e1 v\u00e1lt. S\u00f3goraival val\u00f3 konfliktusai miatt (akik t\u00fal pazarl\u00f3nak tartott\u00e1k adakoz\u00e1sait) el kellett hagynia Wartburg v\u00e1r\u00e1t.&nbsp;Gondoskodva gyermekei neveltet\u00e9s\u00e9r\u0151l, Marburgba vonult vissza,&nbsp;ahol teljesen a beteg\u00e1pol\u00e1snak szentelte mag\u00e1t.<\/p>\n\n\n\n<p><strong>Marburg \u00e9s a v\u00e9gs\u0151 szolg\u00e1lat<\/strong><\/p>\n\n\n\n<p>\u00c9lete utols\u00f3 \u00e9veiben Konr\u00e1d mester, a szigor\u00fa \u00e9s aszk\u00e9ta szellemi vezet\u0151 ir\u00e1ny\u00edt\u00e1sa alatt \u00e1llt. Erzs\u00e9bet \u00e1rvah\u00e1zat \u00e9s k\u00f3rh\u00e1zat alap\u00edtott, ahol maga is \u00e1polta a lepra \u00e9s m\u00e1s s\u00falyos betegs\u00e9gek \u00e1ldozatait. Saj\u00e1t vagyon\u00e1t \u00e9s erej\u00e9t nem k\u00edm\u00e9lve, mind\u00f6ssze 24 \u00e9vesen hunyt el a v\u00e9gkimer\u00fclts\u00e9gt\u0151l.<\/p>\n\n\n\n<p><strong>T\u00f6rt\u00e9nelmi \u00e9s kultur\u00e1lis hagyat\u00e9ka<\/strong><\/p>\n\n\n\n<p>Alig n\u00e9gy \u00e9vvel hal\u00e1la ut\u00e1n, 1235-ben IX. Gergely p\u00e1pa szentt\u00e9 avatta (Gloriosus in majestate kezdet\u0171 bull\u00e1j\u00e1val \u2013 megj.).<strong>&nbsp;<\/strong>A Karit\u00e1sz \u00e9s sz\u00e1mos beteg\u00e1pol\u00f3 rend v\u00e9delmez\u0151jek\u00e9nt, \u00e9gi k\u00f6zbenj\u00e1r\u00f3jak\u00e9nt tiszteli.<strong>&nbsp;<\/strong>Unokah\u00faga, \u00c1rp\u00e1d-h\u00e1zi Szent Margit, az \u0151 p\u00e9ld\u00e1j\u00e1t k\u00f6vetve v\u00e1lasztotta a vall\u00e1sos \u00e9letet.<strong><\/strong><\/p>\n\n\n\n<p>Szent Erzs\u00e9bet ma is a seg\u00edt\u0151 szeretet, a kereszt\u00e9ny szoci\u00e1lis gondoskod\u00e1s \u00e9s az \u00f6nzetlens\u00e9g jelk\u00e9pe. \u00c9letp\u00e9ld\u00e1ja el\u0151tt tisztelettel ad\u00f3zunk. Int\u00e9zm\u00e9ny\u00fcnk k\u00f6z\u00f6ss\u00e9g\u00e9hez tartozni \u2013 legyen sz\u00f3 di\u00e1kr\u00f3l vagy munkat\u00e1rsr\u00f3l \u2013 nemcsak megtiszteltet\u00e9s, hanem elk\u00f6telez\u0151d\u00e9s is az \u00e1ltala k\u00e9pviselt \u00e9rt\u00e9kek mellett.<\/p>\n\n\n\n<p>Szent Erzs\u00e9bet november 19-i liturgikus eml\u00e9knapja kiemelkedik az iskolai \u00fcnneps\u00e9gek sor\u00e1b\u00f3l.<\/p>\n\n\n\n<p>Iskol\u00e1nk n\u00e9vad\u00f3 szentj\u00e9nek sz\u00e1mos kiadv\u00e1ny \u00e1ll\u00edt eml\u00e9ket, amelyek k\u00f6z\u00fcl t\u00f6bbet is j\u00f3 sz\u00edvvel aj\u00e1nlunk (Charles De Montalembert: \u00c1rp\u00e1d-h\u00e1zi&nbsp;<em>Szent Erzs\u00e9bet \u00e9lete<\/em>. \u00daj Ember, 2006; Gerald Jaksche-Kuklay Antal:&nbsp;<em>\u00c1rp\u00e1d-h\u00e1zi Szent Erzs\u00e9bet<\/em>. Kairosz Kiad\u00f3, Budapest, 2011; Koz\u00e1k P\u00e9ter:&nbsp;<em>F\u00f6ldieknek l\u00e1tsz\u00f3k. N\u0151i szentek \u00e9s boldogok<\/em>. Kossuth Kiad\u00f3, 2021; Sarbak G\u00e1bor (szerk.): Magyarorsz\u00e1g vir\u00e1ga. 13. sz\u00e1zadi forr\u00e1sok \u00c1rp\u00e1d-h\u00e1zi Szent Erzs\u00e9bet \u00e9let\u00e9r\u0151l. Szent Istv\u00e1n T\u00e1rsulat, 2025, ez ut\u00f3bbi a kereskedelmi \u00e1rn\u00e1l kedvez\u0151bben beszerezhet\u0151 iskol\u00e1nk gazdas\u00e1gi irod\u00e1j\u00e1ban).<\/p>\n","protected":false},"excerpt":{"rendered":"<p>\u00c1rp\u00e1d-h\u00e1zi Szent Erzs\u00e9bet (1207\u20131231) a k\u00f6z\u00e9pkori Eur\u00f3pa egyik legikonikusabb alakja: egyszerre volt magyar kir\u00e1lyl\u00e1ny, t\u00fcringiai\u00a0tartom\u00e1nygr\u00f3fn\u00e9\u00a0\u00e9s a nincstelenek \u00f6nfel\u00e1ldoz\u00f3 szolg\u00e1l\u00f3ja. \u00c9lete a hatalomr\u00f3l val\u00f3 \u00f6nk\u00e9ntes lemond\u00e1s \u00e9s a radik\u00e1lis szeretet dr\u00e1m\u00e1ja. Sz\u00e1rmaz\u00e1sa \u00e9s gyermekkora Erzs\u00e9bet&#46;&#46;&#46;<\/p>\n","protected":false},"author":1,"featured_media":0,"parent":13,"menu_order":0,"comment_status":"closed","ping_status":"closed","template":"","meta":{"footnotes":"","_links_to":"","_links_to_target":""},"class_list":["post-248","page","type-page","status-publish","hentry"],"_links":{"self":[{"href":"https:\/\/szent-erzsebet.hu\/iskola\/wp-json\/wp\/v2\/pages\/248","targetHints":{"allow":["GET"]}}],"collection":[{"href":"https:\/\/szent-erzsebet.hu\/iskola\/wp-json\/wp\/v2\/pages"}],"about":[{"href":"https:\/\/szent-erzsebet.hu\/iskola\/wp-json\/wp\/v2\/types\/page"}],"author":[{"embeddable":true,"href":"https:\/\/szent-erzsebet.hu\/iskola\/wp-json\/wp\/v2\/users\/1"}],"replies":[{"embeddable":true,"href":"https:\/\/szent-erzsebet.hu\/iskola\/wp-json\/wp\/v2\/comments?post=248"}],"version-history":[{"count":5,"href":"https:\/\/szent-erzsebet.hu\/iskola\/wp-json\/wp\/v2\/pages\/248\/revisions"}],"predecessor-version":[{"id":2579,"href":"https:\/\/szent-erzsebet.hu\/iskola\/wp-json\/wp\/v2\/pages\/248\/revisions\/2579"}],"up":[{"embeddable":true,"href":"https:\/\/szent-erzsebet.hu\/iskola\/wp-json\/wp\/v2\/pages\/13"}],"wp:attachment":[{"href":"https:\/\/szent-erzsebet.hu\/iskola\/wp-json\/wp\/v2\/media?parent=248"}],"curies":[{"name":"wp","href":"https:\/\/api.w.org\/{rel}","templated":true}]}}