{"id":252,"date":"2019-02-18T10:59:26","date_gmt":"2019-02-18T09:59:26","guid":{"rendered":"http:\/\/szerzs.mhan.hu\/iskola\/?page_id=252"},"modified":"2019-02-18T12:16:06","modified_gmt":"2019-02-18T11:16:06","slug":"tortenelmi-attekintes","status":"publish","type":"page","link":"https:\/\/szent-erzsebet.hu\/iskola\/bemutatkozas\/tortenelmi-attekintes\/","title":{"rendered":"T\u00f6rt\u00e9nelmi \u00e1ttekint\u00e9s"},"content":{"rendered":"\n<p>Az iskola 1989-ben v\u00e1lt ki a Dob\u00f3 Katalin Gimn\u00e1zium \u00e9s Eg\u00e9szs\u00e9g\u00fcgyi Szakk\u00f6z\u00e9piskol\u00e1b\u00f3l. A j\u00f3r\u00e9szt kor\u00e1bban itt dolgoz\u00f3 tan\u00e1rok \u00e9s szakoktat\u00f3k munk\u00e1j\u00e1nak k\u00f6sz\u00f6nhet\u0151en az \u00faj int\u00e9zm\u00e9ny Sipos Imre igazgat\u00f3 \u00e9s Popovics Gy\u00f6rgyn\u00e9 igazgat\u00f3helyettes vezet\u00e9s\u00e9vel nemcsak az addigi kereteket tudta fenntartani, de a l\u00e9tsz\u00e1m n\u00f6vel\u00e9s\u00e9re \u00e9s az oktat\u00e1s fejleszt\u00e9s\u00e9re is sor ker\u00fclt.<\/p>\n\n\n\n<p>A hagyom\u00e1nyos szakk\u00f6z\u00e9piskolai k\u00e9pz\u00e9st 1991\/92. tan\u00e9vt\u0151l k\u00eds\u00e9rleti k\u00e9pz\u00e9s, majd az 1993\/94. tan\u00e9vt\u0151l a vil\u00e1gbanki programon alapul\u00f3 oktat\u00e1s v\u00e1ltotta fel.<\/p>\n\n\n\n<p>Az indul\u00f3 k\u00e9pz\u00e9s els\u0151dlegesen eg\u00e9szs\u00e9g\u00fcgyi szakemberek k\u00e9pz\u00e9s\u00e9t biztos\u00edt hum\u00e1n oktat\u00e1s mellett, 1995-t\u00f3l k\u00f6rnyezetv\u00e9delmi szakk\u00e9pz\u00e9st is folytattunk.<\/p>\n\n\n\n<p>Az iskola 1991-ben vette fel \u00c1rp\u00e1d-h\u00e1zi Szent Erzs\u00e9bet nev\u00e9t \u00e9s ekkor kezdett el m\u0171k\u00f6dni az iskola mellett a Szatm\u00e1ri Irgalmas N\u0151v\u00e9rek \u00e1ltal fenntartott koll\u00e9gium. Mind a n\u00e9vv\u00e1ltoz\u00e1s, mind a koll\u00e9giummal val\u00f3 egy\u00fcttm\u0171k\u00f6d\u00e9s jelentette, hogy az int\u00e9zm\u00e9ny igyekezett meg\u0151rizni az 1948-ig k\u00e9t \u00e9vtizeden kereszt\u00fcl ebben az \u00e9p\u00fcletben m\u0171k\u00f6d\u0151 Boldog Margit Gimn\u00e1zium hagyom\u00e1nyait is.<\/p>\n\n\n\n<p><strong>A szakk\u00f6z\u00e9piskola sz\u00e1mokban<\/strong><\/p>\n\n\n\n<p><strong>1993\/94-es tan\u00e9v:<\/strong><br> Oszt\u00e1lyok sz\u00e1ma: 8<br> Di\u00e1kl\u00e9tsz\u00e1m: 254<br> Pedag\u00f3gus l\u00e9tsz\u00e1m: 20<\/p>\n\n\n\n<p><strong>1994\/95-\u00f6s tan\u00e9v:<\/strong><br> Oszt\u00e1lyok sz\u00e1ma: 9<br> Di\u00e1kl\u00e9tsz\u00e1m: 276<br> Pedag\u00f3gus l\u00e9tsz\u00e1m: 21<br> 1 oszt\u00e1ly \u00e9retts\u00e9gi ut\u00e1ni szakk\u00e9pz\u00e9s<\/p>\n\n\n\n<p><strong>1995\/96-os tan\u00e9v:<\/strong><br> Oszt\u00e1lyok sz\u00e1ma: 11<br> Di\u00e1kl\u00e9tsz\u00e1m: 311<br> Pedag\u00f3gus l\u00e9tsz\u00e1m: 22<br> 3 oszt\u00e1ly \u00e9retts\u00e9gi ut\u00e1n szakk\u00e9pz\u00e9s. Indul a k\u00f6rnyezetv\u00e9d. k\u00e9pz\u00e9s<\/p>\n\n\n\n<p><strong>1996\/97-es tan\u00e9v:<\/strong><br> Oszt\u00e1lyok sz\u00e1ma: 11<br> Di\u00e1kl\u00e9tsz\u00e1m: 292<br> Pedag\u00f3gus l\u00e9tsz\u00e1m: 19<br> 3 oszt\u00e1ly \u00e9retts\u00e9gi ut\u00e1n szakk\u00e9pz\u00e9s<\/p>\n\n\n\n<p><strong>1997\/98-as tan\u00e9v:<\/strong><br> Oszt\u00e1lyok sz\u00e1ma: 9<br> Di\u00e1kl\u00e9tsz\u00e1m: 236<br> Pedag\u00f3gus l\u00e9tsz\u00e1m: 20<br> 1 oszt\u00e1ly \u00e9retts\u00e9gi ut\u00e1ni szakk\u00e9pz\u00e9s<\/p>\n\n\n\n<p><strong>1998\/99-es tan\u00e9v:<\/strong><br> Oszt\u00e1lyok sz\u00e1ma: 9<br> Di\u00e1kl\u00e9tsz\u00e1m: 236<br> Pedag\u00f3gus l\u00e9tsz\u00e1m: 20<br> 2 oszt\u00e1ly \u00e9retts\u00e9gi ut\u00e1ni szakk\u00e9pz\u00e9s<\/p>\n\n\n\n<p><strong>1999\/2000-es tan\u00e9v:<\/strong><br> Oszt\u00e1lyok sz\u00e1ma: 11<br> Di\u00e1kl\u00e9tsz\u00e1m: 255<br> Pedag\u00f3gus l\u00e9tsz\u00e1m: 20<br> 3 oszt\u00e1ly \u00e9retts\u00e9gi ut\u00e1n szakk\u00e9pz\u00e9s<\/p>\n\n\n\n<p><strong>2000\/2001-es tan\u00e9v:<\/strong><br> Oszt\u00e1lyok sz\u00e1ma: 10<br> Di\u00e1kl\u00e9tsz\u00e1m: 266<br> Pedag\u00f3gus l\u00e9tsz\u00e1m: 19<br> 2 oszt\u00e1ly \u00e9retts\u00e9gi ut\u00e1ni szakk\u00e9pz\u00e9s<br> (\u00c1pol\u00f3, K\u00f6rny.v\u00e9d.szakel\u0151ad\u00f3)<\/p>\n\n\n\n<p>Az \u00f6nkorm\u00e1nyzati fenntart\u00e1s\u00fa iskola igazgat\u00f3i:<br>\nSipos Imre: 1989\/1999 <br>\nSzontagh Katalin: 1999\/2000 (megb\u00edzott igazgat\u00f3)<br>\nChalupa Zolt\u00e1n: 2000\/2001<\/p>\n\n\n\n<p>2000-ben a rend t\u00e1rgyal\u00e1sokat kezdett Kom\u00e1rom-Esztergom Megyei \u00f6nkorm\u00e1nyzattal az iskola \u00e1tad\u00e1s\u00e1r\u00f3l. A meg\u00e1llapod\u00e1s eredm\u00e9nyek\u00e9nt 2001 szeptember 1-vel kezdte meg m\u0171k\u00f6d\u00e9s\u00e9t az egyh\u00e1zi fenntart\u00e1s\u00fa \u00c1rp\u00e1d-h\u00e1zi Szent Erzs\u00e9bet K\u00f6z\u00e9piskola. A fenntart\u00f3v\u00e1lt\u00e1s t\u00f6bb koll\u00e9ga sz\u00e1m\u00e1ra nem volt v\u00e1llalhat\u00f3, a nevel\u0151test\u00fclet \u00e9s a technikai dolgoz\u00f3k harmada elhagyta az int\u00e9zm\u00e9nyt.<br>\nAz els\u0151 \u00e9veket a r\u00e9gi \u00e9s az \u00faj kett\u0151ss\u00e9ge jellemezte. A kimen\u0151, m\u00e9g \u00f6nkorm\u00e1nyzati beiskol\u00e1z\u00e1s\u00fa oszt\u00e1lyok etik\u00e1t tanultak, a lelki nevel\u00e9sben nem vettek r\u00e9szt; az \u00fajonnan beiskol\u00e1zott \u00e9vfolyamokkal megkezdt\u00e9k ezt a feladatot: a hittanoktat\u00e1st, az oszt\u00e1lymis\u00e9k, lelkigyakorlatok szervez\u00e9s\u00e9t.<br>\nEz a kett\u0151ss\u00e9g a 2003\/04-es tan\u00e9v v\u00e9g\u00e9ig tartott, ekkor ballagtak el az utols\u00f3 \u00f6nkorm\u00e1nyzati beiskol\u00e1z\u00e1s\u00fa oszt\u00e1lyok.<br>\nA rend \u00e9s az iskola nevel\u0151test\u00fclete a fenntart\u00f3v\u00e1lt\u00e1s pillanat\u00e1t\u00f3l dolgozott a k\u00e9pz\u00e9si k\u00edn\u00e1lat tov\u00e1bbi b\u0151v\u00edt\u00e9s\u00e9n. Az Irgalmas n\u0151v\u00e9rek a h\u00e1bor\u00fa el\u0151tt \u00f3vod\u00e1t, elemi \u00e9s polg\u00e1ri le\u00e1nyiskol\u00e1t, tan\u00edt\u00f3k\u00e9pz\u0151t, le\u00e1nygimn\u00e1ziumot tartottak fenn, n\u00f6vend\u00e9keik l\u00e9tsz\u00e1ma megk\u00f6zel\u00edtette az 1100-at.<br>\nAz 1929-ben meg\u00e9p\u00edtett iskola\u00e9p\u00fclet a n\u0151v\u00e9rek komoly anyagi \u00e1ldozata \u00e9s munk\u00e1ja eredm\u00e9nyek\u00e9ppen \u00e9p\u00fclt meg, \u00edgy nem v\u00e9letlen, hogy az akkor tartom\u00e1nyf\u0151n\u00f6kn\u0151 Zal\u00e1n Katalin M. Luci\u00e1na n\u0151v\u00e9r az \u00e9p\u00fclet visszaig\u00e9nyl\u00e9s\u00e9t \u00e9s oktat\u00e1si feladatokkal val\u00f3 megt\u00f6lt\u00e9s\u00e9t tartotta c\u00e9lj\u00e1nak.<br>\nA nevel\u0151test\u00fclet a b\u0151v\u00fcl\u00e9sben a r\u00e9g\u00f3ta ind\u00edtani k\u00edv\u00e1nt gimn\u00e1ziumi k\u00e9pz\u00e9sre l\u00e1tott lehet\u0151s\u00e9get. A b\u0151v\u00fcl\u00e9s a 2002 szeptember 1-\u00e9n ind\u00edtand\u00f3 4 oszt\u00e1lyos le\u00e1nygimn\u00e1ziummal kezd\u0151d\u00f6tt, amit r\u00f6videsen nyelvi el\u0151k\u00e9sz\u00edt\u0151 \u00e9vfolyam, kommunik\u00e1ci\u00f3s szakk\u00f6z\u00e9piskolai csoport, 8 oszt\u00e1lyos gimn\u00e1ziumi, \u00f3vodai \u00e9s \u00e1ltal\u00e1nos iskola k\u00f6vetett.<\/p>\n\n\n\n<p><strong>Az \u00e1ltal\u00e1nos iskola ki\u00e9p\u00edt\u00e9se<\/strong><\/p>\n\n\n\n<p><strong>2006\/2007-es tan\u00e9v:<\/strong><br> Oszt\u00e1lyok sz\u00e1ma: 1<br> Di\u00e1kl\u00e9tsz\u00e1m: 28<br> Pedag\u00f3gus l\u00e9tsz\u00e1m: 2<\/p>\n\n\n\n<p><strong>2007\/2008-as tan\u00e9v:<\/strong><br> Oszt\u00e1lyok sz\u00e1ma: 3<br> Di\u00e1kl\u00e9tsz\u00e1m: 83<br> Pedag\u00f3gus l\u00e9tsz\u00e1m: 6<\/p>\n\n\n\n<p><strong>2008\/2009-as tan\u00e9v:<\/strong><br> Oszt\u00e1lyok sz\u00e1ma: 6<br> Di\u00e1kl\u00e9tsz\u00e1m: 151<br> Pedag\u00f3gus l\u00e9tsz\u00e1m: 11<\/p>\n\n\n\n<p><strong>2009\/2010-es tan\u00e9v:<\/strong><br> Oszt\u00e1lyok sz\u00e1ma: 8<br> Di\u00e1kl\u00e9tsz\u00e1m: 213<br> Pedag\u00f3gus l\u00e9tsz\u00e1m: 16<\/p>\n\n\n\n<p><strong>2010\/2011-es tan\u00e9v:<\/strong><br> \u00c9vv\u00e9gi \u00e1tlag: 4,75<br> Oszt\u00e1lyok sz\u00e1ma: 9<br> Di\u00e1kl\u00e9tsz\u00e1m: 244<br> Pedag\u00f3gus l\u00e9tsz\u00e1m: 18<\/p>\n\n\n\n<p><strong>2011\/2012-es tan\u00e9v:<\/strong><br> Oszt\u00e1lyok sz\u00e1ma: 9+1<br> Di\u00e1kl\u00e9tsz\u00e1m: 244+29<br> Pedag\u00f3gus l\u00e9tsz\u00e1m: 18<br> \u00c9v v\u00e9gi \u00e1tlag: als\u00f3 tagozat:4,77<br> \u00c9v v\u00e9gi \u00e1tlag: 5.C: 4,51<br> Tan\u00e9v fontos esem\u00e9nye: fels\u0151 tagozat indul\u00e1sa 5.c<\/p>\n\n\n\n<p><br><strong> 2012\/2013-as tan\u00e9v:<\/strong><br> Oszt\u00e1lyok sz\u00e1ma: 9+2<br> Di\u00e1kl\u00e9tsz\u00e1m: 244+63<br> Pedag\u00f3gus l\u00e9tsz\u00e1m: 19+4<\/p>\n\n\n\n<p><strong>\u00d3voda fejl\u0151d\u00e9se<\/strong><\/p>\n\n\n\n<p><strong>2004\/2005-\u00f6s tan\u00e9v<\/strong><br> Csoportsz\u00e1ma:1<br> Gyermekl\u00e9tsz\u00e1m: 18<br> Pedag\u00f3gus l\u00e9tsz\u00e1m: 2<\/p>\n\n\n\n<p><strong>2005\/2006-os tan\u00e9v<\/strong><br> Csoportsz\u00e1ma:2<br> Gyermekl\u00e9tsz\u00e1m: 55<br> Pedag\u00f3gus l\u00e9tsz\u00e1m: 4<\/p>\n\n\n\n<p><strong>2006\/2007-es tan\u00e9v<\/strong><br> Csoportsz\u00e1ma:3<br> Gyermekl\u00e9tsz\u00e1m: 77<br> Pedag\u00f3gus l\u00e9tsz\u00e1m: 6<\/p>\n\n\n\n<p><strong>2007\/2008-as tan\u00e9v<\/strong><br> Csoportsz\u00e1ma:3<br> Gyermekl\u00e1tsz\u00e1m: 82<br> Pedag\u00f3gus l\u00e9tsz\u00e1m: 6<\/p>\n\n\n\n<p><strong>2008\/2009-es tan\u00e9v<\/strong><br> Csoportsz\u00e1ma:4<br> Gyermekl\u00e9tsz\u00e1m: 110<br> Pedag\u00f3gus l\u00e9tsz\u00e1m: 8<\/p>\n\n\n\n<p><strong>2009\/2010-es tan\u00e9v<\/strong><br> Csoportsz\u00e1ma:4<br> Gyermekl\u00e9tsz\u00e1m: 110<br> Pedag\u00f3gus l\u00e9tsz\u00e1m: 8<\/p>\n\n\n\n<p><strong>2010\/2011-es tan\u00e9v<\/strong><br> Csoportsz\u00e1ma:4<br> Gyermekl\u00e9tsz\u00e1m: 112<br> Pedag\u00f3gus l\u00e9tsz\u00e1m: 9<\/p>\n\n\n\n<p><strong>2011\/2012-es tan\u00e9v<\/strong><br> Csoportsz\u00e1ma:4<br> Gyermekl\u00e9tsz\u00e1m: 112<br> Pedag\u00f3gus l\u00e9tsz\u00e1m: 9<\/p>\n\n\n\n<p>N\u00e9h\u00e1ny adat a k\u00f6z\u00e9piskola elm\u00falt 10 \u00e9v\u00e9r\u0151l<\/p>\n\n\n\n<p><strong>2000\/2001-es tan\u00e9v<\/strong><br> \u00c9vv\u00e9gi \u00e1tlag: 3,3<br> Oszt\u00e1lyok sz\u00e1ma: 8<br> Tanul\u00f3k sz\u00e1ma: 236<br> F\u0151\u00e1ll\u00e1s\u00fa tan\u00e1rok sz\u00e1ma: 19<br> A tan\u00e9v legfontosabb esem\u00e9nyei: Utols\u00f3 \u00e9v megyei fenntart\u00e1sban<\/p>\n\n\n\n<p><strong>2001\/2002-es tan\u00e9v<\/strong><br> \u00c9vv\u00e9gi \u00e1tlag: 3,1<br> Oszt\u00e1lyok sz\u00e1ma: 8<br> Tanul\u00f3k sz\u00e1ma: 265<br> F\u0151\u00e1ll\u00e1s\u00fa tan\u00e1rok sz\u00e1ma: 17<br> A tan\u00e9v legfontosabb esem\u00e9nyei: <br> Szeptember 1-vel ker\u00fclt egyh\u00e1zi fenntart\u00e1sba az iskola<\/p>\n\n\n\n<p><strong>2002\/2003-as tan\u00e9v<\/strong><br> \u00c9vv\u00e9gi \u00e1tlag: 3,1<br> Oszt\u00e1lyok sz\u00e1ma: 9<br> Tanul\u00f3k sz\u00e1ma: 287<br> F\u0151\u00e1ll\u00e1s\u00fa tan\u00e1rok sz\u00e1ma: 21<br> A tan\u00e9v legfontosabb esem\u00e9nyei: 4 oszt\u00e1lyos gimn\u00e1ziumi k\u00e9pz\u00e9s indul\u00e1sa<br> 10-11-es oszt\u00e1lyok a ny\u00e1ron \u00e1tvett B \u00e9p\u00fcletbe ker\u00fcltek \u00e1t<br> (volt K\u00f6zg\u00e1z \u00e9p\u00fclet; eddig alagsori termeket is haszn\u00e1ltuk oszt\u00e1lyteremk\u00e9nt.)<\/p>\n\n\n\n<p><strong>2003\/2004-es tan\u00e9v<\/strong><br> \u00c9vv\u00e9gi \u00e1tlag: 3,45<br> Oszt\u00e1lyok sz\u00e1ma: 10<br> Tanul\u00f3k sz\u00e1ma: 307<br> F\u0151\u00e1ll\u00e1s\u00fa tan\u00e1rok sz\u00e1ma:26<br> A tan\u00e9v legfontosabb esem\u00e9nyei:<br> Elballagnak az utols\u00f3 \u00f6nkorm\u00e1nyzati beiskol\u00e1z\u00e1s\u00fa oszt\u00e1lyok<\/p>\n\n\n\n<p><strong>2004\/2005-\u00f6s tan\u00e9v<\/strong><br> \u00c9vv\u00e9gi \u00e1tlag: 3,58<br> Oszt\u00e1lyok sz\u00e1ma: 12<br> Tanul\u00f3k sz\u00e1ma: 354<br> F\u0151\u00e1ll\u00e1s\u00fa tan\u00e1rok sz\u00e1ma:29<br> A tan\u00e9v legfontosabb esem\u00e9nyei: <br> Els\u0151 NYEK oszt\u00e1ly indul\u00e1sa. Kommunik\u00e1ci\u00f3s k\u00e9pz\u00e9s , \u00f3voda indul\u00e1sa<\/p>\n\n\n\n<p><strong>2005\/2006-os tan\u00e9v<\/strong><br> \u00c9vv\u00e9gi \u00e1tlag: 3,67<br> Oszt\u00e1lyok sz\u00e1ma: 16<br> Tanul\u00f3k sz\u00e1ma: 487<br> F\u0151\u00e1ll\u00e1s\u00fa tan\u00e1rok sz\u00e1ma:34<br> A tan\u00e9v legfontosabb esem\u00e9nyei:8 oszt\u00e1lyos gimn\u00e1zium indul\u00e1sa<br> Els\u0151 gimn\u00e1ziumi oszt\u00e1ly \u00e9retts\u00e9gije<\/p>\n\n\n\n<p><strong>2006\/2007-es tan\u00e9v<\/strong><br> \u00c9vv\u00e9gi \u00e1tlag: 3,87<br> Oszt\u00e1lyok sz\u00e1ma: 19<br> Tanul\u00f3k sz\u00e1ma: 601<br> F\u0151\u00e1ll\u00e1s\u00fa tan\u00e1rok sz\u00e1ma:40<br> A tan\u00e9v legfontosabb esem\u00e9nyei: Kik\u00f6lt\u00f6zik a Kereskedelmi SZKI,<br> fel\u00faj\u00edtottuk a keleti sz\u00e1rnyat<br> \u00c1ltal\u00e1nos iskola indul\u00e1sa<\/p>\n\n\n\n<p><strong>2007\/2008-as tan\u00e9v<\/strong><br> \u00c9vv\u00e9gi \u00e1tlag: 3,94<br> Oszt\u00e1lyok sz\u00e1ma: 22<br> Tanul\u00f3k sz\u00e1ma: 708<br> F\u0151\u00e1ll\u00e1s\u00fa tan\u00e1rok sz\u00e1ma: 44<br> A tan\u00e9v legfontosabb esem\u00e9nyei: Kik\u00f6lt\u00f6zik a Szent Istv\u00e1n Gimn\u00e1zium <br> (A 10-11. \u00e9vfolyamok \u00e1tker\u00fclnek a F\u0151\u00e9p\u00fcletbe)<\/p>\n\n\n\n<p><strong>2008\/2009-es tan\u00e9v<\/strong><br> \u00c9vv\u00e9gi \u00e1tlag: 4,04<br> Oszt\u00e1lyok sz\u00e1ma: 25<br> Tanul\u00f3k sz\u00e1ma: 828<br> F\u0151\u00e1ll\u00e1s\u00fa tan\u00e1rok sz\u00e1ma:52<br> A tan\u00e9v legfontosabb esem\u00e9nyei: Els\u0151 NYEK oszt\u00e1ly \u00e9retts\u00e9gije. <br> 5-13-ig el\u0151sz\u00f6r van minden \u00e9vfolyamon oszt\u00e1lyunk (17 gimn\u00e1ziumi, <br> 8 szakk\u00f6zepes)<\/p>\n\n\n\n<p><strong>2009\/2010-es tan\u00e9v<\/strong><br> \u00c9vv\u00e9gi \u00e1tlag: 4,11<br> Oszt\u00e1lyok sz\u00e1ma: 25<br> Tanul\u00f3k sz\u00e1ma: 865<br> F\u0151\u00e1ll\u00e1s\u00fa tan\u00e1rok sz\u00e1ma:54<br> A tan\u00e9v legfontosabb esem\u00e9nyei: Megsz\u0171nik a k\u00f6rnyezetv\u00e9delmi szakk\u00f6z\u00e9piskola \u00e9s a 4 oszt\u00e1lyos gimn\u00e1ziumi beiskol\u00e1z\u00e1s<\/p>\n\n\n\n<p><strong>2010\/2011-es tan\u00e9v<\/strong><br> \u00c9vv\u00e9gi \u00e1tlag: 4,16<br> Oszt\u00e1lyok sz\u00e1ma: 25<br> Tanul\u00f3k sz\u00e1ma: 882<br> F\u0151\u00e1ll\u00e1s\u00fa tan\u00e1rok sz\u00e1ma:54<br> A tan\u00e9v legfontosabb esem\u00e9nyei: Els\u0151k\u00e9nt l\u00e9pnek 8 oszt\u00e1lyos gimn\u00e1ziumba volt als\u00f3saink (28 f\u0151)<\/p>\n\n\n\n<p><strong>2011\/2012-es tan\u00e9v<\/strong><\/p>\n\n\n\n<p>\u00c9vv\u00e9gi \u00e1tlag: 4,25<br>\nOszt\u00e1lyok sz\u00e1ma: 25<br>\nTanul\u00f3k sz\u00e1ma: 880<br>\nF\u0151\u00e1ll\u00e1s\u00fa tan\u00e1rok sz\u00e1ma:56<\/p>\n\n\n\n<p>A tan\u00e9v legfontosabb esem\u00e9nyei: Elballagtak az utols\u00f3 k\u00f6rnyezetv\u00e9delmi szakk\u00f6z\u00e9piskolai oszt\u00e1ly tanul\u00f3i.<\/p>\n\n\n\n<p><strong>2012\/2013-as tan\u00e9v<\/strong><\/p>\n\n\n\n<p>Oszt\u00e1lyok sz\u00e1ma: 25<br>\nTanul\u00f3k sz\u00e1ma: 849<br>\nF\u0151\u00e1ll\u00e1s\u00fa tan\u00e1rok sz\u00e1ma:59<\/p>\n\n\n\n<p>A tan\u00e9v legfontosabb esem\u00e9nyei: Id\u00e9n \u00e9retts\u00e9giznek el\u0151sz\u00f6r a 8 oszt\u00e1lyos gimnazista oszt\u00e1lyok.<\/p>\n","protected":false},"excerpt":{"rendered":"<p>Az iskola 1989-ben v\u00e1lt ki a Dob\u00f3 Katalin Gimn\u00e1zium \u00e9s Eg\u00e9szs\u00e9g\u00fcgyi Szakk\u00f6z\u00e9piskol\u00e1b\u00f3l. A j\u00f3r\u00e9szt kor\u00e1bban itt dolgoz\u00f3 tan\u00e1rok \u00e9s szakoktat\u00f3k munk\u00e1j\u00e1nak k\u00f6sz\u00f6nhet\u0151en az \u00faj int\u00e9zm\u00e9ny Sipos Imre igazgat\u00f3 \u00e9s Popovics Gy\u00f6rgyn\u00e9 igazgat\u00f3helyettes vezet\u00e9s\u00e9vel nemcsak&#46;&#46;&#46;<\/p>\n","protected":false},"author":1,"featured_media":0,"parent":13,"menu_order":0,"comment_status":"closed","ping_status":"closed","template":"","meta":{"footnotes":"","_links_to":"","_links_to_target":""},"class_list":["post-252","page","type-page","status-publish","hentry"],"_links":{"self":[{"href":"https:\/\/szent-erzsebet.hu\/iskola\/wp-json\/wp\/v2\/pages\/252","targetHints":{"allow":["GET"]}}],"collection":[{"href":"https:\/\/szent-erzsebet.hu\/iskola\/wp-json\/wp\/v2\/pages"}],"about":[{"href":"https:\/\/szent-erzsebet.hu\/iskola\/wp-json\/wp\/v2\/types\/page"}],"author":[{"embeddable":true,"href":"https:\/\/szent-erzsebet.hu\/iskola\/wp-json\/wp\/v2\/users\/1"}],"replies":[{"embeddable":true,"href":"https:\/\/szent-erzsebet.hu\/iskola\/wp-json\/wp\/v2\/comments?post=252"}],"version-history":[{"count":3,"href":"https:\/\/szent-erzsebet.hu\/iskola\/wp-json\/wp\/v2\/pages\/252\/revisions"}],"predecessor-version":[{"id":345,"href":"https:\/\/szent-erzsebet.hu\/iskola\/wp-json\/wp\/v2\/pages\/252\/revisions\/345"}],"up":[{"embeddable":true,"href":"https:\/\/szent-erzsebet.hu\/iskola\/wp-json\/wp\/v2\/pages\/13"}],"wp:attachment":[{"href":"https:\/\/szent-erzsebet.hu\/iskola\/wp-json\/wp\/v2\/media?parent=252"}],"curies":[{"name":"wp","href":"https:\/\/api.w.org\/{rel}","templated":true}]}}