{"id":28,"date":"2018-11-12T13:52:38","date_gmt":"2018-11-12T13:52:38","guid":{"rendered":"http:\/\/szerzs.mhan.hu\/iskola\/?page_id=28"},"modified":"2021-08-23T11:17:22","modified_gmt":"2021-08-23T10:17:22","slug":"elerhetoseg","status":"publish","type":"page","link":"https:\/\/szent-erzsebet.hu\/iskola\/elerhetoseg\/","title":{"rendered":"El\u00e9rhet\u0151s\u00e9g"},"content":{"rendered":"\n<p><strong>\u00c1rp\u00e1d-h\u00e1zi Szent Erzs\u00e9bet Gimn\u00e1zium, \u00d3voda \u00e9s \u00c1ltal\u00e1nos Iskola<br>2500 Esztergom, Mindszenty t\u00e9r 7.<\/strong><\/p>\n\n\n\n<p><strong>Telefon:<\/strong><br>33\/509-260<\/p>\n\n\n\n<p><strong>E-mail:<\/strong><br>aszek.egom@gmail.com <br><br><strong>Gazdas\u00e1gi Iroda:<\/strong>&nbsp;<br>33\/501-441<br><br><strong>Iskolatitk\u00e1r:<\/strong>&nbsp;<br>33\/501-440<br><br><strong>\u00d3voda:<\/strong>&nbsp;<br>33\/402-337<br><br><strong>Fax:<\/strong>&nbsp;<br>33\/509-261<br><\/p>\n\n\n\n<figure><iframe src=\"https:\/\/www.google.com\/maps\/embed?pb=!1m18!1m12!1m3!1d1340.1244540539747!2d18.73655540645295!3d47.79601054392058!2m3!1f0!2f0!3f0!3m2!1i1024!2i768!4f13.1!3m3!1m2!1s0x0%3A0xb6e9728a6c250843!2sSaint+Elisabeth+School!5e0!3m2!1sen!2shu!4v1543925122585\" allowfullscreen=\"\"><\/iframe><\/figure>\n","protected":false},"excerpt":{"rendered":"<p>\u00c1rp\u00e1d-h\u00e1zi Szent Erzs\u00e9bet Gimn\u00e1zium, \u00d3voda \u00e9s \u00c1ltal\u00e1nos Iskola2500 Esztergom, Mindszenty t\u00e9r 7. Telefon:33\/509-260 E-mail:aszek.egom@gmail.com Gazdas\u00e1gi Iroda:&nbsp;33\/501-441 Iskolatitk\u00e1r:&nbsp;33\/501-440 \u00d3voda:&nbsp;33\/402-337 Fax:&nbsp;33\/509-261<\/p>\n","protected":false},"author":1,"featured_media":0,"parent":0,"menu_order":0,"comment_status":"closed","ping_status":"closed","template":"","meta":{"footnotes":"","_links_to":"","_links_to_target":""},"class_list":["post-28","page","type-page","status-publish","hentry"],"_links":{"self":[{"href":"https:\/\/szent-erzsebet.hu\/iskola\/wp-json\/wp\/v2\/pages\/28","targetHints":{"allow":["GET"]}}],"collection":[{"href":"https:\/\/szent-erzsebet.hu\/iskola\/wp-json\/wp\/v2\/pages"}],"about":[{"href":"https:\/\/szent-erzsebet.hu\/iskola\/wp-json\/wp\/v2\/types\/page"}],"author":[{"embeddable":true,"href":"https:\/\/szent-erzsebet.hu\/iskola\/wp-json\/wp\/v2\/users\/1"}],"replies":[{"embeddable":true,"href":"https:\/\/szent-erzsebet.hu\/iskola\/wp-json\/wp\/v2\/comments?post=28"}],"version-history":[{"count":23,"href":"https:\/\/szent-erzsebet.hu\/iskola\/wp-json\/wp\/v2\/pages\/28\/revisions"}],"predecessor-version":[{"id":1406,"href":"https:\/\/szent-erzsebet.hu\/iskola\/wp-json\/wp\/v2\/pages\/28\/revisions\/1406"}],"wp:attachment":[{"href":"https:\/\/szent-erzsebet.hu\/iskola\/wp-json\/wp\/v2\/media?parent=28"}],"curies":[{"name":"wp","href":"https:\/\/api.w.org\/{rel}","templated":true}]}}