{"id":461,"date":"2019-09-30T11:50:40","date_gmt":"2019-09-30T10:50:40","guid":{"rendered":"http:\/\/szent-erzsebet.hu\/iskola\/?page_id=461"},"modified":"2019-09-30T11:50:40","modified_gmt":"2019-09-30T10:50:40","slug":"tanulmanyi-osztondij-palyazat","status":"publish","type":"page","link":"https:\/\/szent-erzsebet.hu\/iskola\/tanulmanyi-osztondij-palyazat\/","title":{"rendered":"Tanulm\u00e1nyi \u00f6szt\u00f6nd\u00edj p\u00e1ly\u00e1zat"},"content":{"rendered":"\n<p>P\u00c1LY\u00c1ZATI FELH\u00cdV\u00c1S<\/p>\n\n\n\n<p>A Szent Erzs\u00e9bet Alap\u00edtv\u00e1ny a 2019\/2020.\ntan\u00e9vre p\u00e1ly\u00e1zatot hirdet tanulm\u00e1nyi \u00f6szt\u00f6nd\u00edj elnyer\u00e9s\u00e9re az iskola tanul\u00f3i\nsz\u00e1m\u00e1ra.<\/p>\n\n\n\n<p><strong>1. P\u00e1ly\u00e1zat: \u201e\u00c9gig\n\u00c9r\u0151\u201d<\/strong><\/p>\n\n\n\n<p>A p\u00e1ly\u00e1zaton indulhat minden olyan 5. \u00e9s\n6. \u00e9vfolyamos tanul\u00f3, aki a 2019-2020. tan\u00e9v els\u0151 f\u00e9l\u00e9v\u00e9ben kit\u0171n\u0151 tanulm\u00e1nyi\neredm\u00e9nyt k\u00edv\u00e1n el\u00e9rni \u00e9s azt az \u00e9v v\u00e9g\u00e9ig meg akarja tartani. A p\u00e1ly\u00e1z\u00f3nak be\nkell ny\u00fajtania az \u00f6n\u00e9letrajz\u00e1t, megjel\u00f6lve benne esetleges tov\u00e1bbtanul\u00e1si\nc\u00e9ljait, tanulm\u00e1nyi \u00e9s sportversenyeken el\u00e9rt eredm\u00e9nyeit, illetve azokat a\ntant\u00e1rgyakat, amelyekb\u0151l jav\u00edtani k\u00edv\u00e1n. A p\u00e1ly\u00e1zatb\u00f3l kiz\u00e1rja mag\u00e1t az, aki e\nf\u00e9l\u00e9vben v\u00e1ltoz\u00f3 (3) magatart\u00e1s\u00fa. <\/p>\n\n\n\n<p>Lead\u00e1si hat\u00e1rid\u0151: 2019. november 18. \u2013\naz oszt\u00e1lyf\u0151n\u00f6knek.<\/p>\n\n\n\n<p>A p\u00e1ly\u00e1zat elb\u00edr\u00e1l\u00e1s\u00e1ra 2020. febru\u00e1rj\u00e1ban\nker\u00fcl sor. A d\u00edjakat 2020. m\u00e1rcius 15-i \u00fcnneps\u00e9g\u00fcnk\u00f6n osztjuk ki.<\/p>\n\n\n\n<p><strong>2. P\u00e1ly\u00e1zat: \u201eJobbra\n\u00e1t\u201d jelige<\/strong><\/p>\n\n\n\n<p>A p\u00e1ly\u00e1zaton indulhat minden olyan 7-12.\n\u00e9vfolyamos tanul\u00f3, aki a 2019-2020. tan\u00e9v els\u0151 f\u00e9l\u00e9v\u00e9ben kit\u0171n\u0151 vagy jeles\neredm\u00e9nyt (legfeljebb 2 \u201ej\u00f3\u201d) k\u00edv\u00e1n el\u00e9rni \u00e9s \u00e9v v\u00e9g\u00e9n tartani! A tanulm\u00e1nyi\n\u00e1tlag sz\u00e1m\u00edt\u00e1s\u00e1n\u00e1l minden tant\u00e1rgyi jegy sz\u00e1m\u00edt. Az eredm\u00e9nyes p\u00e1ly\u00e1zathoz a\n9.Ny oszt\u00e1ly eset\u00e9ben legfeljebb 1 n\u00e9gyes oszt\u00e1lyzat fogadhat\u00f3 el. A p\u00e1ly\u00e1z\u00f3nak\nbe kell ny\u00fajtania az \u00f6n\u00e9letrajz\u00e1t, megjel\u00f6lve benne esetleges tov\u00e1bbtanul\u00e1si\nc\u00e9ljait, tanulm\u00e1nyi \u00e9s sportversenyeken el\u00e9rt eredm\u00e9nyeit, illetve azokat a\ntant\u00e1rgyakat, amelyekb\u0151l jav\u00edtani k\u00edv\u00e1n. A p\u00e1ly\u00e1zatb\u00f3l kiz\u00e1rja mag\u00e1t az, aki e\nf\u00e9l\u00e9vben v\u00e1ltoz\u00f3 (3) magatart\u00e1s\u00fa.<\/p>\n\n\n\n<p>Lead\u00e1si hat\u00e1rid\u0151: 2019. november 18. \u2013\naz oszt\u00e1lyf\u0151n\u00f6knek.<\/p>\n\n\n\n<p>A p\u00e1ly\u00e1zat elb\u00edr\u00e1l\u00e1s\u00e1ra 2020. febru\u00e1rj\u00e1ban\nker\u00fcl sor. A d\u00edjakat 2020. m\u00e1rcius 15-i \u00fcnneps\u00e9g\u00fcnk\u00f6n osztjuk ki.<\/p>\n\n\n\n<p><strong>3. \u201eLend\u00fclet\u201d\np\u00e1ly\u00e1zat<\/strong><\/p>\n\n\n\n<p>A p\u00e1ly\u00e1zaton indulhat minden olyan 5-12.\n\u00e9vfolyamos tanul\u00f3, aki v\u00e1llalja, hogy az el\u0151z\u0151 tan\u00e9v v\u00e9gi eredm\u00e9ny\u00e9hez k\u00e9pest\ntanulm\u00e1nyi \u00e1tlageredm\u00e9ny\u00e9t 0,5-vel a k\u00f6vetkez\u0151 f\u00e9l\u00e9vben jav\u00edtja, \u00e9s azt \u00e9v\nv\u00e9g\u00e9ig megtartja. A tanulm\u00e1nyi \u00e1tlag sz\u00e1m\u00edt\u00e1s\u00e1n\u00e1l minden tant\u00e1rgyi jegy sz\u00e1m\u00edt.\nA p\u00e1ly\u00e1zatb\u00f3l kiz\u00e1rja mag\u00e1t az, aki e f\u00e9l\u00e9vben v\u00e1ltoz\u00f3 (3) magatart\u00e1s\u00fa. <\/p>\n\n\n\n<p>Lead\u00e1si hat\u00e1rid\u0151: 2019. november 18. \u2013\naz oszt\u00e1lyf\u0151n\u00f6knek.<\/p>\n\n\n\n<p>A p\u00e1ly\u00e1zat elb\u00edr\u00e1l\u00e1s\u00e1ra 2020. febru\u00e1rj\u00e1ban\nker\u00fcl sor. A d\u00edjakat 2020. m\u00e1rcius 15-i \u00fcnneps\u00e9g\u00fcnk\u00f6n osztjuk ki.<\/p>\n\n\n\n<p><strong>4. P\u00e1ly\u00e1zat:\n\u201eBilinguis\u201d<\/strong><\/p>\n\n\n\n<p>Azok a di\u00e1kok p\u00e1ly\u00e1zhatnak, akik\nmegszerezt\u00e9k, vagy a tan\u00e9v sor\u00e1n megszerzik m\u00e1sodik idegen nyelvb\u0151l is B2\nszint\u0171 (k\u00f6z\u00e9pfok\u00fa) komplex nyelvvizsg\u00e1jukat. A k\u00e9t nyelvvizsga-bizony\u00edtv\u00e1ny\nf\u00e9nym\u00e1solat\u00e1nak beny\u00fajt\u00e1s\u00e1val, \u00f6n\u00e9letrajz beny\u00fajt\u00e1s\u00e1val lehet p\u00e1ly\u00e1zni.<\/p>\n\n\n\n<p>A p\u00e1ly\u00e1zat bead\u00e1si hat\u00e1rideje \u00e9s\nelb\u00edr\u00e1l\u00e1sa folyamatos 2020. j\u00fanius 1-ig.<\/p>\n\n\n\n<p>A d\u00edj kioszt\u00e1s\u00e1ra a 2020. m\u00e1rcius 15-i\n\u00e9s a tan\u00e9vz\u00e1r\u00f3 \u00fcnnep\u00e9lyen ker\u00fcl sor. Az elnyerhet\u0151 t\u00e1mogat\u00e1s m\u00e9rt\u00e9ke 15.000.-Ft\/f\u0151.<\/p>\n\n\n\n<p><strong>5. Laude et\nHonestate-d\u00edj<\/strong><\/p>\n\n\n\n<p>A d\u00edj adom\u00e1nyozhat\u00f3 a gimn\u00e1zium olyan v\u00e9gz\u0151s\ntanul\u00f3j\u00e1nak, akinek a 9-12. \u00e9vfolyamon<\/p>\n\n\n\n<ul class=\"wp-block-list\"><li>Magatart\u00e1sa \u00e9s szorgalma p\u00e9ld\u00e1s;<\/li><li>Tanulm\u00e1nyi eredm\u00e9nye jeles vagy kit\u0171n\u0151;<\/li><li>Egy nyelvb\u0151l C1 (fels\u0151fok\u00fa) komplex vagy legal\u00e1bb k\u00e9t\nnyelvb\u0151l B2 szint\u0171 (k\u00f6z\u00e9pfok\u00fa) komplex nyelvvizsga-bizony\u00edtv\u00e1nyt szerzett;<\/li><li>OKTV d\u00f6nt\u0151j\u00e9ben az els\u0151 10 hely valamelyik\u00e9ben\nv\u00e9gzett, vagy tanulm\u00e1nyi munk\u00e1j\u00e1n t\u00fal, magas sz\u00ednvonal\u00fa kultur\u00e1lis munk\u00e1t\nv\u00e9gzett, vagy kiemelked\u0151 sporttev\u00e9kenys\u00e9g\u00e9vel hozz\u00e1j\u00e1rult az iskola j\u00f3\nh\u00edrnev\u00e9hez, orsz\u00e1gos illetve hat\u00e1ron t\u00fali elismerts\u00e9g\u00e9nek n\u00f6vel\u00e9s\u00e9hez.<\/li><\/ul>\n\n\n\n<p>A d\u00edj: d\u00edszoklev\u00e9l, jutalom (maximum a\nmindenkori minim\u00e1lb\u00e9r 50%-\u00e1nak \u00e9rt\u00e9k\u00e9ben)<\/p>\n\n\n\n<p>A d\u00edjazottr\u00f3l a nevel\u0151test\u00fclet\nszavaz\u00e1ssal d\u00f6nt a tan\u00e9v v\u00e9gi oszt\u00e1lyoz\u00f3\u00e9rtekezleten. A d\u00edjat a tan\u00e9vz\u00e1r\u00f3\n\u00fcnneps\u00e9gen adjuk \u00e1t.<\/p>\n\n\n\n<p><strong>5. Az \u00e9v di\u00e1kja<\/strong><\/p>\n\n\n\n<p>A d\u00edjat egy olyan 12. \u00e9vfolyamos tanul\u00f3\nnyerheti el, aki az al\u00e1bb felsorolt szempontok k\u00f6z\u00fcl t\u00f6bbnek is megfelel. (A\nd\u00edjra val\u00f3 jel\u00f6l\u00e9s felt\u00e9tele, hogy a szempontok nagy r\u00e9sze teljes\u00fclj\u00f6n a\njel\u00f6ltn\u00e9l). Felt\u00e9telek:<\/p>\n\n\n\n<ul class=\"wp-block-list\"><li>az adott tan\u00e9vben f\u00e9l\u00e9vi \u00e9s \u00e9v v\u00e9gi eredm\u00e9nye jeles\nvagy kit\u0171n\u0151<\/li><li>vall\u00e1sos \u00e9let\u00e9ben is akt\u00edv \u00e9s p\u00e9ldamutat\u00f3<\/li><li>tanulm\u00e1nyi \u00e9s\/vagy sportversenyeken j\u00f3 eredm\u00e9nyeket \u00e9r\nel,<\/li><li>eml\u00edt\u00e9sre m\u00e9lt\u00f3 teljes\u00edtm\u00e9nyt ny\u00fajt valamely iskol\u00e1n\nk\u00edv\u00fcli tev\u00e9kenys\u00e9gben (zene, t\u00e1nc, m\u0171v\u00e9szet stb.)<\/li><li>magatart\u00e1sa iskol\u00e1n k\u00edv\u00fcl is p\u00e9ldamutat\u00f3, tan\u00e1raival\n\u00e9s a feln\u0151ttekkel tisztelettud\u00f3, di\u00e1kt\u00e1rsaival j\u00f3 a kapcsolata, adnak a\nv\u00e9lem\u00e9ny\u00e9re, az oszt\u00e1lyk\u00f6z\u00f6ss\u00e9g akt\u00edv tagja,<\/li><li>az adott tan\u00e9vben nincs elmarasztal\u00e1sa (pl. oszt\u00e1lyf\u0151n\u00f6ki\nfigyelmeztet\u00e9s),<\/li><li>az iskolai \u00e9letben (programok szervez\u00e9s\u00e9ben) akt\u00edvan\nr\u00e9szt vesz (pl. D\u00d6K rendezv\u00e9nyek)<\/li><li>a h\u00e1zirendet betartja, m\u00e9lt\u00f3 az iskola h\u00edrnev\u00e9hez\n(\u00f6lt\u00f6zk\u00f6d\u00e9s, viselked\u00e9s stb.)<\/li><\/ul>\n\n\n\n<p>A d\u00edjazott tanul\u00f3 jutalomban r\u00e9szes\u00fcl.\n(M\u00e9rt\u00e9ke: maximum a mindenkori minim\u00e1lb\u00e9r 50%-a). A d\u00edjazott szem\u00e9ly\u00e9r\u0151l a\nnevel\u0151test\u00fclet a tan\u00e9v v\u00e9gi oszt\u00e1lyoz\u00f3 \u00e9rtekezleten szavaz\u00e1ssal d\u00f6nt. A\nkit\u0171ntetett tanul\u00f3 f\u00e9nyk\u00e9p\u00e9t elhelyezz\u00fck a folyos\u00f3n. A d\u00edjat a tan\u00e9vz\u00e1r\u00f3\n\u00fcnneps\u00e9gen adjuk \u00e1t.<\/p>\n\n\n\n<p><strong>6. Katona Istv\u00e1n\n\u00f6szt\u00f6nd\u00edj \u2013 t\u00f6rt\u00e9nelem<\/strong><\/p>\n\n\n\n<p>A kiv\u00e1l\u00f3 jezsuita t\u00f6rt\u00e9net\u00edr\u00f3 eml\u00e9k\u00e9re\nalap\u00edtott d\u00edjat az adom\u00e1nyoz\u00f3 sz\u00e1nd\u00e9ka szerint a t\u00f6rt\u00e9nelem munkak\u00f6z\u00f6ss\u00e9g\nd\u00f6nt\u00e9se alapj\u00e1n a t\u00f6rt\u00e9nelem tant\u00e1rgyb\u00f3l az adott tan\u00e9vben legkiemelked\u0151bb\nmunk\u00e1t v\u00e9gz\u0151 9- 12. \u00e9vfolyamos di\u00e1k kaphatja meg. (Az OKTV orsz\u00e1gos d\u00f6nt\u0151j\u00e9be\nbeker\u00fcl\u0151 di\u00e1k automatikusan elnyeri a d\u00edjat.) A p\u00e1lyad\u00edj \u00f6sszege 25.000,- Ft \/\u00e9v.\nKioszt\u00e1sa a tan\u00e9vz\u00e1r\u00f3 \u00fcnnep\u00e9lyen t\u00f6rt\u00e9nik.<\/p>\n\n\n\n<p><strong>7. Kompetenciam\u00e9r\u00e9s<\/strong><\/p>\n\n\n\n<p>A kompetenciam\u00e9r\u00e9sen kiemelked\u0151\nteljes\u00edtm\u00e9nyt ny\u00fajt\u00f3 6., 8. \u00e9s 10. \u00e9vfolyamos di\u00e1kok jutalomban r\u00e9szes\u00fclnek. A\njutalmat a k\u00f6vetkez\u0151 tan\u00e9vben \u2013 2021. m\u00e1rcius 15-i iskolai \u00fcnnep\u00e9ly\u00e9n osztjuk\nki.<\/p>\n\n\n\n<p><strong>8. Idegen nyelvi\nm\u00e9r\u00e9s<\/strong><\/p>\n\n\n\n<p>Az idegen nyelvi m\u00e9r\u00e9sen kiemelked\u0151\nteljes\u00edtm\u00e9nyt ny\u00fajt\u00f3 6. \u00e9s 8. \u00e9vfolyamos di\u00e1kok jutalomban r\u00e9szes\u00fclnek. A\njutalmat a tan\u00e9vz\u00e1r\u00f3 \u00fcnnep\u00e9lyen osztjuk ki.<\/p>\n\n\n\n<p>Mindenkinek sikeres p\u00e1ly\u00e1zatot k\u00edv\u00e1n:<\/p>\n\n\n\n<p>Esztergom, 2019. szeptember 23.<\/p>\n\n\n\n<p>\u00a0 \u00a0\u00a0\u00a0\u00a0\u00a0\u00a0\u00a0\u00a0\u00a0 \u00a0\u00a0\u00a0\u00a0\u00a0\u00a0\u00a0\u00a0\u00a0\u00a0\u00a0\u00a0\u00a0\u00a0\u00a0\u00a0\u00a0\u00a0\u00a0\u00a0\u00a0\u00a0\u00a0\u00a0\u00a0\u00a0\u00a0\u00a0Valk\u00f3 Mikl\u00f3s<br>                                   kurat\u00f3riumi eln\u00f6k\u00a0\u00a0\u00a0 \u00a0\u00a0\u00a0\u00a0\u00a0\u00a0\u00a0\u00a0\u00a0\u00a0\u00a0\u00a0\u00a0\u00a0 <\/p>\n","protected":false},"excerpt":{"rendered":"<p>P\u00c1LY\u00c1ZATI FELH\u00cdV\u00c1S A Szent Erzs\u00e9bet Alap\u00edtv\u00e1ny a 2019\/2020. tan\u00e9vre p\u00e1ly\u00e1zatot hirdet tanulm\u00e1nyi \u00f6szt\u00f6nd\u00edj elnyer\u00e9s\u00e9re az iskola tanul\u00f3i sz\u00e1m\u00e1ra. 1. P\u00e1ly\u00e1zat: \u201e\u00c9gig \u00c9r\u0151\u201d A p\u00e1ly\u00e1zaton indulhat minden olyan 5. \u00e9s 6. \u00e9vfolyamos tanul\u00f3, aki a&#46;&#46;&#46;<\/p>\n","protected":false},"author":1,"featured_media":0,"parent":0,"menu_order":0,"comment_status":"closed","ping_status":"closed","template":"","meta":{"footnotes":"","_links_to":"","_links_to_target":""},"class_list":["post-461","page","type-page","status-publish","hentry"],"_links":{"self":[{"href":"https:\/\/szent-erzsebet.hu\/iskola\/wp-json\/wp\/v2\/pages\/461","targetHints":{"allow":["GET"]}}],"collection":[{"href":"https:\/\/szent-erzsebet.hu\/iskola\/wp-json\/wp\/v2\/pages"}],"about":[{"href":"https:\/\/szent-erzsebet.hu\/iskola\/wp-json\/wp\/v2\/types\/page"}],"author":[{"embeddable":true,"href":"https:\/\/szent-erzsebet.hu\/iskola\/wp-json\/wp\/v2\/users\/1"}],"replies":[{"embeddable":true,"href":"https:\/\/szent-erzsebet.hu\/iskola\/wp-json\/wp\/v2\/comments?post=461"}],"version-history":[{"count":1,"href":"https:\/\/szent-erzsebet.hu\/iskola\/wp-json\/wp\/v2\/pages\/461\/revisions"}],"predecessor-version":[{"id":462,"href":"https:\/\/szent-erzsebet.hu\/iskola\/wp-json\/wp\/v2\/pages\/461\/revisions\/462"}],"wp:attachment":[{"href":"https:\/\/szent-erzsebet.hu\/iskola\/wp-json\/wp\/v2\/media?parent=461"}],"curies":[{"name":"wp","href":"https:\/\/api.w.org\/{rel}","templated":true}]}}