{"id":686,"date":"2019-12-20T14:15:14","date_gmt":"2019-12-20T13:15:14","guid":{"rendered":"http:\/\/szent-erzsebet.hu\/iskola\/?page_id=686"},"modified":"2019-12-20T14:15:14","modified_gmt":"2019-12-20T13:15:14","slug":"betlehemes-kiallitas","status":"publish","type":"page","link":"https:\/\/szent-erzsebet.hu\/iskola\/betlehemes-kiallitas\/","title":{"rendered":"Betlehemes ki\u00e1ll\u00edt\u00e1s"},"content":{"rendered":"\n<figure class=\"wp-block-image\"><img loading=\"lazy\" decoding=\"async\" width=\"3096\" height=\"4128\" src=\"https:\/\/szent-erzsebet.hu\/iskola\/wp-content\/uploads\/sites\/3\/2019\/12\/1-1.jpg\" alt=\"\" class=\"wp-image-687\" srcset=\"https:\/\/szent-erzsebet.hu\/iskola\/wp-content\/uploads\/sites\/3\/2019\/12\/1-1.jpg 3096w, https:\/\/szent-erzsebet.hu\/iskola\/wp-content\/uploads\/sites\/3\/2019\/12\/1-1-225x300.jpg 225w, https:\/\/szent-erzsebet.hu\/iskola\/wp-content\/uploads\/sites\/3\/2019\/12\/1-1-768x1024.jpg 768w\" sizes=\"auto, (max-width: 3096px) 100vw, 3096px\" \/><\/figure>\n\n\n\n<figure class=\"wp-block-image\"><img loading=\"lazy\" decoding=\"async\" width=\"3096\" height=\"4128\" src=\"https:\/\/szent-erzsebet.hu\/iskola\/wp-content\/uploads\/sites\/3\/2019\/12\/3.jpg\" alt=\"\" class=\"wp-image-688\" srcset=\"https:\/\/szent-erzsebet.hu\/iskola\/wp-content\/uploads\/sites\/3\/2019\/12\/3.jpg 3096w, https:\/\/szent-erzsebet.hu\/iskola\/wp-content\/uploads\/sites\/3\/2019\/12\/3-225x300.jpg 225w, https:\/\/szent-erzsebet.hu\/iskola\/wp-content\/uploads\/sites\/3\/2019\/12\/3-768x1024.jpg 768w\" sizes=\"auto, (max-width: 3096px) 100vw, 3096px\" \/><\/figure>\n\n\n\n<figure class=\"wp-block-image\"><img loading=\"lazy\" decoding=\"async\" width=\"4128\" height=\"3096\" src=\"https:\/\/szent-erzsebet.hu\/iskola\/wp-content\/uploads\/sites\/3\/2019\/12\/5.jpg\" alt=\"\" class=\"wp-image-689\" srcset=\"https:\/\/szent-erzsebet.hu\/iskola\/wp-content\/uploads\/sites\/3\/2019\/12\/5.jpg 4128w, https:\/\/szent-erzsebet.hu\/iskola\/wp-content\/uploads\/sites\/3\/2019\/12\/5-300x225.jpg 300w, https:\/\/szent-erzsebet.hu\/iskola\/wp-content\/uploads\/sites\/3\/2019\/12\/5-768x576.jpg 768w\" sizes=\"auto, (max-width: 4128px) 100vw, 4128px\" \/><\/figure>\n\n\n\n<figure class=\"wp-block-image\"><img loading=\"lazy\" decoding=\"async\" width=\"4128\" height=\"3096\" src=\"https:\/\/szent-erzsebet.hu\/iskola\/wp-content\/uploads\/sites\/3\/2019\/12\/6.jpg\" alt=\"\" class=\"wp-image-690\" srcset=\"https:\/\/szent-erzsebet.hu\/iskola\/wp-content\/uploads\/sites\/3\/2019\/12\/6.jpg 4128w, https:\/\/szent-erzsebet.hu\/iskola\/wp-content\/uploads\/sites\/3\/2019\/12\/6-300x225.jpg 300w, https:\/\/szent-erzsebet.hu\/iskola\/wp-content\/uploads\/sites\/3\/2019\/12\/6-768x576.jpg 768w\" sizes=\"auto, (max-width: 4128px) 100vw, 4128px\" \/><\/figure>\n\n\n\n<figure class=\"wp-block-image\"><img loading=\"lazy\" decoding=\"async\" width=\"3096\" height=\"4128\" src=\"https:\/\/szent-erzsebet.hu\/iskola\/wp-content\/uploads\/sites\/3\/2019\/12\/7.jpg\" alt=\"\" class=\"wp-image-691\" srcset=\"https:\/\/szent-erzsebet.hu\/iskola\/wp-content\/uploads\/sites\/3\/2019\/12\/7.jpg 3096w, https:\/\/szent-erzsebet.hu\/iskola\/wp-content\/uploads\/sites\/3\/2019\/12\/7-225x300.jpg 225w, https:\/\/szent-erzsebet.hu\/iskola\/wp-content\/uploads\/sites\/3\/2019\/12\/7-768x1024.jpg 768w\" sizes=\"auto, (max-width: 3096px) 100vw, 3096px\" \/><\/figure>\n\n\n\n<figure class=\"wp-block-image\"><img loading=\"lazy\" decoding=\"async\" width=\"3096\" height=\"4128\" src=\"https:\/\/szent-erzsebet.hu\/iskola\/wp-content\/uploads\/sites\/3\/2019\/12\/8.jpg\" alt=\"\" class=\"wp-image-692\" srcset=\"https:\/\/szent-erzsebet.hu\/iskola\/wp-content\/uploads\/sites\/3\/2019\/12\/8.jpg 3096w, https:\/\/szent-erzsebet.hu\/iskola\/wp-content\/uploads\/sites\/3\/2019\/12\/8-225x300.jpg 225w, https:\/\/szent-erzsebet.hu\/iskola\/wp-content\/uploads\/sites\/3\/2019\/12\/8-768x1024.jpg 768w\" sizes=\"auto, (max-width: 3096px) 100vw, 3096px\" \/><\/figure>\n\n\n\n<figure class=\"wp-block-image\"><img loading=\"lazy\" decoding=\"async\" width=\"3096\" height=\"4128\" src=\"https:\/\/szent-erzsebet.hu\/iskola\/wp-content\/uploads\/sites\/3\/2019\/12\/10.jpg\" alt=\"\" class=\"wp-image-693\" srcset=\"https:\/\/szent-erzsebet.hu\/iskola\/wp-content\/uploads\/sites\/3\/2019\/12\/10.jpg 3096w, https:\/\/szent-erzsebet.hu\/iskola\/wp-content\/uploads\/sites\/3\/2019\/12\/10-225x300.jpg 225w, https:\/\/szent-erzsebet.hu\/iskola\/wp-content\/uploads\/sites\/3\/2019\/12\/10-768x1024.jpg 768w\" sizes=\"auto, (max-width: 3096px) 100vw, 3096px\" \/><\/figure>\n\n\n\n<figure class=\"wp-block-image\"><img loading=\"lazy\" decoding=\"async\" width=\"3096\" height=\"4128\" src=\"https:\/\/szent-erzsebet.hu\/iskola\/wp-content\/uploads\/sites\/3\/2019\/12\/11.jpg\" alt=\"\" class=\"wp-image-694\" srcset=\"https:\/\/szent-erzsebet.hu\/iskola\/wp-content\/uploads\/sites\/3\/2019\/12\/11.jpg 3096w, https:\/\/szent-erzsebet.hu\/iskola\/wp-content\/uploads\/sites\/3\/2019\/12\/11-225x300.jpg 225w, https:\/\/szent-erzsebet.hu\/iskola\/wp-content\/uploads\/sites\/3\/2019\/12\/11-768x1024.jpg 768w\" sizes=\"auto, (max-width: 3096px) 100vw, 3096px\" \/><\/figure>\n\n\n\n<figure class=\"wp-block-image\"><img loading=\"lazy\" decoding=\"async\" width=\"3096\" height=\"4128\" src=\"https:\/\/szent-erzsebet.hu\/iskola\/wp-content\/uploads\/sites\/3\/2019\/12\/12.jpg\" alt=\"\" class=\"wp-image-695\" srcset=\"https:\/\/szent-erzsebet.hu\/iskola\/wp-content\/uploads\/sites\/3\/2019\/12\/12.jpg 3096w, https:\/\/szent-erzsebet.hu\/iskola\/wp-content\/uploads\/sites\/3\/2019\/12\/12-225x300.jpg 225w, https:\/\/szent-erzsebet.hu\/iskola\/wp-content\/uploads\/sites\/3\/2019\/12\/12-768x1024.jpg 768w\" sizes=\"auto, (max-width: 3096px) 100vw, 3096px\" \/><\/figure>\n\n\n\n<figure class=\"wp-block-image\"><img loading=\"lazy\" decoding=\"async\" width=\"4128\" height=\"3096\" src=\"https:\/\/szent-erzsebet.hu\/iskola\/wp-content\/uploads\/sites\/3\/2019\/12\/13.jpg\" alt=\"\" class=\"wp-image-696\" srcset=\"https:\/\/szent-erzsebet.hu\/iskola\/wp-content\/uploads\/sites\/3\/2019\/12\/13.jpg 4128w, https:\/\/szent-erzsebet.hu\/iskola\/wp-content\/uploads\/sites\/3\/2019\/12\/13-300x225.jpg 300w, https:\/\/szent-erzsebet.hu\/iskola\/wp-content\/uploads\/sites\/3\/2019\/12\/13-768x576.jpg 768w\" sizes=\"auto, (max-width: 4128px) 100vw, 4128px\" \/><\/figure>\n\n\n\n<figure class=\"wp-block-image\"><img loading=\"lazy\" decoding=\"async\" width=\"3096\" height=\"4128\" src=\"https:\/\/szent-erzsebet.hu\/iskola\/wp-content\/uploads\/sites\/3\/2019\/12\/14.jpg\" alt=\"\" class=\"wp-image-697\" srcset=\"https:\/\/szent-erzsebet.hu\/iskola\/wp-content\/uploads\/sites\/3\/2019\/12\/14.jpg 3096w, https:\/\/szent-erzsebet.hu\/iskola\/wp-content\/uploads\/sites\/3\/2019\/12\/14-225x300.jpg 225w, https:\/\/szent-erzsebet.hu\/iskola\/wp-content\/uploads\/sites\/3\/2019\/12\/14-768x1024.jpg 768w\" sizes=\"auto, (max-width: 3096px) 100vw, 3096px\" \/><\/figure>\n\n\n\n<figure class=\"wp-block-image\"><img loading=\"lazy\" decoding=\"async\" width=\"3096\" height=\"4128\" src=\"https:\/\/szent-erzsebet.hu\/iskola\/wp-content\/uploads\/sites\/3\/2019\/12\/15_1.jpg\" alt=\"\" class=\"wp-image-698\" srcset=\"https:\/\/szent-erzsebet.hu\/iskola\/wp-content\/uploads\/sites\/3\/2019\/12\/15_1.jpg 3096w, https:\/\/szent-erzsebet.hu\/iskola\/wp-content\/uploads\/sites\/3\/2019\/12\/15_1-225x300.jpg 225w, https:\/\/szent-erzsebet.hu\/iskola\/wp-content\/uploads\/sites\/3\/2019\/12\/15_1-768x1024.jpg 768w\" sizes=\"auto, (max-width: 3096px) 100vw, 3096px\" \/><\/figure>\n\n\n\n<figure class=\"wp-block-image\"><img loading=\"lazy\" decoding=\"async\" width=\"3096\" height=\"4128\" src=\"https:\/\/szent-erzsebet.hu\/iskola\/wp-content\/uploads\/sites\/3\/2019\/12\/17.jpg\" alt=\"\" class=\"wp-image-699\" srcset=\"https:\/\/szent-erzsebet.hu\/iskola\/wp-content\/uploads\/sites\/3\/2019\/12\/17.jpg 3096w, https:\/\/szent-erzsebet.hu\/iskola\/wp-content\/uploads\/sites\/3\/2019\/12\/17-225x300.jpg 225w, https:\/\/szent-erzsebet.hu\/iskola\/wp-content\/uploads\/sites\/3\/2019\/12\/17-768x1024.jpg 768w\" sizes=\"auto, (max-width: 3096px) 100vw, 3096px\" \/><\/figure>\n\n\n\n<figure class=\"wp-block-image\"><img loading=\"lazy\" decoding=\"async\" width=\"4128\" height=\"3096\" src=\"https:\/\/szent-erzsebet.hu\/iskola\/wp-content\/uploads\/sites\/3\/2019\/12\/18.jpg\" alt=\"\" class=\"wp-image-700\" srcset=\"https:\/\/szent-erzsebet.hu\/iskola\/wp-content\/uploads\/sites\/3\/2019\/12\/18.jpg 4128w, https:\/\/szent-erzsebet.hu\/iskola\/wp-content\/uploads\/sites\/3\/2019\/12\/18-300x225.jpg 300w, https:\/\/szent-erzsebet.hu\/iskola\/wp-content\/uploads\/sites\/3\/2019\/12\/18-768x576.jpg 768w\" sizes=\"auto, (max-width: 4128px) 100vw, 4128px\" \/><\/figure>\n","protected":false},"excerpt":{"rendered":"","protected":false},"author":1,"featured_media":0,"parent":0,"menu_order":0,"comment_status":"closed","ping_status":"closed","template":"","meta":{"footnotes":"","_links_to":"","_links_to_target":""},"class_list":["post-686","page","type-page","status-publish","hentry"],"_links":{"self":[{"href":"https:\/\/szent-erzsebet.hu\/iskola\/wp-json\/wp\/v2\/pages\/686","targetHints":{"allow":["GET"]}}],"collection":[{"href":"https:\/\/szent-erzsebet.hu\/iskola\/wp-json\/wp\/v2\/pages"}],"about":[{"href":"https:\/\/szent-erzsebet.hu\/iskola\/wp-json\/wp\/v2\/types\/page"}],"author":[{"embeddable":true,"href":"https:\/\/szent-erzsebet.hu\/iskola\/wp-json\/wp\/v2\/users\/1"}],"replies":[{"embeddable":true,"href":"https:\/\/szent-erzsebet.hu\/iskola\/wp-json\/wp\/v2\/comments?post=686"}],"version-history":[{"count":1,"href":"https:\/\/szent-erzsebet.hu\/iskola\/wp-json\/wp\/v2\/pages\/686\/revisions"}],"predecessor-version":[{"id":701,"href":"https:\/\/szent-erzsebet.hu\/iskola\/wp-json\/wp\/v2\/pages\/686\/revisions\/701"}],"wp:attachment":[{"href":"https:\/\/szent-erzsebet.hu\/iskola\/wp-json\/wp\/v2\/media?parent=686"}],"curies":[{"name":"wp","href":"https:\/\/api.w.org\/{rel}","templated":true}]}}