{"id":702,"date":"2019-12-20T14:16:01","date_gmt":"2019-12-20T13:16:01","guid":{"rendered":"http:\/\/szent-erzsebet.hu\/iskola\/?page_id=702"},"modified":"2019-12-20T14:16:01","modified_gmt":"2019-12-20T13:16:01","slug":"kantalas","status":"publish","type":"page","link":"https:\/\/szent-erzsebet.hu\/iskola\/kantalas\/","title":{"rendered":"K\u00e1nt\u00e1l\u00e1s"},"content":{"rendered":"\n<figure class=\"wp-block-image\"><img loading=\"lazy\" decoding=\"async\" width=\"4128\" height=\"3096\" src=\"https:\/\/szent-erzsebet.hu\/iskola\/wp-content\/uploads\/sites\/3\/2019\/12\/I..jpg\" alt=\"\" class=\"wp-image-703\" srcset=\"https:\/\/szent-erzsebet.hu\/iskola\/wp-content\/uploads\/sites\/3\/2019\/12\/I..jpg 4128w, https:\/\/szent-erzsebet.hu\/iskola\/wp-content\/uploads\/sites\/3\/2019\/12\/I.-300x225.jpg 300w, https:\/\/szent-erzsebet.hu\/iskola\/wp-content\/uploads\/sites\/3\/2019\/12\/I.-768x576.jpg 768w\" sizes=\"auto, (max-width: 4128px) 100vw, 4128px\" \/><\/figure>\n\n\n\n<figure class=\"wp-block-image\"><img loading=\"lazy\" decoding=\"async\" width=\"1071\" height=\"681\" src=\"https:\/\/szent-erzsebet.hu\/iskola\/wp-content\/uploads\/sites\/3\/2019\/12\/k\u00e1nt\u00e1l\u00e1.jpg\" alt=\"\" class=\"wp-image-704\" srcset=\"https:\/\/szent-erzsebet.hu\/iskola\/wp-content\/uploads\/sites\/3\/2019\/12\/k\u00e1nt\u00e1l\u00e1.jpg 1071w, https:\/\/szent-erzsebet.hu\/iskola\/wp-content\/uploads\/sites\/3\/2019\/12\/k\u00e1nt\u00e1l\u00e1-300x191.jpg 300w, https:\/\/szent-erzsebet.hu\/iskola\/wp-content\/uploads\/sites\/3\/2019\/12\/k\u00e1nt\u00e1l\u00e1-768x488.jpg 768w\" sizes=\"auto, (max-width: 1071px) 100vw, 1071px\" \/><\/figure>\n\n\n\n<figure class=\"wp-block-image\"><img loading=\"lazy\" decoding=\"async\" width=\"4128\" height=\"3096\" src=\"https:\/\/szent-erzsebet.hu\/iskola\/wp-content\/uploads\/sites\/3\/2019\/12\/ovisok.jpg\" alt=\"\" class=\"wp-image-705\" srcset=\"https:\/\/szent-erzsebet.hu\/iskola\/wp-content\/uploads\/sites\/3\/2019\/12\/ovisok.jpg 4128w, https:\/\/szent-erzsebet.hu\/iskola\/wp-content\/uploads\/sites\/3\/2019\/12\/ovisok-300x225.jpg 300w, https:\/\/szent-erzsebet.hu\/iskola\/wp-content\/uploads\/sites\/3\/2019\/12\/ovisok-768x576.jpg 768w\" sizes=\"auto, (max-width: 4128px) 100vw, 4128px\" \/><\/figure>\n","protected":false},"excerpt":{"rendered":"","protected":false},"author":1,"featured_media":0,"parent":0,"menu_order":0,"comment_status":"closed","ping_status":"closed","template":"","meta":{"footnotes":"","_links_to":"","_links_to_target":""},"class_list":["post-702","page","type-page","status-publish","hentry"],"_links":{"self":[{"href":"https:\/\/szent-erzsebet.hu\/iskola\/wp-json\/wp\/v2\/pages\/702","targetHints":{"allow":["GET"]}}],"collection":[{"href":"https:\/\/szent-erzsebet.hu\/iskola\/wp-json\/wp\/v2\/pages"}],"about":[{"href":"https:\/\/szent-erzsebet.hu\/iskola\/wp-json\/wp\/v2\/types\/page"}],"author":[{"embeddable":true,"href":"https:\/\/szent-erzsebet.hu\/iskola\/wp-json\/wp\/v2\/users\/1"}],"replies":[{"embeddable":true,"href":"https:\/\/szent-erzsebet.hu\/iskola\/wp-json\/wp\/v2\/comments?post=702"}],"version-history":[{"count":1,"href":"https:\/\/szent-erzsebet.hu\/iskola\/wp-json\/wp\/v2\/pages\/702\/revisions"}],"predecessor-version":[{"id":706,"href":"https:\/\/szent-erzsebet.hu\/iskola\/wp-json\/wp\/v2\/pages\/702\/revisions\/706"}],"wp:attachment":[{"href":"https:\/\/szent-erzsebet.hu\/iskola\/wp-json\/wp\/v2\/media?parent=702"}],"curies":[{"name":"wp","href":"https:\/\/api.w.org\/{rel}","templated":true}]}}