{"id":714,"date":"2019-12-20T14:19:38","date_gmt":"2019-12-20T13:19:38","guid":{"rendered":"http:\/\/szent-erzsebet.hu\/iskola\/?page_id=714"},"modified":"2019-12-20T14:19:38","modified_gmt":"2019-12-20T13:19:38","slug":"eloadas-szuloknek-iskolasoknak","status":"publish","type":"page","link":"https:\/\/szent-erzsebet.hu\/iskola\/eloadas-szuloknek-iskolasoknak\/","title":{"rendered":"El\u0151ad\u00e1s sz\u00fcl\u0151knek, iskol\u00e1soknak"},"content":{"rendered":"\n<figure class=\"wp-block-image\"><img loading=\"lazy\" decoding=\"async\" width=\"4898\" height=\"3265\" src=\"https:\/\/szent-erzsebet.hu\/iskola\/wp-content\/uploads\/sites\/3\/2019\/12\/2_a_b.jpg\" alt=\"\" class=\"wp-image-715\" srcset=\"https:\/\/szent-erzsebet.hu\/iskola\/wp-content\/uploads\/sites\/3\/2019\/12\/2_a_b.jpg 4898w, https:\/\/szent-erzsebet.hu\/iskola\/wp-content\/uploads\/sites\/3\/2019\/12\/2_a_b-300x200.jpg 300w, https:\/\/szent-erzsebet.hu\/iskola\/wp-content\/uploads\/sites\/3\/2019\/12\/2_a_b-768x512.jpg 768w\" sizes=\"auto, (max-width: 4898px) 100vw, 4898px\" \/><\/figure>\n\n\n\n<figure class=\"wp-block-image\"><img loading=\"lazy\" decoding=\"async\" width=\"4899\" height=\"3266\" src=\"https:\/\/szent-erzsebet.hu\/iskola\/wp-content\/uploads\/sites\/3\/2019\/12\/a-h\u00e1zn\u00e1l.jpg\" alt=\"\" class=\"wp-image-716\" srcset=\"https:\/\/szent-erzsebet.hu\/iskola\/wp-content\/uploads\/sites\/3\/2019\/12\/a-h\u00e1zn\u00e1l.jpg 4899w, https:\/\/szent-erzsebet.hu\/iskola\/wp-content\/uploads\/sites\/3\/2019\/12\/a-h\u00e1zn\u00e1l-300x200.jpg 300w, https:\/\/szent-erzsebet.hu\/iskola\/wp-content\/uploads\/sites\/3\/2019\/12\/a-h\u00e1zn\u00e1l-768x512.jpg 768w\" sizes=\"auto, (max-width: 4899px) 100vw, 4899px\" \/><\/figure>\n\n\n\n<figure class=\"wp-block-image\"><img loading=\"lazy\" decoding=\"async\" width=\"4898\" height=\"3265\" src=\"https:\/\/szent-erzsebet.hu\/iskola\/wp-content\/uploads\/sites\/3\/2019\/12\/M\u00e1ria\u00e9sj\u00f3zsef.jpg\" alt=\"\" class=\"wp-image-717\" srcset=\"https:\/\/szent-erzsebet.hu\/iskola\/wp-content\/uploads\/sites\/3\/2019\/12\/M\u00e1ria\u00e9sj\u00f3zsef.jpg 4898w, https:\/\/szent-erzsebet.hu\/iskola\/wp-content\/uploads\/sites\/3\/2019\/12\/M\u00e1ria\u00e9sj\u00f3zsef-300x200.jpg 300w, https:\/\/szent-erzsebet.hu\/iskola\/wp-content\/uploads\/sites\/3\/2019\/12\/M\u00e1ria\u00e9sj\u00f3zsef-768x512.jpg 768w\" sizes=\"auto, (max-width: 4898px) 100vw, 4898px\" \/><\/figure>\n\n\n\n<figure class=\"wp-block-image\"><img loading=\"lazy\" decoding=\"async\" width=\"4898\" height=\"3266\" src=\"https:\/\/szent-erzsebet.hu\/iskola\/wp-content\/uploads\/sites\/3\/2019\/12\/\u00f6sszjelenet.jpg\" alt=\"\" class=\"wp-image-718\" srcset=\"https:\/\/szent-erzsebet.hu\/iskola\/wp-content\/uploads\/sites\/3\/2019\/12\/\u00f6sszjelenet.jpg 4898w, https:\/\/szent-erzsebet.hu\/iskola\/wp-content\/uploads\/sites\/3\/2019\/12\/\u00f6sszjelenet-300x200.jpg 300w, https:\/\/szent-erzsebet.hu\/iskola\/wp-content\/uploads\/sites\/3\/2019\/12\/\u00f6sszjelenet-768x512.jpg 768w\" sizes=\"auto, (max-width: 4898px) 100vw, 4898px\" \/><\/figure>\n\n\n\n<figure class=\"wp-block-image\"><img loading=\"lazy\" decoding=\"async\" width=\"4896\" height=\"3672\" src=\"https:\/\/szent-erzsebet.hu\/iskola\/wp-content\/uploads\/sites\/3\/2019\/12\/P1020005.jpg\" alt=\"\" class=\"wp-image-719\" srcset=\"https:\/\/szent-erzsebet.hu\/iskola\/wp-content\/uploads\/sites\/3\/2019\/12\/P1020005.jpg 4896w, https:\/\/szent-erzsebet.hu\/iskola\/wp-content\/uploads\/sites\/3\/2019\/12\/P1020005-300x225.jpg 300w, https:\/\/szent-erzsebet.hu\/iskola\/wp-content\/uploads\/sites\/3\/2019\/12\/P1020005-768x576.jpg 768w\" sizes=\"auto, (max-width: 4896px) 100vw, 4896px\" \/><\/figure>\n\n\n\n<figure class=\"wp-block-image\"><img loading=\"lazy\" decoding=\"async\" width=\"3672\" height=\"4896\" src=\"https:\/\/szent-erzsebet.hu\/iskola\/wp-content\/uploads\/sites\/3\/2019\/12\/P1020021.jpg\" alt=\"\" class=\"wp-image-720\" srcset=\"https:\/\/szent-erzsebet.hu\/iskola\/wp-content\/uploads\/sites\/3\/2019\/12\/P1020021.jpg 3672w, https:\/\/szent-erzsebet.hu\/iskola\/wp-content\/uploads\/sites\/3\/2019\/12\/P1020021-225x300.jpg 225w, https:\/\/szent-erzsebet.hu\/iskola\/wp-content\/uploads\/sites\/3\/2019\/12\/P1020021-768x1024.jpg 768w\" sizes=\"auto, (max-width: 3672px) 100vw, 3672px\" \/><\/figure>\n\n\n\n<figure class=\"wp-block-image\"><img loading=\"lazy\" decoding=\"async\" width=\"4896\" height=\"3672\" src=\"https:\/\/szent-erzsebet.hu\/iskola\/wp-content\/uploads\/sites\/3\/2019\/12\/P1020063.jpg\" alt=\"\" class=\"wp-image-721\" srcset=\"https:\/\/szent-erzsebet.hu\/iskola\/wp-content\/uploads\/sites\/3\/2019\/12\/P1020063.jpg 4896w, https:\/\/szent-erzsebet.hu\/iskola\/wp-content\/uploads\/sites\/3\/2019\/12\/P1020063-300x225.jpg 300w, https:\/\/szent-erzsebet.hu\/iskola\/wp-content\/uploads\/sites\/3\/2019\/12\/P1020063-768x576.jpg 768w\" sizes=\"auto, (max-width: 4896px) 100vw, 4896px\" \/><\/figure>\n\n\n\n<figure class=\"wp-block-image\"><img loading=\"lazy\" decoding=\"async\" width=\"4896\" height=\"3672\" src=\"https:\/\/szent-erzsebet.hu\/iskola\/wp-content\/uploads\/sites\/3\/2019\/12\/P1020071.jpg\" alt=\"\" class=\"wp-image-722\" srcset=\"https:\/\/szent-erzsebet.hu\/iskola\/wp-content\/uploads\/sites\/3\/2019\/12\/P1020071.jpg 4896w, https:\/\/szent-erzsebet.hu\/iskola\/wp-content\/uploads\/sites\/3\/2019\/12\/P1020071-300x225.jpg 300w, https:\/\/szent-erzsebet.hu\/iskola\/wp-content\/uploads\/sites\/3\/2019\/12\/P1020071-768x576.jpg 768w\" sizes=\"auto, (max-width: 4896px) 100vw, 4896px\" \/><\/figure>\n","protected":false},"excerpt":{"rendered":"","protected":false},"author":1,"featured_media":0,"parent":0,"menu_order":0,"comment_status":"closed","ping_status":"closed","template":"","meta":{"footnotes":"","_links_to":"","_links_to_target":""},"class_list":["post-714","page","type-page","status-publish","hentry"],"_links":{"self":[{"href":"https:\/\/szent-erzsebet.hu\/iskola\/wp-json\/wp\/v2\/pages\/714","targetHints":{"allow":["GET"]}}],"collection":[{"href":"https:\/\/szent-erzsebet.hu\/iskola\/wp-json\/wp\/v2\/pages"}],"about":[{"href":"https:\/\/szent-erzsebet.hu\/iskola\/wp-json\/wp\/v2\/types\/page"}],"author":[{"embeddable":true,"href":"https:\/\/szent-erzsebet.hu\/iskola\/wp-json\/wp\/v2\/users\/1"}],"replies":[{"embeddable":true,"href":"https:\/\/szent-erzsebet.hu\/iskola\/wp-json\/wp\/v2\/comments?post=714"}],"version-history":[{"count":1,"href":"https:\/\/szent-erzsebet.hu\/iskola\/wp-json\/wp\/v2\/pages\/714\/revisions"}],"predecessor-version":[{"id":723,"href":"https:\/\/szent-erzsebet.hu\/iskola\/wp-json\/wp\/v2\/pages\/714\/revisions\/723"}],"wp:attachment":[{"href":"https:\/\/szent-erzsebet.hu\/iskola\/wp-json\/wp\/v2\/media?parent=714"}],"curies":[{"name":"wp","href":"https:\/\/api.w.org\/{rel}","templated":true}]}}