{"id":915,"date":"2020-04-08T13:50:18","date_gmt":"2020-04-08T12:50:18","guid":{"rendered":"http:\/\/szent-erzsebet.hu\/iskola\/?page_id=915"},"modified":"2020-04-08T14:15:40","modified_gmt":"2020-04-08T13:15:40","slug":"hatartalanul-program","status":"publish","type":"page","link":"https:\/\/szent-erzsebet.hu\/iskola\/hatartalanul-program\/","title":{"rendered":"Hat\u00e1rtalanul p\u00e1ly\u00e1zat"},"content":{"rendered":"\n<div class=\"wp-block-image\"><figure class=\"aligncenter\"><img loading=\"lazy\" decoding=\"async\" width=\"394\" height=\"128\" src=\"https:\/\/szent-erzsebet.hu\/iskola\/wp-content\/uploads\/sites\/3\/2020\/04\/index.jpg\" alt=\"\" class=\"wp-image-916\" srcset=\"https:\/\/szent-erzsebet.hu\/iskola\/wp-content\/uploads\/sites\/3\/2020\/04\/index.jpg 394w, https:\/\/szent-erzsebet.hu\/iskola\/wp-content\/uploads\/sites\/3\/2020\/04\/index-300x97.jpg 300w\" sizes=\"auto, (max-width: 394px) 100vw, 394px\" \/><\/figure><\/div>\n\n\n\n<p style=\"text-align:center\"><a href=\"http:\/\/www.emet.gov.hu\/hatter_1\/hatartalanul_\/\" target=\"_blank\" rel=\"noreferrer noopener\">&lt;&lt;&lt;Hat\u00e1rtalanul! Program&gt;&gt;&gt;<\/a><\/p>\n\n\n\n<div class=\"wp-block-image\"><figure class=\"aligncenter is-resized\"><img loading=\"lazy\" decoding=\"async\" src=\"https:\/\/szent-erzsebet.hu\/iskola\/wp-content\/uploads\/sites\/3\/2020\/04\/hatartalanul_logo.jpg\" alt=\"\" class=\"wp-image-917\" width=\"420\" height=\"384\" srcset=\"https:\/\/szent-erzsebet.hu\/iskola\/wp-content\/uploads\/sites\/3\/2020\/04\/hatartalanul_logo.jpg 2149w, https:\/\/szent-erzsebet.hu\/iskola\/wp-content\/uploads\/sites\/3\/2020\/04\/hatartalanul_logo-300x274.jpg 300w, https:\/\/szent-erzsebet.hu\/iskola\/wp-content\/uploads\/sites\/3\/2020\/04\/hatartalanul_logo-768x702.jpg 768w\" sizes=\"auto, (max-width: 420px) 100vw, 420px\" \/><\/figure><\/div>\n","protected":false},"excerpt":{"rendered":"<p>&lt;&lt;&lt;Hat\u00e1rtalanul! Program&gt;&gt;&gt;<\/p>\n","protected":false},"author":1,"featured_media":917,"parent":0,"menu_order":0,"comment_status":"closed","ping_status":"closed","template":"","meta":{"footnotes":"","_links_to":"","_links_to_target":""},"class_list":["post-915","page","type-page","status-publish","has-post-thumbnail","hentry"],"_links":{"self":[{"href":"https:\/\/szent-erzsebet.hu\/iskola\/wp-json\/wp\/v2\/pages\/915","targetHints":{"allow":["GET"]}}],"collection":[{"href":"https:\/\/szent-erzsebet.hu\/iskola\/wp-json\/wp\/v2\/pages"}],"about":[{"href":"https:\/\/szent-erzsebet.hu\/iskola\/wp-json\/wp\/v2\/types\/page"}],"author":[{"embeddable":true,"href":"https:\/\/szent-erzsebet.hu\/iskola\/wp-json\/wp\/v2\/users\/1"}],"replies":[{"embeddable":true,"href":"https:\/\/szent-erzsebet.hu\/iskola\/wp-json\/wp\/v2\/comments?post=915"}],"version-history":[{"count":7,"href":"https:\/\/szent-erzsebet.hu\/iskola\/wp-json\/wp\/v2\/pages\/915\/revisions"}],"predecessor-version":[{"id":928,"href":"https:\/\/szent-erzsebet.hu\/iskola\/wp-json\/wp\/v2\/pages\/915\/revisions\/928"}],"wp:featuredmedia":[{"embeddable":true,"href":"https:\/\/szent-erzsebet.hu\/iskola\/wp-json\/wp\/v2\/media\/917"}],"wp:attachment":[{"href":"https:\/\/szent-erzsebet.hu\/iskola\/wp-json\/wp\/v2\/media?parent=915"}],"curies":[{"name":"wp","href":"https:\/\/api.w.org\/{rel}","templated":true}]}}