{"id":922,"date":"2020-04-08T14:01:18","date_gmt":"2020-04-08T13:01:18","guid":{"rendered":"http:\/\/szent-erzsebet.hu\/iskola\/?page_id=922"},"modified":"2020-04-08T14:01:19","modified_gmt":"2020-04-08T13:01:19","slug":"beszamolo-2018-hat-18-1","status":"publish","type":"page","link":"https:\/\/szent-erzsebet.hu\/iskola\/beszamolo-2018-hat-18-1\/","title":{"rendered":"Besz\u00e1mol\u00f3 2018 HAT-18-1"},"content":{"rendered":"\n<h2 class=\"wp-block-heading\">Sikeres \u201cHat\u00e1rtalanul\u201d p\u00e1ly\u00e1zat<\/h2>\n\n\n\n<p><strong>Az \u00c1rp\u00e1d-H\u00e1zi Szent\nErzs\u00e9bet Gimn\u00e1zium, \u00d3voda \u00e9s \u00c1ltal\u00e1nos Iskola sikeresen p\u00e1ly\u00e1zott a HAT-18-01 Hat\u00e1rtalanul\nprogramban, melynek keret\u00e9ben iskol\u00e1n teljes hetedikes \u00e9vfolyama 8 k\u00eds\u00e9r\u0151 pedag\u00f3gussal&nbsp;utazhatott\nErd\u00e9lybe. <\/strong><\/p>\n\n\n\n<p>A di\u00e1kok \u00e9s k\u00eds\u00e9r\u0151ik\nsz\u00ednes programokon kereszt\u00fcl ell\u00e1togattak t\u00f6bbek k\u00f6z\u00f6tt Nagyv\u00e1radra, Kolozsv\u00e1rra,\nTord\u00e1ra, Kir\u00e1lyh\u00e1g\u00f3ra \u00e9s Sz\u00e9kelyudvarhelyre. Az utaz\u00e1s egyik eleme a helyi\niskola megl\u00e1togat\u00e1sa volt, ahol j\u00f3 kapcsolatot alak\u00edtott ki di\u00e1kjaink a kint\n\u00e9l\u0151 magyar gyerekekkel. A B\u00f6jte Csaba testv\u00e9r cs\u00edksomly\u00f3i otthon\u00e1ba itthon\ngy\u0171jt\u00f6tt aj\u00e1nd\u00e9kokat vitt\u00fcnk, hogy onnan neh\u00e9z sors\u00fa gyerekekhez jusson el az\nadom\u00e1ny.<\/p>\n\n\n\n<p><strong>Utaz\u00e1sunk els\u0151 napj\u00e1n <\/strong>Esztergomb\u00f3l kor\u00e1n indulva Nagyv\u00e1radra utaztunk,\nahol az \u00e9rseki palot\u00e1val \u00e9s csod\u00e1san fel\u00faj\u00edtott v\u00e1radi f\u0151t\u00e9r l\u00e1tv\u00e1nyoss\u00e1gaival\nismerkedtek meg di\u00e1kjaink. Nagyv\u00e1rad ut\u00e1n buszunk B\u00e1nffyhunyadon kereszt\u00fcl\nK\u00f6r\u00f6sf\u0151re vitte csapatunkat. A K\u00f6r\u00f6sf\u0151i templomban \u00e9rdekes el\u0151ad\u00e1st\nhallgathattunk meg a szakr\u00e1lis \u00e9p\u00edtm\u00e9ny \u00e9s a t\u00e1j bemutat\u00e1s\u00e1val. . Este\n\u00e9rkezt\u00fcnk Kolozsv\u00e1rra, ahol a sz\u00e1ll\u00e1sunk volt. <\/p>\n\n\n\n<p><strong>M\u00e1snap<\/strong> d\u00e9lel\u0151tt megn\u00e9zt\u00fck a Szent Mih\u00e1ly templomot, M\u00e1ty\u00e1s kir\u00e1ly szobr\u00e1t \u00e9s\nsz\u00fcl\u0151h\u00e1z\u00e1t. Kora d\u00e9lut\u00e1n ell\u00e1togattunk a Kolozsv\u00e1ri Reform\u00e1tus Koll\u00e9gium \u00e9s\n\u00c1ltal\u00e1nos Iskol\u00e1ba, ahol k\u00fclhoni di\u00e1kokkal tal\u00e1lkoztunk. Kolozsv\u00e1ri di\u00e1kok\nidegenvezet\u00e9ssel \u00e9s csoportos v\u00e1rosvet\u00e9lked\u0151vel v\u00e1rtak minket, amit nagy\nsikerrel teljes\u00edtettek kir\u00e1ndul\u00f3ink. <br>\nD\u00e9lut\u00e1n Tord\u00e1ra utaztunk, hol programunk legf\u0151bb elem\u00e9t a Tordai s\u00f3b\u00e1nya\nmegtekint\u00e9se jelentette. A hatalmas m\u00e9retekkel rendelkez\u0151, izgalmas\nattrakci\u00f3kat tartogat\u00f3 l\u00e9tes\u00edtm\u00e9ny minden di\u00e1k figyelm\u00e9t \u00e9s \u00e9rdekl\u0151d\u00e9s\u00e9t\nfelkeltette. K\u00fcl\u00f6n \u00f6r\u00f6m volt, hogy a kinti h\u0151s\u00e9ghez k\u00e9pes sokkal elviselhet\u0151bb\nkl\u00edm\u00e1t biztos\u00edtott a b\u00e1nya m\u00e9lye. A b\u00e1nyal\u00e1togat\u00e1s ut\u00e1n \u00e1tmen\u0151 t\u00far\u00e1n vett\u00fcnk\nr\u00e9szt a vadreg\u00e9nyes Tordai-hasad\u00e9kban. Tan\u00edtv\u00e1nyaink besz\u00e1mol\u00f3j\u00e1b\u00f3l\nfelelevenedtek a hasad\u00e9khoz kapcsol\u00f3d\u00f3 legend\u00e1k, miszerint Szent\nL\u00e1szl\u00f3&nbsp;Torda mellett harcolt a&nbsp;kunokkal, de a t\u00faler\u0151vel szemben\nvissza kellett vonulnia a hegy ir\u00e1ny\u00e1ba, de a kunok \u00fcld\u00f6z\u0151be vett\u00e9k a magyar\nsereget. Szent L\u00e1szl\u00f3 feltekintett az \u00e9gre, \u00e9s Istenhez foh\u00e1szkodott; ebben a\npillanatban a hegy kett\u00e9hasadt. Szent L\u00e1szl\u00f3 lov\u00e1nak patk\u00f3nyomai a hasad\u00e9k felett\nma is l\u00e1tszanak.<br>\nEste els\u0151 napi sz\u00e1ll\u00e1skoll\u00e9giumunkba t\u00e9rt\u00fcnk vissza \u00e9s b\u0151s\u00e9ges vacsor\u00e1val\n\u00fcnnepelt\u00fck f\u00e1raszt\u00f3 napunk sikeres teljes\u00edt\u00e9s\u00e9t.<\/p>\n\n\n\n<p>Utaz\u00e1sunk <strong>harmadik napj\u00e1n<\/strong> Erd\u00e9ly bels\u0151 t\u00e1jai fel\u00e9\nrobogtunk tov\u00e1bb. \u00datunk sor\u00e1n el\u00e9bb Sz\u00e1szr\u00e9gen v\u00e1ros\u00e1val ismerkedt\u00fcnk,\nmegl\u00e1togatva Sz\u00e1szr\u00e9gen v\u00e1ros\u00e1nak legr\u00e9gibb, egy\u00fattal leg\u00e9rt\u00e9kesebb \u00e9p\u00fclet\u00e9t az\nevang\u00e9likus templomot, melynek 1330-as \u00e9p\u00edt\u00e9si \u00e9v\u00e9r\u0151l a vakolat al\u00f3l el\u0151ker\u00fclt\neml\u00e9kt\u00e1bla \u00e9rtes\u00edt. R\u00e9gen ut\u00e1n Parajd fel\u00e9 utaztunk ahol \u00fajabb kir\u00e1ndul\u00e1s v\u00e1rt\nr\u00e1nk. A parajdi s\u00f3szorosban csavaroghattunk b\u0151 k\u00e9t \u00f3r\u00e1n \u00e1t, majd a szoros v\u00e9g\u00e9n\ntal\u00e1lhat\u00f3 s\u00e1rf\u00fcrd\u0151ben dagony\u00e1zhattak tan\u00edtv\u00e1nyaink. A j\u00f3 hangulat\u00fa s\u00e9ta ut\u00e1n\nSzov\u00e1t\u00e1ra ment\u00fcnk, hol a Medve-t\u00f3n\u00e1l k\u00f6lthett\u00fck el eb\u00e9d\u00fcnket. A t\u00f3 1875-ben\nkeletkezett, a vil\u00e1g legnagyobb heliotermikus tava. Alakja kiter\u00edtett\nmedveb\u0151rre hasonl\u00edt, innen sz\u00e1rmazik a neve.<br>\nA term\u00e9szet k\u00f6zeli program ut\u00e1n az id\u0151 rosszra fordult, \u00edgy Tam\u00e1si \u00c1ron\ns\u00edrj\u00e1n\u00e1l \u00e1llt meg buszunk, Farkaslak\u00e1n. Az id\u0151 el\u0151re haladta miatt igyekezn\u00fcnk\nkellett, hogy Sz\u00e9kelyudvarhelyen sz\u00e1ll\u00e1sunkat idej\u00e9ben elfoglalhassuk. Vacsora\nut\u00e1n v\u00e1rosn\u00e9z\u00e9s k\u00f6vetkezett, ahol kis csoportokban k\u00fcl\u00f6nb\u00f6z\u0151 \u00fatvonalakat\nbej\u00e1rva ismerkedhett\u00fcnk a \u201esz\u00e9kely f\u0151v\u00e1ros\u201d v\u00e1ndorokat vonz\u00f3 l\u00e1tv\u00e1nyoss\u00e1gaival.<\/p>\n\n\n\n<p>T\u00far\u00e1nk sz\u00e9kelyf\u00f6ldi\nszakasz\u00e1t <strong>programunk negyedik napj\u00e1n<\/strong>\nkezdt\u00fck meg. Gyergy\u00f3szentmikl\u00f3s fel\u00e9 utazva a Gyilkos t\u00f3hoz l\u00e1togattunk el. A\nt\u00f3 k\u00f6r\u00fcli s\u00e9ta ut\u00e1n a B\u00e9k\u00e1s szorosban csod\u00e1lhattuk meg a term\u00e9szet hatalmas\nfelsz\u00ednform\u00e1l\u00f3 erej\u00e9t. Akinek kedve szottyant m\u00e9g v\u00e1s\u00e1rfi\u00e1t is beszerezhetett,\nhogy t\u00e1rgyi eml\u00e9kekkel \u00f6r\u00f6k\u00edtse meg erd\u00e9lyorsz\u00e1gi l\u00e1togat\u00e1sunkat. <br>\nA szorosban tett kir\u00e1ndul\u00e1s ut\u00e1n Cs\u00edksomly\u00f3ra utaztunk, ahol a kegytemplom\nmegtekint\u00e9s\u00e9n t\u00fal B\u00f6jte Csaba testv\u00e9r gyermekotthon\u00e1ban \u00e1tadhattuk itthon\ngy\u0171jt\u00f6tt adom\u00e1nyainkat.<\/p>\n\n\n\n<p>P\u00e1ly\u00e1zatos <strong>kir\u00e1ndul\u00e1sunk utols\u00f3 napja<\/strong> j\u00f3r\u00e9szt a\nhazautaz\u00e1sr\u00f3l sz\u00f3lt. Sz\u00e9kelyudvarhelyr\u0151l kor\u00e1n indulva egy \u00e1llom\u00e1st iktattunk\nbe eb\u00e9del\u00e9s c\u00e9lj\u00e1b\u00f3l. Hossz\u00fa \u00e9s f\u00e1rads\u00e1gos buszoz\u00e1s ut\u00e1n k\u00e9s\u0151 esti \u00f3r\u00e1ban\n\u00e9rkezt\u00fcnk meg Esztergomba. A buszok \u00e9rkez\u00e9s\u00e9re t\u00fcrelmesen v\u00e1rakoz\u00f3 sz\u00fcl\u0151knek\nminden gyermeket \u201eb\u0151v\u00edtett kiad\u00e1sban \u00e9s barna b\u0151rk\u00f6t\u00e9sben\u201d adhattunk \u00e1t.&nbsp; <\/p>\n\n\n\n<p>K\u00f6sz\u00f6netet mondunk a p\u00e1ly\u00e1zatot ki\u00edr\u00f3 Emberi Er\u0151forr\u00e1sok \nMiniszt\u00e9rium\u00e1nak \u00e9s az Emberi Er\u0151forr\u00e1s T\u00e1mogat\u00e1skezel\u0151nek, hogy anyagi \nhozz\u00e1j\u00e1rul\u00e1sukkal lehet\u0151v\u00e9 tett\u00e9k utaz\u00e1sunkat. H\u00e1l\u00e1sak vagyunk minden \nseg\u00edt\u0151nek \u00e9s t\u00e1mogat\u00f3nak. K\u00f6sz\u00f6nj\u00fck idegenvezet\u0151ink remek munk\u00e1j\u00e1t, az \n\u00f6ssze\u00e1ll\u00edtott izgalmas feladatlapokat, a megtan\u00edtott sok n\u00e9pdalt. \nLegjobb tud\u00e1sunk szerint igyekezt\u00fck megszolg\u00e1lni a sz\u00fcl\u0151k bel\u00e9nk \nfektetett bizalm\u00e1t. K\u00f6sz\u00f6nj\u00fck J\u00f3istennek, hogy j\u00f3 kedvvel \u00e9s testv\u00e9ri \nszeretettel aj\u00e1nd\u00e9kozott meg minket.<\/p>\n\n\n\n<p><a href=\"http:\/\/diaknap.janosbacsiosztalya.hu\/erdely.sozi.html#frame8852\" target=\"_blank\" rel=\"noreferrer noopener\">&lt;&lt;&lt;Fot\u00f3k, \u00e9s egy\u00e9b inform\u00e1ci\u00f3k az \u00fatr\u00f3l, erre a linkre kattintva \u00e9rhet\u0151ek el!&gt;&gt;&gt;<\/a><\/p>\n","protected":false},"excerpt":{"rendered":"<p>Sikeres \u201cHat\u00e1rtalanul\u201d p\u00e1ly\u00e1zat Az \u00c1rp\u00e1d-H\u00e1zi Szent Erzs\u00e9bet Gimn\u00e1zium, \u00d3voda \u00e9s \u00c1ltal\u00e1nos Iskola sikeresen p\u00e1ly\u00e1zott a HAT-18-01 Hat\u00e1rtalanul programban, melynek keret\u00e9ben iskol\u00e1n teljes hetedikes \u00e9vfolyama 8 k\u00eds\u00e9r\u0151 pedag\u00f3gussal&nbsp;utazhatott Erd\u00e9lybe. A di\u00e1kok \u00e9s k\u00eds\u00e9r\u0151ik sz\u00ednes programokon&#46;&#46;&#46;<\/p>\n","protected":false},"author":1,"featured_media":0,"parent":0,"menu_order":0,"comment_status":"closed","ping_status":"closed","template":"","meta":{"footnotes":"","_links_to":"","_links_to_target":""},"class_list":["post-922","page","type-page","status-publish","hentry"],"_links":{"self":[{"href":"https:\/\/szent-erzsebet.hu\/iskola\/wp-json\/wp\/v2\/pages\/922","targetHints":{"allow":["GET"]}}],"collection":[{"href":"https:\/\/szent-erzsebet.hu\/iskola\/wp-json\/wp\/v2\/pages"}],"about":[{"href":"https:\/\/szent-erzsebet.hu\/iskola\/wp-json\/wp\/v2\/types\/page"}],"author":[{"embeddable":true,"href":"https:\/\/szent-erzsebet.hu\/iskola\/wp-json\/wp\/v2\/users\/1"}],"replies":[{"embeddable":true,"href":"https:\/\/szent-erzsebet.hu\/iskola\/wp-json\/wp\/v2\/comments?post=922"}],"version-history":[{"count":1,"href":"https:\/\/szent-erzsebet.hu\/iskola\/wp-json\/wp\/v2\/pages\/922\/revisions"}],"predecessor-version":[{"id":923,"href":"https:\/\/szent-erzsebet.hu\/iskola\/wp-json\/wp\/v2\/pages\/922\/revisions\/923"}],"wp:attachment":[{"href":"https:\/\/szent-erzsebet.hu\/iskola\/wp-json\/wp\/v2\/media?parent=922"}],"curies":[{"name":"wp","href":"https:\/\/api.w.org\/{rel}","templated":true}]}}