{"id":47,"date":"2018-11-16T11:02:37","date_gmt":"2018-11-16T11:02:37","guid":{"rendered":"http:\/\/szerzs.mhan.hu\/ovoda\/?page_id=47"},"modified":"2025-09-09T12:30:06","modified_gmt":"2025-09-09T11:30:06","slug":"csoportok","status":"publish","type":"page","link":"https:\/\/szent-erzsebet.hu\/ovoda\/csoportok\/","title":{"rendered":"Csoportok"},"content":{"rendered":"\n<p><strong>Csoportok<\/strong>:<\/p>\n\n\n\n<p><strong>Csillag csoport<\/strong>: Nagy-k\u00f6z\u00e9ps\u0151 csoport 22 f\u0151<\/p>\n\n\n\n<p><em>\u00d3vodapedag\u00f3gus<\/em>: Kruzslik Emese<\/p>\n\n\n\n<p><em>Pedag\u00f3gusasszisztens<\/em>: Erdei Evelin<\/p>\n\n\n\n<p>&nbsp;&nbsp;&nbsp;&nbsp;&nbsp;&nbsp;&nbsp;&nbsp;&nbsp;&nbsp;&nbsp;&nbsp;&nbsp;&nbsp;&nbsp;&nbsp;&nbsp;&nbsp;&nbsp;&nbsp;&nbsp;&nbsp;&nbsp;&nbsp;&nbsp;&nbsp;&nbsp;&nbsp;&nbsp;&nbsp;&nbsp;&nbsp;&nbsp;&nbsp;&nbsp;&nbsp;&nbsp;&nbsp;&nbsp;&nbsp;&nbsp; Gere Mih\u00e1lyn\u00e9<\/p>\n\n\n\n<p><em>Dajka<\/em>: Barna M\u00e1ria<\/p>\n\n\n\n<p><strong>B\u00e1r\u00e1ny csoport<\/strong>: Kis csoport 14 f\u0151<\/p>\n\n\n\n<p><em>\u00d3vodapedag\u00f3gusok<\/em>: T\u00f3kos Zsuzsanna<\/p>\n\n\n\n<p>&nbsp;&nbsp;&nbsp;&nbsp;&nbsp;&nbsp;&nbsp;&nbsp;&nbsp;&nbsp;&nbsp;&nbsp;&nbsp;&nbsp;&nbsp;&nbsp;&nbsp;&nbsp;&nbsp;&nbsp;&nbsp;&nbsp;&nbsp;&nbsp;&nbsp; &nbsp;&nbsp;&nbsp;&nbsp;&nbsp;&nbsp;&nbsp;&nbsp;&nbsp;&nbsp;&nbsp;&nbsp;Penyigei-Manczur Krisztina<\/p>\n\n\n\n<p><em>Dajka<\/em>: Herter Szabina<\/p>\n\n\n\n<p><strong>Napsug\u00e1r csoport<\/strong>: Nagy csoport 26 f\u0151<\/p>\n\n\n\n<p><em>\u00d3vodapedag\u00f3gus<\/em>: G\u00f6b\u00f6l\u00f6s-Szab\u00f3 Csilla M\u00e1rta<\/p>\n\n\n\n<p>&nbsp;&nbsp;&nbsp;&nbsp;&nbsp;&nbsp;&nbsp;&nbsp;&nbsp;&nbsp;&nbsp;&nbsp;&nbsp;&nbsp;&nbsp;&nbsp;&nbsp; &nbsp;&nbsp;&nbsp;&nbsp;&nbsp;&nbsp;&nbsp;&nbsp;&nbsp;&nbsp;&nbsp;&nbsp;&nbsp;&nbsp;&nbsp;&nbsp;Cseri Anna<\/p>\n\n\n\n<p><em>Dajka<\/em>: \u00c1gfalvin\u00e9 Borsos Andrea<\/p>\n\n\n\n<p><strong>Liliom csoport<\/strong>: K\u00f6z\u00e9ps\u0151 csoport 22 f\u0151<\/p>\n\n\n\n<p><em>\u00d3vodapedag\u00f3gusok<\/em>: Chalupa \u00c9va<\/p>\n\n\n\n<p>&nbsp;&nbsp;&nbsp;&nbsp;&nbsp;&nbsp;&nbsp;&nbsp;&nbsp;&nbsp;&nbsp;&nbsp;&nbsp;&nbsp; &nbsp;&nbsp;&nbsp;&nbsp;&nbsp;&nbsp;&nbsp;&nbsp;&nbsp;&nbsp;&nbsp;&nbsp;&nbsp;&nbsp;&nbsp;&nbsp;&nbsp;&nbsp;&nbsp;&nbsp;&nbsp;&nbsp;&nbsp;Mark\u00f3 M\u00e1ria<\/p>\n\n\n\n<p><em>Dajka<\/em>: Nagy M\u00f3nika<\/p>\n","protected":false},"excerpt":{"rendered":"<p>Csoportok: Csillag csoport: Nagy-k\u00f6z\u00e9ps\u0151 csoport 22 f\u0151 \u00d3vodapedag\u00f3gus: Kruzslik Emese Pedag\u00f3gusasszisztens: Erdei Evelin &nbsp;&nbsp;&nbsp;&nbsp;&nbsp;&nbsp;&nbsp;&nbsp;&nbsp;&nbsp;&nbsp;&nbsp;&nbsp;&nbsp;&nbsp;&nbsp;&nbsp;&nbsp;&nbsp;&nbsp;&nbsp;&nbsp;&nbsp;&nbsp;&nbsp;&nbsp;&nbsp;&nbsp;&nbsp;&nbsp;&nbsp;&nbsp;&nbsp;&nbsp;&nbsp;&nbsp;&nbsp;&nbsp;&nbsp;&nbsp;&nbsp; Gere Mih\u00e1lyn\u00e9 Dajka: Barna M\u00e1ria B\u00e1r\u00e1ny csoport: Kis csoport 14 f\u0151 \u00d3vodapedag\u00f3gusok: T\u00f3kos Zsuzsanna &nbsp;&nbsp;&nbsp;&nbsp;&nbsp;&nbsp;&nbsp;&nbsp;&nbsp;&nbsp;&nbsp;&nbsp;&nbsp;&nbsp;&nbsp;&nbsp;&nbsp;&nbsp;&nbsp;&nbsp;&nbsp;&nbsp;&nbsp;&nbsp;&nbsp; &nbsp;&nbsp;&nbsp;&nbsp;&nbsp;&nbsp;&nbsp;&nbsp;&nbsp;&nbsp;&nbsp;&nbsp;Penyigei-Manczur Krisztina Dajka: Herter Szabina&#46;&#46;&#46;<\/p>\n","protected":false},"author":1,"featured_media":0,"parent":0,"menu_order":0,"comment_status":"closed","ping_status":"closed","template":"","meta":{"footnotes":"","_links_to":"","_links_to_target":""},"class_list":["post-47","page","type-page","status-publish","hentry"],"_links":{"self":[{"href":"https:\/\/szent-erzsebet.hu\/ovoda\/wp-json\/wp\/v2\/pages\/47","targetHints":{"allow":["GET"]}}],"collection":[{"href":"https:\/\/szent-erzsebet.hu\/ovoda\/wp-json\/wp\/v2\/pages"}],"about":[{"href":"https:\/\/szent-erzsebet.hu\/ovoda\/wp-json\/wp\/v2\/types\/page"}],"author":[{"embeddable":true,"href":"https:\/\/szent-erzsebet.hu\/ovoda\/wp-json\/wp\/v2\/users\/1"}],"replies":[{"embeddable":true,"href":"https:\/\/szent-erzsebet.hu\/ovoda\/wp-json\/wp\/v2\/comments?post=47"}],"version-history":[{"count":11,"href":"https:\/\/szent-erzsebet.hu\/ovoda\/wp-json\/wp\/v2\/pages\/47\/revisions"}],"predecessor-version":[{"id":700,"href":"https:\/\/szent-erzsebet.hu\/ovoda\/wp-json\/wp\/v2\/pages\/47\/revisions\/700"}],"wp:attachment":[{"href":"https:\/\/szent-erzsebet.hu\/ovoda\/wp-json\/wp\/v2\/media?parent=47"}],"curies":[{"name":"wp","href":"https:\/\/api.w.org\/{rel}","templated":true}]}}