{"id":704,"date":"2025-09-10T14:04:30","date_gmt":"2025-09-10T13:04:30","guid":{"rendered":"https:\/\/szent-erzsebet.hu\/ovoda\/?page_id=704"},"modified":"2025-09-10T14:08:52","modified_gmt":"2025-09-10T13:08:52","slug":"ovoda-bemutatasa","status":"publish","type":"page","link":"https:\/\/szent-erzsebet.hu\/ovoda\/ovoda-bemutatasa\/","title":{"rendered":"\u00d3voda bemutat\u00e1sa"},"content":{"rendered":"\n<p class=\"has-text-align-center\"><strong>\u00c1rp\u00e1d-h\u00e1zi Szent Erzs\u00e9bet \u00d3voda<\/strong><\/p>\n\n\n\n<p class=\"has-text-align-center\"><strong>\u00d3vod\u00e1nkat 2004-ben alap\u00edtotta a Szatm\u00e1ri Irgalmas N\u0151v\u00e9rek rendje, az \u00c1rp\u00e1d-h\u00e1zi Szent Erzs\u00e9bet Gimn\u00e1zium, \u00e9s \u00c1ltal\u00e1nos Iskola tagint\u00e9zm\u00e9nyek\u00e9nt. Az idej\u00e1r\u00f3 n\u00f6vend\u00e9kek h\u00e1rom \u00e9ves korukt\u00f3l eg\u00e9szen az \u00e9retts\u00e9giig a k\u00f6z\u00f6ss\u00e9g tagjai lehetnek. 2024-ben t\u00f6rt\u00e9nt egy \u00e1talak\u00edt\u00e1s, melynek eredm\u00e9nye egy korszer\u0171, a mai kor elv\u00e1r\u00e1sainak, ig\u00e9nyeinek megfelel\u0151 int\u00e9zm\u00e9ny lett. A gyermekek hangulatos, sz\u00ednes vil\u00e1gos folyos\u00f3r\u00f3l \u00e9rkeznek a t\u00e1gas \u00f6lt\u00f6z\u0151be. A tervez\u0151k gondos munk\u00e1ja nyom\u00e1n eszt\u00e9tikus, az \u00e9letkori saj\u00e1toss\u00e1goknak megfelel\u0151en felszerelt csoportszob\u00e1ban t\u00f6ltik mindennapjaikat. H\u00e1l\u00e1sak vagyunk iskol\u00e1nknak, a fenntart\u00f3nknak, hogy meg\u00fajultunk, megsz\u00e9p\u00fclt\u00fcnk, \u00e9s m\u00e9lt\u00f3 k\u00f6rnyezetben nevelhetj\u00fck, oktathatjuk a r\u00e1nk b\u00edzott gyermekeket!<\/strong><\/p>\n\n\n\n<figure class=\"wp-block-image size-large\"><img loading=\"lazy\" decoding=\"async\" width=\"1024\" height=\"683\" src=\"https:\/\/szent-erzsebet.hu\/ovoda\/wp-content\/uploads\/sites\/4\/2025\/09\/IMG_5590-1024x683.jpg\" alt=\"\" class=\"wp-image-705\" srcset=\"https:\/\/szent-erzsebet.hu\/ovoda\/wp-content\/uploads\/sites\/4\/2025\/09\/IMG_5590-1024x683.jpg 1024w, https:\/\/szent-erzsebet.hu\/ovoda\/wp-content\/uploads\/sites\/4\/2025\/09\/IMG_5590-300x200.jpg 300w, https:\/\/szent-erzsebet.hu\/ovoda\/wp-content\/uploads\/sites\/4\/2025\/09\/IMG_5590-768x512.jpg 768w, https:\/\/szent-erzsebet.hu\/ovoda\/wp-content\/uploads\/sites\/4\/2025\/09\/IMG_5590-1536x1024.jpg 1536w, https:\/\/szent-erzsebet.hu\/ovoda\/wp-content\/uploads\/sites\/4\/2025\/09\/IMG_5590-2048x1365.jpg 2048w\" sizes=\"auto, (max-width: 1024px) 100vw, 1024px\" \/><\/figure>\n\n\n\n<p><\/p>\n\n\n\n<figure class=\"wp-block-image size-large\"><img loading=\"lazy\" decoding=\"async\" width=\"1024\" height=\"576\" src=\"https:\/\/szent-erzsebet.hu\/ovoda\/wp-content\/uploads\/sites\/4\/2025\/09\/IMG_5593-1024x576.jpg\" alt=\"\" class=\"wp-image-706\" srcset=\"https:\/\/szent-erzsebet.hu\/ovoda\/wp-content\/uploads\/sites\/4\/2025\/09\/IMG_5593-1024x576.jpg 1024w, https:\/\/szent-erzsebet.hu\/ovoda\/wp-content\/uploads\/sites\/4\/2025\/09\/IMG_5593-300x169.jpg 300w, https:\/\/szent-erzsebet.hu\/ovoda\/wp-content\/uploads\/sites\/4\/2025\/09\/IMG_5593-768x432.jpg 768w, https:\/\/szent-erzsebet.hu\/ovoda\/wp-content\/uploads\/sites\/4\/2025\/09\/IMG_5593-1536x864.jpg 1536w, https:\/\/szent-erzsebet.hu\/ovoda\/wp-content\/uploads\/sites\/4\/2025\/09\/IMG_5593-2048x1152.jpg 2048w\" sizes=\"auto, (max-width: 1024px) 100vw, 1024px\" \/><\/figure>\n\n\n\n<p><\/p>\n\n\n\n<figure class=\"wp-block-image size-large\"><img loading=\"lazy\" decoding=\"async\" width=\"1024\" height=\"683\" src=\"https:\/\/szent-erzsebet.hu\/ovoda\/wp-content\/uploads\/sites\/4\/2025\/09\/IMG_5596-1024x683.jpg\" alt=\"\" class=\"wp-image-707\" srcset=\"https:\/\/szent-erzsebet.hu\/ovoda\/wp-content\/uploads\/sites\/4\/2025\/09\/IMG_5596-1024x683.jpg 1024w, https:\/\/szent-erzsebet.hu\/ovoda\/wp-content\/uploads\/sites\/4\/2025\/09\/IMG_5596-300x200.jpg 300w, https:\/\/szent-erzsebet.hu\/ovoda\/wp-content\/uploads\/sites\/4\/2025\/09\/IMG_5596-768x512.jpg 768w, https:\/\/szent-erzsebet.hu\/ovoda\/wp-content\/uploads\/sites\/4\/2025\/09\/IMG_5596-1536x1024.jpg 1536w, https:\/\/szent-erzsebet.hu\/ovoda\/wp-content\/uploads\/sites\/4\/2025\/09\/IMG_5596-2048x1365.jpg 2048w\" sizes=\"auto, (max-width: 1024px) 100vw, 1024px\" \/><\/figure>\n\n\n\n<p><\/p>\n\n\n\n<figure class=\"wp-block-image size-large\"><img loading=\"lazy\" decoding=\"async\" width=\"1024\" height=\"683\" src=\"https:\/\/szent-erzsebet.hu\/ovoda\/wp-content\/uploads\/sites\/4\/2025\/09\/IMG_5600-1024x683.jpg\" alt=\"\" class=\"wp-image-708\" srcset=\"https:\/\/szent-erzsebet.hu\/ovoda\/wp-content\/uploads\/sites\/4\/2025\/09\/IMG_5600-1024x683.jpg 1024w, https:\/\/szent-erzsebet.hu\/ovoda\/wp-content\/uploads\/sites\/4\/2025\/09\/IMG_5600-300x200.jpg 300w, https:\/\/szent-erzsebet.hu\/ovoda\/wp-content\/uploads\/sites\/4\/2025\/09\/IMG_5600-768x512.jpg 768w, https:\/\/szent-erzsebet.hu\/ovoda\/wp-content\/uploads\/sites\/4\/2025\/09\/IMG_5600-1536x1024.jpg 1536w, https:\/\/szent-erzsebet.hu\/ovoda\/wp-content\/uploads\/sites\/4\/2025\/09\/IMG_5600-2048x1365.jpg 2048w\" sizes=\"auto, (max-width: 1024px) 100vw, 1024px\" \/><\/figure>\n\n\n\n<p><\/p>\n\n\n\n<figure class=\"wp-block-image size-large\"><img loading=\"lazy\" decoding=\"async\" width=\"1024\" height=\"683\" src=\"https:\/\/szent-erzsebet.hu\/ovoda\/wp-content\/uploads\/sites\/4\/2025\/09\/IMG_5601-1024x683.jpg\" alt=\"\" class=\"wp-image-709\" srcset=\"https:\/\/szent-erzsebet.hu\/ovoda\/wp-content\/uploads\/sites\/4\/2025\/09\/IMG_5601-1024x683.jpg 1024w, https:\/\/szent-erzsebet.hu\/ovoda\/wp-content\/uploads\/sites\/4\/2025\/09\/IMG_5601-300x200.jpg 300w, https:\/\/szent-erzsebet.hu\/ovoda\/wp-content\/uploads\/sites\/4\/2025\/09\/IMG_5601-768x512.jpg 768w, https:\/\/szent-erzsebet.hu\/ovoda\/wp-content\/uploads\/sites\/4\/2025\/09\/IMG_5601-1536x1024.jpg 1536w, https:\/\/szent-erzsebet.hu\/ovoda\/wp-content\/uploads\/sites\/4\/2025\/09\/IMG_5601-2048x1366.jpg 2048w\" sizes=\"auto, (max-width: 1024px) 100vw, 1024px\" \/><\/figure>\n\n\n\n<p><\/p>\n\n\n\n<figure class=\"wp-block-image size-large\"><img loading=\"lazy\" decoding=\"async\" width=\"1024\" height=\"683\" src=\"https:\/\/szent-erzsebet.hu\/ovoda\/wp-content\/uploads\/sites\/4\/2025\/09\/IMG_5605-1024x683.jpg\" alt=\"\" class=\"wp-image-710\" srcset=\"https:\/\/szent-erzsebet.hu\/ovoda\/wp-content\/uploads\/sites\/4\/2025\/09\/IMG_5605-1024x683.jpg 1024w, https:\/\/szent-erzsebet.hu\/ovoda\/wp-content\/uploads\/sites\/4\/2025\/09\/IMG_5605-300x200.jpg 300w, https:\/\/szent-erzsebet.hu\/ovoda\/wp-content\/uploads\/sites\/4\/2025\/09\/IMG_5605-768x512.jpg 768w, https:\/\/szent-erzsebet.hu\/ovoda\/wp-content\/uploads\/sites\/4\/2025\/09\/IMG_5605-1536x1024.jpg 1536w, https:\/\/szent-erzsebet.hu\/ovoda\/wp-content\/uploads\/sites\/4\/2025\/09\/IMG_5605-2048x1366.jpg 2048w\" sizes=\"auto, (max-width: 1024px) 100vw, 1024px\" \/><\/figure>\n\n\n\n<p><\/p>\n\n\n\n<figure class=\"wp-block-image size-large\"><img loading=\"lazy\" decoding=\"async\" width=\"1024\" height=\"683\" src=\"https:\/\/szent-erzsebet.hu\/ovoda\/wp-content\/uploads\/sites\/4\/2025\/09\/IMG_5607-1024x683.jpg\" alt=\"\" class=\"wp-image-711\" srcset=\"https:\/\/szent-erzsebet.hu\/ovoda\/wp-content\/uploads\/sites\/4\/2025\/09\/IMG_5607-1024x683.jpg 1024w, https:\/\/szent-erzsebet.hu\/ovoda\/wp-content\/uploads\/sites\/4\/2025\/09\/IMG_5607-300x200.jpg 300w, https:\/\/szent-erzsebet.hu\/ovoda\/wp-content\/uploads\/sites\/4\/2025\/09\/IMG_5607-768x512.jpg 768w, https:\/\/szent-erzsebet.hu\/ovoda\/wp-content\/uploads\/sites\/4\/2025\/09\/IMG_5607-1536x1024.jpg 1536w, https:\/\/szent-erzsebet.hu\/ovoda\/wp-content\/uploads\/sites\/4\/2025\/09\/IMG_5607-2048x1365.jpg 2048w\" sizes=\"auto, (max-width: 1024px) 100vw, 1024px\" \/><\/figure>\n\n\n\n<p><\/p>\n\n\n\n<figure class=\"wp-block-image size-large\"><img loading=\"lazy\" decoding=\"async\" width=\"1024\" height=\"683\" src=\"https:\/\/szent-erzsebet.hu\/ovoda\/wp-content\/uploads\/sites\/4\/2025\/09\/IMG_5610-1024x683.jpg\" alt=\"\" class=\"wp-image-712\" srcset=\"https:\/\/szent-erzsebet.hu\/ovoda\/wp-content\/uploads\/sites\/4\/2025\/09\/IMG_5610-1024x683.jpg 1024w, https:\/\/szent-erzsebet.hu\/ovoda\/wp-content\/uploads\/sites\/4\/2025\/09\/IMG_5610-300x200.jpg 300w, https:\/\/szent-erzsebet.hu\/ovoda\/wp-content\/uploads\/sites\/4\/2025\/09\/IMG_5610-768x512.jpg 768w, https:\/\/szent-erzsebet.hu\/ovoda\/wp-content\/uploads\/sites\/4\/2025\/09\/IMG_5610-1536x1024.jpg 1536w, https:\/\/szent-erzsebet.hu\/ovoda\/wp-content\/uploads\/sites\/4\/2025\/09\/IMG_5610-2048x1365.jpg 2048w\" sizes=\"auto, (max-width: 1024px) 100vw, 1024px\" \/><\/figure>\n\n\n\n<p><\/p>\n\n\n\n<figure class=\"wp-block-image size-large\"><img loading=\"lazy\" decoding=\"async\" width=\"1024\" height=\"683\" src=\"https:\/\/szent-erzsebet.hu\/ovoda\/wp-content\/uploads\/sites\/4\/2025\/09\/IMG_5611-1024x683.jpg\" alt=\"\" class=\"wp-image-713\" srcset=\"https:\/\/szent-erzsebet.hu\/ovoda\/wp-content\/uploads\/sites\/4\/2025\/09\/IMG_5611-1024x683.jpg 1024w, https:\/\/szent-erzsebet.hu\/ovoda\/wp-content\/uploads\/sites\/4\/2025\/09\/IMG_5611-300x200.jpg 300w, https:\/\/szent-erzsebet.hu\/ovoda\/wp-content\/uploads\/sites\/4\/2025\/09\/IMG_5611-768x512.jpg 768w, https:\/\/szent-erzsebet.hu\/ovoda\/wp-content\/uploads\/sites\/4\/2025\/09\/IMG_5611-1536x1024.jpg 1536w, https:\/\/szent-erzsebet.hu\/ovoda\/wp-content\/uploads\/sites\/4\/2025\/09\/IMG_5611-2048x1365.jpg 2048w\" sizes=\"auto, (max-width: 1024px) 100vw, 1024px\" \/><\/figure>\n\n\n\n<p><\/p>\n\n\n\n<figure class=\"wp-block-image size-large\"><img loading=\"lazy\" decoding=\"async\" width=\"1024\" height=\"683\" src=\"https:\/\/szent-erzsebet.hu\/ovoda\/wp-content\/uploads\/sites\/4\/2025\/09\/IMG_5612-1024x683.jpg\" alt=\"\" class=\"wp-image-714\" srcset=\"https:\/\/szent-erzsebet.hu\/ovoda\/wp-content\/uploads\/sites\/4\/2025\/09\/IMG_5612-1024x683.jpg 1024w, https:\/\/szent-erzsebet.hu\/ovoda\/wp-content\/uploads\/sites\/4\/2025\/09\/IMG_5612-300x200.jpg 300w, https:\/\/szent-erzsebet.hu\/ovoda\/wp-content\/uploads\/sites\/4\/2025\/09\/IMG_5612-768x512.jpg 768w, https:\/\/szent-erzsebet.hu\/ovoda\/wp-content\/uploads\/sites\/4\/2025\/09\/IMG_5612-1536x1024.jpg 1536w, https:\/\/szent-erzsebet.hu\/ovoda\/wp-content\/uploads\/sites\/4\/2025\/09\/IMG_5612-2048x1365.jpg 2048w\" sizes=\"auto, (max-width: 1024px) 100vw, 1024px\" \/><\/figure>\n\n\n\n<p><\/p>\n\n\n\n<figure class=\"wp-block-image size-large\"><img loading=\"lazy\" decoding=\"async\" width=\"1024\" height=\"683\" src=\"https:\/\/szent-erzsebet.hu\/ovoda\/wp-content\/uploads\/sites\/4\/2025\/09\/IMG_5613-1024x683.jpg\" alt=\"\" class=\"wp-image-716\" srcset=\"https:\/\/szent-erzsebet.hu\/ovoda\/wp-content\/uploads\/sites\/4\/2025\/09\/IMG_5613-1024x683.jpg 1024w, https:\/\/szent-erzsebet.hu\/ovoda\/wp-content\/uploads\/sites\/4\/2025\/09\/IMG_5613-300x200.jpg 300w, https:\/\/szent-erzsebet.hu\/ovoda\/wp-content\/uploads\/sites\/4\/2025\/09\/IMG_5613-768x512.jpg 768w, https:\/\/szent-erzsebet.hu\/ovoda\/wp-content\/uploads\/sites\/4\/2025\/09\/IMG_5613-1536x1024.jpg 1536w, https:\/\/szent-erzsebet.hu\/ovoda\/wp-content\/uploads\/sites\/4\/2025\/09\/IMG_5613-2048x1366.jpg 2048w\" sizes=\"auto, (max-width: 1024px) 100vw, 1024px\" \/><\/figure>\n\n\n\n<p><\/p>\n\n\n\n<figure class=\"wp-block-image size-large\"><img loading=\"lazy\" decoding=\"async\" width=\"1024\" height=\"683\" src=\"https:\/\/szent-erzsebet.hu\/ovoda\/wp-content\/uploads\/sites\/4\/2025\/09\/IMG_5614-1024x683.jpg\" alt=\"\" class=\"wp-image-715\" srcset=\"https:\/\/szent-erzsebet.hu\/ovoda\/wp-content\/uploads\/sites\/4\/2025\/09\/IMG_5614-1024x683.jpg 1024w, https:\/\/szent-erzsebet.hu\/ovoda\/wp-content\/uploads\/sites\/4\/2025\/09\/IMG_5614-300x200.jpg 300w, https:\/\/szent-erzsebet.hu\/ovoda\/wp-content\/uploads\/sites\/4\/2025\/09\/IMG_5614-768x512.jpg 768w, https:\/\/szent-erzsebet.hu\/ovoda\/wp-content\/uploads\/sites\/4\/2025\/09\/IMG_5614-1536x1024.jpg 1536w, https:\/\/szent-erzsebet.hu\/ovoda\/wp-content\/uploads\/sites\/4\/2025\/09\/IMG_5614-2048x1365.jpg 2048w\" sizes=\"auto, (max-width: 1024px) 100vw, 1024px\" \/><\/figure>\n\n\n\n<p><\/p>\n\n\n\n<figure class=\"wp-block-image size-large\"><img loading=\"lazy\" decoding=\"async\" width=\"1024\" height=\"683\" src=\"https:\/\/szent-erzsebet.hu\/ovoda\/wp-content\/uploads\/sites\/4\/2025\/09\/IMG_5615-1024x683.jpg\" alt=\"\" class=\"wp-image-717\" srcset=\"https:\/\/szent-erzsebet.hu\/ovoda\/wp-content\/uploads\/sites\/4\/2025\/09\/IMG_5615-1024x683.jpg 1024w, https:\/\/szent-erzsebet.hu\/ovoda\/wp-content\/uploads\/sites\/4\/2025\/09\/IMG_5615-300x200.jpg 300w, https:\/\/szent-erzsebet.hu\/ovoda\/wp-content\/uploads\/sites\/4\/2025\/09\/IMG_5615-768x512.jpg 768w, https:\/\/szent-erzsebet.hu\/ovoda\/wp-content\/uploads\/sites\/4\/2025\/09\/IMG_5615-1536x1024.jpg 1536w, https:\/\/szent-erzsebet.hu\/ovoda\/wp-content\/uploads\/sites\/4\/2025\/09\/IMG_5615-2048x1366.jpg 2048w\" sizes=\"auto, (max-width: 1024px) 100vw, 1024px\" \/><\/figure>\n\n\n\n<p><\/p>\n\n\n\n<figure class=\"wp-block-image size-large\"><img loading=\"lazy\" decoding=\"async\" width=\"1024\" height=\"683\" src=\"https:\/\/szent-erzsebet.hu\/ovoda\/wp-content\/uploads\/sites\/4\/2025\/09\/IMG_5617-1024x683.jpg\" alt=\"\" class=\"wp-image-718\" srcset=\"https:\/\/szent-erzsebet.hu\/ovoda\/wp-content\/uploads\/sites\/4\/2025\/09\/IMG_5617-1024x683.jpg 1024w, https:\/\/szent-erzsebet.hu\/ovoda\/wp-content\/uploads\/sites\/4\/2025\/09\/IMG_5617-300x200.jpg 300w, https:\/\/szent-erzsebet.hu\/ovoda\/wp-content\/uploads\/sites\/4\/2025\/09\/IMG_5617-768x512.jpg 768w, https:\/\/szent-erzsebet.hu\/ovoda\/wp-content\/uploads\/sites\/4\/2025\/09\/IMG_5617-1536x1024.jpg 1536w, https:\/\/szent-erzsebet.hu\/ovoda\/wp-content\/uploads\/sites\/4\/2025\/09\/IMG_5617-2048x1365.jpg 2048w\" sizes=\"auto, (max-width: 1024px) 100vw, 1024px\" \/><\/figure>\n\n\n\n<p><\/p>\n\n\n\n<figure class=\"wp-block-image size-large\"><img loading=\"lazy\" decoding=\"async\" width=\"1024\" height=\"683\" src=\"https:\/\/szent-erzsebet.hu\/ovoda\/wp-content\/uploads\/sites\/4\/2025\/09\/IMG_5618-1024x683.jpg\" alt=\"\" class=\"wp-image-719\" srcset=\"https:\/\/szent-erzsebet.hu\/ovoda\/wp-content\/uploads\/sites\/4\/2025\/09\/IMG_5618-1024x683.jpg 1024w, https:\/\/szent-erzsebet.hu\/ovoda\/wp-content\/uploads\/sites\/4\/2025\/09\/IMG_5618-300x200.jpg 300w, https:\/\/szent-erzsebet.hu\/ovoda\/wp-content\/uploads\/sites\/4\/2025\/09\/IMG_5618-768x512.jpg 768w, https:\/\/szent-erzsebet.hu\/ovoda\/wp-content\/uploads\/sites\/4\/2025\/09\/IMG_5618-1536x1024.jpg 1536w, https:\/\/szent-erzsebet.hu\/ovoda\/wp-content\/uploads\/sites\/4\/2025\/09\/IMG_5618-2048x1365.jpg 2048w\" sizes=\"auto, (max-width: 1024px) 100vw, 1024px\" \/><\/figure>\n\n\n\n<p><\/p>\n\n\n\n<figure class=\"wp-block-image size-large\"><img loading=\"lazy\" decoding=\"async\" width=\"1024\" height=\"683\" src=\"https:\/\/szent-erzsebet.hu\/ovoda\/wp-content\/uploads\/sites\/4\/2025\/09\/IMG_5619-1024x683.jpg\" alt=\"\" class=\"wp-image-720\" srcset=\"https:\/\/szent-erzsebet.hu\/ovoda\/wp-content\/uploads\/sites\/4\/2025\/09\/IMG_5619-1024x683.jpg 1024w, https:\/\/szent-erzsebet.hu\/ovoda\/wp-content\/uploads\/sites\/4\/2025\/09\/IMG_5619-300x200.jpg 300w, https:\/\/szent-erzsebet.hu\/ovoda\/wp-content\/uploads\/sites\/4\/2025\/09\/IMG_5619-768x512.jpg 768w, https:\/\/szent-erzsebet.hu\/ovoda\/wp-content\/uploads\/sites\/4\/2025\/09\/IMG_5619-1536x1024.jpg 1536w, https:\/\/szent-erzsebet.hu\/ovoda\/wp-content\/uploads\/sites\/4\/2025\/09\/IMG_5619-2048x1365.jpg 2048w\" sizes=\"auto, (max-width: 1024px) 100vw, 1024px\" \/><\/figure>\n\n\n\n<p><\/p>\n\n\n\n<figure class=\"wp-block-image size-large\"><img loading=\"lazy\" decoding=\"async\" width=\"1024\" height=\"683\" src=\"https:\/\/szent-erzsebet.hu\/ovoda\/wp-content\/uploads\/sites\/4\/2025\/09\/IMG_5624-1024x683.jpg\" alt=\"\" class=\"wp-image-721\" srcset=\"https:\/\/szent-erzsebet.hu\/ovoda\/wp-content\/uploads\/sites\/4\/2025\/09\/IMG_5624-1024x683.jpg 1024w, https:\/\/szent-erzsebet.hu\/ovoda\/wp-content\/uploads\/sites\/4\/2025\/09\/IMG_5624-300x200.jpg 300w, https:\/\/szent-erzsebet.hu\/ovoda\/wp-content\/uploads\/sites\/4\/2025\/09\/IMG_5624-768x512.jpg 768w, https:\/\/szent-erzsebet.hu\/ovoda\/wp-content\/uploads\/sites\/4\/2025\/09\/IMG_5624-1536x1024.jpg 1536w, https:\/\/szent-erzsebet.hu\/ovoda\/wp-content\/uploads\/sites\/4\/2025\/09\/IMG_5624-2048x1365.jpg 2048w\" sizes=\"auto, (max-width: 1024px) 100vw, 1024px\" \/><\/figure>\n","protected":false},"excerpt":{"rendered":"<p>\u00c1rp\u00e1d-h\u00e1zi Szent Erzs\u00e9bet \u00d3voda \u00d3vod\u00e1nkat 2004-ben alap\u00edtotta a Szatm\u00e1ri Irgalmas N\u0151v\u00e9rek rendje, az \u00c1rp\u00e1d-h\u00e1zi Szent Erzs\u00e9bet Gimn\u00e1zium, \u00e9s \u00c1ltal\u00e1nos Iskola tagint\u00e9zm\u00e9nyek\u00e9nt. Az idej\u00e1r\u00f3 n\u00f6vend\u00e9kek h\u00e1rom \u00e9ves korukt\u00f3l eg\u00e9szen az \u00e9retts\u00e9giig a k\u00f6z\u00f6ss\u00e9g tagjai lehetnek.&#46;&#46;&#46;<\/p>\n","protected":false},"author":1,"featured_media":0,"parent":0,"menu_order":0,"comment_status":"closed","ping_status":"closed","template":"","meta":{"footnotes":"","_links_to":"","_links_to_target":""},"class_list":["post-704","page","type-page","status-publish","hentry"],"_links":{"self":[{"href":"https:\/\/szent-erzsebet.hu\/ovoda\/wp-json\/wp\/v2\/pages\/704","targetHints":{"allow":["GET"]}}],"collection":[{"href":"https:\/\/szent-erzsebet.hu\/ovoda\/wp-json\/wp\/v2\/pages"}],"about":[{"href":"https:\/\/szent-erzsebet.hu\/ovoda\/wp-json\/wp\/v2\/types\/page"}],"author":[{"embeddable":true,"href":"https:\/\/szent-erzsebet.hu\/ovoda\/wp-json\/wp\/v2\/users\/1"}],"replies":[{"embeddable":true,"href":"https:\/\/szent-erzsebet.hu\/ovoda\/wp-json\/wp\/v2\/comments?post=704"}],"version-history":[{"count":3,"href":"https:\/\/szent-erzsebet.hu\/ovoda\/wp-json\/wp\/v2\/pages\/704\/revisions"}],"predecessor-version":[{"id":726,"href":"https:\/\/szent-erzsebet.hu\/ovoda\/wp-json\/wp\/v2\/pages\/704\/revisions\/726"}],"wp:attachment":[{"href":"https:\/\/szent-erzsebet.hu\/ovoda\/wp-json\/wp\/v2\/media?parent=704"}],"curies":[{"name":"wp","href":"https:\/\/api.w.org\/{rel}","templated":true}]}}