{"id":774,"date":"2026-01-12T07:46:32","date_gmt":"2026-01-12T06:46:32","guid":{"rendered":"https:\/\/szent-erzsebet.hu\/ovoda\/?page_id=774"},"modified":"2026-01-12T07:46:33","modified_gmt":"2026-01-12T06:46:33","slug":"ovodasok-es-a-media","status":"publish","type":"page","link":"https:\/\/szent-erzsebet.hu\/ovoda\/ovodasok-es-a-media\/","title":{"rendered":"\u00d3vod\u00e1sok \u00e9s a m\u00e9dia"},"content":{"rendered":"\n<p>Az \u00d3vod\u00e1sok \u00e9s a m\u00e9dia c\u00edm\u0171 tanulm\u00e1nyk\u00f6tet\u00a0a legfiatalabb koroszt\u00e1ly digit\u00e1lis eszk\u00f6zhaszn\u00e1lat\u00e1nak jellegzetess\u00e9geit, kock\u00e1zatait \u00e9s t\u00e1rsadalmi vonatkoz\u00e1sait vizsg\u00e1lja.\u00a0A tanulm\u00e1ny nemcsak statisztikai adatokat k\u00f6z\u00f6l arr\u00f3l, hogy h\u00e1ny \u00f3vod\u00e1s haszn\u00e1l digit\u00e1lis eszk\u00f6zt \u00e9s milyen gyakoris\u00e1ggal, hanem r\u00e9szletezi ezeknek a haszn\u00e1lati szok\u00e1soknak a pedag\u00f3giai, pszichol\u00f3giai \u00e9s szoci\u00e1lis aspektusait is,\u00a0k\u00fcl\u00f6n figyelmet ford\u00edtva arra, hogy mik\u00e9nt tudnak a sz\u00fcl\u0151k \u00e9s pedag\u00f3gusok tudatos, biztons\u00e1gos \u00e9s eg\u00e9szs\u00e9ges m\u00e9diahaszn\u00e1latot t\u00e1mogatni \u2014 ide\u00e9rtve az eszk\u00f6z\u00f6k tartalm\u00e1nak sz\u0171r\u00e9s\u00e9t, a haszn\u00e1lati id\u0151 korl\u00e1tok kezel\u00e9s\u00e9t \u00e9s a tartalmi t\u00e1j\u00e9koz\u00f3d\u00e1st. <\/p>\n\n\n\n<p>A kiadv\u00e1ny <a href=\"http:\/\/szent-erzsebet.hu\/ovoda\/wp-content\/uploads\/sites\/4\/2026\/01\/Ovodasok_es_Media_Tanulmanykotet.pdf\" target=\"_blank\" rel=\"noreferrer noopener\"><strong>IDE<\/strong><\/a> kattintva \u00e9rhet\u0151 el.<\/p>\n","protected":false},"excerpt":{"rendered":"<p>Az \u00d3vod\u00e1sok \u00e9s a m\u00e9dia c\u00edm\u0171 tanulm\u00e1nyk\u00f6tet\u00a0a legfiatalabb koroszt\u00e1ly digit\u00e1lis eszk\u00f6zhaszn\u00e1lat\u00e1nak jellegzetess\u00e9geit, kock\u00e1zatait \u00e9s t\u00e1rsadalmi vonatkoz\u00e1sait vizsg\u00e1lja.\u00a0A tanulm\u00e1ny nemcsak statisztikai adatokat k\u00f6z\u00f6l arr\u00f3l, hogy h\u00e1ny \u00f3vod\u00e1s haszn\u00e1l digit\u00e1lis eszk\u00f6zt \u00e9s milyen gyakoris\u00e1ggal, hanem r\u00e9szletezi&#46;&#46;&#46;<\/p>\n","protected":false},"author":1,"featured_media":0,"parent":0,"menu_order":0,"comment_status":"closed","ping_status":"closed","template":"","meta":{"footnotes":"","_links_to":"","_links_to_target":""},"class_list":["post-774","page","type-page","status-publish","hentry"],"_links":{"self":[{"href":"https:\/\/szent-erzsebet.hu\/ovoda\/wp-json\/wp\/v2\/pages\/774","targetHints":{"allow":["GET"]}}],"collection":[{"href":"https:\/\/szent-erzsebet.hu\/ovoda\/wp-json\/wp\/v2\/pages"}],"about":[{"href":"https:\/\/szent-erzsebet.hu\/ovoda\/wp-json\/wp\/v2\/types\/page"}],"author":[{"embeddable":true,"href":"https:\/\/szent-erzsebet.hu\/ovoda\/wp-json\/wp\/v2\/users\/1"}],"replies":[{"embeddable":true,"href":"https:\/\/szent-erzsebet.hu\/ovoda\/wp-json\/wp\/v2\/comments?post=774"}],"version-history":[{"count":1,"href":"https:\/\/szent-erzsebet.hu\/ovoda\/wp-json\/wp\/v2\/pages\/774\/revisions"}],"predecessor-version":[{"id":776,"href":"https:\/\/szent-erzsebet.hu\/ovoda\/wp-json\/wp\/v2\/pages\/774\/revisions\/776"}],"wp:attachment":[{"href":"https:\/\/szent-erzsebet.hu\/ovoda\/wp-json\/wp\/v2\/media?parent=774"}],"curies":[{"name":"wp","href":"https:\/\/api.w.org\/{rel}","templated":true}]}}